{"id":487,"date":"2022-02-27T19:27:49","date_gmt":"2022-02-27T18:27:49","guid":{"rendered":"https:\/\/www.miel-store.com\/?post_type=product&#038;p=487"},"modified":"2026-04-29T07:42:29","modified_gmt":"2026-04-29T05:42:29","slug":"miel-doranger-du-maroc","status":"publish","type":"product","link":"https:\/\/www.miel-store.com\/pt\/p\/miel-doranger-du-maroc","title":{"rendered":"Mel de laranjeira de Marrocos"},"content":{"rendered":"<p>Le soleil est de sortie, les oiseaux chantonnent et les beaux jours font plaisir \u00e0 voir\u2026<strong>\u00a0Les abeilles butinent<\/strong>\u00a0les d\u00e9licates petites fleurs, pas de repos pour ces travailleuses de l\u2019ombre ! Elles souhaitent ainsi que l\u2019on fasse connaissance avec le fameux<strong>\u00a0miel d\u2019oranger du Maroc<\/strong>. Surprise, surprise, l&rsquo;un des miels les plus pris\u00e9s du domaine est \u00e0 l\u2019honneur.<\/p>\n<h2><strong>Le Miel d&rsquo;oranger du Maroc : faisons connaissance !\u00a0<\/strong><\/h2>\n<p>Quelle douce et agr\u00e9able sensation qu\u2019est de profiter du soleil tout en d\u00e9couvrant le Miel d\u2019oranger du Maroc. Tout d\u2019abord, issue d\u2019une r\u00e9colte \u00e0 peu de chose pr\u00e8s exclusive aux\u00a0<strong>nectars des orangers<\/strong>, il est ainsi consid\u00e9r\u00e9 comme\u00a0<strong>monofloral<\/strong>.<\/p>\n<p>Notamment conserv\u00e9 \u00e0 l&rsquo;abri \u00e0 l&rsquo;int\u00e9rieur de son joli petit pot transparent d\u2019un contenant de 250 G, on y aper\u00e7oit un\u00a0<strong>\u00e9lixir des plus attirant<\/strong>. En effet, d\u00e8s l\u2019ouverture, pr\u00e9parez-vous ainsi \u00e0 \u00eatre sous le charme.<\/p>\n<p>Il poss\u00e8de une\u00a0<strong>couleur dor\u00e9e et tr\u00e8s claire<\/strong>, un aspect tr\u00e8s liquide, et un parfum presque similaire \u00e0 la\u00a0<strong>fleur d\u2019oranger<\/strong>.<\/p>\n<p>Par ailleurs, souvent compar\u00e9 \u00e0 une marmelade ou m\u00eame \u00e0 une confiture, ce\u00a0<strong>produtos para colmeias<\/strong>\u00a0est l\u2019un des plus appr\u00e9ci\u00e9s\u2026 N\u2019h\u00e9sitez plus, il est temps de faire plaisir \u00e0 votre palais !<\/p>\n<h2><strong>Stress et compagnie ? Le miel d\u2019oranger du Maroc vient \u00e0 la rescousse\u00a0<\/strong><\/h2>\n<p>Le quotidien peut \u00eatre parfois un peu trop stressant\u2026\u00a0<strong>Angoisse et anxi\u00e9t\u00e9<\/strong>\u00a0sont au rendez-vous ?! Il est ainsi temps pour vous de d\u00e9couvrir cet<strong>\u00a0elixir natural<\/strong>\u00a0et ses nombreux bienfaits.<\/p>\n<ul>\n<li>En effet, connu pour \u00eatre un\u00a0<strong>antispasmodique<\/strong>, ce nectar peut ainsi \u00eatre un r\u00e9el atout pour retrouver calme et s\u00e9r\u00e9nit\u00e9 !<\/li>\n<li>De plus, il est consid\u00e9r\u00e9 comme un bien pour la digestion<\/li>\n<li>Migraine et difficult\u00e9 \u00e0 dormir ? Ce<strong>\u00a0n\u00e9ctar<\/strong>\u00a0peut notamment \u00eatre d\u2019une grande aide<\/li>\n<li>Riche en antioxydant, il peut \u00eatre un atout pour les\u00a0<strong>maladies saisonni\u00e8res<\/strong><\/li>\n<\/ul>\n<h2><strong>Le temps le permet, d\u00e9couvrons une petite recette \u00e0 base de miel d\u2019oranger du Maroc\u00a0<\/strong><\/h2>\n<p>Il est vrai que le miel d&rsquo;oranger du Maroc poss\u00e8de une saveur si unique et prononc\u00e9e qu\u2019elle est souvent utilis\u00e9e en cuisine ! En effet, en tartine, dans le yaourt ou tout simplement pour donner une touche suppl\u00e9mentaire \u00e0<strong>\u00a0vos desserts<\/strong>, ce miel est votre meilleur alli\u00e9 !<\/p>\n<p>De plus, vous avez notamment la possibilit\u00e9 pour le petit-d\u00e9jeuner ou avant de dormir de l\u2019utiliser pour sucrer<strong>\u00a0votre tisane<\/strong>\u00a0!<\/p>\n<p>La petite recette du jour<\/p>\n<p>Durant les temps chauds, il vous faut une recette qui rafra\u00eechit ! Pour cela, nous avons pens\u00e9 \u00e0 l&rsquo;\u00e9ternelle valeur s\u00fbre, la\u00a0<strong>salade de fruit\u00a0<\/strong>!<\/p>\n<p>Pour cela, munissez-vous de 2 kiwis, 1 poire, 2 cl\u00e9mentines, 2 petites p\u00eaches, un demi-verre de jus d\u2019orange frais et d\u2019une bonne cuill\u00e8re de miel d\u2019oranger !<\/p>\n<p>1- Coupez et \u00e9pluchez vos fruits<\/p>\n<p>2- Versez les ensuite dans un r\u00e9cipient propre<\/p>\n<p>3- Ajoutez-y ensuite le demi-verre de jus d\u2019orange<\/p>\n<p>4- Terminer par la bonne\u00a0<strong>cuill\u00e8re de miel\u00a0<\/strong>!<\/p>\n<h3><strong>Et si votre boutique sp\u00e9cialis\u00e9e vous faisait d\u00e9couvrir des \u00e9lixirs venant d\u2019ailleurs ?<\/strong><\/h3>\n<p>Attachez bien votre ceinture, nous allons voyager un peu avec des\u00a0<strong>produtos para colmeias<\/strong>\u00a0qui viennent des\u00a0<strong>4 coins du monde<\/strong>. Voyons un peu si vous connaissez quelques incontournables !<\/p>\n<ul>\n<li><a href=\"https:\/\/www.miel-store.com\/pt\/p\/mel-branco-do-quirguizistao\/\"><strong>Miel Blanc du Kighizistan<\/strong><\/a><\/li>\n<li><a href=\"https:\/\/www.miel-store.com\/pt\/p\/mel-de-cominhos-pretos-habba-sawda-degypte\/\"><strong>Miel de Nigelle\u00a0d\u2019Egypte<\/strong><\/a><\/li>\n<li><strong><a href=\"https:\/\/www.miel-store.com\/pt\/p\/miel-de-rhododendron-de-france\/\">Rhododendron de France<\/a>\u00a0<\/strong><\/li>\n<\/ul>\n<p>Pour ceux et celles qui n\u2019ont pas encore eu l\u2019occasion de go\u00fbter ces savoureux nectars naturels, n\u2019h\u00e9sitez plus, ils n\u2019attendent que vous !<\/p>","protected":false},"excerpt":{"rendered":"<p>Miel d&rsquo;Oranger du Maroc.<\/p>\n<p>Frasco de 250g.<\/p>","protected":false},"featured_media":554,"template":"","meta":[],"product_brand":[],"product_cat":[78,111],"product_tag":[],"class_list":{"0":"post-487","1":"product","2":"type-product","3":"status-publish","4":"has-post-thumbnail","6":"product_cat-miel-du-maroc","7":"product_cat-miel-africain","9":"first","10":"instock","11":"shipping-taxable","12":"purchasable","13":"product-type-simple"},"_links":{"self":[{"href":"https:\/\/www.miel-store.com\/pt\/wp-json\/wp\/v2\/product\/487","targetHints":{"allow":["GET"]}}],"collection":[{"href":"https:\/\/www.miel-store.com\/pt\/wp-json\/wp\/v2\/product"}],"about":[{"href":"https:\/\/www.miel-store.com\/pt\/wp-json\/wp\/v2\/types\/product"}],"wp:featuredmedia":[{"embeddable":true,"href":"https:\/\/www.miel-store.com\/pt\/wp-json\/wp\/v2\/media\/554"}],"wp:attachment":[{"href":"https:\/\/www.miel-store.com\/pt\/wp-json\/wp\/v2\/media?parent=487"}],"wp:term":[{"taxonomy":"product_brand","embeddable":true,"href":"https:\/\/www.miel-store.com\/pt\/wp-json\/wp\/v2\/product_brand?post=487"},{"taxonomy":"product_cat","embeddable":true,"href":"https:\/\/www.miel-store.com\/pt\/wp-json\/wp\/v2\/product_cat?post=487"},{"taxonomy":"product_tag","embeddable":true,"href":"https:\/\/www.miel-store.com\/pt\/wp-json\/wp\/v2\/product_tag?post=487"}],"curies":[{"name":"wp","href":"https:\/\/api.w.org\/{rel}","templated":true}]}}