{"id":486,"date":"2022-02-27T19:26:43","date_gmt":"2022-02-27T18:26:43","guid":{"rendered":"https:\/\/www.miel-store.com\/?post_type=product&#038;p=486"},"modified":"2026-01-27T15:28:09","modified_gmt":"2026-01-27T14:28:09","slug":"mel-de-deucalipto-marroquino","status":"publish","type":"product","link":"https:\/\/www.miel-store.com\/pt\/p\/miel-deucalyptus-du-maroc","title":{"rendered":"Mel de eucalipto de Marrocos"},"content":{"rendered":"<p>Est\u00e1 pronto para uma mudan\u00e7a de ares? Sempre \u00e0 procura de\u00a0<strong>produtos<\/strong>\u00a0<strong>apicultura<\/strong>\u00a0de qualidade, satisfazer as\u00a0<strong>mel de eucalipto de Marrocos<\/strong>\u00a0!<\/p>\n<h2><strong>Alguns pormenores sobre o mel de eucalipto de Marrocos<\/strong><\/h2>\n<p>Em primeiro lugar, o<strong>\u00a0mel de eucalipto<\/strong>\u00a0\u00e9 certamente conhecida pelo seu aroma e apar\u00eancia muito atractivos. Mas tamb\u00e9m pelo seu sabor duradouro e pelo seu sabor a menta.<\/p>\n<p>Al\u00e9m disso, encontra-se principalmente no Sul da Europa ou no Norte de \u00c1frica, tal como a nossa estrela do dia! De facto, Marrocos continua a fazer maravilhas no\u00a0<strong>apicultura<\/strong>\u00a0! E estamos a falar do famoso mel de eucalipto, conhecido pelo seu sabor.<\/p>\n<p>Al\u00e9m disso, este\u00a0<strong>produtos para colmeias<\/strong>\u00a0\u00e9 apreciada pela sua\u00a0<strong>apiterapia<\/strong>\u00a0tais como :<\/p>\n<ul>\n<li>Dor de garganta e tosse<\/li>\n<li>infec\u00e7\u00f5es respirat\u00f3rias<\/li>\n<li>pode ser um trunfo contra o reumatismo<\/li>\n<li>infec\u00e7\u00f5es do trato urin\u00e1rio<\/li>\n<\/ul>\n<p>Al\u00e9m disso, como pode ver, este<strong>\u00a0mel monofloral<\/strong>\u00a0pode rapidamente tornar-se uma parte essencial da sua rotina di\u00e1ria! N\u00e3o hesite em tirar partido dos seus benef\u00edcios.<\/p>\n<h2><strong>A sua loja especializada apresenta-lhe o mel de eucalipto de Marrocos!<\/strong><\/h2>\n<p>O seu especialista\u00a0<strong>m\u00e9is do mundo<\/strong>\u00a0est\u00e1 sempre pronto a oferecer-lhe<strong>\u00a0n\u00e9ctares<\/strong>\u00a0ricos em nutrientes, mas tamb\u00e9m com sabores extraordin\u00e1rios! De facto, a qualidade \u00e9 um dos nossos principais factores de motiva\u00e7\u00e3o! \u00c9 por isso que fazemos quest\u00e3o de destacar um dos m\u00e9is mais rent\u00e1veis e saborosos. Estamos a falar, evidentemente, do mel de eucalipto de Marrocos.<\/p>\n<p>Conhe\u00e7a o seu frasco transparente, que revela um elixir dourado sedutor. Al\u00e9m disso, a sua embalagem de 250 g \u00e9 um verdadeiro trunfo para os apreciadores do \"elixir\".<strong>\u00a0mel de qualidade<\/strong>. Derrete-se na boca, prepare-se para ser conquistado!<\/p>\n<h3><strong>Um pequeno-almo\u00e7o solarengo!<\/strong><\/h3>\n<p>Para quem gosta de doces, pode escolher o<strong>\u00a0n\u00e9ctar \u00e0 sua escolha\u00a0<\/strong>!<strong>\u00a0<a href=\"https:\/\/www.miel-store.com\/pt\/p\/miel-de-rhododendron-de-france\/\">Mel de rododendro<\/a><\/strong>\u00a0ou mesmo\u00a0<a href=\"https:\/\/www.miel-store.com\/pt\/cp\/miel-du-mali\/\"><strong>mel do Mali<\/strong><\/a>\u00a0! A escolha \u00e9 sua! Depois, desfrute da sua refei\u00e7\u00e3o matinal espalhando o seu p\u00e3o caseiro como deve ser.<\/p>\n<p>O seu bem-estar \u00e9 a nossa prioridade, por isso deixe-se encantar pela qualidade dos nossos m\u00e9is raros.<\/p>","protected":false},"excerpt":{"rendered":"<p>Mel de eucalipto de Marrocos.<\/p>\n<p>Frasco de 250g.<\/p>","protected":false},"featured_media":566,"template":"","meta":[],"product_brand":[],"product_cat":[78,111],"product_tag":[],"class_list":{"0":"post-486","1":"product","2":"type-product","3":"status-publish","4":"has-post-thumbnail","6":"product_cat-miel-du-maroc","7":"product_cat-miel-africain","9":"first","10":"instock","11":"shipping-taxable","12":"purchasable","13":"product-type-simple"},"_links":{"self":[{"href":"https:\/\/www.miel-store.com\/pt\/wp-json\/wp\/v2\/product\/486","targetHints":{"allow":["GET"]}}],"collection":[{"href":"https:\/\/www.miel-store.com\/pt\/wp-json\/wp\/v2\/product"}],"about":[{"href":"https:\/\/www.miel-store.com\/pt\/wp-json\/wp\/v2\/types\/product"}],"wp:featuredmedia":[{"embeddable":true,"href":"https:\/\/www.miel-store.com\/pt\/wp-json\/wp\/v2\/media\/566"}],"wp:attachment":[{"href":"https:\/\/www.miel-store.com\/pt\/wp-json\/wp\/v2\/media?parent=486"}],"wp:term":[{"taxonomy":"product_brand","embeddable":true,"href":"https:\/\/www.miel-store.com\/pt\/wp-json\/wp\/v2\/product_brand?post=486"},{"taxonomy":"product_cat","embeddable":true,"href":"https:\/\/www.miel-store.com\/pt\/wp-json\/wp\/v2\/product_cat?post=486"},{"taxonomy":"product_tag","embeddable":true,"href":"https:\/\/www.miel-store.com\/pt\/wp-json\/wp\/v2\/product_tag?post=486"}],"curies":[{"name":"wp","href":"https:\/\/api.w.org\/{rel}","templated":true}]}}