{"id":4843,"date":"2023-11-14T16:06:26","date_gmt":"2023-11-14T15:06:26","guid":{"rendered":"https:\/\/www.miel-store.com\/?post_type=product&#038;p=4843"},"modified":"2026-05-11T02:58:37","modified_gmt":"2026-05-11T00:58:37","slug":"kanz-shifae","status":"publish","type":"product","link":"https:\/\/www.miel-store.com\/pt\/p\/kanz-shifae","title":{"rendered":"Miel Kanz Shifae &#8211; 7 ingr\u00e9dients de la m\u00e9decine proph\u00e9tique"},"content":{"rendered":"<p>Lorsque l&rsquo;on aborde le sujet des rem\u00e8des naturels assur\u00e9ment une petite p\u00e9pite de la nature vient se placer directement en t\u00eate. Il s&rsquo;agit du\u00a0<strong>sublime miel Kanz Shifae autrement dit, le miel des 7 gu\u00e9risons.<\/strong>\u00a0Comme vous l&rsquo;aurez compris, ici, vous attend un produit\u00a0<strong>aux bienfaits in\u00e9dits pour l&rsquo;organisme.<\/strong>\u00a0Et qui plus est, tout droit<strong>\u00a0issu de la m\u00e9decine proph\u00e9tique.<\/strong>\u00a0De plus, il a largement fait ses preuves depuis des ann\u00e9es. D\u00e8s lors, on vous pr\u00e9sente donc cet incontournable sans plus tarder. Un tr\u00e9sor que nous sommes ravis de vous proposer.<\/p>\n<h2><strong>Le miel Kanz Shifae qu&rsquo;est-ce que c&rsquo;est ?<\/strong><\/h2>\n<p>C&rsquo;est \u00e0 travers le monde que le Kanz shifae s\u00e9duit pour ses vertus in\u00e9dites. Et pour cause, il s&rsquo;agit d&rsquo;<strong>un miel incluant 7 ingr\u00e9dients<\/strong>\u00a0r\u00e9put\u00e9s pour leurs<strong>\u00a0bienfaits sur le syst\u00e8me immunitaire.<\/strong>\u00a0Et c&rsquo;est au c\u0153ur de l&rsquo;Arabie Saoudite et pr\u00e9cis\u00e9ment dans la ville sacr\u00e9e de M\u00e9dine qu&rsquo;il voit le jour. En effet, c&rsquo;est apr\u00e8s de nombreuses recherches que l&rsquo;on voit se profiler ce rem\u00e8de tout simplement exceptionnel.<\/p>\n<h2><strong>Alors que contient le miel Kanz Shifae ?<\/strong><\/h2>\n<p>Vous risquez d&rsquo;\u00eatre assur\u00e9ment surpris par la sublime composition de cette cr\u00e9ation in\u00e9dite. Vous y trouverez sans nul doute des\u00a0<strong>ingr\u00e9dients aux b\u00e9n\u00e9fices puissants et \u00e9tonnants.<\/strong>\u00a0Ainsi on y trouve pr\u00e9cis\u00e9ment :<\/p>\n<p><strong>Du miel, de la datte al Ajwa, du costus indien, de la graines de Nigelle, du fenouil, des feuilles de S\u00e9n\u00e9 et de l&rsquo;eau de Zam-zam.<\/strong><\/p>\n<p>Assur\u00e9ment, nous vous l&rsquo;avions dit c&rsquo;est<strong>\u00a0une composition de haute qualit\u00e9<\/strong>\u00a0qui se cache dans ce pot au bouchon dor\u00e9. Il vous accompagnera sans l&rsquo;ombre d&rsquo;un doute au quotidien pour soutenir votre organisme et vous sentir bien. Et ceci, que ce soit, entre autres,\u00a0<strong>cot\u00e9 transit ou digestif. Question vitalit\u00e9 ou circulation sanguine ou bien encore question app\u00e9tit,<\/strong>\u00a0ne cherchez plus.\u00a0<strong>Votre alli\u00e9 de taille se trouve ici !<\/strong><\/p>\n<h3><strong>Alors comment bien l&rsquo;utiliser ?<\/strong><\/h3>\n<p>Comme tout produit naturel, l\u2019id\u00e9al avec le kanz shifae est de le consommer \u00e0 jeun en particulier. Et profiter ainsi au mieux de ses bienfaits. De ce fait, nous vous recommandons de\u00a0<strong>consommer une cuill\u00e8re \u00e0 caf\u00e9 le matin \u00e0 jeun.<\/strong>\u00a0En outre, nous vous recommandons \u00e9galement de\u00a0<strong>r\u00e9it\u00e9rer une prise en fin de journ\u00e9e.<\/strong>\u00a0Alors, une heure\u00a0<strong>avant de manger, n&rsquo;oubliez pas votre cuill\u00e8re \u00e0 caf\u00e9\u00a0<\/strong>de ce concentr\u00e9 de qualit\u00e9.<\/p>\n<h2><strong>Sachez pr\u00e9server au mieux les bienfaits du Kanz Shifae<\/strong><\/h2>\n<p>Nous souhaitions que vous profitiez au mieux des avantages de ce miel incomparable, et tout au long de votre cure de Kanz Shifae. Sachez donc bien conserver ce pot rempli de bienfaits. D\u00e8s lors, conservez-le au sec. Ainsi qu&rsquo;\u00e0\u00a0<strong>l&rsquo;abri de l&rsquo;humidit\u00e9 et de la lumi\u00e8re du soleil.<\/strong>\u00a0Par ces pr\u00e9cautions, vous pr\u00e9serverez toutes les qualit\u00e9s de ce miel si particulier.<\/p>\n<p>Enfin, nous vous rappelons qu&rsquo;aux vues de sa composition,<strong>\u00a0le kanz shifae est d\u00e9conseill\u00e9 aux femmes enceintes et\/ou allaitantes. Tout comme il est d\u00e9conseill\u00e9 tout aussi aux enfants.<\/strong><\/p>\n<h3><strong>Votre sp\u00e9cialiste Miel Store c&rsquo;est aussi<\/strong><\/h3>\n<p>En tant que sp\u00e9cialiste du sujet, notre boutique regorge de miels du monde entier. Ainsi, avec le miel kanz shifae, ne manquez pas de\u00a0<strong>d\u00e9couvrir des miels in\u00e9dits\u00a0<\/strong>que vous n&rsquo;avez surement pas encore eu l&rsquo;occasion de d\u00e9couvrir.<\/p>\n<p>\u00c0 l&rsquo;instar notamment du\u00a0<a href=\"https:\/\/www.miel-store.com\/pt\/p\/mel-rosa-da-russia\/\"><strong>mel rosa da R\u00fassia<\/strong><\/a>\u00a0ou encore du\u00a0<strong><a href=\"https:\/\/www.miel-store.com\/pt\/p\/mel-branco-do-quirguizistao\/\">Miel blanc de Kirghizistan<\/a>.<\/strong>\u00a0Bien d&rsquo;autres \u00e9galement vous attendent ici. Alors, d\u00e9couvrez sans plus tarder la sublime s\u00e9lection de votre boutique de miels favorite.<\/p>","protected":false},"excerpt":{"rendered":"<p><strong>Ingredientes:<\/strong><\/p>\n<ul>\n<li>Mel<\/li>\n<li>Datte al Ajwa<\/li>\n<li>Costus indien<\/li>\n<li>Graines de Nigelle<\/li>\n<li>Fenouil<\/li>\n<li>Feuilles de S\u00e9n\u00e9<\/li>\n<li>Eau de Zam-zam.<\/li>\n<\/ul>","protected":false},"featured_media":4846,"template":"","meta":[],"product_brand":[],"product_cat":[88],"product_tag":[],"class_list":{"0":"post-4843","1":"product","2":"type-product","3":"status-publish","4":"has-post-thumbnail","6":"product_cat-bien-etre","8":"first","9":"outofstock","10":"sale","11":"shipping-taxable","12":"purchasable","13":"product-type-simple"},"_links":{"self":[{"href":"https:\/\/www.miel-store.com\/pt\/wp-json\/wp\/v2\/product\/4843","targetHints":{"allow":["GET"]}}],"collection":[{"href":"https:\/\/www.miel-store.com\/pt\/wp-json\/wp\/v2\/product"}],"about":[{"href":"https:\/\/www.miel-store.com\/pt\/wp-json\/wp\/v2\/types\/product"}],"wp:featuredmedia":[{"embeddable":true,"href":"https:\/\/www.miel-store.com\/pt\/wp-json\/wp\/v2\/media\/4846"}],"wp:attachment":[{"href":"https:\/\/www.miel-store.com\/pt\/wp-json\/wp\/v2\/media?parent=4843"}],"wp:term":[{"taxonomy":"product_brand","embeddable":true,"href":"https:\/\/www.miel-store.com\/pt\/wp-json\/wp\/v2\/product_brand?post=4843"},{"taxonomy":"product_cat","embeddable":true,"href":"https:\/\/www.miel-store.com\/pt\/wp-json\/wp\/v2\/product_cat?post=4843"},{"taxonomy":"product_tag","embeddable":true,"href":"https:\/\/www.miel-store.com\/pt\/wp-json\/wp\/v2\/product_tag?post=4843"}],"curies":[{"name":"wp","href":"https:\/\/api.w.org\/{rel}","templated":true}]}}