{"id":482,"date":"2022-02-27T19:24:57","date_gmt":"2022-02-27T18:24:57","guid":{"rendered":"https:\/\/www.miel-store.com\/?post_type=product&#038;p=482"},"modified":"2026-05-08T10:00:10","modified_gmt":"2026-05-08T08:00:10","slug":"mel-daghmous-de-marrocos","status":"publish","type":"product","link":"https:\/\/www.miel-store.com\/pt\/p\/miel-de-daghmous-du-maroc","title":{"rendered":"Mel de Daghmous de Marrocos"},"content":{"rendered":"<p>Gosta de belas paisagens e destinos id\u00edlicos? Ent\u00e3o o seu\u00a0<strong>boutique de bem-estar\u00a0<\/strong>gostaria de o levar numa viagem<strong>\u00a0um produto da natureza<\/strong>. Os curiosos j\u00e1 est\u00e3o impacientes, por isso mais vale revelar um pouco mais... Conhe\u00e7a os famosos<strong>\u00a0Mel de Daghmous de Marrocos!\u00a0<\/strong><\/p>\n<p>De facto, este pa\u00eds, com as suas paisagens sensacionais, d\u00e1-nos mais uma vez o prazer de partilhar um produto consigo.\u00a0<strong>100% natural<\/strong>, mas acima de tudo qualidade! Descubra a\u2019<strong>Apicultura marroquina<\/strong>\u00a0com o\u00a0<strong>mel de euf\u00f3rbia<\/strong>.<\/p>\n<h2><strong>Que tal uma apresenta\u00e7\u00e3o de mel de Daghmous de Marrocos?\u00a0<\/strong><\/h2>\n<p>Caros gourmands, se tamb\u00e9m voc\u00eas t\u00eam aquela famosa tend\u00eancia para as coisas boas, provavelmente temos a coisa certa para voc\u00eas! Saboroso, cremoso e at\u00e9 delicioso, \u00e9 isto que vos espera com o<strong>\u00a0n\u00e9ctar de euf\u00f3rbia Marrocos<\/strong>.<\/p>\n<p>Al\u00e9m disso, \u00e9 tamb\u00e9m conhecido pelo seu poder na garganta, o que o torna um \u00f3timo supressor da tosse. Tanto no inverno como no ver\u00e3o, encontrar\u00e1 muitos benef\u00edcios no consumo deste mel.<\/p>\n<p>N\u00e3o espere mais para descobrir o seu frasco transparente, com um vislumbre da\u2019<strong>elixir dourado<\/strong>\u00a0deste maravilhoso\u00a0<strong>um produto da colmeia que pica a garganta <\/strong>! Dispon\u00edvel em v\u00e1rios tamanhos: 250g, 500g ou mesmo 1kg, para puro prazer gourmet!<\/p>\n<p>Se \u00e9 f\u00e3 de<strong>\u00a0m\u00e9is do mundo<\/strong>, este\u00a0<strong>n\u00e9ctar<\/strong>\u00a0de Marrocos pode parecer o ideal para si. Chegou o momento de se mimar e sucumbir ao seu aroma e \u00e0s suas propriedades enriquecedoras.<\/p>\n<h2><strong>Um momento de bem-estar com este n\u00e9ctar chamado mel daghmous de Marrocos<\/strong><\/h2>\n<p>Agora que j\u00e1 termin\u00e1mos as apresenta\u00e7\u00f5es, porque n\u00e3o vamos ao cerne da quest\u00e3o? Este\u00a0<strong>mel<\/strong>\u00a0<strong>Marrocos picante<\/strong>\u00a0\u00e9 conhecido n\u00e3o s\u00f3 pelo seu sabor delicioso que se derrete na boca, mas tamb\u00e9m pelos seus benef\u00edcios excepcionais para o homem! Confie em<strong>\u00a0produtos naturais<\/strong>\u00a0e juntos podemos descobrir as virtudes deste n\u00e9ctar extraordin\u00e1rio.<\/p>\n<ul>\n<li>Considerado um trunfo para prevenir as doen\u00e7as sazonais<\/li>\n<li>Tamb\u00e9m \u00fatil para dores de garganta<\/li>\n<li>Pode ser um aliado em casos de fadiga<\/li>\n<li>\u00datil para a ingest\u00e3o de energia e para o desempenho desportivo<\/li>\n<li>Pode ser ben\u00e9fico contra infec\u00e7\u00f5es nasais<\/li>\n<\/ul>\n<p>Este elixir \u00e9 simplesmente not\u00e1vel pelo seu aroma, mas n\u00e3o \u00e9 tudo! Deixe-se seduzir por toda a sua riqueza e propriedades \u00fateis no quotidiano.<\/p>\n<h3><strong>Sentir-se bem tamb\u00e9m significa comer bem, com o nosso mel que faz arder a garganta!\u00a0<\/strong><\/h3>\n<p>H\u00e1 provas de que alguns\u00a0<strong>problemas de pele<\/strong>\u00a0e outras podem estar ligadas \u00e0 alimenta\u00e7\u00e3o! \u00c9 por isso que \u00e9 essencial cuidar bem de si. O seu\u00a0<strong>loja online especializada em mel\u00a0<\/strong>oferece-se para ser o seu companheiro de sa\u00fade, porque o seu bem-estar \u00e9 a nossa principal motiva\u00e7\u00e3o!<\/p>\n<p>Para os gourmets que adoram pequenos-almo\u00e7os saud\u00e1veis, descubra sem mais demoras o<strong>\u00a0<a href=\"https:\/\/www.miel-store.com\/pt\/p\/amlou-de-marrocos\/\">Amlou de Marrocos<\/a><\/strong>\u00a0! Considerado o\u00a0<strong>propaga\u00e7\u00e3o natural<\/strong>\u00a0para alguns, n\u00e3o perca esta maravilha. Quer seja barrado numa torrada ou comido diretamente da colher, h\u00e1 uma boa hip\u00f3tese de ficar encantado num instante.<\/p>\n<p>Al\u00e9m disso, tem tamb\u00e9m a oportunidade de conhecer os famosos\u00a0<a href=\"https:\/\/www.miel-store.com\/pt\/p\/leite-de-camelo-em-po\/\"><strong>leite de camelo em p\u00f3<\/strong><\/a>\u00a0! Este produto \u00e9 conhecido pelos seus benef\u00edcios e pelo seu rico conte\u00fado nutricional. Por isso, n\u00e3o hesite em mimar-se respeitando o seu corpo!<\/p>","protected":false},"excerpt":{"rendered":"<p>Mel de Daghmous de Marrocos.<\/p>\n<p>Dispon\u00edvel em frascos de 250g, 500g ou 1kg.<\/p>","protected":false},"featured_media":567,"template":"","meta":[],"product_brand":[],"product_cat":[78,111],"product_tag":[],"class_list":{"0":"post-482","1":"product","2":"type-product","3":"status-publish","4":"has-post-thumbnail","6":"product_cat-miel-du-maroc","7":"product_cat-miel-africain","9":"first","10":"instock","11":"featured","12":"shipping-taxable","13":"purchasable","14":"product-type-variable","15":"has-default-attributes"},"_links":{"self":[{"href":"https:\/\/www.miel-store.com\/pt\/wp-json\/wp\/v2\/product\/482","targetHints":{"allow":["GET"]}}],"collection":[{"href":"https:\/\/www.miel-store.com\/pt\/wp-json\/wp\/v2\/product"}],"about":[{"href":"https:\/\/www.miel-store.com\/pt\/wp-json\/wp\/v2\/types\/product"}],"wp:featuredmedia":[{"embeddable":true,"href":"https:\/\/www.miel-store.com\/pt\/wp-json\/wp\/v2\/media\/567"}],"wp:attachment":[{"href":"https:\/\/www.miel-store.com\/pt\/wp-json\/wp\/v2\/media?parent=482"}],"wp:term":[{"taxonomy":"product_brand","embeddable":true,"href":"https:\/\/www.miel-store.com\/pt\/wp-json\/wp\/v2\/product_brand?post=482"},{"taxonomy":"product_cat","embeddable":true,"href":"https:\/\/www.miel-store.com\/pt\/wp-json\/wp\/v2\/product_cat?post=482"},{"taxonomy":"product_tag","embeddable":true,"href":"https:\/\/www.miel-store.com\/pt\/wp-json\/wp\/v2\/product_tag?post=482"}],"curies":[{"name":"wp","href":"https:\/\/api.w.org\/{rel}","templated":true}]}}