{"id":479,"date":"2022-02-27T19:17:49","date_gmt":"2022-02-27T18:17:49","guid":{"rendered":"https:\/\/www.miel-store.com\/?post_type=product&#038;p=479"},"modified":"2026-01-27T15:28:21","modified_gmt":"2026-01-27T14:28:21","slug":"mel-de-tomilho-marroquino","status":"publish","type":"product","link":"https:\/\/www.miel-store.com\/pt\/p\/miel-de-thym-du-maroc","title":{"rendered":"Mel de tomilho marroquino"},"content":{"rendered":"<p>Sabor delicado, aspeto requintado, para n\u00e3o falar de um sabor excecional - j\u00e1 adivinhou? Gostar\u00edamos de lhe apresentar um elixir sem igual... Estamos a falar de <strong>Mel de tomilho Marrocos<\/strong> ! Se \u00e9 um amante de sabores, vai ter um verdadeiro prazer!<\/p>\n<h2><strong>Mel de tomilho marroquino de longe para o seu paladar\u00a0<\/strong><\/h2>\n<p>Este elixir natural \u00e9 apreciado por ser um dos factores econ\u00f3micos mais importantes do pa\u00eds! Marrocos \u00e9 famoso pelo seu artesanato, mas tamb\u00e9m pelo seu <strong>produtos agr\u00edcolas<\/strong> ! O clima temperado e a riqueza da flora s\u00e3o trunfos importantes para a\u2019<strong>apicultura<\/strong>.<\/p>\n<p>Sabe exatamente o que \u00e9 o tomilho?<\/p>\n<p>Tamb\u00e9m conhecido como <strong>farigoule<\/strong>, Esta planta \u00e9 muito utilizada na gastronomia do sul de Fran\u00e7a! O seu cheiro e sabor agrad\u00e1veis fazem desta planta um must entre as ervas arom\u00e1ticas. \u00c9 por isso que o seu mel \u00e9 fabricado a partir de <strong>p\u00f3len de flor de tomilho<\/strong> ! Pelo seu perfume e pelo seu sabor muito forte!<\/p>\n<h2><strong>Os benef\u00edcios do mel de tomilho Marrocos\u00a0<\/strong><\/h2>\n<p>Este <strong>Produto marroquino<\/strong> \u00e9 certamente apetitoso para as papilas gustativas, mas \u00e9 tamb\u00e9m muito \u00fatil para o metabolismo. Muito bom para o organismo, pode rapidamente tornar-se um trunfo importante na sua alimenta\u00e7\u00e3o! Visitar <strong>suplemento alimentar<\/strong> ou simplesmente pelo prazer das suas papilas gustativas, \u00e9 um dos m\u00e9is mais populares.<\/p>\n<ul>\n<li>\u00c9 particularmente conhecida pelas suas propriedades curativas.<\/li>\n<li>Muito bom contra a tosse, \u00e9 um aliado ideal para as doen\u00e7as de inverno.<\/li>\n<li>Tamb\u00e9m pode ser muito ben\u00e9fico para as alergias.<\/li>\n<li>Bom anti-s\u00e9tico<\/li>\n<li>Este elixir natural \u00e9 considerado por alguns como um excelente antibi\u00f3tico<\/li>\n<li>Antif\u00fangico<\/li>\n<li>Pode ajudar a combater a anemia e \u00e9 tamb\u00e9m muito bom para o sistema imunit\u00e1rio!<\/li>\n<\/ul>\n<h3><strong>Qual o aspeto e o sabor do mel de tomilho marroquino\u00a0<\/strong><\/h3>\n<p>Est\u00e1s pronto para descobrir este <strong>o tesouro da natureza <\/strong>? Para o pequeno-almo\u00e7o ou para <strong>complemente a sua dieta<\/strong>, Pode ser uma grande ajuda. Quer seja um amador ou um profissional experiente, est\u00e1 na altura de se deixar seduzir por este elixir!<\/p>\n<p>A sua cor pode variar consoante a colheita. Castanho ou laranja escuro, o seu aspeto d\u00e1-nos uma ideia da qualidade deste produto. <strong>produto da colmeia extraordin\u00e1ria<\/strong>. As diferentes cores n\u00e3o t\u00eam qualquer impacto sobre este sabor lend\u00e1rio, t\u00e3o apreciado pelos maiores consumidores!<\/p>\n<p>O seu aspeto e a sua textura espessa s\u00e3o um verdadeiro prazer para a boca. Deixe-o derreter suavemente e ir\u00e1 provar todo o sabor incr\u00edvel deste delicioso queijo. <strong>mel natural<\/strong> ! O seu aroma e a sua fragr\u00e2ncia v\u00e3o deixar os seus sentidos encantados, por isso n\u00e3o resista mais e deixe-se levar por esta mistura soberba.<\/p>\n<h3><strong>O seu especialista em bem-estar tamb\u00e9m quer que descubra...<\/strong><\/h3>\n<p>E se este n\u00e3o for suficiente para si? Gosta de <strong>sabores delicados <\/strong>e apercebeu-se de que a natureza faz as coisas t\u00e3o bem. Descubra as nossas diferentes <strong>produtos para colmeias<\/strong> que vos poder\u00e1 satisfazer!<\/p>\n<p>Le<strong> <a href=\"https:\/\/www.miel-store.com\/pt\/p\/miel-de-jujubier-sidr-maliki-du-yemen\/\">mel do I\u00e9men<\/a>,<\/strong> por exemplo, \u00e9 conhecido como um dos melhores! Ou pode tamb\u00e9m conhecer o <a href=\"https:\/\/www.miel-store.com\/pt\/p\/miel-de-jujubier-sidr-du-maroc\/\"><strong>mel de jujuba de Marrocos<\/strong><\/a> ! Como v\u00ea, o seu especialista quer promover <strong>produtos naturais<\/strong> \u00e0 sua medida!<\/p>","protected":false},"excerpt":{"rendered":"<p>Mel de tomilho de Marrocos.<\/p>\n<p>Frasco de 250g.<\/p>","protected":false},"featured_media":552,"template":"","meta":[],"product_brand":[],"product_cat":[78,111],"product_tag":[],"class_list":{"0":"post-479","1":"product","2":"type-product","3":"status-publish","4":"has-post-thumbnail","6":"product_cat-miel-du-maroc","7":"product_cat-miel-africain","9":"first","10":"instock","11":"featured","12":"shipping-taxable","13":"purchasable","14":"product-type-simple"},"_links":{"self":[{"href":"https:\/\/www.miel-store.com\/pt\/wp-json\/wp\/v2\/product\/479","targetHints":{"allow":["GET"]}}],"collection":[{"href":"https:\/\/www.miel-store.com\/pt\/wp-json\/wp\/v2\/product"}],"about":[{"href":"https:\/\/www.miel-store.com\/pt\/wp-json\/wp\/v2\/types\/product"}],"wp:featuredmedia":[{"embeddable":true,"href":"https:\/\/www.miel-store.com\/pt\/wp-json\/wp\/v2\/media\/552"}],"wp:attachment":[{"href":"https:\/\/www.miel-store.com\/pt\/wp-json\/wp\/v2\/media?parent=479"}],"wp:term":[{"taxonomy":"product_brand","embeddable":true,"href":"https:\/\/www.miel-store.com\/pt\/wp-json\/wp\/v2\/product_brand?post=479"},{"taxonomy":"product_cat","embeddable":true,"href":"https:\/\/www.miel-store.com\/pt\/wp-json\/wp\/v2\/product_cat?post=479"},{"taxonomy":"product_tag","embeddable":true,"href":"https:\/\/www.miel-store.com\/pt\/wp-json\/wp\/v2\/product_tag?post=479"}],"curies":[{"name":"wp","href":"https:\/\/api.w.org\/{rel}","templated":true}]}}