{"id":478,"date":"2022-02-27T19:15:30","date_gmt":"2022-02-27T18:15:30","guid":{"rendered":"https:\/\/www.miel-store.com\/?post_type=product&#038;p=478"},"modified":"2026-04-12T13:22:12","modified_gmt":"2026-04-12T11:22:12","slug":"miel-de-jujubier-sidr-du-penjab","status":"publish","type":"product","link":"https:\/\/www.miel-store.com\/pt\/p\/miel-de-jujubier-sidr-du-penjab","title":{"rendered":"Mel de jujuba (Sidr) do Punjab"},"content":{"rendered":"<p>Il est dit que le repas le plus important de la journ\u00e9e, c\u2019est le petit-d\u00e9jeuner ! Est-ce vrai ou est-ce simplement une fabulation pour les gourmands ? Ce qui est certain, c\u2019est que pour bien d\u00e9buter la journ\u00e9e, il est n\u00e9cessaire d\u2019\u00eatre bien accompagn\u00e9 ! C\u2019est pour cela, que nous souhaitons vous faire d\u00e9couvrir le <strong>Mel de jujuba do Punjabi<\/strong>!<\/p>\n<h2><strong>En savoir plus sur la provenance du Miel du Penjabi !<\/strong><\/h2>\n<p>Tout d\u2019abord, fermez les yeux, et laissez-vous embarquer par une destination de r\u00eave\u2026 L\u2019Inde, un paysage attractif et une culture qui donne envie. <a href=\"https:\/\/www.geo.fr\/environnement\/tout-ce-quil-faut-savoir-sur-lelephant-206587\" target=\"_blank\" rel=\"noopener\"><strong>\u00c9l\u00e9phant<\/strong><\/a>, bijoux en or, artisanat de couleurs vives, diff\u00e9rents aspects typiques de ce merveilleux pays. Par ailleurs, saviez-vous qu\u2019il faisait partie des meilleurs au monde en mati\u00e8re <strong>apicultura<\/strong>\u00a0?<\/p>\n<p>Et dans ce pays, s\u2019y cache un endroit proche du Pakistan o\u00f9 l\u2019on y trouve une seule ferme apicole ! En effet, nous parlons du\u00a0<strong>Penjab<\/strong>. Cette petite province d\u2019Inde nous cache bien des surprises et cela passe notamment par son\u00a0<strong>mel<\/strong>\u00a0au go\u00fbt extraordinaire.<\/p>\n<p>Si vous n\u2019avez pas encore eu l\u2019occasion de sentir son parfum et de go\u00fbter son ar\u00f4me, sachez qu\u2019il n\u2019est pas trop tard !<\/p>\n<p>Votre sp\u00e9cialiste en produits de la nature vous donne ainsi une occasion qui vaut le coup d\u2019\u00eatre saisie !<\/p>\n<h2><strong>Le miel de jujubier du Penjab un aspect qui donne envie !\u00a0<\/strong><\/h2>\n<p>Etes-vous r\u00e9ellement pr\u00eat \u00e0 d\u00e9couvrir le\u00a0<strong>produtos para colmeias<\/strong>\u00a0qui pourrait faire enti\u00e8rement partie de votre vie s&rsquo;il s\u2019approchait de votre palais ? Pour le go\u00fbter ou m\u00eame pour le petit-d\u00e9jeuner, il peut rapidement faire sa place. Sous forme de p\u00e2te \u00e0 tartiner ou pour vos plats en manque d\u2019inspiration, il peut \u00eatre le compagnon de cuisine parfait !<\/p>\n<p>De plus, votre\u00a0<strong>boutique de bem-estar<\/strong>\u00a0Miel Store souhaite vous le faire d\u00e9couvrir \u00e0 l&rsquo;int\u00e9rieur d\u2019un bocal transparent afin que vous puissiez entrevoir la couleur de son liquide.<\/p>\n<p>A\u00a0<strong>n\u00e9ctar<\/strong>\u00a0brun qui vous laisse imaginer un go\u00fbt remarquable. Il vous est propos\u00e9 dans son contenant de 250G, afin que les gourmands puissent se r\u00e9galer comme il se doit !<\/p>\n<p>A la cuill\u00e8re, ou sur du pain, vous risqueriez bien d\u2019\u00eatre conquis par sa saveur agr\u00e9able au palais. Fin gourmet, ou alors novice dans le domaine, l\u2019exp\u00e9rience ne compte pas. Laissez-vous seulement envahir par son go\u00fbt naturellement bon !<\/p>\n<h2><strong>Les bienfaits du Miel de jujubier du Penjab<\/strong><\/h2>\n<ul>\n<li>Consid\u00e9r\u00e9 comme substitut au sucre naturel, il est notamment connu pour aider les sportifs avant ou apr\u00e8s l\u2019effort physique.<\/li>\n<\/ul>\n<ul>\n<li>Il peut aider \u00e0 la fertilit\u00e9, tout comme\u00a0<strong>le miel de sidr\u00a0<\/strong><\/li>\n<\/ul>\n<ul>\n<li>Comme le miel de jujubier, il est un r\u00e9el atout contre les maladies hivernales<\/li>\n<\/ul>\n<ul>\n<li>Il peut \u00e9galement \u00eatre bon pour le transit intestinal, comme\u00a0<strong><a href=\"https:\/\/www.miel-store.com\/pt\/p\/mel-branco-do-quirguizistao\/\">le miel blanc du Kirghizistan<\/a>,<\/strong>\u00a0et contre les ulc\u00e8res \u00e0 l\u2019estomac<\/li>\n<\/ul>\n<ul>\n<li>Aide \u00e0 lutter contre les maux de t\u00eate<\/li>\n<\/ul>\n<h3><strong>Des produits naturels qui feront le bonheur de tous !<\/strong><\/h3>\n<p>Votre boutique, sp\u00e9cialis\u00e9e en produits naturels, souhaite vous faire d\u00e9couvrir une multitude d&rsquo;articles en ad\u00e9quation avec vos besoins !<\/p>\n<p>C\u2019est pour cette raison que nous mettons en avant des produits de la ruche aux saveurs d\u2019exception, mais aussi des huiles naturelles ! Comme par exemple<strong>\u00a0<a href=\"https:\/\/www.miel-store.com\/pt\/p\/huile-de-jojoba-bio-du-perou\/\">l\u2019huile de Jojoba<\/a>\u00a0<\/strong>connue pour ses bienfaits sur la peau, mais \u00e9galement pour les soins capillaires !<\/p>\n<p>De plus, vous avez \u00e9galement la possibilit\u00e9 de faire connaissance avec<strong>\u00a0l\u2019huile d\u2019avocat bio\u00a0<\/strong>! Son parfum et ses vertus risquent d\u2019en s\u00e9duire plus d\u2019un !<\/p>","protected":false},"excerpt":{"rendered":"<p>Miel de Jujubier (Sidr) du Penjab.<\/p>\n<p>Frasco de 250g.<\/p>","protected":false},"featured_media":559,"template":"","meta":[],"product_brand":[],"product_cat":[79,77,131],"product_tag":[],"class_list":{"0":"post-478","1":"product","2":"type-product","3":"status-publish","4":"has-post-thumbnail","6":"product_cat-miel-de-sidr","7":"product_cat-miel-du-monde","8":"product_cat-miel-du-pakistan","10":"first","11":"instock","12":"shipping-taxable","13":"purchasable","14":"product-type-simple"},"_links":{"self":[{"href":"https:\/\/www.miel-store.com\/pt\/wp-json\/wp\/v2\/product\/478","targetHints":{"allow":["GET"]}}],"collection":[{"href":"https:\/\/www.miel-store.com\/pt\/wp-json\/wp\/v2\/product"}],"about":[{"href":"https:\/\/www.miel-store.com\/pt\/wp-json\/wp\/v2\/types\/product"}],"wp:featuredmedia":[{"embeddable":true,"href":"https:\/\/www.miel-store.com\/pt\/wp-json\/wp\/v2\/media\/559"}],"wp:attachment":[{"href":"https:\/\/www.miel-store.com\/pt\/wp-json\/wp\/v2\/media?parent=478"}],"wp:term":[{"taxonomy":"product_brand","embeddable":true,"href":"https:\/\/www.miel-store.com\/pt\/wp-json\/wp\/v2\/product_brand?post=478"},{"taxonomy":"product_cat","embeddable":true,"href":"https:\/\/www.miel-store.com\/pt\/wp-json\/wp\/v2\/product_cat?post=478"},{"taxonomy":"product_tag","embeddable":true,"href":"https:\/\/www.miel-store.com\/pt\/wp-json\/wp\/v2\/product_tag?post=478"}],"curies":[{"name":"wp","href":"https:\/\/api.w.org\/{rel}","templated":true}]}}