{"id":477,"date":"2022-02-27T19:12:32","date_gmt":"2022-02-27T18:12:32","guid":{"rendered":"https:\/\/www.miel-store.com\/?post_type=product&#038;p=477"},"modified":"2026-05-04T16:23:36","modified_gmt":"2026-05-04T14:23:36","slug":"mel-de-jujuba-sidr-de-caxemira","status":"publish","type":"product","link":"https:\/\/www.miel-store.com\/pt\/p\/miel-de-jujubier-sidr-du-kashmir","title":{"rendered":"Mel de jujuba (Sidr) de Caxemira"},"content":{"rendered":"<p>E se o melhor estivesse mesmo ao virar da esquina? Reconhecida mundialmente como uma qualidade superior, a <strong>Mel da Caxemira<\/strong> est\u00e1 no centro das aten\u00e7\u00f5es! Semelhante, em alguns aspectos, ao famoso <a href=\"https:\/\/www.miel-store.com\/pt\/p\/miel-de-jujubier-sidr-maliki-du-yemen\/\"><strong>mel do I\u00e9men<\/strong><\/a>, Prepare os seus sentidos, porque h\u00e1 uma boa hip\u00f3tese de ser mais do que conquistado!<\/p>\n<p>A sua satisfa\u00e7\u00e3o \u00e9 uma das nossas prioridades, e \u00e9 por isso que \u00e9 t\u00e3o importante partilhar o melhor consigo. Por isso, sente-se, relaxe e prepare-se para descobrir um produto saboroso e de qualidade!<\/p>\n<h2><strong>Mel de Caxemira: a jujuba \u00e9 o centro das aten\u00e7\u00f5es\u00a0<\/strong><\/h2>\n<p>Origin\u00e1rio de uma regi\u00e3o chamada Caxemira, n\u00e3o muito longe da \u00cdndia, este<strong> mel de todo o mundo <\/strong>est\u00e1 a ganhar reputa\u00e7\u00e3o pela sua qualidade fora do comum. <strong>Sidr<\/strong> para alguns e <strong>\u00e1rvore de jujuba<\/strong> para outros, \u00e9 no entanto<strong>t o produto da colmeia<\/strong> um must-have!<\/p>\n<p><strong>Mel de jujuba<\/strong> \u00e9 reconhecido pelos conhecedores como um dos melhores. O seu sabor e a sua textura agradam tanto a amadores como a profissionais experientes! N\u00e3o resista mais e deixe-se encantar por este produto natural!<\/p>\n<h2><strong>Os muitos benef\u00edcios do mel da Caxemira\u00a0<\/strong><\/h2>\n<p>\u00c9 bem conhecido pelo seu aroma e sabor, mas tamb\u00e9m tem muitas virtudes. Se ainda n\u00e3o o tem no seu arm\u00e1rio, deixe-se convencer pelos seus princ\u00edpios activos altamente enriquecedores.<\/p>\n<ul>\n<li>Pode aliviar infec\u00e7\u00f5es respirat\u00f3rias<\/li>\n<li>Bom para a digest\u00e3o<\/li>\n<li>Refor\u00e7a o sistema imunit\u00e1rio<\/li>\n<li>Alivia a dor associada a cortes ou queimaduras<\/li>\n<li>Pode ajudar a regular a menstrua\u00e7\u00e3o<\/li>\n<\/ul>\n<p>Como pode imaginar, o seu sabor \u00e9 \u00f3timo! Mas tamb\u00e9m pode ser muito bom para a sua sa\u00fade! Est\u00e1 na altura de se deixar convencer e desfrutar.<\/p>\n<h2><strong>Mel de Caxemira: instru\u00e7\u00f5es de utiliza\u00e7\u00e3o<\/strong><\/h2>\n<p>Gosta de mimar o seu paladar com elixires naturais? Ent\u00e3o est\u00e1 com sorte, porque n\u00f3s temos exatamente o que precisa. Se quiser desfrutar de todo o sabor do mel, aqui ficam algumas dicas.<\/p>\n<p>Antes de mais, \u00e9 preciso escolher o mel mais adequado para si. O sabor, a textura e o aspeto de cada mel podem variar de um para outro. <a href=\"https:\/\/www.miel-store.com\/pt\/p\/mel-branco-do-quirguizistao\/\"><strong>Mel branco <\/strong><\/a>ou<strong> <a href=\"https:\/\/www.miel-store.com\/pt\/p\/mel-de-manga-do-mali\/\">mel de manga<\/a>,<\/strong> fa\u00e7a a escolha certa!<\/p>\n<p>Em seguida, depois de selecionar o seu <strong>elixir<\/strong>, Chegou o momento de o tornar parte da sua rotina. Ao pequeno-almo\u00e7o ou antes do seu caf\u00e9 matinal, delicie-se! Rico em a\u00e7\u00facar natural, vai dar-lhe uma energia extra para o seu dia! Deixe-o derreter-se suavemente no seu paladar e desfrute do seu sabor delicioso e agrad\u00e1vel.<\/p>\n<h3><strong>A sua boutique de bem-estar \u00e9 tamb\u00e9m...<\/strong><\/h3>\n<p>Estamos sempre empenhados em oferecer produtos de qualidade para garantir a sua satisfa\u00e7\u00e3o! O seu bem-estar \u00e9 a nossa principal motiva\u00e7\u00e3o.<\/p>\n<p>\u00c9 por isso que tamb\u00e9m queremos que descubra os nossos \u00f3leos naturais e biol\u00f3gicos! <a href=\"https:\/\/www.miel-store.com\/pt\/p\/huile-de-nigelle-dethiopie-habachia\/\"><strong>\u00d3leo de cominho preto<\/strong><\/a> por exemplo, \u00e9 conhecido pelos seus benef\u00edcios contra uma s\u00e9rie de doen\u00e7as!<\/p>\n<p>Tamb\u00e9m pode encontrar <strong>\u00f3leo de alo\u00e9 vera<\/strong>, Um verdadeiro complemento para a sua vida quotidiana! Amplamente utilizado na medicina antiga, tem tantos benef\u00edcios que vai certamente ser \u00fatil. Num frasco de 100 ml, \u00e9 tempo de cuidar de si!<\/p>","protected":false},"excerpt":{"rendered":"<p>Mel de jujuba (Sidr) de Caxemira.<\/p>\n<p>Frasco de 250g.<\/p>","protected":false},"featured_media":561,"template":"","meta":[],"product_brand":[],"product_cat":[79,77],"product_tag":[],"class_list":{"0":"post-477","1":"product","2":"type-product","3":"status-publish","4":"has-post-thumbnail","6":"product_cat-miel-de-sidr","7":"product_cat-miel-du-monde","9":"first","10":"outofstock","11":"shipping-taxable","12":"purchasable","13":"product-type-simple"},"_links":{"self":[{"href":"https:\/\/www.miel-store.com\/pt\/wp-json\/wp\/v2\/product\/477","targetHints":{"allow":["GET"]}}],"collection":[{"href":"https:\/\/www.miel-store.com\/pt\/wp-json\/wp\/v2\/product"}],"about":[{"href":"https:\/\/www.miel-store.com\/pt\/wp-json\/wp\/v2\/types\/product"}],"wp:featuredmedia":[{"embeddable":true,"href":"https:\/\/www.miel-store.com\/pt\/wp-json\/wp\/v2\/media\/561"}],"wp:attachment":[{"href":"https:\/\/www.miel-store.com\/pt\/wp-json\/wp\/v2\/media?parent=477"}],"wp:term":[{"taxonomy":"product_brand","embeddable":true,"href":"https:\/\/www.miel-store.com\/pt\/wp-json\/wp\/v2\/product_brand?post=477"},{"taxonomy":"product_cat","embeddable":true,"href":"https:\/\/www.miel-store.com\/pt\/wp-json\/wp\/v2\/product_cat?post=477"},{"taxonomy":"product_tag","embeddable":true,"href":"https:\/\/www.miel-store.com\/pt\/wp-json\/wp\/v2\/product_tag?post=477"}],"curies":[{"name":"wp","href":"https:\/\/api.w.org\/{rel}","templated":true}]}}