{"id":472,"date":"2022-02-27T19:06:59","date_gmt":"2022-02-27T18:06:59","guid":{"rendered":"https:\/\/www.miel-store.com\/?post_type=product&#038;p=472"},"modified":"2026-05-08T10:00:06","modified_gmt":"2026-05-08T08:00:06","slug":"miel-de-jujubier-sidr-du-maroc","status":"publish","type":"product","link":"https:\/\/www.miel-store.com\/pt\/p\/miel-de-jujubier-sidr-du-maroc","title":{"rendered":"Mel de jujuba (Sidr) de Marrocos"},"content":{"rendered":"<p><strong>Amateur d&rsquo;apiculture<\/strong>\u00a0et de miels savoureux, faites vos bagages, car nous allons visiter un pays connu pour ses nectars aux go\u00fbts agr\u00e9ables. Si vous \u00eates fin pr\u00eat, il est alors temps de parler du c\u00e9l\u00e8bre<strong>\u00a0miel de jujubier sidr du Maroc\u00a0<\/strong>!<\/p>\n<p>Si vous ne le connaissez pas encore, ne paniquez pas, nous allons nous charger de faire les pr\u00e9sentations.<\/p>\n<h2><strong>Les origines du miel de jujubier sidr du Maroc<\/strong><\/h2>\n<p>Tout d\u2019abord, commen\u00e7ons par le commencement ! De charmantes petites abeilles qui se focalisent sur les\u00a0<strong>fleurs de jujubier<\/strong>. Elles butinent, butinent\u2026 afin que vous puissiez appr\u00e9cier ce\u00a0<strong>mel monofloral<\/strong>. Les paysages montagneux ou encore d\u00e9sertiques marocains favorisent ainsi la qualit\u00e9 de ce nectar tant recherch\u00e9 !<\/p>\n<p>A l\u2019origine, l\u2019un des miels les plus connus dans le domaine de l\u2019apiculture est celui du\u00a0<strong>jujubier du Y\u00e9men<\/strong>\u00a0! Comparable, mais pas \u00e9gal\u00e9, ce\u00a0<strong>nectar marocain<\/strong>\u00a0est pourtant connu pour son go\u00fbt et son aspect attractif !<\/p>\n<p>Si vous \u00eates de ceux qui affectionnent les \u00e9lixirs naturels, ne faites pas un mouvement de plus, car vous \u00eates au bon endroit.<\/p>\n<h2><strong>Les pr\u00e9sentations se font avec le miel de jujubier sidr du Maroc\u00a0<\/strong><\/h2>\n<p>En effet, votre sp\u00e9cialiste en<strong>\u00a0m\u00e9is do mundo<\/strong>\u00a0est\u00e1 sempre pronto a oferecer-lhe\u00a0<strong>produtos para colmeias<\/strong>\u00a0qui seront \u00e0 m\u00eame de vous correspondre ! C\u2019est pour cela que nous souhaitons que vous fassiez connaissance avec le fameux<strong>\u00a0sidr du Maroc<\/strong>.<\/p>\n<p>Tout d\u2019abord, nous vous laissons remarquer son bocal transparent qui laisse apercevoir un nectar des plus dor\u00e9s\u2026 Son contenant de 250G est tout simplement un plus pour les friands de miel !<\/p>\n<p>De plus, sa texture onctueuse et savoureuse en bouche devrez laisser sur votre palais ce magnifique et agr\u00e9able go\u00fbt ! Inutile d&rsquo;h\u00e9siter plus longtemps, et venez profiter de ce\u00a0<strong>produto natural\u00a0<\/strong>!<\/p>\n<h2><strong>Les bienfaits du Miel de jujubier sidr du Maroc\u00a0<\/strong><\/h2>\n<p>En effet, tr\u00e8s riche en vitamine A, et C, il est consid\u00e9r\u00e9 comme un<strong>\u00a0estimulante natural<\/strong>, mais pas seulement\u2026 D\u00e9couvrons ensemble la multitude de vertus que nous cache ce\u00a0<strong>nectar du Maroc<\/strong>\u00a0!<\/p>\n<ul>\n<li>Utile contre la constipation<\/li>\n<li>Un avantage contre les troubles gastriques<\/li>\n<li>Tr\u00e8s bon contre les<strong>\u00a0maux de gorge<\/strong><\/li>\n<li>Peut \u00eatre un atout contre les<strong>\u00a0infections pulmonaires\u00a0<\/strong><\/li>\n<li>Peut \u00e9galement \u00eatre bon les plaies et leurs cicatrisations<\/li>\n<\/ul>\n<p>Comme vous pouvez le voir, ce miel est empli de bienfaits ! Tr\u00e8s b\u00e9n\u00e9fique au quotidien, il devrait \u00eatre\u00a0<strong>l\u2019alicament\u00a0<\/strong>\u00e0 ne pas manquer. Si vous affectionnez les produits naturels riches en bienfaits, ce nectar est probablement fait pour vous !<\/p>\n<h3><strong>Surprise, surprise, on en veut encore !<\/strong><\/h3>\n<p>Votre boutique sp\u00e9cialis\u00e9e en produits de la ruche souhaite comme toujours, vous proposer des articles qui pourraient vous correspondre ! C\u2019est pour cela que nous souhaitons que vous fassiez la rencontre de la<strong>\u00a0<a href=\"https:\/\/www.miel-store.com\/pt\/p\/melasse-de-dattes-darabie-saoudite\/\">m\u00e9lasse de dattes d\u2019Arabie Saoudite<\/a>.\u00a0<\/strong>Riche en fer, cette m\u00e9lasse peut \u00eatre un atout contre l\u2019an\u00e9mie.<\/p>\n<p>De plus, vous avez \u00e9galement la possibilit\u00e9 de faire la rencontre de nos<strong>\u00a0<a href=\"https:\/\/www.miel-store.com\/pt\/p\/60-gelules-de-poudre-de-pollen-de-palmier\/\">g\u00e9lules de poudre de palmier<\/a>\u00a0<\/strong>! Cette poudre est connue pour aider \u00e0 la fertilit\u00e9 !<\/p>\n<p>Vous l\u2019avez compris, nous souhaitons le meilleur pour vous, et cela passe par vous proposer des produits qui vous correspondent !<\/p>","protected":false},"excerpt":{"rendered":"<p>Miel de Jujubier (Sidr) du Maroc.<\/p>\n<p>Frasco de 250g.<\/p>","protected":false},"featured_media":560,"template":"","meta":[],"product_brand":[],"product_cat":[79,111,78],"product_tag":[],"class_list":{"0":"post-472","1":"product","2":"type-product","3":"status-publish","4":"has-post-thumbnail","6":"product_cat-miel-de-sidr","7":"product_cat-miel-africain","8":"product_cat-miel-du-maroc","10":"first","11":"instock","12":"shipping-taxable","13":"purchasable","14":"product-type-simple"},"_links":{"self":[{"href":"https:\/\/www.miel-store.com\/pt\/wp-json\/wp\/v2\/product\/472","targetHints":{"allow":["GET"]}}],"collection":[{"href":"https:\/\/www.miel-store.com\/pt\/wp-json\/wp\/v2\/product"}],"about":[{"href":"https:\/\/www.miel-store.com\/pt\/wp-json\/wp\/v2\/types\/product"}],"wp:featuredmedia":[{"embeddable":true,"href":"https:\/\/www.miel-store.com\/pt\/wp-json\/wp\/v2\/media\/560"}],"wp:attachment":[{"href":"https:\/\/www.miel-store.com\/pt\/wp-json\/wp\/v2\/media?parent=472"}],"wp:term":[{"taxonomy":"product_brand","embeddable":true,"href":"https:\/\/www.miel-store.com\/pt\/wp-json\/wp\/v2\/product_brand?post=472"},{"taxonomy":"product_cat","embeddable":true,"href":"https:\/\/www.miel-store.com\/pt\/wp-json\/wp\/v2\/product_cat?post=472"},{"taxonomy":"product_tag","embeddable":true,"href":"https:\/\/www.miel-store.com\/pt\/wp-json\/wp\/v2\/product_tag?post=472"}],"curies":[{"name":"wp","href":"https:\/\/api.w.org\/{rel}","templated":true}]}}