{"id":471,"date":"2022-02-27T19:03:49","date_gmt":"2022-02-27T18:03:49","guid":{"rendered":"https:\/\/www.miel-store.com\/?post_type=product&#038;p=471"},"modified":"2026-05-03T14:18:10","modified_gmt":"2026-05-03T12:18:10","slug":"mel-de-jujuba-sidr-dalgerie","status":"publish","type":"product","link":"https:\/\/www.miel-store.com\/pt\/p\/miel-de-jujubier-sidr-dalgerie","title":{"rendered":"Mel de jujuba (Sidr) da Arg\u00e9lia"},"content":{"rendered":"<p>Deixe-se guiar pelo zumbido da verdade. Na agenda de hoje, vamos falar sobre\u00a0<strong>n\u00e9ctar<\/strong>, E n\u00e3o \u00e9 um tipo qualquer! Para aqueles que gostam particularmente de\u00a0<strong>produtos para colmeias<\/strong>, Veio ao s\u00edtio certo! Descubra o<strong>\u00a0mel de jujuba sidr da Arg\u00e9lia<\/strong>\u00a0!<\/p>\n<h2><strong>Est\u00e1 na hora da apresenta\u00e7\u00e3o com o mel de jujuba sidr da Arg\u00e9lia!\u00a0<\/strong><\/h2>\n<p>De facto, na sua loja especializada em bem-estar, encontrar\u00e1 uma vasta sele\u00e7\u00e3o de produtos de bem-estar.\u00a0<strong>m\u00e9is do mundo<\/strong>\u00a0est\u00e3o \u00e0 vossa espera! No entanto, as aten\u00e7\u00f5es est\u00e3o atualmente centradas no famoso\u00a0<strong>mel de jujuba sidr da Arg\u00e9lia<\/strong>\u00a0! A maioria dos conhecedores j\u00e1 ter\u00e1 ouvido falar da qualidade deste novo produto. Se ainda n\u00e3o ouviu, n\u00e3o se preocupe, n\u00f3s vamos fazer algo a esse respeito.<\/p>\n<p>Antes de mais, conhe\u00e7a este elixir visualmente atraente... A sua boutique gostaria que o descobrisse no seu frasco transparente hermeticamente fechado de 250g. No seu interior, encontrar\u00e1 o famoso\u00a0<strong>n\u00e9ctar castanho<\/strong>\u00a0t\u00e3o cobi\u00e7ado. Como pode ver, este\u00a0<strong>produ\u00e7\u00e3o de mel<\/strong>\u00a0\u00e9 sublime visualmente, mas e o sabor?<\/p>\n<h2><strong>Mel de jujuba sidr da Arg\u00e9lia: queremos saber mais!<\/strong><\/h2>\n<p>Se quiser saber mais, sente-se e relaxe, n\u00f3s tratamos do resto... Antes de mais, do famoso\u00a0<strong>\u00e1rvore de jujuba selvagem<\/strong>, Mais especificamente, \u00e9 colhido de\u00a0<strong>flores da Arg\u00e9lia<\/strong>\u00a0deste \u00faltimo!<\/p>\n<p>Conhecido pelo seu sabor excecional, deixe-se encantar n\u00e3o s\u00f3 pela sua textura, mas tamb\u00e9m pela sua\u00a0<strong>sabor requintado<\/strong>\u00a0e cremoso. Visitar\u00a0<strong>mel de jujuba\u00a0<\/strong>\u00e9 certamente elogiado pelo seu aroma, mas tamb\u00e9m pelo seu<strong>\u00a0qualidades medicinais<\/strong>\u00a0!<\/p>\n<p>Conhecido por ser muito ben\u00e9fico para as dores de garganta, \u00e9 tamb\u00e9m utilizado em geral para as transi\u00e7\u00f5es sazonais! \u00datil para\u00a0<strong>refor\u00e7ar o sistema imunit\u00e1rio<\/strong>, Este n\u00e9ctar pode ser uma parte essencial da vida quotidiana!<\/p>\n<p>Al\u00e9m disso, \u00e9 por vezes consumido como\u00a0<strong>suplemento alimentar natural<\/strong>, Os desportistas est\u00e3o encantados com os seus benef\u00edcios nutricionais e energ\u00e9ticos.<\/p>\n<h2><strong>Alguns conselhos para saborear o mel de jujuba sidr da Arg\u00e9lia!\u00a0<\/strong><\/h2>\n<p>N\u00e3o \u00e9 necess\u00e1rio ser um desportista de topo para o desfrutar! De facto, se gosta de uma boa\u00a0<strong>sabores doces e naturais<\/strong>, este mel \u00e9 definitivamente para si. Espalhe-o numa torrada para dar um impulso de manh\u00e3, ou tome-o simplesmente como um tratamento para dar a si pr\u00f3prio um pequeno impulso - a decis\u00e3o \u00e9 sua!<\/p>\n<p>O seu bem-estar \u00e9 um dos nossos principais factores de motiva\u00e7\u00e3o! \u00c9 por isso que gostar\u00edamos de vos apresentar este magn\u00edfico mel de<strong>\u00a0\u00e1rvore de jujuba da Arg\u00e9lia.\u00a0<\/strong><\/p>\n<p>N\u00e3o hesite e deixe-se encantar pela multiplicidade de\u00a0<strong>produtos de bem-estar<\/strong>\u00a0que oferecemos.<\/p>\n<h3><strong>O seu bem-estar com produtos naturais...\u00a0<\/strong><\/h3>\n<p>Se quer sentir-se bem consigo pr\u00f3prio, porque n\u00e3o ajustar a sua dieta? N\u00e3o se preocupe, a sua loja Miel est\u00e1 l\u00e1 para o ajudar.<\/p>\n<p><a href=\"https:\/\/www.miel-store.com\/pt\/p\/melasse-de-dattes-darabie-saoudite\/\"><strong>Mela\u00e7o de t\u00e2mara<\/strong><\/a>, para ajustar o seu n\u00edvel de ferro no sangue ou\u00a0<a href=\"https:\/\/www.miel-store.com\/pt\/p\/habachia-oleo-de-cominhos-pretos-100ml\/\"><strong>\u00f3leo de cominho preto<\/strong>\u00a0<strong>Eti\u00f3pia<\/strong><\/a>, conhecido pelos seus in\u00fameros benef\u00edcios para o ser humano!<\/p>\n<p>Como pode ver, o seu\u00a0<strong>boutique de bem-estar<\/strong>\u00a0\u00e9 o companheiro de que precisa. De\u00a0<strong>cosm\u00e9ticos naturais<\/strong>\u00a0em\u00a0<strong>m\u00e9is do mundo<\/strong>, Prepare-se para que a Miel Store ocupe um lugar especial no seu quotidiano.<\/p>","protected":false},"excerpt":{"rendered":"<p>Mel de jujuba (Sidr) da Arg\u00e9lia.<\/p>\n<p>Nova colheita.<\/p>\n<p>Frasco de 250g.<\/p>","protected":false},"featured_media":562,"template":"","meta":[],"product_brand":[],"product_cat":[79,111,77],"product_tag":[],"class_list":{"0":"post-471","1":"product","2":"type-product","3":"status-publish","4":"has-post-thumbnail","6":"product_cat-miel-de-sidr","7":"product_cat-miel-africain","8":"product_cat-miel-du-monde","10":"first","11":"instock","12":"featured","13":"shipping-taxable","14":"purchasable","15":"product-type-simple"},"_links":{"self":[{"href":"https:\/\/www.miel-store.com\/pt\/wp-json\/wp\/v2\/product\/471","targetHints":{"allow":["GET"]}}],"collection":[{"href":"https:\/\/www.miel-store.com\/pt\/wp-json\/wp\/v2\/product"}],"about":[{"href":"https:\/\/www.miel-store.com\/pt\/wp-json\/wp\/v2\/types\/product"}],"wp:featuredmedia":[{"embeddable":true,"href":"https:\/\/www.miel-store.com\/pt\/wp-json\/wp\/v2\/media\/562"}],"wp:attachment":[{"href":"https:\/\/www.miel-store.com\/pt\/wp-json\/wp\/v2\/media?parent=471"}],"wp:term":[{"taxonomy":"product_brand","embeddable":true,"href":"https:\/\/www.miel-store.com\/pt\/wp-json\/wp\/v2\/product_brand?post=471"},{"taxonomy":"product_cat","embeddable":true,"href":"https:\/\/www.miel-store.com\/pt\/wp-json\/wp\/v2\/product_cat?post=471"},{"taxonomy":"product_tag","embeddable":true,"href":"https:\/\/www.miel-store.com\/pt\/wp-json\/wp\/v2\/product_tag?post=471"}],"curies":[{"name":"wp","href":"https:\/\/api.w.org\/{rel}","templated":true}]}}