{"id":466,"date":"2022-02-27T18:56:05","date_gmt":"2022-02-27T17:56:05","guid":{"rendered":"https:\/\/www.miel-store.com\/?post_type=product&#038;p=466"},"modified":"2026-04-11T17:49:15","modified_gmt":"2026-04-11T15:49:15","slug":"mel-de-acacia-do-iemen","status":"publish","type":"product","link":"https:\/\/www.miel-store.com\/pt\/p\/miel-de-soumour-acacia-gommier-du-yemen","title":{"rendered":"Mel de goma de ac\u00e1cia do I\u00e9men"},"content":{"rendered":"<p>L<strong>\u2019Apicultura no I\u00e9men<\/strong> \u00e9 conhecida por ter o seu pr\u00f3prio m\u00e9todo de manuten\u00e7\u00e3o das colmeias e\u2019<strong>extrair o mel<\/strong>. Este saber-fazer constitui um verdadeiro trunfo para os consumidores. \u00c9 por estas raz\u00f5es que o seu especialista em linha deseja destacar o <strong>Mel de Soumour<\/strong>.<\/p>\n<h2><strong>Mel de Soumour: proveniente do I\u00e9men, \u00e9 um deleite para as papilas gustativas\u00a0<\/strong><\/h2>\n<p>O <strong>m\u00e9is do I\u00e9men<\/strong> s\u00e3o geralmente considerados dos melhores! Gra\u00e7as ao seu extraordin\u00e1rio saber-fazer, os apicultores deste pa\u00eds da Pen\u00ednsula Ar\u00e1bica far\u00e3o as del\u00edcias dos amantes do mel!<\/p>\n<p>A produ\u00e7\u00e3o deste elixir come\u00e7a no in\u00edcio do ver\u00e3o, depois de as flores terem desabrochado na primavera.<\/p>\n<p>\u00c9 um daqueles que adoram este <strong>mistura natural <\/strong>por prazer ou apenas pelas suas muitas virtudes? De facto <strong>mel de ac\u00e1cia<\/strong> pode ser uma verdadeira vantagem para o corpo!<\/p>\n<h2><strong>Foco nos benef\u00edcios do mel de Soumour\u00a0<\/strong><\/h2>\n<p>Esta mistura do I\u00e9men tem uma infinidade de benef\u00edcios. Ent\u00e3o, est\u00e1 na altura de descobrir o que este elixir esconde!<\/p>\n<p>Este <strong>mel de abelha - um produto da colmeia<\/strong> \u00e9 um trunfo na luta contra certas perturba\u00e7\u00f5es g\u00e1stricas! Al\u00e9m disso, sabe-se tamb\u00e9m que \u00e9 utilizado para <strong>para a tosse<\/strong>, e asma! Basta dizer que este produto natural pode rapidamente tornar-se um benef\u00edcio di\u00e1rio!<\/p>\n<p>\u00c9 tamb\u00e9m conhecido por ajudar a flora intestinal e revitalizar o corpo! Este<strong> estimulante natural<\/strong> \u00e9 um verdadeiro tesouro para os amantes do desporto!<\/p>\n<h2><strong>O sabor e o aspeto do mel de Soumour\u00a0<\/strong><\/h2>\n<p>O seu aspeto castanho d\u00e1-nos j\u00e1 uma ideia do seu car\u00e1cter! Muito carater\u00edstico no paladar, \u00e9, no entanto, muito agrad\u00e1vel, com um ligeiro sabor frutado. Portanto, se \u00e9 um amante do mel ou um profissional experiente, veio ao s\u00edtio certo! Este \u00e9 o mel ideal para si! Muito saboroso ao paladar, vai ser seduzido!<\/p>\n<p>Para al\u00e9m disso, tamb\u00e9m pode encontrar outros <strong>elixires naturais<\/strong>, gra\u00e7as ao vosso especialista online! Em particular <a href=\"https:\/\/www.miel-store.com\/pt\/p\/mel-daghmous-de-marrocos\/\"><strong>Daghmous<\/strong><\/a> ou o <a href=\"https:\/\/www.miel-store.com\/pt\/p\/miel-de-moringa-du-mali\/\"><strong>Moringa<\/strong><\/a> ! Como v\u00ea, estamos empenhados em oferecer-lhe o melhor poss\u00edvel <strong>produtos naturais<\/strong> que \u00e9 ideal para si! O sabor \u00e9 muito importante, mas a qualidade tamb\u00e9m o \u00e9.<\/p>\n<h3><strong>Armazenamento e conselhos de utiliza\u00e7\u00e3o\u00a0<\/strong><\/h3>\n<p>Este elixir pode ser tomado como tratamento para estimular ou regular o organismo! Para tal, \u00e9 muito ben\u00e9fico tom\u00e1-lo com o est\u00f4mago vazio para potenciar os seus princ\u00edpios activos. Antes ou durante a sua sess\u00e3o desportiva, \u00e9 certo que o vai apoiar! O seu sabor e <strong>consumo natural de a\u00e7\u00facar<\/strong> s\u00e3o vantagens fundamentais para quem quer prestar aten\u00e7\u00e3o \u00e0 sua alimenta\u00e7\u00e3o!<\/p>\n<p>Para o conservar, esque\u00e7a os locais demasiado quentes e h\u00famidos! \u00c9 preciso encontrar um espa\u00e7o seco e bem isolado! A humidade pode danificar o <strong>propriedades do mel<\/strong>, Isto aplica-se, nomeadamente, ao seu teor de humidade, que deve ser inferior a 17%.<\/p>\n<p>Em caso de <strong>cristaliza\u00e7\u00e3o do mel<\/strong> Tamb\u00e9m pode coloc\u00e1-lo em banho-maria durante alguns minutos para restaurar o seu brilho natural!<\/p>","protected":false},"excerpt":{"rendered":"<p>Mel de Acacia Gum do I\u00e9men.<\/p>\n<p>Frasco de 250g.<\/p>","protected":false},"featured_media":553,"template":"","meta":[],"product_brand":[],"product_cat":[77],"product_tag":[],"class_list":{"0":"post-466","1":"product","2":"type-product","3":"status-publish","4":"has-post-thumbnail","6":"product_cat-miel-du-monde","8":"first","9":"instock","10":"shipping-taxable","11":"purchasable","12":"product-type-simple"},"_links":{"self":[{"href":"https:\/\/www.miel-store.com\/pt\/wp-json\/wp\/v2\/product\/466","targetHints":{"allow":["GET"]}}],"collection":[{"href":"https:\/\/www.miel-store.com\/pt\/wp-json\/wp\/v2\/product"}],"about":[{"href":"https:\/\/www.miel-store.com\/pt\/wp-json\/wp\/v2\/types\/product"}],"wp:featuredmedia":[{"embeddable":true,"href":"https:\/\/www.miel-store.com\/pt\/wp-json\/wp\/v2\/media\/553"}],"wp:attachment":[{"href":"https:\/\/www.miel-store.com\/pt\/wp-json\/wp\/v2\/media?parent=466"}],"wp:term":[{"taxonomy":"product_brand","embeddable":true,"href":"https:\/\/www.miel-store.com\/pt\/wp-json\/wp\/v2\/product_brand?post=466"},{"taxonomy":"product_cat","embeddable":true,"href":"https:\/\/www.miel-store.com\/pt\/wp-json\/wp\/v2\/product_cat?post=466"},{"taxonomy":"product_tag","embeddable":true,"href":"https:\/\/www.miel-store.com\/pt\/wp-json\/wp\/v2\/product_tag?post=466"}],"curies":[{"name":"wp","href":"https:\/\/api.w.org\/{rel}","templated":true}]}}