{"id":462,"date":"2022-02-27T18:51:28","date_gmt":"2022-02-27T17:51:28","guid":{"rendered":"https:\/\/www.miel-store.com\/?post_type=product&#038;p=462"},"modified":"2026-04-17T00:15:51","modified_gmt":"2026-04-16T22:15:51","slug":"miel-deuphorbe-du-yemen","status":"publish","type":"product","link":"https:\/\/www.miel-store.com\/pt\/p\/miel-deuphorbe-du-yemen","title":{"rendered":"I\u00e9men Mel de Euphorbia"},"content":{"rendered":"<p>Toux grasse ou encore maladie hivernale, il est essentiel de prendre les pr\u00e9cautions n\u00e9cessaires ! Se couvrir de sa petite \u00e9charpe ne suffit pas tout le temps ! C\u2019est pour cela que votre <strong>sp\u00e9cialiste du miel<\/strong> souhaite vous faire d\u00e9couvrir le <strong>Mel de Euphorbia<\/strong> !<\/p>\n<h2><strong>Miel d\u2019euphorbe du Y\u00e9men : Un \u00e9lixir naturel qui vient de loin\u00a0<\/strong><\/h2>\n<p>Le Y\u00e9men est un pays situ\u00e9 dans la p\u00e9ninsule arabique non loin de la m\u00e8re rouge ! Son climat temp\u00e9r\u00e9 et sa situation g\u00e9ographique permettent la pousse du fameux <strong>mel de euf\u00f3rbia<\/strong> ! Notamment appel\u00e9<strong> daghmous<\/strong> qui signifie cactus, il est consid\u00e9r\u00e9 comme un tr\u00e9sor de la nature.<\/p>\n<p>Malgr\u00e9 son go\u00fbt assez prononc\u00e9 au niveau de la gorge, il reste tout de m\u00eame d\u00e9licieux et agr\u00e9able. C\u2019est un r\u00e9el atout pour aider \u00e0 lutter contre certaines <strong>maladies hivernales<\/strong>.<\/p>\n<p>D\u00e9couvrez sans plus attendre son magnifique contenu transparent, laissant appara\u00eetre un \u00e9lixir dor\u00e9 de 250G ! Avec son couvercle herm\u00e9tique, il vous sera possible de le conserver. Autant vous dire, que vous serez s\u00e9duit !<\/p>\n<h2><strong>Zoom sur les bienfaits du miel d\u2019euphorbe du Y\u00e9men<\/strong><\/h2>\n<p>Este <strong>mistura natural<\/strong> issue de la p\u00e9ninsule arabique poss\u00e8de une multitude de bienfaits. Notamment connu pour \u00eatre un atout contre l\u2019asthme, il aide \u00e9galement \u00e0 lutter contre les maux de gorge et les <strong>toux grasses<\/strong>.<\/p>\n<p>De plus, riche en antioxydant, le Miel d&rsquo;Euphorbe du Y\u00e9men pourrait aider \u00e0 am\u00e9liorer les d\u00e9fenses immunitaires. Par ailleurs, ce produit de la ruche est \u00e9galement pris\u00e9 pour son aide contre les douleurs articulaires et l&rsquo;hypertension !<\/p>\n<p>Vous l\u2019avez compris, c\u2019est le produit de la nature \u00e0 avoir absolument dans votre placard ! Il vous sera plus que n\u00e9cessaire, il poss\u00e8de certes un go\u00fbt d\u2019exception, mais il est aussi tr\u00e8s bon pour la sant\u00e9 !<\/p>\n<h2><strong>Comment utiliser le miel d\u2019euphorbe du Y\u00e9men\u00a0<\/strong><\/h2>\n<p>Comme pour le <a href=\"https:\/\/www.miel-store.com\/pt\/p\/mel-de-banana-do-mali\/\"><strong>miel de bananier du Mali<\/strong><\/a>, il vous est possible de le consommer en cure ou alors pour accompagner votre petit-d\u00e9jeuner ! Pour cela, chaque matin, munissez-vous d\u2019une cuill\u00e8re \u00e0 caf\u00e9 afin de pouvoir prendre votre <strong>superbe miel<\/strong> ! Avant ou alors apr\u00e8s votre collation, vous avez la possibilit\u00e9 de faire fondre sur votre palais, une mixture naturelle qui en vaut le coup !<\/p>\n<p>En famille, ou alors pour une utilisation plus personnelle, il deviendra pour vous l\u2019incontournable de votre int\u00e9rieur !<\/p>\n<p>Cependant, si vous avez plus d\u2019affection pour les <strong>miels plus doux et cr\u00e9meux<\/strong>, <a href=\"https:\/\/www.miel-store.com\/pt\/p\/miel-de-rhododendron-de-france\/\"><strong>Rhododendron<\/strong><\/a> est pour vous le<strong> produtos para colmeias<\/strong> qui vous correspond ! Sa couleur claire, et son aspect consistant, annonce les pr\u00e9misses d\u2019un produit de qualit\u00e9.<\/p>\n<h3><strong>Conseils d\u2019utilisation et de conservation\u00a0<\/strong><\/h3>\n<p>Pour une utilisation quotidienne, veillez tout de m\u00eame \u00e0 voir avec votre g\u00e9n\u00e9raliste, surtout en cas de <strong>r\u00e9gime particulier<\/strong>.<\/p>\n<p>Comme pour tous produits, une conservation ad\u00e9quate est n\u00e9cessaire pour conserver toutes les saveurs qu\u2019il contient. C\u2019est pour ces raisons que votre boutique sp\u00e9cialis\u00e9 souhaite vous conseiller !<\/p>\n<p>Il est important de rappeler que la conservation se fait hors des sources de chaleur. L\u2019humidit\u00e9 est un point \u00e9galement \u00e0 \u00e9viter ! Le meilleur pour lui serait un endroit sec !<\/p>\n<p>Il est important que comme toute chose, ce miel soit \u00e0<strong> prendre avec mod\u00e9ration<\/strong>. L\u2019abus de bonnes choses est parfois difficile \u00e0 limiter !<\/p>","protected":false},"excerpt":{"rendered":"<p>Miel d&rsquo;Euphorbe du Y\u00e9men.<\/p>\n<p>Dispon\u00edvel em frascos de 250g, 500g ou 1kg.<\/p>","protected":false},"featured_media":564,"template":"","meta":[],"product_brand":[],"product_cat":[77],"product_tag":[],"class_list":{"0":"post-462","1":"product","2":"type-product","3":"status-publish","4":"has-post-thumbnail","6":"product_cat-miel-du-monde","8":"first","9":"instock","10":"shipping-taxable","11":"purchasable","12":"product-type-variable"},"_links":{"self":[{"href":"https:\/\/www.miel-store.com\/pt\/wp-json\/wp\/v2\/product\/462","targetHints":{"allow":["GET"]}}],"collection":[{"href":"https:\/\/www.miel-store.com\/pt\/wp-json\/wp\/v2\/product"}],"about":[{"href":"https:\/\/www.miel-store.com\/pt\/wp-json\/wp\/v2\/types\/product"}],"wp:featuredmedia":[{"embeddable":true,"href":"https:\/\/www.miel-store.com\/pt\/wp-json\/wp\/v2\/media\/564"}],"wp:attachment":[{"href":"https:\/\/www.miel-store.com\/pt\/wp-json\/wp\/v2\/media?parent=462"}],"wp:term":[{"taxonomy":"product_brand","embeddable":true,"href":"https:\/\/www.miel-store.com\/pt\/wp-json\/wp\/v2\/product_brand?post=462"},{"taxonomy":"product_cat","embeddable":true,"href":"https:\/\/www.miel-store.com\/pt\/wp-json\/wp\/v2\/product_cat?post=462"},{"taxonomy":"product_tag","embeddable":true,"href":"https:\/\/www.miel-store.com\/pt\/wp-json\/wp\/v2\/product_tag?post=462"}],"curies":[{"name":"wp","href":"https:\/\/api.w.org\/{rel}","templated":true}]}}