{"id":4592,"date":"2023-10-15T21:12:06","date_gmt":"2023-10-15T19:12:06","guid":{"rendered":"https:\/\/www.miel-store.com\/?post_type=product&#038;p=4592"},"modified":"2026-05-12T22:28:36","modified_gmt":"2026-05-12T20:28:36","slug":"talbina","status":"publish","type":"product","link":"https:\/\/www.miel-store.com\/pt\/p\/talbina","title":{"rendered":"Talbina"},"content":{"rendered":"<p>La\u00a0<strong>Talbina<\/strong>\u00a0\u00e9 uma sopa ou papa origin\u00e1ria do mundo mu\u00e7ulmano que apresenta numerosos benef\u00edcios para a sa\u00fade. Elaborada a partir da cevada, tem as suas ra\u00edzes na medicina prof\u00e9tica e \u00e9 um verdadeiro tesouro nutricional. Descubra os benef\u00edcios desta prepara\u00e7\u00e3o e as melhores formas de a comprar em miel-store.com.<\/p>\n<h2><strong>As origens de Talbina<\/strong><\/h2>\n<p>Na civiliza\u00e7\u00e3o mu\u00e7ulmana, v\u00e1rios g\u00e9neros aliment\u00edcios foram recomendados pelo Profeta Maom\u00e9 (que a paz e as b\u00ean\u00e7\u00e3os estejam com ele) pelas suas propriedades terap\u00eauticas. \u00c9 o caso, nomeadamente, de<strong>\u00a0talbina,<\/strong>\u00a0que deve o seu nome \u00e0 sua cor branca (o termo \u00abtalbina\u00bb vem da palavra \u00e1rabe \u00ablaban\u00bb, que significa branco). Esta papa feita de cevada triturada e leite \u00e9 uma importante fonte de fibras, minerais e vitaminas.<\/p>\n<h3><strong>As suas diferentes utiliza\u00e7\u00f5es<\/strong><\/h3>\n<p>A talbina \u00e9 geralmente consumida como complemento das refei\u00e7\u00f5es ou como substituto de certos aperitivos durante as celebra\u00e7\u00f5es religiosas, como o m\u00eas do Ramad\u00e3o.<\/p>\n<p>Pode tamb\u00e9m ser servido com carnes grelhadas ou marinadas. Isto real\u00e7a o sabor e d\u00e1 um toque de originalidade a estes pratos orientais. A talbina tamb\u00e9m pode ser preparada sob a forma de pequenos bolinhos, para ser consumida como entrada ou como snack para saciar a fome entre as refei\u00e7\u00f5es.<\/p>\n<h2><strong>Principais benef\u00edcios da Talbina para a sa\u00fade<\/strong><\/h2>\n<p>Esta receita tradicional tem uma s\u00e9rie de benef\u00edcios para o corpo:<\/p>\n<ul>\n<li><strong>Rica em fibras e nutrientes:<\/strong> A cevada triturada que constitui a base desta prepara\u00e7\u00e3o \u00e9 um cereal rico em fibras sol\u00faveis e insol\u00faveis. Estas fibras melhoram o tr\u00e2nsito intestinal e ajudam a combater a obstipa\u00e7\u00e3o. A talbina cont\u00e9m igualmente quantidades significativas de minerais como o pot\u00e1ssio, o f\u00f3sforo, o ferro e as vitaminas do complexo B (nomeadamente a riboflavina e a niacina). A talbina contribui para o bom funcionamento do nosso metabolismo e refor\u00e7a o nosso sistema imunit\u00e1rio.<\/li>\n<li><strong>Promove a saciedade:<\/strong> As fibras insol\u00faveis contidas na cevada rachada aumentam de volume quando consumidas com l\u00edquido. O resultado \u00e9 um efeito de saciedade r\u00e1pido. Assim, ao incluir a talbina na sua alimenta\u00e7\u00e3o, \u00e9 menos prov\u00e1vel que ceda \u00e0 tenta\u00e7\u00e3o de alimentos demasiado ricos ou a\u00e7ucarados entre as refei\u00e7\u00f5es.<\/li>\n<li><strong>Ajuda a reduzir o risco cardiovascular:<\/strong>\u00a0De acordo com v\u00e1rios estudos cient\u00edficos, o consumo regular de cevada rachada, o principal ingrediente da talbina, pode ajudar a reduzir os n\u00edveis de colesterol LDL (\u00abmau\u00bb) e a prevenir doen\u00e7as cardiovasculares. Quando as fibras sol\u00faveis entram em contacto com a \u00e1gua, formam um gel que pode reter o colesterol no intestino e impedir a sua entrada na corrente sangu\u00ednea.<\/li>\n<li><strong>Efeitos ben\u00e9ficos nos n\u00edveis de a\u00e7\u00facar no sangue :<\/strong> A presen\u00e7a destas mesmas fibras sol\u00faveis ajuda a manter os n\u00edveis de a\u00e7\u00facar no sangue a um n\u00edvel \u00f3timo. Isto ajuda a evitar picos de a\u00e7\u00facar no sangue. Este ingrediente \u00e9, portanto, ideal para pessoas com diabetes de tipo 2 ou resist\u00eancia \u00e0 insulina.<\/li>\n<\/ul>\n<h2><strong>Comprar Talbina em miel-store.com<\/strong><\/h2>\n<p>Para tirar partido dos numerosos benef\u00edcios desta receita tradicional, \u00e9 essencial obter ingredientes de qualidade. A Miel-store.com, especializada em produtos orientais e naturais, prop\u00f5e-lhe uma sele\u00e7\u00e3o de\u00a0<strong>Talbina topo de gama.<\/strong> Cuidadosamente elaborados segundo m\u00e9todos de produ\u00e7\u00e3o tradicionais.<\/p>\n<h3><strong>Uma vasta gama de op\u00e7\u00f5es dispon\u00edveis<\/strong><\/h3>\n<p>Em miel-store.com encontrar\u00e1 uma vasta gama de talbinas de diferentes formas e sabores para todos os gostos:<\/p>\n<ul>\n<li>Talbina cl\u00e1ssica: simples e saborosa, fabricada apenas com cevada rachada de alta qualidade;<\/li>\n<li>Talbina com frutos secos: d\u00ea um toque gourmet e energizante \u00e0 sua prepara\u00e7\u00e3o. Escolha as vers\u00f5es com t\u00e2maras, figos ou alperces;<\/li>\n<li>Talbina enriquecida: para beneficiar das virtudes adicionais de outros ingredientes naturais. Escolha as op\u00e7\u00f5es enriquecidas com mel, flor de <a href=\"https:\/\/www.miel-store.com\/pt\/cp\/nigela\/\"><strong>nigela<\/strong><\/a> ou p\u00f3len;<\/li>\n<li>Cevada pura: para fazer a sua pr\u00f3pria talbina caseira, basta encomendar a cevada rachada em miel-store.com.<\/li>\n<\/ul>\n<h3><strong>Os melhores pre\u00e7os e prazos de entrega<\/strong><\/h3>\n<p>Miel-store.com faz quest\u00e3o de oferecer<strong> produtos de qualidade com a melhor rela\u00e7\u00e3o qualidade\/pre\u00e7o.<\/strong> Para que todos possam usufruir dos in\u00fameros benef\u00edcios da talbina. Al\u00e9m disso, o s\u00edtio garante uma entrega r\u00e1pida e segura diretamente \u00e0 sua porta, para facilitar as compras e assegurar que nunca se esgota esta preciosa receita tradicional.<\/p>\n<p>Em suma, a talbina oferece aos consumidores benef\u00edcios inestim\u00e1veis para a sa\u00fade que s\u00e3o agora apoiados por v\u00e1rios estudos cient\u00edficos. Este facto confirma as recomenda\u00e7\u00f5es da medicina prof\u00e9tica. Por isso, n\u00e3o espere para adicionar a talbina \u00e0 sua dieta di\u00e1ria e tire o m\u00e1ximo partido dos seus benef\u00edcios, encomendando agora em miel-store.com!<\/p>","protected":false},"excerpt":{"rendered":"<p>La\u00a0Talbina\u00a0est une soupe ou bouillie originaire du monde musulman, dont les aspects b\u00e9n\u00e9fiques pour notre sant\u00e9 sont nombreux. R\u00e9alis\u00e9e \u00e0 base d&rsquo;orge, elle trouve ses racines dans la m\u00e9decine proph\u00e9tique et constitue un v\u00e9ritable tr\u00e9sor nutritionnel. D\u00e9couvrez les bienfaits de cette pr\u00e9paration ainsi que les meilleures astuces pour l&rsquo;acheter sur miel-store.com. Origines de la Talbina [&#8230;]\n","protected":false},"featured_media":4595,"template":"","meta":[],"product_brand":[],"product_cat":[88],"product_tag":[],"class_list":{"0":"post-4592","1":"product","2":"type-product","3":"status-publish","4":"has-post-thumbnail","6":"product_cat-bien-etre","8":"first","9":"instock","10":"shipping-taxable","11":"purchasable","12":"product-type-variable","13":"has-default-attributes"},"_links":{"self":[{"href":"https:\/\/www.miel-store.com\/pt\/wp-json\/wp\/v2\/product\/4592","targetHints":{"allow":["GET"]}}],"collection":[{"href":"https:\/\/www.miel-store.com\/pt\/wp-json\/wp\/v2\/product"}],"about":[{"href":"https:\/\/www.miel-store.com\/pt\/wp-json\/wp\/v2\/types\/product"}],"wp:featuredmedia":[{"embeddable":true,"href":"https:\/\/www.miel-store.com\/pt\/wp-json\/wp\/v2\/media\/4595"}],"wp:attachment":[{"href":"https:\/\/www.miel-store.com\/pt\/wp-json\/wp\/v2\/media?parent=4592"}],"wp:term":[{"taxonomy":"product_brand","embeddable":true,"href":"https:\/\/www.miel-store.com\/pt\/wp-json\/wp\/v2\/product_brand?post=4592"},{"taxonomy":"product_cat","embeddable":true,"href":"https:\/\/www.miel-store.com\/pt\/wp-json\/wp\/v2\/product_cat?post=4592"},{"taxonomy":"product_tag","embeddable":true,"href":"https:\/\/www.miel-store.com\/pt\/wp-json\/wp\/v2\/product_tag?post=4592"}],"curies":[{"name":"wp","href":"https:\/\/api.w.org\/{rel}","templated":true}]}}