{"id":456,"date":"2022-02-24T18:56:46","date_gmt":"2022-02-24T17:56:46","guid":{"rendered":"https:\/\/www.miel-store.com\/?post_type=product&#038;p=456"},"modified":"2026-05-04T15:11:14","modified_gmt":"2026-05-04T13:11:14","slug":"miel-de-jujubier-sidr-maliki-du-yemen","status":"publish","type":"product","link":"https:\/\/www.miel-store.com\/pt\/p\/miel-de-jujubier-sidr-maliki-du-yemen","title":{"rendered":"Mel de jujuba (Sidr Maliki) do I\u00e9men"},"content":{"rendered":"<p>L\u2019incontournable et l\u2019irrempla\u00e7able\u00a0<strong>mel de jujuba do I\u00e9men<\/strong>\u00a0fait une entr\u00e9e remarquable sur notre boutique Miel Store. Celui que l\u2019on surnomme\u00a0<strong>O ouro do I\u00e9men<\/strong>\u00a0ne cesse de nous \u00e9tonner par ses remarquables vertus. Sans parler de son ar\u00f4me exquis qui ravira toutes les papilles, m\u00eame les plus aiguis\u00e9es.<\/p>\n<p>Si vous souhaitiez en savoir davantage \u00e0 son sujet, sachez que l\u2019on en conna\u00eet un rayon\u2026 Alors, restez en premi\u00e8re ligne afin de ne pas en rater une miette !<\/p>\n<h2><strong>Le miel de jujubier du Y\u00e9men, tr\u00e9sor de nos ruches\u00a0<\/strong><\/h2>\n<p>De nos ruches, ou plut\u00f4t des ruches de nos amis les Y\u00e9m\u00e9nites. Car c\u2019est bien dans ce pays du Moyen-Orient que pousse le fameux arbre qui nous offre ce d\u00e9licieux\u00a0<strong>n\u00e9ctar<\/strong>. Nous parlons, en effet, du jujubier. On le retrouve essentiellement dans la r\u00e9gion de Dawan, connu pour ses d\u00e9cors montagneux et arides. Notre\u00a0<strong>Sidr Maliki<\/strong>, comme il est \u00e9galement appel\u00e9, provient ainsi de cet arbuste \u00e9pineux, tr\u00e8s r\u00e9sistant aux fluctuations de temp\u00e9rature.<\/p>\n<p>Il faut, par ailleurs, savoir que ce produit est consid\u00e9r\u00e9 comme un\u00a0<strong>mel raro<\/strong>. Les m\u00e9thodes de r\u00e9coltes artisanales n\u00e9cessitent en effet un savoir-faire que les\u00a0<strong>apiculteurs<\/strong>\u00a0locaux ma\u00eetrisent \u00e0 la perfection. Toutefois, les quantit\u00e9s extraites chaque ann\u00e9e sont assez limit\u00e9es et ne permettent pas d\u2019en exporter des tonnes. D\u2019autant plus le<strong>\u00a0miel jujubier Y\u00e9men prix<\/strong>\u00a0d\u00e9passe facilement la centaine d\u2019euros !<\/p>\n<p>Em\u00a0<strong>Loja de mel<\/strong>, nous ne sommes pas peu fiers de pouvoir vous proposer ce \u00ab<strong>\u00a0Asal as Sidr<\/strong>\u00a0\u00bb. Un\u00a0<strong>produtos para colmeias<\/strong>\u00a0unique en son genre, qui se d\u00e9marque sur de nombreux points ! D\u2019ailleurs, il est consid\u00e9r\u00e9 comme le<strong>\u00a0meilleur miel au monde<\/strong>, rien que \u00e7a\u2026<\/p>\n<h2><strong>Caract\u00e9ristiques du miel de jujubier du Y\u00e9men\u00a0<\/strong><\/h2>\n<p>Nul doute que les connaisseurs reconna\u00eetront entre mille ce\u00a0<strong>mel monofloral<\/strong>\u00a0d\u2019exception. En revanche, ceux qui n\u2019ont jamais eu l\u2019occasion de le rencontrer pourront faire plus ample connaissance d\u00e8s maintenant :<\/p>\n<p><strong>Couleur :\u00a0<\/strong>ce n\u2019est pas par hasard qu\u2019il est surnomm\u00e9 \u00ab\u00a0l\u2019or du Y\u00e9men\u00a0\u00bb. Cela a \u00e9videmment un rapport avec son prix, mais \u00e9galement avec sa couleur or, dor\u00e9e, \u00e0 peine brune.<\/p>\n<p><strong>Ar\u00f4me :\u00a0<\/strong>sucr\u00e9, d\u00e9licat et caram\u00e9lis\u00e9, certain d\u00e9c\u00e8lent quelques notes de noisette agr\u00e9ables en bouche.<\/p>\n<p><strong>Texture :\u00a0<\/strong>plut\u00f4t cr\u00e9meux et facile \u00e0 attraper \u00e0 la cuill\u00e8re, ce qui n\u2019aide pas pour limiter sa consommation\u2026 n\u2019est-ce pas les gourmands ?! De plus, il a une cristallisation lente et tr\u00e8s fine, m\u00eame en cas de changement de temp\u00e9rature. Ce qui facilite, une nouvelle fois, sa consommation !<\/p>\n<p><strong>Mention bio :<\/strong>\u00a0non*<\/p>\n<p>* Il faut savoir que le<strong>\u00a0miel jujubier Y\u00e9men bio\u00a0<\/strong>n\u2019existe pas \u00e0 proprement parler. En effet, celui-ci ne peut b\u00e9n\u00e9ficier du label officiel. En revanche, nous savons que la r\u00e9gion d\u2019Hadramawt, dans laquelle est r\u00e9colt\u00e9e ce nectar, est un endroit o\u00f9 la pollution est quasi nulle. Les jujubiers ne subissent, de fait, aucun traitement chimique, et les m\u00e9thodes d\u2019extraction restent respectueuses des\u00a0<strong>abelhas<\/strong>\u00a0et de l\u2019environnement.<\/p>\n<h2><strong>Miel de jujubier du Y\u00e9men bienfaits\u00a0<\/strong><\/h2>\n<p>Consid\u00e9r\u00e9 comme un\u00a0<strong>alicamento<\/strong>, notre\u00a0<strong>miel de sidr maliki\u00a0<\/strong>est une v\u00e9ritable concentration de vertus. Nous ne sommes pas sans savoir que chaque\u00a0<strong>nectar de la ruche\u00a0<\/strong>poss\u00e8de ses propres bienfaits. Comme par exemple, le<strong>\u00a0mel de ac\u00e1cia<\/strong>\u00a0et ses propri\u00e9t\u00e9s apaisantes, ou encore le\u00a0<strong>miel de thym\u00a0<\/strong>et ses vertus pour la toux.<\/p>\n<p>Concernant notre or du Y\u00e9men, celui-ci est un peu \u00e0 part, car il regroupe un spectre de propri\u00e9t\u00e9s assez complet.<\/p>\n<p>En voici quelques-unes :<\/p>\n<ul>\n<li>En pr\u00e9vention contre certaines maladies ;<\/li>\n<li>Source de vitamines A et C, il apporte de l\u2019\u00e9nergie et renforce l\u2019immunit\u00e9 ;<\/li>\n<li>Conseill\u00e9 aux femmes apr\u00e8s l\u2019accouchement pour faciliter la r\u00e9cup\u00e9ration ;<\/li>\n<li>Serait b\u00e9n\u00e9fique pour aider \u00e0 lutter contre l\u2019an\u00e9mie ;<\/li>\n<li>C\u00f4t\u00e9 peau, ce\u00a0<strong>nectar monofloral<\/strong>\u00a0facilite la cicatrisation et a un impact sur l\u2019acn\u00e9, le psoriasis, l\u2019ecz\u00e9ma ;<\/li>\n<li>Poss\u00e8de des propri\u00e9t\u00e9s antioxydantes ;<\/li>\n<li>Am\u00e9liore la digestion ;<\/li>\n<li>Egalement conseill\u00e9 pour la toux et le mal de gorge ;<\/li>\n<li>Propri\u00e9t\u00e9s antibact\u00e9riennes, antiseptiques ;<\/li>\n<li>Le\u00a0<strong>miel jujubier Y\u00e9men aphrodisiaque<\/strong>\u00a0est \u00e9galement connu pour cette caract\u00e9ristique.<\/li>\n<\/ul>\n<h2><strong>Des produits naturels pour booster votre immunit\u00e9\u00a0<\/strong><\/h2>\n<p>Evidemment, vous pourrez profiter de votre d\u00e9licieux miel de jujubier du Y\u00e9men pour am\u00e9liorer votre syst\u00e8me immunitaire. Mais il y a \u00e9galement de nombreux produits pr\u00e9sents sur notre boutique qui pourront vous aider en ce sens.<\/p>\n<p>Nous pensons notamment aux succulentes\u00a0<a href=\"https:\/\/www.miel-store.com\/pt\/p\/dattes-sukari\/\"><strong>dattes Sukari<\/strong><\/a>, r\u00e9colt\u00e9es en Arabie saoudite. Evidemment,\u00a0<strong><a href=\"https:\/\/www.miel-store.com\/pt\/p\/melasse-de-dattes-darabie-saoudite\/\">la m\u00e9lasse de dattes<\/a>\u00a0<\/strong>est aussi un aliment excellent pour la sant\u00e9 en g\u00e9n\u00e9ral, notamment si vous \u00eates en manque de fer.<\/p>\n<p>D\u2019autre part, la\u00a0<strong>nigela<\/strong>\u00a0sous toutes ses formes sera excellente si vous l\u2019incluez dans votre alimentation quotidienne. Celle-ci poss\u00e8de tellement de b\u00e9n\u00e9fices qu\u2019il est difficile de tous les lister. D\u2019ailleurs, il est possible d\u2019introduire les\u00a0<strong>sementes de cominho preto<\/strong>\u00a0directement dans votre pot de\u00a0<strong>Sidr Maliki du Y\u00e9men.\u00a0<\/strong>Ce puissant\u00a0<strong>rem\u00e8de naturel<\/strong>\u00a0pourra \u00eatre consomm\u00e9 chaque matin, \u00e0 jeun, pour faire le plein d\u2019\u00e9nergie !<\/p>\n<h3><strong>Pour le plaisir des papilles, mais pas que\u2026\u00a0<\/strong><\/h3>\n<p>Les gourmands pourront profiter de ce miel monofloral pour raviver leurs papilles et go\u00fbter \u00e0 un\u00a0<strong>nectar rare<\/strong>. Sur une tartine, du pain frais ou dans une salade de fruits, il se mariera \u00e9galement \u00e0 la perfection avec vos boissons, chaudes ou froides. Smoothie ou\u00a0<strong>tisane de rose de J\u00e9richo<\/strong>, il permettra de sucrer naturellement vos pr\u00e9parations.<\/p>\n<p>En revanche, nous vous conseillons de ne pas l\u2019utiliser dans une eau bouillante et attendre plut\u00f4t que celle-ci refroidisse l\u00e9g\u00e8rement. Et ce, afin de pr\u00e9server tous ses bienfaits.<\/p>\n<p>Vous pourrez \u00e9galement l\u2019employer comme ingr\u00e9dient cosm\u00e9tique. En effet, il pourra \u00eatre utilis\u00e9 comme masque visage, en m\u00e9lange avec des poudres ou des\u00a0<strong>huiles v\u00e9g\u00e9tales<\/strong>. Mais \u00e9galement en tant qu\u2019ingr\u00e9dient capillaire.<\/p>\n<p>Par ailleurs, c\u2019est un excellent rem\u00e8de naturel. Et c\u2019est bien la principale utilisation que nous vous conseillons !<\/p>\n<p>Le matin, \u00e0 jeun, ou encore m\u00e9lang\u00e9 avec de la\u00a0<strong>propolis<\/strong>\u00a0pour un maximum de bienfaits.<\/p>\n<p>Si vous avez entam\u00e9 une cure de\u00a0<a href=\"https:\/\/www.miel-store.com\/pt\/p\/leite-de-camelo-em-po\/\" target=\"_blank\" rel=\"noopener\"><strong>lait de chamelle<\/strong><\/a>, n\u2019h\u00e9sitez pas \u00e0 m\u00e9langer une petite cuill\u00e8re \u00e0 caf\u00e9 de sidr Maliki.<\/p>\n<p>En conclusion, ce\u00a0<strong>produit de la ruche rare<\/strong>\u00a0vous r\u00e9serve de multiples surprises. Nous sommes certains que vous en profiterez pleinement. N\u2019h\u00e9sitez pas \u00e9galement \u00e0 d\u00e9couvrir nos autres nectars d\u2019exception pr\u00e9sents sur notre\u00a0<strong>boutique de produits bien-\u00eatre<\/strong>. De nombreuses d\u00e9couvertes vous y attendent\u2026<\/p>","protected":false},"excerpt":{"rendered":"<p>Mel de jujuba (Sidr Maliki) do I\u00e9men<\/p>\n<p>Dispon\u00edvel em frascos de 250g, 500g ou 1kg.<\/p>\n<p>PH 7.4, Nouvelle r\u00e9colte.<\/p>","protected":false},"featured_media":557,"template":"","meta":[],"product_brand":[],"product_cat":[79,77],"product_tag":[],"class_list":{"0":"post-456","1":"product","2":"type-product","3":"status-publish","4":"has-post-thumbnail","6":"product_cat-miel-de-sidr","7":"product_cat-miel-du-monde","9":"first","10":"instock","11":"featured","12":"shipping-taxable","13":"purchasable","14":"product-type-variable","15":"has-default-attributes"},"_links":{"self":[{"href":"https:\/\/www.miel-store.com\/pt\/wp-json\/wp\/v2\/product\/456","targetHints":{"allow":["GET"]}}],"collection":[{"href":"https:\/\/www.miel-store.com\/pt\/wp-json\/wp\/v2\/product"}],"about":[{"href":"https:\/\/www.miel-store.com\/pt\/wp-json\/wp\/v2\/types\/product"}],"wp:featuredmedia":[{"embeddable":true,"href":"https:\/\/www.miel-store.com\/pt\/wp-json\/wp\/v2\/media\/557"}],"wp:attachment":[{"href":"https:\/\/www.miel-store.com\/pt\/wp-json\/wp\/v2\/media?parent=456"}],"wp:term":[{"taxonomy":"product_brand","embeddable":true,"href":"https:\/\/www.miel-store.com\/pt\/wp-json\/wp\/v2\/product_brand?post=456"},{"taxonomy":"product_cat","embeddable":true,"href":"https:\/\/www.miel-store.com\/pt\/wp-json\/wp\/v2\/product_cat?post=456"},{"taxonomy":"product_tag","embeddable":true,"href":"https:\/\/www.miel-store.com\/pt\/wp-json\/wp\/v2\/product_tag?post=456"}],"curies":[{"name":"wp","href":"https:\/\/api.w.org\/{rel}","templated":true}]}}