{"id":4363,"date":"2024-01-19T13:13:42","date_gmt":"2024-01-19T12:13:42","guid":{"rendered":"https:\/\/www.miel-store.com\/?post_type=product&#038;p=4363"},"modified":"2026-04-11T17:49:16","modified_gmt":"2026-04-11T15:49:16","slug":"khamare-racines-de-vetiver","status":"publish","type":"product","link":"https:\/\/www.miel-store.com\/pt\/p\/khamare-racines-de-vetiver","title":{"rendered":"Khamar\u00e9 (10 caules de raiz de vetiver)"},"content":{"rendered":"<p>Le\u00a0<strong>khamar\u00e9<\/strong>\u00a0est un m\u00e9lange traditionnel \u00e0 base de racines de v\u00e9tiver, r\u00e9put\u00e9 pour ses nombreux bienfaits sur la sant\u00e9 et le bien-\u00eatre. Vous cherchez \u00e0 acheter du khamar\u00e9 en France\u00a0? Ne cherchez plus et d\u00e9couvrez d\u00e8s maintenant la boutique en ligne\u00a0<strong>miel-store.com<\/strong>, votre alli\u00e9 dans l&rsquo;achat de cette boisson exotique.<\/p>\n<h2><strong>Qu&rsquo;est-ce que le khamar\u00e9\u00a0?<\/strong><\/h2>\n<p>Originaire d&rsquo;Afrique de l&rsquo;Ouest, le khamar\u00e9 est une pr\u00e9paration traditionnelle \u00e0 base de\u00a0<strong>racines de v\u00e9tiver<\/strong>\u00a0aux ar\u00f4mes puissants et bois\u00e9s. Le v\u00e9tiver est une plante herbac\u00e9e tr\u00e8s utilis\u00e9e en m\u00e9decine traditionnelle et en parfumerie pour son odeur envo\u00fbtante et ses propri\u00e9t\u00e9s m\u00e9dicinales.<\/p>\n<p>Au S\u00e9n\u00e9gal notamment, les femmes ont l&rsquo;habitude de pr\u00e9parer cette boisson lors des grandes c\u00e9r\u00e9monies et \u00e9v\u00e9nements familiaux tels que les mariages. En Afrique de l&rsquo;Ouest, on lui pr\u00eate \u00e9galement des <a href=\"https:\/\/www.miel-store.com\/pt\/p\/miel-king-kong-honey-100g\/\"><strong>vertus aphrodisiaques<\/strong><\/a> qui auraient un effet b\u00e9n\u00e9fique sur la vitalit\u00e9 et la fertilit\u00e9.<\/p>\n<ol>\n<li><strong>Pouvoir aromatisant<\/strong>\u00a0: le khamar\u00e9 donne un ar\u00f4me unique \u00e0 l&rsquo;eau gr\u00e2ce aux racines de v\u00e9tiver et \u00e0 leurs substances odorantes naturellement pr\u00e9sentes.<\/li>\n<li><strong>Action d\u00e9toxifiante<\/strong>\u00a0: les racines de v\u00e9tiver sont connues pour \u00e9liminer les toxines et assainir l&rsquo;organisme en favorisant la digestion.<\/li>\n<li><strong>Effet diur\u00e9tique (perte de poids)<\/strong> : le khamar\u00e9 contribue \u00e0 <strong>drainer naturellement le corps<\/strong> et am\u00e9liore ainsi la circulation sanguine et lymphatique.<\/li>\n<\/ol>\n<h2><strong>Boutique Miel Store, l&rsquo;adresse de r\u00e9f\u00e9rence pour acheter du khamar\u00e9 en France<\/strong><\/h2>\n<p>Avec la boutique en ligne\u00a0<strong>Loja de mel<\/strong>, offrez-vous un v\u00e9ritable voyage gustatif au c\u0153ur des saveurs d&rsquo;Afrique. Sp\u00e9cialis\u00e9e dans la vente de miels et de produits issus des terroirs africains. Elle propose \u00e9galement du khamar\u00e9 de qualit\u00e9. Conditionn\u00e9 en sachets ou bouteilles, id\u00e9al pour une exp\u00e9rience authentique \u00e0 partager en famille ou entre amis.<\/p>\n<h3><strong>Une s\u00e9lection rigoureuse de khamar\u00e9 de qualit\u00e9<\/strong><\/h3>\n<p>Pour vous garantir un khamar\u00e9 d\u2019excellence,\u00a0<strong>Loja de mel<\/strong> veille \u00e0 travailler avec des producteurs passionn\u00e9s et soucieux de pr\u00e9server les m\u00e9thodes traditionnelles de fabrication. Les racines de v\u00e9tiver sont soigneusement s\u00e9lectionn\u00e9es et r\u00e9colt\u00e9es dans les meilleures conditions. Afin de conserver intactes toutes leurs vertus et ar\u00f4mes.<\/p>\n<h3><strong>Un mode de pr\u00e9paration artisanale de vos racines de v\u00e9tiver pour un go\u00fbt unique<\/strong><\/h3>\n<p>Ce qui fait la particularit\u00e9 du khamar\u00e9 disponible sur Miel Store, c\u2019est sa confection artisanale selon un proc\u00e9d\u00e9 traditionnel. Les racines de v\u00e9tiver sont minutieusement pil\u00e9es et mac\u00e9r\u00e9es \u00e0 la main. S\u00e9par\u00e9es de l\u2019eau pour obtenir une pr\u00e9paration parfum\u00e9e et concentr\u00e9e. Ce savoir-faire ancestral contribue au maintien des traditions culinaires africaines et garantit un r\u00e9sultat gustatif incomparable.<\/p>\n<h3><strong>Un engagement en faveur du commerce \u00e9quitable<\/strong><\/h3>\n<p><strong>Loja de mel<\/strong> est profond\u00e9ment engag\u00e9 dans une d\u00e9marche \u00e9thique et responsable vis-\u00e0-vis de ses partenaires producteurs. En choisissant d&rsquo;acheter votre khamar\u00e9 sur Miel Store. Vous participez ainsi au d\u00e9veloppement \u00e9conomique des communaut\u00e9s locales et encouragez le travail d\u00e9cent et le respect de l&rsquo;environnement.<\/p>\n<h2><strong>Les avantages qu\u2019offre Miel Store pour acheter du khamar\u00e9 en France<\/strong><\/h2>\n<p>Avec Miel Store, acheter du khamar\u00e9 en France devient un jeu d\u2019enfant\u00a0! Ses services ont \u00e9t\u00e9 pens\u00e9s pour assurer une satisfaction totale \u00e0 ses clients.<\/p>\n<ul>\n<li style=\"list-style-type: none;\">\n<ul>\n<li><strong>Une boutique en ligne facile d\u2019acc\u00e8s\u00a0:<\/strong>\u00a0commandez votre khamar\u00e9 en quelques clics depuis chez vous ou en d\u00e9placement, 24 heures sur 24.<\/li>\n<li><strong>Une large gamme de produits\u00a0:<\/strong> que vous soyez d\u00e9j\u00e0 un adepte des racines de v\u00e9tiver. Que vous souhaitiez simplement d\u00e9couvrir cette boisson exotique, Miel Store a ce qu\u2019il vous faut !<\/li>\n<li><strong>Des moyens de paiement s\u00e9curis\u00e9s\u00a0:<\/strong>\u00a0vos achats sont prot\u00e9g\u00e9s gr\u00e2ce \u00e0 un syst\u00e8me de s\u00e9curisation des transactions en ligne \u00e9prouv\u00e9 (SSL).<\/li>\n<\/ul>\n<\/li>\n<\/ul>\n<ul>\n<li><strong>Une livraison rapide\u00a0:<\/strong> le d\u00e9lai d\u2019exp\u00e9dition et de livraison sont optimis\u00e9s pour que puissiez d\u00e9guster votre khamar\u00e9 sans plus attendre.<\/li>\n<li><strong>Un service client \u00e0 l\u2019\u00e9coute\u00a0:<\/strong>\u00a0en cas de besoin, une \u00e9quipe r\u00e9active est l\u00e0 pour r\u00e9pondre \u00e0 toutes vos questions par email ou t\u00e9l\u00e9phone.<\/li>\n<\/ul>\n<h3><strong>Comment pr\u00e9parer votre khamar\u00e9 achet\u00e9 chez Miel Store\u00a0?<\/strong><\/h3>\n<p>Pour profiter pleinement des saveurs et bienfaits du khamar\u00e9. Voici un exemple de recette traditionnelle pour perdre du poids facile \u00e0 r\u00e9aliser chez vous avec les produits propos\u00e9s sur <strong>Loja de mel<\/strong>\u00a0:<\/p>\n<ol>\n<li>Faites bouillir 1 litre d&rsquo;eau dans une grande casserole;<\/li>\n<li>Ajoutez le contenu d&rsquo;un sachet de racines de v\u00e9tiver;<\/li>\n<li>Laissez infuser pendant 20 minutes \u00e0 feu doux;<\/li>\n<li>Filtrez pour ne garder que l&rsquo;eau parfum\u00e9e au khamar\u00e9 (vous pouvez conserver les racines pour plusieurs utilisations);<\/li>\n<li>Servez chaud avec du sucre ou du miel \u00e0 convenance, ou laissez refroidir pour un rafra\u00eechissement unique;<\/li>\n<\/ol>\n<p>Bien entendu, vous \u00eates libre d&rsquo;adapter la quantit\u00e9 d&rsquo;eau et de racines pour obtenir une intensit\u00e9 d&rsquo;ar\u00f4mes selon vos go\u00fbts. N&rsquo;h\u00e9sitez pas \u00e0 exp\u00e9rimenter\u00a0! Alors n&rsquo;attendez plus, faites-vous plaisir et commandez d\u00e8s maintenant du khamar\u00e9 en France sur la boutique\u00a0<strong>miel-store.com<\/strong>.<\/p>","protected":false},"excerpt":{"rendered":"<p><strong>Carater\u00edsticas :<\/strong><\/p>\n<ol>\n<li><strong>Pouvoir aromatisant<\/strong>\u00a0: le khamar\u00e9 donne un ar\u00f4me unique \u00e0 l&rsquo;eau gr\u00e2ce aux racines de v\u00e9tiver et \u00e0 leurs substances odorantes naturellement pr\u00e9sentes.<\/li>\n<li><strong>Action d\u00e9toxifiante<\/strong>\u00a0: les racines de v\u00e9tiver sont connues pour \u00e9liminer les toxines et assainir l&rsquo;organisme en favorisant la digestion.<\/li>\n<li><strong>Effet diur\u00e9tique<\/strong> : le khamar\u00e9 contribue \u00e0 drainer naturellement le corps et am\u00e9liore ainsi la circulation sanguine et lymphatique.<\/li>\n<\/ol>","protected":false},"featured_media":4364,"template":"","meta":[],"product_brand":[],"product_cat":[88],"product_tag":[],"class_list":{"0":"post-4363","1":"product","2":"type-product","3":"status-publish","4":"has-post-thumbnail","6":"product_cat-bien-etre","8":"first","9":"instock","10":"shipping-taxable","11":"purchasable","12":"product-type-simple"},"_links":{"self":[{"href":"https:\/\/www.miel-store.com\/pt\/wp-json\/wp\/v2\/product\/4363","targetHints":{"allow":["GET"]}}],"collection":[{"href":"https:\/\/www.miel-store.com\/pt\/wp-json\/wp\/v2\/product"}],"about":[{"href":"https:\/\/www.miel-store.com\/pt\/wp-json\/wp\/v2\/types\/product"}],"wp:featuredmedia":[{"embeddable":true,"href":"https:\/\/www.miel-store.com\/pt\/wp-json\/wp\/v2\/media\/4364"}],"wp:attachment":[{"href":"https:\/\/www.miel-store.com\/pt\/wp-json\/wp\/v2\/media?parent=4363"}],"wp:term":[{"taxonomy":"product_brand","embeddable":true,"href":"https:\/\/www.miel-store.com\/pt\/wp-json\/wp\/v2\/product_brand?post=4363"},{"taxonomy":"product_cat","embeddable":true,"href":"https:\/\/www.miel-store.com\/pt\/wp-json\/wp\/v2\/product_cat?post=4363"},{"taxonomy":"product_tag","embeddable":true,"href":"https:\/\/www.miel-store.com\/pt\/wp-json\/wp\/v2\/product_tag?post=4363"}],"curies":[{"name":"wp","href":"https:\/\/api.w.org\/{rel}","templated":true}]}}