{"id":4360,"date":"2023-09-19T12:45:51","date_gmt":"2023-09-19T10:45:51","guid":{"rendered":"https:\/\/www.miel-store.com\/?post_type=product&#038;p=4360"},"modified":"2026-04-02T09:19:50","modified_gmt":"2026-04-02T07:19:50","slug":"mel-de-karite-do-mali","status":"publish","type":"product","link":"https:\/\/www.miel-store.com\/pt\/p\/miel-de-karite-du-mali","title":{"rendered":"Mel de Karit\u00e9 do Mali - 250g"},"content":{"rendered":"<p>Le\u00a0<strong>mel de karit\u00e9 do Mali<\/strong>\u00a0\u00e9 um produto natural com virtudes excepcionais. Est\u00e1 repleto de propriedades ben\u00e9ficas para a sa\u00fade e a beleza da pele e dos cabelos. Se est\u00e1 em Fran\u00e7a e gostaria de comprar este precioso mel, descubra porque \u00e9 que a loja online Miel-Store.com \u00e9 o local ideal para fazer a sua escolha e como beneficiar deste mel \u00fanico.<\/p>\n<h2><strong>As origens e os benef\u00edcios do mel de karit\u00e9 do Mali<\/strong><\/h2>\n<p>O mel de karit\u00e9 \u00e9 produzido a partir do n\u00e9ctar das flores da \u00e1rvore do karit\u00e9 (Vitellaria paradoxa). Cresce principalmente na \u00c1frica Ocidental. Visite <strong>Mali<\/strong>\u00a0\u00e9 um dos principais produtores mundiais de manteiga de carit\u00e9 e mel de carit\u00e9. Este mel, de sabor delicado e textura suave, proporciona uma experi\u00eancia gustativa inesquec\u00edvel, ao mesmo tempo que \u00e9 rico em nutrientes e propriedades ben\u00e9ficas para a sa\u00fade e a beleza.<\/p>\n<h3><strong>Not\u00e1vel poder antioxidante<\/strong><\/h3>\n<p>O mel de karit\u00e9 do Mali cont\u00e9m numerosos polifen\u00f3is, mol\u00e9culas com poderosas propriedades antioxidantes. Estes elementos contribuem para neutralizar os radicais livres respons\u00e1veis pelo envelhecimento prematuro das c\u00e9lulas, ajudando a combater o envelhecimento da pele e a refor\u00e7ar as defesas naturais do organismo.<\/p>\n<h3><strong>Propriedades hidratantes para a pele e o cabelo<\/strong><\/h3>\n<p>O mel de karit\u00e9 do Mali \u00e9 tamb\u00e9m conhecido pelas suas propriedades hidratantes. Preserva a humidade natural da pele e do cabelo, nutrindo-os profundamente e deixando-os macios e flex\u00edveis. Estas propriedades fazem do mel um ingrediente ideal para incluir na sua rotina di\u00e1ria de cuidados com a pele ou ao fazer <a href=\"https:\/\/www.miel-store.com\/pt\/p\/poudre-de-nila\/\"><strong>m\u00e1scaras e esfoliantes caseiros<\/strong><\/a>.<\/p>\n<h3><strong>Propriedades cicatrizantes e anti-inflamat\u00f3rias<\/strong><\/h3>\n<p>As propriedades anti-inflamat\u00f3rias e antibacterianas do mel de karit\u00e9 do Mali ajudam a curar feridas e a reparar tecidos danificados. Este produto natural pode ser utilizado em cortes, abras\u00f5es e queimaduras ligeiras. Alivia a dor e acelera a cicatriza\u00e7\u00e3o.<\/p>\n<h2><strong>Comprar mel de karit\u00e9 do Mali em Fran\u00e7a na Miel-Store.com<\/strong><\/h2>\n<p>Para obter este precioso mel em\u00a0<strong>Fran\u00e7a.<\/strong> A loja online\u00a0<strong>Miel-Store.com<\/strong>\u00a0oferece-lhe uma sele\u00e7\u00e3o rigorosa de m\u00e9is provenientes diretamente do Mali, de produtores que respeitam o ambiente e est\u00e3o empenhados no desenvolvimento local. \u00c9 por isso que a Miel-Store.com \u00e9 a refer\u00eancia no mercado franc\u00eas:<\/p>\n<ul>\n<li><strong>M\u00e9is de qualidade cuidadosamente selecionados<\/strong><\/li>\n<\/ul>\n<p>Miel-Store.com presta especial aten\u00e7\u00e3o \u00e0 origem e \u00e0 qualidade dos m\u00e9is que prop\u00f5e. Cada produto \u00e9 cuidadosamente selecionado para garantir um mel aut\u00eantico, saboroso e que respeita os m\u00e9todos de produ\u00e7\u00e3o tradicionais.<\/p>\n<ul>\n<li><strong>Um espa\u00e7o dedicado aos tesouros do Mali<\/strong><\/li>\n<\/ul>\n<p>Para al\u00e9m do mel de karit\u00e9 do Mali, a loja Miel-Store.com apresenta outros produtos emblem\u00e1ticos do pa\u00eds, como o ch\u00e1 de menta. Especiarias locais e sabonetes artesanais. Assim, n\u00e3o deixar\u00e1 de encontrar o que procura nesta sele\u00e7\u00e3o rica e variada.<\/p>\n<ul>\n<li><strong>Compra respons\u00e1vel para apoiar o desenvolvimento local no Mali<\/strong><\/li>\n<\/ul>\n<p>Promover o com\u00e9rcio justo entre os produtores locais e os consumidores franceses. A Miel-Store.com est\u00e1 empenhada numa abordagem solid\u00e1ria que promove o patrim\u00f3nio cultural e natural do Mali, incentivando simultaneamente um desenvolvimento econ\u00f3mico sustent\u00e1vel e respons\u00e1vel.<\/p>\n<h4>Como comprar mel de karit\u00e9 do Mali em Miel-Store.com<\/h4>\n<ol>\n<li><strong>Visitar o s\u00edtio Web<\/strong>\u00a0Visite Miel-Store.com para descobrir a gama de m\u00e9is e outros produtos dispon\u00edveis.<\/li>\n<li><strong>Ver a nossa sele\u00e7\u00e3o de m\u00e9is<\/strong> D\u00ea uma vista de olhos a todos os m\u00e9is dispon\u00edveis. Leia as descri\u00e7\u00f5es associadas para saber mais sobre as suas origens, composi\u00e7\u00e3o e benef\u00edcios.<\/li>\n<li><strong>Adicione o seu mel preferido ao seu cesto<\/strong> Depois de ter escolhido um ou mais produtos. Basta adicion\u00e1-los ao seu cesto virtual.<\/li>\n<li><strong>Proceder ao pagamento seguro<\/strong>\u00a0: finalize a sua encomenda seguindo os passos de pagamento seguro propostos pela Miel-Store.com.<\/li>\n<\/ol>\n<h3><strong>Ideias para utilizar o mel de karit\u00e9 do Mali na sua vida quotidiana<\/strong><\/h3>\n<p>Agora que j\u00e1 sabe onde e como comprar mel de carit\u00e9 do Mali em Fran\u00e7a, eis alguns conselhos para tirar o m\u00e1ximo partido deste produto excecional:<\/p>\n<ul>\n<li><strong>Desfrutar dele s\u00f3 por si<\/strong>\u00a0Aprecie o sabor \u00fanico do mel de carit\u00e9 do Mali provando-o sozinho, com um copo de vinho. <a href=\"https:\/\/www.miel-store.com\/pt\/p\/cuillere-a-miel-en-bois\/\"><strong>colher<\/strong><\/a>, Ou adicione-o aos seus lanches ou pequenos-almo\u00e7os.<\/li>\n<li><strong>Realce os seus pratos doces e salgados<\/strong>\u00a0Utilize o mel como ingrediente em receitas culin\u00e1rias para dar um toque original e gourmet aos seus pratos.<\/li>\n<li><strong>Incorpor\u00e1-lo nos seus tratamentos de beleza caseiros<\/strong> Mel: deixe que a sua pele e o seu cabelo beneficiem das propriedades nutritivas e hidratantes do mel. Adicione-o a m\u00e1scaras, esfoliantes e outros tratamentos caseiros.<\/li>\n<li><strong>Utiliz\u00e1-lo como um rem\u00e9dio natural<\/strong> Para problemas de pele ligeiros. Aplique mel diretamente na \u00e1rea afetada para acalmar a inflama\u00e7\u00e3o e promover a cura.<\/li>\n<\/ul>\n<p>Em suma, o mel de karit\u00e9 do Mali \u00e9 um produto \u00fanico com m\u00faltiplos benef\u00edcios para a sa\u00fade e a beleza. Gra\u00e7as a Miel-Store.com, disp\u00f5e agora de todas as informa\u00e7\u00f5es necess\u00e1rias para comprar este mel excecional em Fran\u00e7a e integr\u00e1-lo facilmente na sua vida quotidiana.<\/p>","protected":false},"excerpt":{"rendered":"<p>Le\u00a0<strong>mel de karit\u00e9 do Mali<\/strong>\u00a0\u00e9 um produto natural com virtudes excepcionais. Est\u00e1 repleto de propriedades ben\u00e9ficas para a sa\u00fade e a beleza da pele e dos cabelos.<\/p>","protected":false},"featured_media":4361,"template":"","meta":[],"product_brand":[],"product_cat":[80,111],"product_tag":[],"class_list":{"0":"post-4360","1":"product","2":"type-product","3":"status-publish","4":"has-post-thumbnail","6":"product_cat-miel-du-mali","7":"product_cat-miel-africain","9":"first","10":"instock","11":"shipping-taxable","12":"purchasable","13":"product-type-simple"},"_links":{"self":[{"href":"https:\/\/www.miel-store.com\/pt\/wp-json\/wp\/v2\/product\/4360","targetHints":{"allow":["GET"]}}],"collection":[{"href":"https:\/\/www.miel-store.com\/pt\/wp-json\/wp\/v2\/product"}],"about":[{"href":"https:\/\/www.miel-store.com\/pt\/wp-json\/wp\/v2\/types\/product"}],"wp:featuredmedia":[{"embeddable":true,"href":"https:\/\/www.miel-store.com\/pt\/wp-json\/wp\/v2\/media\/4361"}],"wp:attachment":[{"href":"https:\/\/www.miel-store.com\/pt\/wp-json\/wp\/v2\/media?parent=4360"}],"wp:term":[{"taxonomy":"product_brand","embeddable":true,"href":"https:\/\/www.miel-store.com\/pt\/wp-json\/wp\/v2\/product_brand?post=4360"},{"taxonomy":"product_cat","embeddable":true,"href":"https:\/\/www.miel-store.com\/pt\/wp-json\/wp\/v2\/product_cat?post=4360"},{"taxonomy":"product_tag","embeddable":true,"href":"https:\/\/www.miel-store.com\/pt\/wp-json\/wp\/v2\/product_tag?post=4360"}],"curies":[{"name":"wp","href":"https:\/\/api.w.org\/{rel}","templated":true}]}}