{"id":4358,"date":"2023-09-19T12:33:53","date_gmt":"2023-09-19T10:33:53","guid":{"rendered":"https:\/\/www.miel-store.com\/?post_type=product&#038;p=4358"},"modified":"2026-04-13T01:27:09","modified_gmt":"2026-04-12T23:27:09","slug":"nigella-honey","status":"publish","type":"product","link":"https:\/\/www.miel-store.com\/pt\/p\/nigella-honey","title":{"rendered":"Mel de Nigella - 250g"},"content":{"rendered":"<p>Plongez au c\u0153ur d&rsquo;une exp\u00e9rience gustative et aromatique in\u00e9dite avec le miel Nigella Honey,\u00a0<strong>un miel bio qui bousculera d\u00e9licieusement vos papilles et boostera pleinement votre organisme.\u00a0<\/strong><\/p>\n<h2><strong>Miel bio Nigella Honey, qu&rsquo;est ce qui se cache ici\u00a0?\u00a0<\/strong><\/h2>\n<p>Derri\u00e8re ce nom \u00e0 l&rsquo;allure charismatique, se cache\u00a0<strong>un nectar \u00e0 la puissance aromatique et aux bienfaits inou\u00efs.<\/strong>\u00a0Il s&rsquo;agit de fa\u00e7on pr\u00e9cise d&rsquo;un m\u00e9lange exquis de miel de jujubier bio et de poudre de graines de nigelle d&rsquo;Ethiopie.<\/p>\n<p><strong>Un combo parfait pour vos papilles mais aussi pour soutenir votre organisme.<\/strong>\u00a0En effet, ce miel \u00e0 l&rsquo;aspect liquide au go\u00fbt intense, de couleur brun fonc\u00e9, cache des bienfaits insoup\u00e7onn\u00e9s.<\/p>\n<h2><strong>Les bienfaits du miel Nigella Honey bio<\/strong><\/h2>\n<p>Vous l&rsquo;aurez compris, une composition aussi qualitative entre jujubier et poudre de graine de nigelle, ne peut que renforcer consid\u00e9rablement\u00a0<strong>le syst\u00e8me immunitaire.\u00a0<\/strong>Mais c\u2019est loin d\u2019\u00eatre fini. Ce miel de caract\u00e8re est aussi\u00a0<strong>un antibact\u00e9rien et un anti-inflammatoire naturel.\u00a0<\/strong><\/p>\n<p>Ainsi il va\u00a0<strong>soulager notamment des maux de t\u00eate, du rhume et de l&rsquo;asthme.<\/strong>\u00a0Tout comme il aide \u00e0\u00a0<strong>r\u00e9guler la tension art\u00e9rielle\u00a0<\/strong>au passage. En outre, le miel Nigella Honey sera aussi efficace dans la lutte contre les probl\u00e8mes r\u00e9naux et urinaires. Tout comme il aide \u00e0 dormir de fa\u00e7on plus sereine.<\/p>\n<p>Et la liste de ses bienfaits est encore longue, laissez-vous d\u00e9lecter et vous les constaterez sans h\u00e9sitation.<\/p>\n<h3><strong>Et si vous souhaitez perdurer ce plaisir gustatif<\/strong><\/h3>\n<p>Chez miel store, nous aimons vous livrer un panel vari\u00e9 de miels du monde entier. Nous avons soigneusement s\u00e9lectionn\u00e9\u00a0<strong>Nigelle Source, qui nous sert aussi d&rsquo;autres miels aux sublimes et intenses go\u00fbts.<\/strong>\u00a0Nous pensons notamment \u00e0 la gamme enti\u00e8rement venue de Madagascar que vous trouverez dans notre cat\u00e9gorie d\u00e9di\u00e9e.<\/p>\n<p><strong><a href=\"https:\/\/www.miel-store.com\/pt\/p\/miel-de-fleurs-de-litchi-bio\/\">Miel de fleurs de Litchi<\/a>, de <a href=\"https:\/\/www.miel-store.com\/pt\/p\/miel-de-fleurs-de-niaouli-bio\/\">fleurs de Niaouli<\/a> ou encore l&rsquo;<a href=\"https:\/\/www.miel-store.com\/pt\/p\/miel-de-fleurs-deucalyptus-bio\/\">eucalyptus<\/a>, succombez \u00e0 ces miels d&rsquo;une infini raret\u00e9.\u00a0<\/strong><\/p>","protected":false},"excerpt":{"rendered":"<p><strong>Ingredientes:<\/strong><\/p>\n<ul>\n<li>Miel de jujubier BIO<\/li>\n<li>Poudre de graines de nigelle d&rsquo;\u00c9thiopie<\/li>\n<\/ul>","protected":false},"featured_media":9458,"template":"","meta":[],"product_brand":[],"product_cat":[79,104,77,87],"product_tag":[],"class_list":{"0":"post-4358","1":"product","2":"type-product","3":"status-publish","4":"has-post-thumbnail","6":"product_cat-miel-de-sidr","7":"product_cat-miel-bio","8":"product_cat-miel-du-monde","9":"product_cat-nigelle","11":"first","12":"instock","13":"shipping-taxable","14":"purchasable","15":"product-type-simple"},"_links":{"self":[{"href":"https:\/\/www.miel-store.com\/pt\/wp-json\/wp\/v2\/product\/4358","targetHints":{"allow":["GET"]}}],"collection":[{"href":"https:\/\/www.miel-store.com\/pt\/wp-json\/wp\/v2\/product"}],"about":[{"href":"https:\/\/www.miel-store.com\/pt\/wp-json\/wp\/v2\/types\/product"}],"wp:featuredmedia":[{"embeddable":true,"href":"https:\/\/www.miel-store.com\/pt\/wp-json\/wp\/v2\/media\/9458"}],"wp:attachment":[{"href":"https:\/\/www.miel-store.com\/pt\/wp-json\/wp\/v2\/media?parent=4358"}],"wp:term":[{"taxonomy":"product_brand","embeddable":true,"href":"https:\/\/www.miel-store.com\/pt\/wp-json\/wp\/v2\/product_brand?post=4358"},{"taxonomy":"product_cat","embeddable":true,"href":"https:\/\/www.miel-store.com\/pt\/wp-json\/wp\/v2\/product_cat?post=4358"},{"taxonomy":"product_tag","embeddable":true,"href":"https:\/\/www.miel-store.com\/pt\/wp-json\/wp\/v2\/product_tag?post=4358"}],"curies":[{"name":"wp","href":"https:\/\/api.w.org\/{rel}","templated":true}]}}