{"id":4355,"date":"2025-12-16T12:23:57","date_gmt":"2025-12-16T11:23:57","guid":{"rendered":"https:\/\/www.miel-store.com\/?post_type=product&#038;p=4355"},"modified":"2026-05-10T21:56:04","modified_gmt":"2026-05-10T19:56:04","slug":"miel-de-fleurs-deucalyptus-bio","status":"publish","type":"product","link":"https:\/\/www.miel-store.com\/pt\/p\/miel-de-fleurs-deucalyptus-bio","title":{"rendered":"Miel de fleurs d&rsquo;eucalyptus bio &#8211; 250g"},"content":{"rendered":"<p>Laissez-vous aller \u00e0 un voyage gustatif in\u00e9dit avec ce pur produit de la nature \u00e0 la saveur exquise. Il s&rsquo;agit du\u00a0<strong>miel de fleurs d&rsquo;eucalyptus bio<\/strong>. En effet,<strong>\u00a0il sait nous saisir de douceur et nous apporter de pr\u00e9cieux bienfaits, avec brio.<\/strong><\/p>\n<p>Zoom sur ce miel malgache,\u00a0<strong>un d\u00e9lice gustatif que l&rsquo;on n&rsquo;oublie pas.<\/strong><\/p>\n<h2><strong>Le miel de fleurs d&rsquo;Eucalyptus bio de Madagascar, un tr\u00e9sor sans \u00e9gal<\/strong><\/h2>\n<p>Reconnu dans le monde entier comme un miel faisant l&rsquo;unanimit\u00e9, ici il s&rsquo;agit de vous faire d\u00e9couvrir cette saveur exquise d&rsquo;eucalyptus avec une pointe incontestable d&rsquo;exotisme peu connue.<\/p>\n<p>La sublime ile malgache nous sert encore l\u00e0 un pr\u00e9cieux nectar aux notes gustatives incomparables. C&rsquo;est une\u00a0<strong>saveur singuli\u00e8re aux notes bois\u00e9es, menthol\u00e9es voir fruit\u00e9es<\/strong>\u00a0que l&rsquo;on d\u00e9couvre en premier. Mais celles-ci cachent\u00a0<strong>une once de notes caram\u00e9lis\u00e9es\u00a0<\/strong>pour une exp\u00e9rience de saveurs inestim\u00e9e.<\/p>\n<p>En clair, c&rsquo;est\u00a0<strong>un cocktail cr\u00e9meux et onctueux devant lequel se d\u00e9lecte notre palais.<\/strong>\u00a0Et qui plus est, il renferme une multitude de bienfaits.<\/p>\n<h2><strong>Ses bienfaits pour notre sant\u00e9<\/strong><\/h2>\n<p>Ce nectar gourmand \u00e0 la saveur bois\u00e9e est, en effet, tout aussi un pur d\u00e9lice pour notre sant\u00e9. Et dans le domaine respiratoire en particulier. Ses propri\u00e9t\u00e9s les plus significatives et sp\u00e9cifiques sont<strong>\u00a0adoucissantes et antitussives.<\/strong><\/p>\n<p>En clair, c&rsquo;est un\u00a0<strong>alli\u00e9 hors-pairs durant les froides p\u00e9riodes d&rsquo;hiver.<\/strong>\u00a0Mais aussi toute l&rsquo;ann\u00e9e. Puisqu\u2019il viendra\u00a0<strong>renforcer tout notre syst\u00e8me immunitaire<\/strong>\u00a0sans h\u00e9siter.<\/p>\n<p>Allier l&rsquo;utile \u00e0 l&rsquo;agr\u00e9able\u00a0: voici la promesse de ce pr\u00e9cieux nectar malgache.<\/p>\n<h3><strong>Avec le\u00a0miel de fleurs d&rsquo;Eucalyptus bio de Madagascar<\/strong><\/h3>\n<p>Si cette v\u00e9ritable p\u00e9pite gustative vous s\u00e9duit, ne manquez pas de l&rsquo;associer dans votre colis \u00e0 ses homologues tout aussi des d\u00e9lices.<\/p>\n<p>En effet, notre gamme de miel de Madagascar vous offre une exp\u00e9rience incomparable. Ces pi\u00e8ces rares de la nature vous sont livr\u00e9es ici pour\u00a0<strong>une d\u00e9licieuse et in\u00e9dite aventure<\/strong>.<\/p>\n<p>Ainsi, d\u00e9lectez-vous avec <strong><a href=\"https:\/\/www.miel-store.com\/pt\/p\/miel-de-fleurs-de-litchi-bio\/\">le Miel de fleurs de Litchi bio<\/a>, <a href=\"https:\/\/www.miel-store.com\/pt\/p\/miel-de-fleurs-de-niaouli-bio\/\">le Miel de fleurs de Niaouli bio<\/a> ou encore le Miel de jujubier bio de Madagascar. Des miels rares et aux saveurs presque inexplicables.<\/strong><\/p>","protected":false},"excerpt":{"rendered":"<p><strong>Carater\u00edsticas :<\/strong><\/p>\n<ul>\n<li><strong>Origem<\/strong> : Madagascar<\/li>\n<li><strong>Lot N\u00b0<\/strong> : MEO50306202809F<\/li>\n<li><strong>VIDA NA PRATELEIRA<\/strong>\u00a0: 28\/09\/2024<\/li>\n<li><strong>Certificat Ecocert<\/strong>\u00a0: fR-BIO-01<\/li>\n<\/ul>","protected":false},"featured_media":4357,"template":"","meta":[],"product_brand":[],"product_cat":[104,110],"product_tag":[],"class_list":{"0":"post-4355","1":"product","2":"type-product","3":"status-publish","4":"has-post-thumbnail","6":"product_cat-miel-bio","7":"product_cat-miel-de-madagascar","9":"first","10":"instock","11":"shipping-taxable","12":"purchasable","13":"product-type-simple"},"_links":{"self":[{"href":"https:\/\/www.miel-store.com\/pt\/wp-json\/wp\/v2\/product\/4355","targetHints":{"allow":["GET"]}}],"collection":[{"href":"https:\/\/www.miel-store.com\/pt\/wp-json\/wp\/v2\/product"}],"about":[{"href":"https:\/\/www.miel-store.com\/pt\/wp-json\/wp\/v2\/types\/product"}],"wp:featuredmedia":[{"embeddable":true,"href":"https:\/\/www.miel-store.com\/pt\/wp-json\/wp\/v2\/media\/4357"}],"wp:attachment":[{"href":"https:\/\/www.miel-store.com\/pt\/wp-json\/wp\/v2\/media?parent=4355"}],"wp:term":[{"taxonomy":"product_brand","embeddable":true,"href":"https:\/\/www.miel-store.com\/pt\/wp-json\/wp\/v2\/product_brand?post=4355"},{"taxonomy":"product_cat","embeddable":true,"href":"https:\/\/www.miel-store.com\/pt\/wp-json\/wp\/v2\/product_cat?post=4355"},{"taxonomy":"product_tag","embeddable":true,"href":"https:\/\/www.miel-store.com\/pt\/wp-json\/wp\/v2\/product_tag?post=4355"}],"curies":[{"name":"wp","href":"https:\/\/api.w.org\/{rel}","templated":true}]}}