{"id":4287,"date":"2023-09-11T19:55:31","date_gmt":"2023-09-11T17:55:31","guid":{"rendered":"https:\/\/www.miel-store.com\/?post_type=product&#038;p=4287"},"modified":"2026-05-03T16:29:50","modified_gmt":"2026-05-03T14:29:50","slug":"miel-de-fleurs-de-litchi-bio","status":"publish","type":"product","link":"https:\/\/www.miel-store.com\/pt\/p\/miel-de-fleurs-de-litchi-bio","title":{"rendered":"Miel de fleurs de Litchi bio &#8211; 250g"},"content":{"rendered":"<p><strong>Raret\u00e9, d\u00e9licatesse et gourmandise se trouve assur\u00e9ment dans ce miel exquis.<\/strong>\u00a0En effet, le miel de fleurs de litchi bio de Madagascar offre\u00a0<strong>un moment de d\u00e9gustation proche de la perfection<\/strong>. On vous le pr\u00e9sente donc ici, non sans \u00e9motions\u00a0!<\/p>\n<h2><strong>Miel de fleurs de litchi bio de Madagascar\u00a0: d\u00e9licat et rare<\/strong><\/h2>\n<p>Si il y a bien un miel qui se veut rare c&rsquo;est bien celui en provenance de Madagascar. Qui plus est, lorsqu&rsquo;il s&rsquo;agit du miel de fleurs de litchi la d\u00e9licatesse s&rsquo;ajoute tout aussi. En effet, le gout de ce pr\u00e9cieux nectar<strong>\u00a0se d\u00e9pose sur votre palais comme une v\u00e9ritable caresse.<\/strong>\u00a0On y d\u00e9couvre\u00a0<strong>une touche raffin\u00e9e de rose, sur un lit de litchi absolument en symbiose.\u00a0<\/strong>Une dualit\u00e9 fleurie et fruit\u00e9e, qui font la raret\u00e9 et l&rsquo;excellence de ce miel en particulier.<\/p>\n<h2><strong>Le Litchi\u00a0: la v\u00e9ritable gourmandise\u00a0<\/strong><\/h2>\n<p>Sans l&rsquo;ombre d&rsquo;un doute,\u00a0<strong>ce fruit charnu offre sa gourmandise de fa\u00e7on absolue<\/strong>. En effet, le nectar des fleurs de ce fruit exotique, se traduit par une saveur absolument exquise que l&rsquo;on retrouve ici. Difficile de s&rsquo;arr\u00eater \u00e0 une seule cuill\u00e9r\u00e9e, lorsque l&rsquo;on d\u00e9couvre une saveur puissamment parfum\u00e9e mais aussi d\u00e9licate qui plus est.<\/p>\n<p>En bouche, ce miel se r\u00e9v\u00e8lera \u00e0 vous d&rsquo;une puret\u00e9 magistrale\u00a0<strong>aux ar\u00f4mes incroyablement vari\u00e9s de roses, de coing et de notes fum\u00e9es.<\/strong>\u00a0En clair, l&rsquo;essayer, c&rsquo;est vous adonner \u00e0 une saveur in\u00e9gal\u00e9e.<\/p>\n<h3><strong>Succombez aussi\u2026<\/strong><\/h3>\n<p>Si le miel bio de Madagascar c&rsquo;est votre \u00ab\u00a0dada\u00a0\u00bb, bonne nouvelle nous avons tout ce qu&rsquo;il faut pour mettre vos papilles en \u00e9moi\u00a0! Nous avons ici regroup\u00e9 les tr\u00e9sors de miel de Nigelle Sources en premier. Retrouvez donc\u00a0<a href=\"https:\/\/www.miel-store.com\/pt\/p\/miel-de-fleurs-de-niaouli-bio\/\"><strong>le miel de fleurs bio de Niaouli<\/strong><\/a>\u00a0ou mesmo<strong>\u00a0<a href=\"https:\/\/www.miel-store.com\/pt\/p\/miel-de-jujubier-bio-de-madagascar\/\">le miel de fleurs bio de jujubier<\/a>,<\/strong>\u00a0tous deux aux go\u00fbts incomparables et en provenance de la sublime \u00eele malgache\u00a0!<\/p>","protected":false},"excerpt":{"rendered":"<p><strong>Carater\u00edsticas :<\/strong><\/p>\n<ul>\n<li><strong>Origem<\/strong> : MADAGASCAR<\/li>\n<li><strong>Lot N\u00b0<\/strong> : MLO50209202809<\/li>\n<li><strong>Certificat Ecocert<\/strong> : FR-BIO-01<\/li>\n<\/ul>","protected":false},"featured_media":4284,"template":"","meta":[],"product_brand":[],"product_cat":[104,110],"product_tag":[],"class_list":{"0":"post-4287","1":"product","2":"type-product","3":"status-publish","4":"has-post-thumbnail","6":"product_cat-miel-bio","7":"product_cat-miel-de-madagascar","9":"first","10":"outofstock","11":"shipping-taxable","12":"purchasable","13":"product-type-simple"},"_links":{"self":[{"href":"https:\/\/www.miel-store.com\/pt\/wp-json\/wp\/v2\/product\/4287","targetHints":{"allow":["GET"]}}],"collection":[{"href":"https:\/\/www.miel-store.com\/pt\/wp-json\/wp\/v2\/product"}],"about":[{"href":"https:\/\/www.miel-store.com\/pt\/wp-json\/wp\/v2\/types\/product"}],"wp:featuredmedia":[{"embeddable":true,"href":"https:\/\/www.miel-store.com\/pt\/wp-json\/wp\/v2\/media\/4284"}],"wp:attachment":[{"href":"https:\/\/www.miel-store.com\/pt\/wp-json\/wp\/v2\/media?parent=4287"}],"wp:term":[{"taxonomy":"product_brand","embeddable":true,"href":"https:\/\/www.miel-store.com\/pt\/wp-json\/wp\/v2\/product_brand?post=4287"},{"taxonomy":"product_cat","embeddable":true,"href":"https:\/\/www.miel-store.com\/pt\/wp-json\/wp\/v2\/product_cat?post=4287"},{"taxonomy":"product_tag","embeddable":true,"href":"https:\/\/www.miel-store.com\/pt\/wp-json\/wp\/v2\/product_tag?post=4287"}],"curies":[{"name":"wp","href":"https:\/\/api.w.org\/{rel}","templated":true}]}}