{"id":4286,"date":"2023-09-11T19:52:47","date_gmt":"2023-09-11T17:52:47","guid":{"rendered":"https:\/\/www.miel-store.com\/?post_type=product&#038;p=4286"},"modified":"2026-04-11T17:49:16","modified_gmt":"2026-04-11T15:49:16","slug":"miel-de-fleurs-de-niaouli-bio","status":"publish","type":"product","link":"https:\/\/www.miel-store.com\/pt\/p\/miel-de-fleurs-de-niaouli-bio","title":{"rendered":"Miel de fleurs de Niaouli bio &#8211; 250g"},"content":{"rendered":"<p><strong>Toute la nature et son exotisme se trouve assur\u00e9ment dans ce pr\u00e9cieux miel de fleurs de niaouli.<\/strong>\u00a0Ce produit purement malgache cache un gout prononc\u00e9 et intense sans \u00e9gal. On zoom tout de suite sur ce miel de fleurs de niaouli bio de Madagascar.<\/p>\n<h2><strong>Le Niaouli k\u00e9zako\u00a0?\u00a0<\/strong><\/h2>\n<p>Peut-\u00eatre que le nom de cet arbre connu \u00e0 Madagascar ne vous parle pas, mais la saveur du nectar de ses fleurs vous \u00e9moustillera. En effet, cet arbre, tout comme l&rsquo;Eucalyptus d&rsquo;ailleurs,<strong>\u00a0fait partie de la famille botanique des Myrtac\u00e9es.<\/strong>\u00a0Et offre des vertus et des senteurs auxquels corps m\u00e9dical et parfumeurs ne peuvent r\u00e9sister. Pas \u00e9tonnant que<strong>\u00a0les abeilles donc aiment savourer les fleurs de cet arbre malgache renomm\u00e9.<\/strong>\u00a0Et que ce miel soit d&rsquo;un gout qui plait \u00e0 travers le monde entier.<\/p>\n<h2><strong>Un rendez-vous puissant et exotique vous attend dans ce miel de fleurs de niaouli\u00a0<\/strong><\/h2>\n<p>Assur\u00e9ment ce qui caract\u00e9rise ce nectar\u00a0<strong>c&rsquo;est sa puissance.<\/strong>\u00a0En effet, ce miel pr\u00e9cis\u00e9ment, arbore diff\u00e9rentes facettes mais une dimension\u00a0<strong>bois\u00e9e domine et offre une sapidit\u00e9 profonde<\/strong>. Enfin, une douce\u00a0<strong>et subtile saveur de caramel lui offre son c\u00f4t\u00e9 gourmand.<\/strong><\/p>\n<p>En outre, ce miel se veut cr\u00e9meux \u00e0 souhait. Pour un plaisir in\u00e9dit qui ravira votre palais.<\/p>\n<h3><strong>Si le miel de fleur de Niaouli bio de Madagascar vous a s\u00e9duit\u00a0<\/strong><\/h3>\n<p>Si ce miel de fa\u00e7on pr\u00e9cise vous a s\u00e9duit que ce soit<strong>\u00a0par le gout exquis qu&rsquo;il a \u00e0 offrir<\/strong>\u00a0ou par<strong>\u00a0les puissantes vertus qu&rsquo;il sert avec maitrise,<\/strong>\u00a0sachez que notre s\u00e9lection en provenance de l&rsquo;\u00eele malgache n&rsquo;a assur\u00e9ment pas fini de mettre votre palais en \u00e9moi.<\/p>\n<p>En effet, nous avons s\u00e9lectionn\u00e9\u00a0<strong>une gamme d&rsquo;excellence, pour vous faire vivre \u00e0 chaque cuill\u00e8re un instant gustatif sans pareil.<\/strong><\/p>\n<p>Ne manquez pas ainsi de d\u00e9couvrir\u00a0<strong><a href=\"https:\/\/www.miel-store.com\/pt\/p\/miel-de-jujubier-bio-de-madagascar\/\">le miel de jujubier de Madagascar<\/a>\u00a0<\/strong>ou mesmo\u00a0<a href=\"https:\/\/www.miel-store.com\/pt\/p\/miel-de-fleurs-de-litchi-bio\/\"><strong>le miel de fleurs de litchi<\/strong><\/a>, aussi tout droit venu de l&rsquo;\u00eele. En clair, la nature n&rsquo;a assur\u00e9ment pas fini de nous ravir.<\/p>","protected":false},"excerpt":{"rendered":"<p><strong>Carater\u00edsticas :<\/strong><\/p>\n<ul>\n<li><strong>Origem<\/strong> : MADAGASCAR<\/li>\n<li><strong>LOT N\u00b0<\/strong> : MN050101201101F<\/li>\n<li><strong>VIDA NA PRATELEIRA<\/strong> : 10\/07\/2024<\/li>\n<li><strong>Certificat Ecocert<\/strong> : FR-BIO-01<\/li>\n<\/ul>","protected":false},"featured_media":4283,"template":"","meta":[],"product_brand":[],"product_cat":[110,104],"product_tag":[],"class_list":{"0":"post-4286","1":"product","2":"type-product","3":"status-publish","4":"has-post-thumbnail","6":"product_cat-miel-de-madagascar","7":"product_cat-miel-bio","9":"first","10":"instock","11":"shipping-taxable","12":"purchasable","13":"product-type-simple"},"_links":{"self":[{"href":"https:\/\/www.miel-store.com\/pt\/wp-json\/wp\/v2\/product\/4286","targetHints":{"allow":["GET"]}}],"collection":[{"href":"https:\/\/www.miel-store.com\/pt\/wp-json\/wp\/v2\/product"}],"about":[{"href":"https:\/\/www.miel-store.com\/pt\/wp-json\/wp\/v2\/types\/product"}],"wp:featuredmedia":[{"embeddable":true,"href":"https:\/\/www.miel-store.com\/pt\/wp-json\/wp\/v2\/media\/4283"}],"wp:attachment":[{"href":"https:\/\/www.miel-store.com\/pt\/wp-json\/wp\/v2\/media?parent=4286"}],"wp:term":[{"taxonomy":"product_brand","embeddable":true,"href":"https:\/\/www.miel-store.com\/pt\/wp-json\/wp\/v2\/product_brand?post=4286"},{"taxonomy":"product_cat","embeddable":true,"href":"https:\/\/www.miel-store.com\/pt\/wp-json\/wp\/v2\/product_cat?post=4286"},{"taxonomy":"product_tag","embeddable":true,"href":"https:\/\/www.miel-store.com\/pt\/wp-json\/wp\/v2\/product_tag?post=4286"}],"curies":[{"name":"wp","href":"https:\/\/api.w.org\/{rel}","templated":true}]}}