{"id":4282,"date":"2023-06-11T19:48:40","date_gmt":"2023-06-11T17:48:40","guid":{"rendered":"https:\/\/www.miel-store.com\/?post_type=product&#038;p=4282"},"modified":"2026-03-16T18:00:41","modified_gmt":"2026-03-16T17:00:41","slug":"miel-de-jujubier-bio-de-madagascar","status":"publish","type":"product","link":"https:\/\/www.miel-store.com\/pt\/p\/miel-de-jujubier-bio-de-madagascar","title":{"rendered":"Miel de jujubier de Madagascar &#8211; 250g"},"content":{"rendered":"<p>Laissez-vous transporter dans ce voyage au gout d&rsquo;exception tout droit venu d&rsquo;un des bouts du monde.\u00a0<strong>Le miel de jujubier de Madagascar offre tout son exotisme dans son go\u00fbt sublime,<a href=\"https:\/\/www.miel-store.com\/pt\/p\/mel-branco-do-quirguizistao\/\"> cr\u00e9meux<\/a> et d\u00e9licat.<\/strong>\u00a0On vous le pr\u00e9sente juste l\u00e0.<\/p>\n<h2><strong>Le miel de jujubier de Madagascar\u00a0: un indispensable nectar<\/strong><\/h2>\n<p>Vous le savez surement, le miel du jujubier est <strong>un des meilleurs miels du monde de toute \u00e9vidence.<\/strong>\u00a0Ici, il a voyag\u00e9 depuis les magnifiques paysages malgaches, pour vous livrer\u00a0<strong>son nectar assur\u00e9ment rare.<\/strong><\/p>\n<p>En effet, ce miel se produit en petite quantit\u00e9, ce qui lui vaut une grande raret\u00e9. Et comme<strong>\u00a0la raret\u00e9 et le luxe sont souvent li\u00e9s, voici un tr\u00e9sor au go\u00fbt in\u00e9gal\u00e9<\/strong>\u00a0que vous vous appr\u00eatez \u00e0 d\u00e9guster.<\/p>\n<h2><strong>Un c\u0153ur cr\u00e9meux pour une exp\u00e9rience gustative merveilleuse \u00e0 d\u00e9couvrir<\/strong><\/h2>\n<p>Vous l&rsquo;aurez compris, c&rsquo;est\u00a0<strong>un nectar tendre et cr\u00e9meux<\/strong>\u00a0qui se joue ici. Ce miel de Madagascar offrira \u00e0 votre palais une douceur sans \u00e9gale. En effet, vous appr\u00e9cierez\u00a0<strong>sa clart\u00e9 et sa tendresse au l\u00e9ger go\u00fbt de caramel en provenance directe des paysages sublimes entres cascades et montagnes gorg\u00e9es de soleil.<\/strong><\/p>\n<p>Et comme nous aimons tous allier l&rsquo;utile \u00e0 l&rsquo;agr\u00e9able, une <a href=\"https:\/\/www.miel-store.com\/pt\/p\/cuillere-a-miel-en-bois\/\"><strong>colher<\/strong><\/a> de ce miel vous offrira certes une exp\u00e9rience gustative incomparable mais aussi des bienfaits non n\u00e9gligeables.<\/p>\n<h3><strong>Les bienfaits du miel de jujubier de Madagascar<\/strong><\/h3>\n<p><strong>Energisant, antioxydant, et antibact\u00e9rien notamment,<\/strong>\u00a0ce miel malgache annonce ses propri\u00e9t\u00e9s \u00e9patantes. En effet, on lui reconnait avant tout ses vertus de\u00a0<strong>renforcement du syst\u00e8me immunitaire,<\/strong>\u00a0mais aussi ses propri\u00e9t\u00e9s de\u00a0<strong>lutte contre les infections des voies respiratoires<\/strong>\u00a0qui plus est.<\/p>\n<p>Ce miel naturelle et agit contre de nombreuses maladies, c&rsquo;est aussi pour cela qu&rsquo;il s\u00e9duit.<\/p>\n<p>En clair, ce miel exquis sera aussi celui sur qui compter pour mieux gu\u00e9rir. Alors ne tardez pas \u00e0 la d\u00e9couvrir juste ici.<\/p>","protected":false},"excerpt":{"rendered":"<p><strong>Carater\u00edsticas :<\/strong><\/p>\n<ul>\n<li><strong>Origem<\/strong> : MADAGASCAR<\/li>\n<li><strong>Lot N\u00b0<\/strong> : MJ070112200401A<\/li>\n<\/ul>","protected":false},"featured_media":4285,"template":"","meta":[],"product_brand":[],"product_cat":[110,79],"product_tag":[],"class_list":{"0":"post-4282","1":"product","2":"type-product","3":"status-publish","4":"has-post-thumbnail","6":"product_cat-miel-de-madagascar","7":"product_cat-miel-de-sidr","9":"first","10":"instock","11":"shipping-taxable","12":"purchasable","13":"product-type-simple"},"_links":{"self":[{"href":"https:\/\/www.miel-store.com\/pt\/wp-json\/wp\/v2\/product\/4282","targetHints":{"allow":["GET"]}}],"collection":[{"href":"https:\/\/www.miel-store.com\/pt\/wp-json\/wp\/v2\/product"}],"about":[{"href":"https:\/\/www.miel-store.com\/pt\/wp-json\/wp\/v2\/types\/product"}],"wp:featuredmedia":[{"embeddable":true,"href":"https:\/\/www.miel-store.com\/pt\/wp-json\/wp\/v2\/media\/4285"}],"wp:attachment":[{"href":"https:\/\/www.miel-store.com\/pt\/wp-json\/wp\/v2\/media?parent=4282"}],"wp:term":[{"taxonomy":"product_brand","embeddable":true,"href":"https:\/\/www.miel-store.com\/pt\/wp-json\/wp\/v2\/product_brand?post=4282"},{"taxonomy":"product_cat","embeddable":true,"href":"https:\/\/www.miel-store.com\/pt\/wp-json\/wp\/v2\/product_cat?post=4282"},{"taxonomy":"product_tag","embeddable":true,"href":"https:\/\/www.miel-store.com\/pt\/wp-json\/wp\/v2\/product_tag?post=4282"}],"curies":[{"name":"wp","href":"https:\/\/api.w.org\/{rel}","templated":true}]}}