{"id":4058,"date":"2023-08-20T20:25:02","date_gmt":"2023-08-20T18:25:02","guid":{"rendered":"https:\/\/www.miel-store.com\/?post_type=product&#038;p=4058"},"modified":"2025-08-17T19:24:47","modified_gmt":"2025-08-17T17:24:47","slug":"delay-cream","status":"publish","type":"product","link":"https:\/\/www.miel-store.com\/pt\/p\/delay-cream","title":{"rendered":"Delay cream (Cr\u00e8me retardante) &#8211; 3g"},"content":{"rendered":"<p>Si vous aussi vous souhaitez retarder l\u2019\u00e9jaculation, alors nous avons probablement la solution\u2026 Avez-vous d\u00e9j\u00e0 entendu parler du\u00a0<strong>Delay Cream\u00a0<\/strong>\u00a0?<\/p>\n<h2><strong>Delay Cream\u00a0: Retarder l&rsquo;orgasme pour des moments intimes plus longs et satisfaisants<\/strong><\/h2>\n<p>Le Delay Cream est un produit r\u00e9volutionnaire con\u00e7u pour aider les hommes \u00e0 retarder leur orgasme et \u00e0 prolonger leurs rapports sexuels. Ce produit est notamment formul\u00e9 pour r\u00e9duire la sensibilit\u00e9 du p\u00e9nis, ce qui permet aux hommes de profiter de moments intimes plus longs et plus satisfaisants.<\/p>\n<h2><strong>Comment utiliser le Delay Cream\u00a0?<\/strong><\/h2>\n<p>En effet, le Delay Cream contient des ingr\u00e9dients qui agissent en engourdissant l\u00e9g\u00e8rement les terminaisons nerveuses du p\u00e9nis. Cela permet ainsi de r\u00e9duire la sensibilit\u00e9 et de retarder l&rsquo;orgasme. Ce qui peut aider \u00e0 r\u00e9soudre les\u00a0<strong>probl\u00e8mes d&rsquo;\u00e9jaculation pr\u00e9coce<\/strong>.<\/p>\n<p>Il suffit d&rsquo;appliquer une petite quantit\u00e9 de cr\u00e8me sur le gland et le corps du p\u00e9nis avant les rapports sexuels. Ensuite, la cr\u00e8me est rapidement absorb\u00e9e par la peau, agissant ainsi de mani\u00e8re cibl\u00e9e pour retarder l&rsquo;orgasme.<\/p>\n<p><strong>D\u00e9couvrez les avantages de cette cr\u00e8me retardante<\/strong><\/p>\n<ol>\n<li><strong>Prolonge les rapports sexuels<\/strong> : Tout d\u2019abord, cette<strong>\u00a0cr\u00e8me aphrodisiaque<\/strong>\u00a0aide les hommes \u00e0 prolonger leurs rapports sexuels en retardant l&rsquo;orgasme. Cela permet aux couples de profiter de moments intimes plus longs et plus intenses.<\/li>\n<li><strong>R\u00e9duit l&rsquo;\u00e9jaculation pr\u00e9coce<\/strong> : En effet, si vous souffrez d&rsquo;\u00e9jaculation pr\u00e9coce, le Delay Cream peut \u00eatre une solution efficace. En r\u00e9duisant la sensibilit\u00e9 du p\u00e9nis, il vous aide \u00e0\u00a0<strong>contr\u00f4ler votre \u00e9jaculation<\/strong>\u00a0et \u00e0 durer plus longtemps.<\/li>\n<li><strong>Am\u00e9liore la confiance en soi<\/strong> : En prolongeant les rapports sexuels, cela peut aider \u00e0 renforcer la confiance en soi et \u00e0 am\u00e9liorer la satisfaction sexuelle.<\/li>\n<li><strong>Facile \u00e0 utiliser<\/strong> : Elle est facile \u00e0 utiliser. Il suffit d&rsquo;appliquer une petite quantit\u00e9 de cr\u00e8me sur le p\u00e9nis avant les rapports sexuels et d&rsquo;attendre quelques minutes pour que la cr\u00e8me soit absorb\u00e9e.<\/li>\n<\/ol>\n<h3><strong>Place aux Pr\u00e9cautions et aux d&rsquo;utilisation<\/strong><\/h3>\n<p>En conclusion, le Delay Cream est un produit intime con\u00e7u pour aider les hommes \u00e0 retarder l&rsquo;orgasme. En effet, en r\u00e9duisant la sensibilit\u00e9 du p\u00e9nis, ce produit offre des\u00a0<strong>moments <a href=\"https:\/\/www.miel-store.com\/pt\/p\/musc-tahara-intime\/\">intimes<\/a> plus intenses\u00a0<\/strong>et de meilleure qualit\u00e9.<\/p>\n<p>Par ailleurs, nous conseillons de demander l\u2019avis \u00e0 votre m\u00e9decin avant toute utilisation.<\/p>","protected":false},"excerpt":{"rendered":"<p><strong>D\u00e9couvrez les avantages de cette cr\u00e8me retardante :<\/strong><\/p>\n<ol>\n<li><strong>Prolonge les rapports sexuels<\/strong> : Tout d\u2019abord, cette<strong>\u00a0cr\u00e8me aphrodisiaque<\/strong>\u00a0aide les hommes \u00e0 prolonger leurs rapports sexuels en retardant l&rsquo;orgasme. Cela permet aux couples de profiter de moments intimes plus longs et plus intenses.<\/li>\n<li><strong>R\u00e9duit l&rsquo;\u00e9jaculation pr\u00e9coce<\/strong> : En effet, si vous souffrez d&rsquo;\u00e9jaculation pr\u00e9coce, le Delay Cream peut \u00eatre une solution efficace. En r\u00e9duisant la sensibilit\u00e9 du p\u00e9nis, il vous aide \u00e0\u00a0<strong>contr\u00f4ler votre \u00e9jaculation<\/strong>\u00a0et \u00e0 durer plus longtemps.<\/li>\n<li><strong>Am\u00e9liore la confiance en soi<\/strong> : En prolongeant les rapports sexuels, cela peut aider \u00e0 renforcer la confiance en soi et \u00e0 am\u00e9liorer la satisfaction sexuelle.<\/li>\n<li><strong>Facile \u00e0 utiliser<\/strong> : Elle est facile \u00e0 utiliser. Il suffit d&rsquo;appliquer une petite quantit\u00e9 de cr\u00e8me sur le p\u00e9nis avant les rapports sexuels et d&rsquo;attendre quelques minutes pour que la cr\u00e8me soit absorb\u00e9e.<\/li>\n<\/ol>","protected":false},"featured_media":4059,"template":"","meta":[],"product_brand":[],"product_cat":[88],"product_tag":[],"class_list":{"0":"post-4058","1":"product","2":"type-product","3":"status-publish","4":"has-post-thumbnail","6":"product_cat-bien-etre","8":"first","9":"outofstock","10":"shipping-taxable","11":"purchasable","12":"product-type-simple"},"_links":{"self":[{"href":"https:\/\/www.miel-store.com\/pt\/wp-json\/wp\/v2\/product\/4058","targetHints":{"allow":["GET"]}}],"collection":[{"href":"https:\/\/www.miel-store.com\/pt\/wp-json\/wp\/v2\/product"}],"about":[{"href":"https:\/\/www.miel-store.com\/pt\/wp-json\/wp\/v2\/types\/product"}],"wp:featuredmedia":[{"embeddable":true,"href":"https:\/\/www.miel-store.com\/pt\/wp-json\/wp\/v2\/media\/4059"}],"wp:attachment":[{"href":"https:\/\/www.miel-store.com\/pt\/wp-json\/wp\/v2\/media?parent=4058"}],"wp:term":[{"taxonomy":"product_brand","embeddable":true,"href":"https:\/\/www.miel-store.com\/pt\/wp-json\/wp\/v2\/product_brand?post=4058"},{"taxonomy":"product_cat","embeddable":true,"href":"https:\/\/www.miel-store.com\/pt\/wp-json\/wp\/v2\/product_cat?post=4058"},{"taxonomy":"product_tag","embeddable":true,"href":"https:\/\/www.miel-store.com\/pt\/wp-json\/wp\/v2\/product_tag?post=4058"}],"curies":[{"name":"wp","href":"https:\/\/api.w.org\/{rel}","templated":true}]}}