{"id":3331,"date":"2023-05-30T13:18:40","date_gmt":"2023-05-30T11:18:40","guid":{"rendered":"https:\/\/www.miel-store.com\/?post_type=product&#038;p=3331"},"modified":"2026-05-11T06:14:36","modified_gmt":"2026-05-11T04:14:36","slug":"mel-de-king-kong-100g","status":"publish","type":"product","link":"https:\/\/www.miel-store.com\/pt\/p\/miel-king-kong-honey-100g","title":{"rendered":"Royel Bull Honey Elixir - (Old King Kong Honey) - Frasco de 100g"},"content":{"rendered":"<p>O mel King Kong \u00e9, desde h\u00e1 algum tempo, o tema dos f\u00f3runs e das redes sociais. Quer seja pelas suas propriedades energ\u00e9ticas, pela sua qualidade excecional ou pelo seu sabor \u00fanico, n\u00e3o deixa ningu\u00e9m indiferente.<\/p>\n<p>Aqui, convidamo-lo a descobrir tudo o que precisa de saber sobre o mel King Kong, dispon\u00edvel na Miel Store. Tamb\u00e9m vamos ver o que os nossos clientes t\u00eam a dizer e as diferentes formas de utilizar este mel \u00fanico.<\/p>\n<h2><strong>O que \u00e9 o mel de King Kong?<\/strong><\/h2>\n<p>O mel King Kong \u00e9 um suplemento alimentar natural com um elevado teor de nutrientes e propriedades energizantes. \u00c9 composto por uma mistura de <a href=\"https:\/\/www.miel-store.com\/pt\/cp\/mel-de-todo-o-mundo\/\"><strong>diferentes tipos de mel<\/strong><\/a>, alguns dos quais prov\u00eam de plantas raras e preciosas.<\/p>\n<p><strong>Estes ingredientes incluem :<\/strong><\/p>\n<ul>\n<li>Mel natural<\/li>\n<li>Geleia real biol\u00f3gica<\/li>\n<li>Pr\u00f3polis org\u00e2nica<\/li>\n<li>Ginseng<\/li>\n<li>Cravinho<\/li>\n<li>Gengibre<\/li>\n<\/ul>\n<h2><strong>Opini\u00f5es sobre este produto natural: o que pensam os consumidores?<\/strong><\/h2>\n<p>O mel King Kong \u00e9 um produto que desperta a curiosidade e o interesse dos consumidores.<\/p>\n<p><strong>Mas o que \u00e9 que eles est\u00e3o realmente a dizer?<\/strong><\/p>\n<p><strong> Recolhemos algumas opini\u00f5es de pessoas que j\u00e1 compraram este mel:<\/strong><\/p>\n<ul>\n<li>\u00abDescobri este produto por acaso quando procurava um suplemento alimentar natural para me dar energia. Desde ent\u00e3o, n\u00e3o posso passar sem ele! Tomo-o todas as manh\u00e3s no meu ch\u00e1 ou numa torrada\u00bb.\u00bb<\/li>\n<li>\u00abSou um desportista amador e utilizo regularmente King Kong Honey antes das minhas sess\u00f5es de treino. D\u00e1-me um verdadeiro est\u00edmulo e mant\u00e9m-me animado durante toda a sess\u00e3o.\u00bb<\/li>\n<li>\u00abEstou totalmente convencida dos benef\u00edcios deste mel. Desde que o utilizo, notei uma melhoria not\u00e1vel na minha sa\u00fade geral e na minha resist\u00eancia \u00e0s pequenas dores do inverno.\u00bb<\/li>\n<\/ul>\n<p>Estes testemunhos mostram que o mel King Kong \u00e9 apreciado n\u00e3o s\u00f3 pelas suas propriedades energizantes, mas tamb\u00e9m pelo seu sabor \u00fanico e qualidade excecional.<\/p>\n<h2><strong>Como utilizar o King Kong Honey no dia a dia?<\/strong><\/h2>\n<p>O mel King Kong pode ser consumido de v\u00e1rias formas, consoante os gostos e necessidades individuais. Eis algumas ideias sobre como tirar o m\u00e1ximo partido dos seus benef\u00edcios:<\/p>\n<ul>\n<li><strong>Como suplemento alimentar natural<\/strong><\/li>\n<\/ul>\n<p>O mel King Kong pode ser consumido todas as manh\u00e3s com o est\u00f4mago vazio ou ao pequeno-almo\u00e7o, para beneficiar das suas propriedades energizantes ao longo do dia. Basta tomar uma colher de ch\u00e1, puro ou misturado com iogurte, queijo fresco, ch\u00e1 ou numa torrada.<\/p>\n<ul>\n<li><strong>Antes de uma sess\u00e3o desportiva<\/strong><\/li>\n<\/ul>\n<p>Este produto natural \u00e9 particularmente indicado para os desportistas que desejam um impulso natural antes da sess\u00e3o de treino. D\u00e1-lhes a energia de que necessitam para continuar durante toda a sess\u00e3o e ajuda-os a recuperar ap\u00f3s o exerc\u00edcio. Neste caso, recomenda-se o seu consumo 30 minutos antes do exerc\u00edcio.<\/p>\n<ul>\n<li><strong>Em caso de fadiga tempor\u00e1ria<\/strong><\/li>\n<\/ul>\n<p>Quando necess\u00e1rio, pode ser consumido durante o dia para combater a fadiga e recuperar rapidamente a energia. Pode mistur\u00e1-lo com uma bebida quente, como um ch\u00e1 ou uma tisana, ou apreci\u00e1-lo com uma ma\u00e7\u00e3 ou outro fruto rico em fibras para um impulso garantido.<\/p>\n<h2><strong>As suas compras naturais na Miel Store<\/strong><\/h2>\n<p>O mel King Kong est\u00e1 dispon\u00edvel para compra na Miel Store. Ao optar por comprar o seu mel nesta plataforma, tem a garantia de um produto de qualidade, cuidadosamente selecionado por especialistas em mel.<\/p>\n<p>Para al\u00e9m disso, a loja Miel faz regularmente promo\u00e7\u00f5es e ofertas especiais para que possa descobrir novos produtos a pre\u00e7os reduzidos. N\u00e3o hesite em visitar o site regularmente para se manter atualizado sobre os produtos mais recentes e aproveitar as melhores ofertas.<\/p>\n<h3><strong>Mel King Kong: um must para os amantes do mel e do bem-estar<\/strong><\/h3>\n<p>Trata-se, portanto, de um produto \u00fanico da colmeia que merece ser descoberto e apreciado por todos os amantes do mel e do bem-estar.<\/p>\n<p>Gra\u00e7as ao seu rico teor de nutrientes e \u00e0s suas propriedades energizantes, \u00e9 um grande aliado quando se trata de enfrentar os desafios do dia a dia e de melhorar a sua condi\u00e7\u00e3o f\u00edsica geral.<\/p>\n<p>N\u00e3o espere mais para adicionar o mel King Kong \u00e0 sua rotina e descobrir os seus in\u00fameros benef\u00edcios! Visite agora a Miel Store para encomendar e provar este mel excecional.<\/p>","protected":false},"excerpt":{"rendered":"<p><strong>Composi\u00e7\u00e3o:\u00a0<\/strong><\/p>\n<ul>\n<li>Mel natural<\/li>\n<li>Geleia real biol\u00f3gica<\/li>\n<li>Pr\u00f3polis org\u00e2nica<\/li>\n<li>Ginseng<\/li>\n<li>Cravinho<\/li>\n<li>Gengibre<\/li>\n<\/ul>","protected":false},"featured_media":10404,"template":"","meta":[],"product_brand":[],"product_cat":[77,88],"product_tag":[],"class_list":{"0":"post-3331","1":"product","2":"type-product","3":"status-publish","4":"has-post-thumbnail","6":"product_cat-miel-du-monde","7":"product_cat-bien-etre","9":"first","10":"instock","11":"shipping-taxable","12":"purchasable","13":"product-type-simple"},"_links":{"self":[{"href":"https:\/\/www.miel-store.com\/pt\/wp-json\/wp\/v2\/product\/3331","targetHints":{"allow":["GET"]}}],"collection":[{"href":"https:\/\/www.miel-store.com\/pt\/wp-json\/wp\/v2\/product"}],"about":[{"href":"https:\/\/www.miel-store.com\/pt\/wp-json\/wp\/v2\/types\/product"}],"wp:featuredmedia":[{"embeddable":true,"href":"https:\/\/www.miel-store.com\/pt\/wp-json\/wp\/v2\/media\/10404"}],"wp:attachment":[{"href":"https:\/\/www.miel-store.com\/pt\/wp-json\/wp\/v2\/media?parent=3331"}],"wp:term":[{"taxonomy":"product_brand","embeddable":true,"href":"https:\/\/www.miel-store.com\/pt\/wp-json\/wp\/v2\/product_brand?post=3331"},{"taxonomy":"product_cat","embeddable":true,"href":"https:\/\/www.miel-store.com\/pt\/wp-json\/wp\/v2\/product_cat?post=3331"},{"taxonomy":"product_tag","embeddable":true,"href":"https:\/\/www.miel-store.com\/pt\/wp-json\/wp\/v2\/product_tag?post=3331"}],"curies":[{"name":"wp","href":"https:\/\/api.w.org\/{rel}","templated":true}]}}