{"id":3212,"date":"2023-05-15T20:09:53","date_gmt":"2023-05-15T18:09:53","guid":{"rendered":"https:\/\/www.miel-store.com\/?post_type=product&#038;p=3212"},"modified":"2026-04-20T20:27:26","modified_gmt":"2026-04-20T18:27:26","slug":"mel-biologico-e-curcuma","status":"publish","type":"product","link":"https:\/\/www.miel-store.com\/pt\/p\/miel-et-curcuma-bio","title":{"rendered":"Mel de C\u00farcuma - Naturalmente Artesanal - 100g"},"content":{"rendered":"<p>Le\u00a0<strong>mel<\/strong>\u00a0e o\u00a0<strong>a\u00e7afr\u00e3o-da-terra<\/strong> s\u00e3o dois produtos naturais apreciados h\u00e1 s\u00e9culos pelos seus benef\u00edcios para a sa\u00fade. Vamos descobrir juntos os benef\u00edcios que estes dois tesouros da natureza nos podem oferecer quando combinados num produto de qualidade.<\/p>\n<h2><strong>Carater\u00edsticas e benef\u00edcios do mel<\/strong><\/h2>\n<p>O mel \u00e9 produzido pelas abelhas a partir do n\u00e9ctar que recolhem das flores com a sua prob\u00f3scide. Este n\u00e9ctar \u00e9 depois misturado com enzimas salivares e depositado nas c\u00e9lulas da colmeia. Este engrossa lentamente e transforma-se em mel. As qualidades do mel dependem muito da sua proveni\u00eancia: cada tipo de mel tem uma composi\u00e7\u00e3o espec\u00edfica que influencia o seu sabor, a sua cor e as suas propriedades. Podem tamb\u00e9m ser enriquecidos com outros produtos igualmente ben\u00e9ficos para a sa\u00fade, como a curcuma.<\/p>\n<ul>\n<li><strong>Rico em nutrientes<\/strong><\/li>\n<\/ul>\n<p>O mel cont\u00e9m at\u00e9 80 % de hidratos de carbono (a\u00e7\u00facares), principalmente frutose e glucose. \u00c9 tamb\u00e9m uma fonte de numerosos minerais e oligoelementos (pot\u00e1ssio, magn\u00e9sio, c\u00e1lcio, s\u00f3dio, zinco, ferro, etc.), bem como de vitaminas do grupo B e de vitamina C.<\/p>\n<ul>\n<li><strong>Propriedades antibacterianas e cicatrizantes<\/strong><\/li>\n<\/ul>\n<p>Gra\u00e7as ao seu conte\u00fado em mol\u00e9culas antibacterianas naturais (nomeadamente inibinas e per\u00f3xido de hidrog\u00e9nio), o mel tem uma a\u00e7\u00e3o antibacteriana eficaz. \u00c9 utilizado desde a antiguidade para tratar as feridas, favorecer a cicatriza\u00e7\u00e3o e prevenir as infec\u00e7\u00f5es.<\/p>\n<ul>\n<li><strong>Um aliado digestivo<\/strong><\/li>\n<\/ul>\n<p>O mel tem tamb\u00e9m um efeito prebi\u00f3tico reconhecido: ajuda o desenvolvimento de microrganismos ben\u00e9ficos para a nossa flora intestinal, contribuindo assim para uma melhor digest\u00e3o.<\/p>\n<h2><strong>As propriedades surpreendentes da curcuma<\/strong><\/h2>\n<p>Le <strong>a\u00e7afr\u00e3o-da-terra<\/strong> \u00e9 uma planta herb\u00e1cea origin\u00e1ria da \u00c1sia, pertencente \u00e0 fam\u00edlia Zingiberaceae. Como a <a href=\"https:\/\/www.miel-store.com\/pt\/p\/huile-de-gingembre-bio-du-nigeria\/\"><strong>gengibre<\/strong><\/a> e cardamomo. \u00c9 utilizada h\u00e1 mais de 4000 anos na medicina e na cozinha ayurv\u00e9dica. <strong>como uma especiaria de alta qualidade.<\/strong> Pelo seu aroma \u00fanico e pela sua cor amarela-alaranjada carater\u00edstica, provocada pela curcumina, o seu ingrediente ativo.<\/p>\n<h3><strong>Potente anti-inflamat\u00f3rio e antioxidante<\/strong><\/h3>\n<p>A curcumina \u00e9 um composto lipossol\u00favel com propriedades anti-inflamat\u00f3rias e antioxidantes excepcionais. \u00c9 capaz de eliminar os radicais livres respons\u00e1veis pelos danos celulares e de estimular os sistemas de defesa enzim\u00e1ticos do organismo.<\/p>\n<ul>\n<li><strong>Benef\u00edcios para o c\u00e9rebro<\/strong><\/li>\n<\/ul>\n<p>Numerosos estudos mostram que o fator neurotr\u00f3fico derivado do c\u00e9rebro, ou BDNF, presente na curcuma, pode ajudar a prevenir e tratar perturba\u00e7\u00f5es do humor, como a depress\u00e3o.<\/p>\n<ul>\n<li><strong>Apoio ao f\u00edgado<\/strong><\/li>\n<\/ul>\n<p>A curcuma tem sido associada a uma melhor fun\u00e7\u00e3o hep\u00e1tica e \u00e0 prote\u00e7\u00e3o contra danos causados por medicamentos e toxinas. Pode tamb\u00e9m ter potencial terap\u00eautico na preven\u00e7\u00e3o de certas doen\u00e7as hep\u00e1ticas, como a fibrose hep\u00e1tica n\u00e3o alco\u00f3lica.<\/p>\n<h2><strong>A combina\u00e7\u00e3o m\u00e1gica de mel e curcuma biol\u00f3gica<\/strong><\/h2>\n<p>A combina\u00e7\u00e3o de mel e curcuma oferece uma mistura particularmente interessante de sabores e benef\u00edcios para a sa\u00fade a incorporar na nossa dieta di\u00e1ria.<\/p>\n<ul>\n<li><strong>Sinergia para uma melhor assimila\u00e7\u00e3o dos nutrientes<\/strong><\/li>\n<\/ul>\n<p>As propriedades lipossol\u00faveis da curcumina podem ser refor\u00e7adas pela ingest\u00e3o concomitante de hidratos de carbono. Este facto melhora a absor\u00e7\u00e3o intestinal. A utiliza\u00e7\u00e3o de mel - rico em gl\u00facidos - em combina\u00e7\u00e3o com curcuma \u00e9, portanto, ideal para maximizar os benef\u00edcios nutricionais destes dois produtos naturais.<\/p>\n<ul>\n<li><strong>Potenciar os benef\u00edcios para a sa\u00fade<\/strong><\/li>\n<\/ul>\n<p>A combina\u00e7\u00e3o destes dois ingredientes ricos em nutrientes proporciona um amplo espetro de benef\u00edcios. A sinergia entre o mel e a curcuma amplifica as suas virtudes respectivas: anti-inflamat\u00f3ria, antioxidante, antibacteriana e cicatrizante.<\/p>\n<h2><strong>Como utilizar o mel biol\u00f3gico e a curcuma<\/strong><\/h2>\n<p>H\u00e1 muitas maneiras de incorporar estes dois produtos na nossa dieta di\u00e1ria:<\/p>\n<ul>\n<li>Substitua o a\u00e7\u00facar por mel biol\u00f3gico e curcuma nas bebidas quentes, como o ch\u00e1 ou o caf\u00e9.<\/li>\n<li>Adicionando algumas colheres de sopa de mel biol\u00f3gico e curcuma a batidos e iogurtes.<\/li>\n<li>Utilize-o como base para vinagretes e marinadas ex\u00f3ticas.<\/li>\n<li>Espalhe-o no p\u00e3o de cereais torrado, sozinho ou com manteiga salgada.<\/li>\n<\/ul>\n<h3><strong>Sugest\u00e3o para aumentar a absor\u00e7\u00e3o da curcumina<\/strong><\/h3>\n<p>N\u00e3o se esque\u00e7a de que adicionar uma pitada de pimenta preta \u00e0s suas prepara\u00e7\u00f5es de mel e curcuma aumentar\u00e1 consideravelmente a absor\u00e7\u00e3o da curcumina. <strong>gra\u00e7as \u00e0 piperina<\/strong> contido na pimenta preta.<\/p>\n<p>Em suma, a combina\u00e7\u00e3o de mel e curcuma biol\u00f3gica \u00e9 uma f\u00f3rmula vencedora. \u00c9 uma forma natural e saborosa de enriquecer a nossa dieta enquanto desfruta de uma s\u00e9rie de benef\u00edcios para a sa\u00fade.<\/p>","protected":false},"excerpt":{"rendered":"<p>Le\u00a0miel\u00a0et le\u00a0curcuma bio sont deux produits naturels appr\u00e9ci\u00e9s pour leurs vertus sant\u00e9 depuis des si\u00e8cles. D\u00e9couvrons ensemble les bienfaits que ces deux tr\u00e9sors de la nature peuvent nous offrir lorsqu&rsquo;ils sont combin\u00e9s dans un produit de qualit\u00e9. Particularit\u00e9s et atouts du miel Le miel est fabriqu\u00e9 par les abeilles \u00e0 partir du nectar des fleurs [&#8230;]\n","protected":false},"featured_media":10406,"template":"","meta":[],"product_brand":[],"product_cat":[77,130],"product_tag":[],"class_list":{"0":"post-3212","1":"product","2":"type-product","3":"status-publish","4":"has-post-thumbnail","6":"product_cat-miel-du-monde","7":"product_cat-produits-medecine-ayurvedique","9":"first","10":"instock","11":"shipping-taxable","12":"purchasable","13":"product-type-simple"},"_links":{"self":[{"href":"https:\/\/www.miel-store.com\/pt\/wp-json\/wp\/v2\/product\/3212","targetHints":{"allow":["GET"]}}],"collection":[{"href":"https:\/\/www.miel-store.com\/pt\/wp-json\/wp\/v2\/product"}],"about":[{"href":"https:\/\/www.miel-store.com\/pt\/wp-json\/wp\/v2\/types\/product"}],"wp:featuredmedia":[{"embeddable":true,"href":"https:\/\/www.miel-store.com\/pt\/wp-json\/wp\/v2\/media\/10406"}],"wp:attachment":[{"href":"https:\/\/www.miel-store.com\/pt\/wp-json\/wp\/v2\/media?parent=3212"}],"wp:term":[{"taxonomy":"product_brand","embeddable":true,"href":"https:\/\/www.miel-store.com\/pt\/wp-json\/wp\/v2\/product_brand?post=3212"},{"taxonomy":"product_cat","embeddable":true,"href":"https:\/\/www.miel-store.com\/pt\/wp-json\/wp\/v2\/product_cat?post=3212"},{"taxonomy":"product_tag","embeddable":true,"href":"https:\/\/www.miel-store.com\/pt\/wp-json\/wp\/v2\/product_tag?post=3212"}],"curies":[{"name":"wp","href":"https:\/\/api.w.org\/{rel}","templated":true}]}}