{"id":1372,"date":"2022-09-09T14:20:42","date_gmt":"2022-09-09T12:20:42","guid":{"rendered":"https:\/\/www.miel-store.com\/?post_type=product&#038;p=1372"},"modified":"2026-04-30T11:52:24","modified_gmt":"2026-04-30T09:52:24","slug":"cristaux-de-menthe-5g-1001-vertus","status":"publish","type":"product","link":"https:\/\/www.miel-store.com\/pt\/p\/cristaux-de-menthe-5g-1001-vertus","title":{"rendered":"Cristaux de menthe &#8211; 20g"},"content":{"rendered":"<p>Les cristaux de menthe sont issus d\u2019une r\u00e9action naturelle \u00e0 partir de l\u2019huile de menthe japonaise. Refroidis \u00e0 une temp\u00e9rature de -22 degr\u00e9s Celsius, il forme cette jolie stalactite que nous vous vendons au c\u0153ur de ce r\u00e9cipient de 20 grammes. Vous souhaitez en savoir plus sur les usages naturels de ce produit. Sachez avant toute chose que l\u2019odeur fraiche, forte et chlorophyll\u00e9es de ce produit se conservent tr\u00e8s bien. En les gardant au c\u0153ur de votre placard de salle de bain, vous les conserverez cependant un laps de temps consid\u00e9rable.<\/p>\n<h2><strong>Les cristaux de menthe\u00a0: une m\u00e9thode naturelle pour soulager les rhumes<\/strong><\/h2>\n<p>Vous \u00eates dans un \u00e9tat grippal qui d\u00e9veloppe des sensations de nez bouch\u00e9, sinusite et maux de t\u00eate. Pas de souci\u00a0! Les cristaux de menthe r\u00e9alisent cette fonction revitalisante et de soulagement souhait\u00e9e. Leur fra\u00eecheur intense sont l\u00e0 pour enrayer le ph\u00e9nom\u00e8ne fi\u00e9vreux qui vous atteint.<\/p>\n<p>Comment\u00a0? En les incorporant dans de l\u2019eau ti\u00e8de \u00e0 mi bouillante, ins\u00e9rez-le pour qu\u2019ils fondent et d\u00e9gagent leur huile essentielle. Tout comme l\u2019eucalyptus, l\u2019effet des cristaux de menthe permet de\u00a0:<\/p>\n<ul>\n<li>D\u00e9boucher le nez et retrouver une bonne sensation de respiration<\/li>\n<li>Att\u00e9nuer les maux de t\u00eate<\/li>\n<li><a href=\"https:\/\/www.argentcolloidal.fr\/produit\/spray-nasal-argent-colloidal-15ppm-30ml\/\" target=\"_blank\" rel=\"noopener\"><strong>D\u00e9sinfecter la partie nasale<\/strong><\/a> et la gorge<\/li>\n<li>Diminuer le feu qui vous atteint dans la poitrine.<\/li>\n<\/ul>\n<p>Nous rappelons que les cristaux de menthe constituent un rem\u00e8de naturel. Ils ne vous dispensent pas d\u2019une visite chez le m\u00e9decin. Consid\u00e9rez-les comme un plus qui s\u2019utilisent tout comme le baume du tigre.<\/p>\n<h2><strong>La menthe nippone cristallis\u00e9e\u00a0: un moyen efficace pour lutter contre les douleurs et les courbatures<\/strong><\/h2>\n<p>Les cristaux de menthe s\u2019utilisent ici tout comme pour amoindrir l\u2019\u00e9tat grippal au c\u0153ur de l\u2019eau ti\u00e8de. Il vous suffira de masser ensuite \u00e0 l\u2019aide de l\u2019eau menthol\u00e9e les parties sujettes \u00e0 courbatures. Les cristaux de menthe produisent cet effet chauffant et frais \u00e0 la fois qui diminuent la douleur.<\/p>\n<p>Si vous souffrez de maux de dos, du ph\u00e9nom\u00e8ne des jambes lourdes ou de douleurs musculaires, essayez cette m\u00e9thode naturelle et spectaculaire. La nature regorge de produits naturels remarquables pour notre bien-\u00eatre. Pour traiter ces douleurs, vous en tirerez de nombreux b\u00e9n\u00e9fice tout comme la\u00a0<a href=\"https:\/\/www.miel-store.com\/pt\/p\/gordura-da-corcunda-do-camelo\/\"><strong>graisse de chameau<\/strong><\/a>.<\/p>\n<p>Rangez gentiment dans votre placard, c\u2019est l\u2019occasion de le sortir \u00e0 la moindre douleur.<\/p>\n<h3><strong>L\u2019ingr\u00e9dient remarquable pour traiter la mauvaise haleine<\/strong><\/h3>\n<p>Menthe et bonne haleine font tr\u00e8s bon m\u00e9nage. D\u2019ailleurs, saviez-vous que les cristaux de menthe constituent l\u2019un des ingr\u00e9dients principaux de la recette du dentifrice Miswak. Pas \u00e9tonnant, quand on conna\u00eet le r\u00f4le rafra\u00eechissant qu\u2019il joue pour pr\u00e9server l\u2019hygi\u00e8ne buccale. Voici donc les effets d\u00e9sirables que vous pouvez observer au c\u0153ur de votre brossage dentaire\u00a0:<\/p>\n<ul>\n<li>Excellente odeur qui se d\u00e9veloppe au c\u0153ur de la bouche<\/li>\n<li>Huile essentielle qui \u00e9radique les bact\u00e9ries de la bouche et de la langue<\/li>\n<li>Atteint les zones pas tr\u00e8s accessibles pour conforter l\u2019hygi\u00e8ne dentaire.<\/li>\n<\/ul>\n<p>Les cristaux de menthe s\u2019utilisent selon le m\u00eame protocole cit\u00e9 auparavant. Apr\u00e8s votre brossage dentaire, rincez-vous et gargarisez votre bouche \u00e0 l\u2019aide de cette solution. Vous attaquerez la journ\u00e9e avec une haleine fra\u00eeche et agr\u00e9able.<\/p>","protected":false},"excerpt":{"rendered":"<p>Les cristaux de menthe sont issus d\u2019une r\u00e9action naturelle \u00e0 partir de l\u2019huile de menthe japonaise. Refroidis \u00e0 une temp\u00e9rature de -22 degr\u00e9s Celsius, il forme cette jolie stalactite que nous vous vendons au c\u0153ur de ce r\u00e9cipient de 20 grammes. Vous souhaitez en savoir plus sur les usages naturels de ce produit. Sachez avant [&#8230;]\n","protected":false},"featured_media":10357,"template":"","meta":[],"product_brand":[],"product_cat":[89],"product_tag":[],"class_list":{"0":"post-1372","1":"product","2":"type-product","3":"status-publish","4":"has-post-thumbnail","6":"product_cat-cosmetiques","8":"first","9":"instock","10":"shipping-taxable","11":"purchasable","12":"product-type-simple"},"_links":{"self":[{"href":"https:\/\/www.miel-store.com\/pt\/wp-json\/wp\/v2\/product\/1372","targetHints":{"allow":["GET"]}}],"collection":[{"href":"https:\/\/www.miel-store.com\/pt\/wp-json\/wp\/v2\/product"}],"about":[{"href":"https:\/\/www.miel-store.com\/pt\/wp-json\/wp\/v2\/types\/product"}],"wp:featuredmedia":[{"embeddable":true,"href":"https:\/\/www.miel-store.com\/pt\/wp-json\/wp\/v2\/media\/10357"}],"wp:attachment":[{"href":"https:\/\/www.miel-store.com\/pt\/wp-json\/wp\/v2\/media?parent=1372"}],"wp:term":[{"taxonomy":"product_brand","embeddable":true,"href":"https:\/\/www.miel-store.com\/pt\/wp-json\/wp\/v2\/product_brand?post=1372"},{"taxonomy":"product_cat","embeddable":true,"href":"https:\/\/www.miel-store.com\/pt\/wp-json\/wp\/v2\/product_cat?post=1372"},{"taxonomy":"product_tag","embeddable":true,"href":"https:\/\/www.miel-store.com\/pt\/wp-json\/wp\/v2\/product_tag?post=1372"}],"curies":[{"name":"wp","href":"https:\/\/api.w.org\/{rel}","templated":true}]}}