{"id":10585,"date":"2026-05-08T14:30:52","date_gmt":"2026-05-08T12:30:52","guid":{"rendered":"https:\/\/www.miel-store.com\/?post_type=product&#038;p=10585"},"modified":"2026-05-10T04:16:51","modified_gmt":"2026-05-10T02:16:51","slug":"aker-fassi-em-terracota","status":"publish","type":"product","link":"https:\/\/www.miel-store.com\/pt\/p\/aker-fassi-en-terre-cuite","title":{"rendered":"Aker fassi em terracota - maquilhagem tradicional marroquina"},"content":{"rendered":"<header style=\"background: linear-gradient(135deg,#5b2417 0%,#a9482c 45%,#d78a59 100%); padding: 66px 20px 60px; text-align: center; position: relative; overflow: hidden; border-bottom: 2px solid #c56f47;\">\n<div style=\"position: absolute; inset: 0; background: radial-gradient(circle at 18% 22%,rgba(255,233,214,0.18),transparent 28%),radial-gradient(circle at 82% 26%,rgba(255,210,180,0.20),transparent 30%),radial-gradient(circle at 54% 86%,rgba(60,20,12,0.24),transparent 28%);\">&nbsp;<\/div>\n<div style=\"position: absolute; inset: 0; background-image: linear-gradient(rgba(255,255,255,0.04) 1px, transparent 1px),linear-gradient(90deg, rgba(255,255,255,0.04) 1px, transparent 1px); background-size: 42px 42px; opacity: 0.26;\">&nbsp;<\/div>\n<div style=\"position: relative; z-index: 1; max-width: 1020px; margin: 0 auto;\">\n<div style=\"display: inline-block; background: #3c160e; color: #ffd7c3; border: 1px solid #efb08d; border-radius: 28px; padding: 8px 18px; font-size: 0.82em; letter-spacing: 1.7px; text-transform: uppercase; margin-bottom: 18px; box-shadow: 0 8px 22px rgba(30,10,6,0.24);\">Marrocos - Terracota - Maquilhagem natural - L\u00e1bios e bochechas<\/div>\n<h2 style=\"font-size: 3em; line-height: 1.14; color: #fff7f0; margin: 0 0 14px; font-weight: bold;\">Aker Fassi em terracota<br \/><span style=\"font-size: 0.62em; color: #ffd9c8; font-style: italic;\">maquilhagem natural marroquina - ritual artesanal - comprar online<\/span><\/h2>\n<div style=\"display: flex; justify-content: center; gap: 14px; flex-wrap: wrap; margin-bottom: 30px;\"><span style=\"background: rgba(255,255,255,0.12); border: 1px solid rgba(255,223,205,0.42); padding: 9px 18px; border-radius: 24px; color: #fff7f0; font-size: 0.88em;\">\ud83c\udffa Terracota artesanal<\/span> <span style=\"background: rgba(255,255,255,0.12); border: 1px solid rgba(255,223,205,0.42); padding: 9px 18px; border-radius: 24px; color: #fff7f0; font-size: 0.88em;\">\ud83c\uddf2\ud83c\udde6 Inspira\u00e7\u00e3o marroquina<\/span> <span style=\"background: rgba(255,255,255,0.12); border: 1px solid rgba(255,223,205,0.42); padding: 9px 18px; border-radius: 24px; color: #fff7f0; font-size: 0.88em;\">L\u00e1bios e bochechas<\/span> <span style=\"background: rgba(255,255,255,0.12); border: 1px solid rgba(255,223,205,0.42); padding: 9px 18px; border-radius: 24px; color: #fff7f0; font-size: 0.88em;\">Papoila e rom\u00e3<\/span><\/div>\n<\/div>\n<\/header>\n<section style=\"background: #ffffff; padding: 56px 20px; border-bottom: 2px solid #eddcd2;\">\n<div style=\"max-width: 980px; margin: 0 auto; display: block;\">\n<div>\n<h2 style=\"margin: 0 0 14px; color: #321b14; font-size: 2em; font-weight: bold;\">Um ritual de beleza marroquino cl\u00e1ssico<\/h2>\n<p style=\"margin: 0 0 14px; color: #5d4036; font-size: 1.04em; line-height: 1.9;\">L\u2019<strong>Aker Fassi<\/strong> \u00e9 um dos produtos mais emblem\u00e1ticos da <strong>maquilhagem marroquina natural<\/strong>. Apreciado pelo seu formato tradicional e pela sua forte identidade visual, faz parte do patrim\u00f3nio dos rituais de beleza marroquinos, onde o gesto, o material e o recipiente s\u00e3o t\u00e3o importantes como o resultado.<\/p>\n<p style=\"margin: 0; color: #5d4036; font-size: 1.04em; line-height: 1.9;\">Apresentado num <strong>terracota<\/strong>, Evoca imediatamente o artesanato marroquino. O seu aspeto aut\u00eantico, a sua tonalidade vermelha inspirada nas apresenta\u00e7\u00f5es tradicionais e a sua aplica\u00e7\u00e3o modular fazem dele um produto procurado pelos amantes das artes e of\u00edcios. <strong>Cosm\u00e9ticos marroquinos<\/strong>, de <strong>Batom marroquino<\/strong> e <strong>blush natural<\/strong> com um encanto intemporal.<\/p>\n<\/div>\n<\/div>\n<\/section>\n<section style=\"background: #f5e7df; padding: 60px 20px; border-bottom: 2px solid #ead5c8;\">\n<div style=\"max-width: 950px; margin: 0 auto; text-align: center;\">\n<h2 style=\"margin: 0 0 14px; color: #321b14; font-size: 1.96em; font-weight: bold;\">Porqu\u00ea escolher a Aker Fassi em terracota?<\/h2>\n<p style=\"max-width: 780px; margin: 0 auto 30px; color: #725248; font-size: 0.98em; line-height: 1.84;\">Porque re\u00fane uma forte identidade artesanal, uma aut\u00eantica inspira\u00e7\u00e3o marroquina e gestos de beleza simples, elegantes e flex\u00edveis.<\/p>\n<div style=\"display: grid; grid-template-columns: repeat(auto-fit,minmax(260px,1fr)); gap: 18px;\">\n<div style=\"background: #ffffff; border: 1px solid #e8cfc0; border-radius: 14px; padding: 24px 22px; box-shadow: 0 3px 12px rgba(60,20,12,0.06);\">\n<h3 style=\"margin: 0 0 8px; color: #321b14; font-size: 1em;\">1 - Uma apresenta\u00e7\u00e3o ic\u00f3nica em terracota<\/h3>\n<p style=\"margin: 0; color: #5d4036; font-size: 0.9em; line-height: 1.75;\">Um recipiente com um estilo artesanal que distingue imediatamente a Aker Fassi da maquilhagem cl\u00e1ssica.<\/p>\n<\/div>\n<div style=\"background: #ffffff; border: 1px solid #e8cfc0; border-radius: 14px; padding: 24px 22px; box-shadow: 0 3px 12px rgba(60,20,12,0.06);\">\n<h3 style=\"margin: 0 0 8px; color: #321b14; font-size: 1em;\">2 - Maquilhagem marroquina natural<\/h3>\n<p style=\"margin: 0; color: #5d4036; font-size: 0.9em; line-height: 1.75;\">Um produto fortemente associado aos rituais de beleza marroquinos e a uma abordagem mais aut\u00eantica da maquilhagem.<\/p>\n<\/div>\n<div style=\"background: #ffffff; border: 1px solid #e8cfc0; border-radius: 14px; padding: 24px 22px; box-shadow: 0 3px 12px rgba(60,20,12,0.06);\">\n<h3 style=\"margin: 0 0 8px; color: #321b14; font-size: 1em;\">3 - Aplica\u00e7\u00e3o nos l\u00e1bios e nas ma\u00e7\u00e3s do rosto<\/h3>\n<p style=\"margin: 0; color: #5d4036; font-size: 0.9em; line-height: 1.75;\">Um gesto simples para dar um toque de cor a um sorriso ou despertar a luminosidade das ma\u00e7\u00e3s do rosto.<\/p>\n<\/div>\n<div style=\"background: #ffffff; border: 1px solid #e8cfc0; border-radius: 14px; padding: 24px 22px; box-shadow: 0 3px 12px rgba(60,20,12,0.06);\">\n<h3 style=\"margin: 0 0 8px; color: #321b14; font-size: 1em;\">4 - Intensidade regul\u00e1vel<\/h3>\n<p style=\"margin: 0; color: #5d4036; font-size: 0.9em; line-height: 1.75;\">Aplicar com os dedos ou com um pincel ligeiramente humedecido, ajustando o acabamento de acordo com o seu estado de esp\u00edrito.<\/p>\n<\/div>\n<div style=\"background: #ffffff; border: 1px solid #e8cfc0; border-radius: 14px; padding: 24px 22px; box-shadow: 0 3px 12px rgba(60,20,12,0.06);\">\n<h3 style=\"margin: 0 0 8px; color: #321b14; font-size: 1em;\">5 - Uma \u00f3ptima ideia de presente oriental<\/h3>\n<p style=\"margin: 0; color: #5d4036; font-size: 0.9em; line-height: 1.75;\">A sua est\u00e9tica tradicional e o seu universo marroquino fazem dele um produto cheio de car\u00e1cter para oferecer como presente.<\/p>\n<\/div>\n<div style=\"background: #ffffff; border: 1px solid #e8cfc0; border-radius: 14px; padding: 24px 22px; box-shadow: 0 3px 12px rgba(60,20,12,0.06);\">\n<h3 style=\"margin: 0 0 8px; color: #321b14; font-size: 1em;\">6 - Compras em linha f\u00e1ceis<\/h3>\n<p style=\"margin: 0; color: #5d4036; font-size: 0.9em; line-height: 1.75;\">Uma refer\u00eancia para quem procura um produto tradicional marroquino numa vers\u00e3o premium, pronto a ser descoberto.<\/p>\n<\/div>\n<\/div>\n<\/div>\n<\/section>\n<section style=\"background: #ffffff; padding: 60px 20px; border-bottom: 2px solid #eddcd2;\">\n<div style=\"max-width: 950px; margin: 0 auto;\">\n<h2 style=\"margin: 0 0 12px; color: #321b14; font-size: 1.96em; font-weight: bold; text-align: center;\">Gestos e renderiza\u00e7\u00e3o<\/h2>\n<p style=\"text-align: center; color: #7a5a50; font-size: 0.95em; margin: 0 0 34px; font-style: italic;\">Uma aplica\u00e7\u00e3o inspirada nos gestos tradicionais, para um acabamento ajust\u00e1vel e um charme naturalmente requintado.<\/p>\n<div style=\"display: grid; grid-template-columns: 1fr 1fr 1fr; gap: 18px;\">\n<div style=\"background: #f5e7df; border: 1px solid #e8cfc0; border-radius: 14px; padding: 26px 22px;\">\n<div style=\"font-size: 1.95em; margin-bottom: 10px; text-align: center;\">\ud83d\udca7<\/div>\n<h3 style=\"margin: 0 0 8px; color: #321b14; font-size: 1em; text-align: center;\">Prepara\u00e7\u00e3o<\/h3>\n<p style=\"margin: 0; color: #5d4036; font-size: 0.9em; line-height: 1.76; text-align: center;\">Humedecer ligeiramente o dedo ou o pincel com \u00e1gua ou \u00f3leo antes de aplicar o material.<\/p>\n<\/div>\n<div style=\"background: #f5e7df; border: 1px solid #e8cfc0; border-radius: 14px; padding: 26px 22px;\">\n<div style=\"font-size: 1.95em; margin-bottom: 10px; text-align: center;\">\ud83d\udc8b<\/div>\n<h3 style=\"margin: 0 0 8px; color: #321b14; font-size: 1em; text-align: center;\">Aplica\u00e7\u00e3o<\/h3>\n<p style=\"margin: 0; color: #5d4036; font-size: 0.9em; line-height: 1.76; text-align: center;\">Apanhar delicadamente o pigmento e aplic\u00e1-lo nos l\u00e1bios ou nas ma\u00e7\u00e3s do rosto, consoante o efeito desejado.<\/p>\n<\/div>\n<div style=\"background: #f5e7df; border: 1px solid #e8cfc0; border-radius: 14px; padding: 26px 22px;\">\n<div style=\"font-size: 1.95em; margin-bottom: 10px; text-align: center;\">\ud83c\udfa8<\/div>\n<h3 style=\"margin: 0 0 8px; color: #321b14; font-size: 1em; text-align: center;\">Modula\u00e7\u00e3o<\/h3>\n<p style=\"margin: 0; color: #5d4036; font-size: 0.9em; line-height: 1.76; text-align: center;\">A intensidade pode ser regulada em fun\u00e7\u00e3o da quantidade de material e do n\u00edvel de humidifica\u00e7\u00e3o escolhido.<\/p>\n<\/div>\n<\/div>\n<\/div>\n<\/section>\n<section style=\"background: #f5e7df; padding: 60px 20px; border-bottom: 2px solid #ead5c8;\">\n<div style=\"max-width: 950px; margin: 0 auto; display: grid; grid-template-columns: 1fr 1fr; gap: 24px; align-items: stretch;\">\n<div style=\"background: #ffffff; border: 1px solid #e8cfc0; border-radius: 14px; padding: 28px 24px; box-shadow: 0 3px 12px rgba(60,20,12,0.06);\">\n<h2 style=\"margin: 0 0 12px; color: #321b14; font-size: 1.52em; font-weight: bold;\">Modo de utiliza\u00e7\u00e3o<\/h2>\n<p style=\"margin: 0 0 12px; color: #5d4036; font-size: 0.95em; line-height: 1.86;\">Humedecer ligeiramente um dedo ou um pincel com \u00e1gua ou \u00f3leo, esfregar suavemente a superf\u00edcie pigmentada e depois aplicar nos l\u00e1bios ou nas ma\u00e7\u00e3s do rosto. Repetir a opera\u00e7\u00e3o se desejar intensificar a tonalidade.<\/p>\n<ul style=\"margin: 0; padding: 0 0 0 18px; color: #6f5147; font-size: 0.9em; line-height: 2;\">\n<li>Pode ser aplicado nos l\u00e1bios<\/li>\n<li>Utilizar como blush nas ma\u00e7\u00e3s do rosto<\/li>\n<li>Renderiza\u00e7\u00e3o ajust\u00e1vel em fun\u00e7\u00e3o da humidifica\u00e7\u00e3o<\/li>\n<li>Aplica\u00e7\u00e3o com os dedos ou com um pincel<\/li>\n<\/ul>\n<\/div>\n<div style=\"background: #ffffff; border: 1px solid #e8cfc0; border-radius: 14px; padding: 28px 24px; box-shadow: 0 3px 12px rgba(60,20,12,0.06);\">\n<h2 style=\"margin: 0 0 12px; color: #321b14; font-size: 1.52em; font-weight: bold;\">Sugest\u00f5es de armazenamento<\/h2>\n<p style=\"margin: 0 0 12px; color: #5d4036; font-size: 0.95em; line-height: 1.86;\">Guarde a Aker Fassi num local seco, longe da humidade e da luz direta. Manter a superf\u00edcie limpa ap\u00f3s cada utiliza\u00e7\u00e3o para preservar o seu belo aspeto artesanal.<\/p>\n<div style=\"background: #f5e7df; border: 1px solid #e8cfc0; border-radius: 10px; padding: 14px 16px; color: #6f5147; font-size: 0.87em; line-height: 1.72;\">Dica: \u00e9 melhor humedecer o dedo ou o pincel em vez de deitar \u00e1gua ou \u00f3leo diretamente sobre a terracota, para ajudar a preservar o material.<\/div>\n<\/div>\n<\/div>\n<\/section>\n<section style=\"background: #ffffff; padding: 60px 20px; border-bottom: 2px solid #eddcd2;\">\n<div style=\"max-width: 950px; margin: 0 auto;\">\n<h2 style=\"margin: 0 0 14px; color: #321b14; font-size: 1.96em; font-weight: bold; text-align: center;\">Composi\u00e7\u00e3o tradicional<\/h2>\n<p style=\"max-width: 790px; margin: 0 auto 28px; text-align: center; color: #7a5a50; font-size: 0.98em; line-height: 1.84; font-style: italic;\">As apresenta\u00e7\u00f5es consultadas associam a Aker Fassi a ingredientes vegetais que s\u00e3o emblem\u00e1ticos do mundo da cosm\u00e9tica tradicional marroquina.<\/p>\n<div style=\"background: #f5e7df; border: 1px solid #e8cfc0; border-radius: 14px; padding: 24px 22px; box-shadow: 0 3px 12px rgba(60,20,12,0.06); text-align: center; color: #321b14; font-size: 1em; line-height: 1.9;\"><strong>P\u00e9talas de papoila<\/strong> - <strong>Casca de rom\u00e3<\/strong> - <strong>suporte em terracota artesanal<\/strong>.<\/div>\n<div style=\"display: grid; grid-template-columns: repeat(auto-fit,minmax(220px,1fr)); gap: 18px; margin-top: 28px;\">\n<div style=\"background: #ffffff; border: 1px solid #e8cfc0; border-radius: 14px; padding: 22px 18px; text-align: center;\">\n<div style=\"font-size: 1.9em; margin-bottom: 10px;\">\ud83c\udf3a<\/div>\n<h3 style=\"margin: 0 0 6px; color: #321b14; font-size: 0.98em; font-weight: bold;\">P\u00e9talas de papoila<\/h3>\n<p style=\"margin: 0; color: #5d4036; font-size: 0.86em; line-height: 1.7;\">Tradicionalmente mencionado pela tonalidade vermelha emblem\u00e1tica associada \u00e0 Aker Fassi.<\/p>\n<\/div>\n<div style=\"background: #ffffff; border: 1px solid #e8cfc0; border-radius: 14px; padding: 22px 18px; text-align: center;\">\n<div style=\"font-size: 1.9em; margin-bottom: 10px;\">\ud83c\udf4e<\/div>\n<h3 style=\"margin: 0 0 6px; color: #321b14; font-size: 0.98em; font-weight: bold;\">Casca de rom\u00e3<\/h3>\n<p style=\"margin: 0; color: #5d4036; font-size: 0.86em; line-height: 1.7;\">Frequentemente utilizado em composi\u00e7\u00f5es tradicionais para enriquecer o pigmento.<\/p>\n<\/div>\n<div style=\"background: #ffffff; border: 1px solid #e8cfc0; border-radius: 14px; padding: 22px 18px; text-align: center;\">\n<div style=\"font-size: 1.9em; margin-bottom: 10px;\">\ud83c\udffa<\/div>\n<h3 style=\"margin: 0 0 6px; color: #321b14; font-size: 0.98em; font-weight: bold;\">Terracota trabalhada \u00e0 m\u00e3o<\/h3>\n<p style=\"margin: 0; color: #5d4036; font-size: 0.86em; line-height: 1.7;\">O suporte tradicional que confere ao conjunto a sua identidade marroquina distintiva.<\/p>\n<\/div>\n<\/div>\n<\/div>\n<\/section>\n<section style=\"background: #f5e7df; padding: 58px 20px; border-bottom: 2px solid #ead5c8;\">\n<div style=\"max-width: 950px; margin: 0 auto;\">\n<h2 style=\"margin: 0 0 16px; color: #321b14; font-size: 1.9em; font-weight: bold; text-align: center;\">O esp\u00edrito do produto<\/h2>\n<p style=\"max-width: 790px; margin: 0 auto 28px; text-align: center; color: #5d4036; font-size: 1em; line-height: 1.84;\">A terracota Aker Fassi evoca um mundo de beleza artesanal, rituais tradicionais e maquilhagem inspirada no gesto. \u00c9 uma refer\u00eancia ideal para as pessoas que se sentem atra\u00eddas pelo mundo da beleza artesanal. <strong>maquilhagem marroquina natural<\/strong>, objectos aut\u00eanticos de beleza e formatos que contam a hist\u00f3ria de um patrim\u00f3nio cultural.<\/p>\n<\/div>\n<\/section>\n<section style=\"background: #ffffff; padding: 60px 20px; border-bottom: 2px solid #eddcd2;\">\n<div style=\"max-width: 950px; margin: 0 auto;\">\n<h2 style=\"margin: 0 0 26px; color: #321b14; font-size: 1.92em; font-weight: bold; text-align: center;\">Refer\u00eancias de produtos<\/h2>\n<div style=\"overflow-x: auto;\">\n<table style=\"width: 100%; border-collapse: collapse; font-size: 0.93em; box-shadow: 0 3px 12px rgba(60,20,12,0.06); background: #ffffff; border-radius: 14px; overflow: hidden;\">\n<thead>\n<tr style=\"background: linear-gradient(135deg,#5b2417,#d78a59); color: #fff7f0;\">\n<th style=\"padding: 15px 18px; text-align: left; width: 34%;\">Carater\u00edsticas<\/th>\n<th style=\"padding: 15px 18px; text-align: left;\">Detalhes<\/th>\n<\/tr>\n<\/thead>\n<tbody>\n<tr style=\"background: #ffffff;\">\n<td style=\"padding: 14px 18px; border-bottom: 1px solid #ead5c8; font-weight: bold; color: #321b14;\">Nome do produto<\/td>\n<td style=\"padding: 14px 18px; border-bottom: 1px solid #ead5c8; color: #5d4036;\">Aker Fassi em terracota<\/td>\n<\/tr>\n<tr style=\"background: #fcf6f2;\">\n<td style=\"padding: 14px 18px; border-bottom: 1px solid #ead5c8; font-weight: bold; color: #321b14;\">Outros nomes<\/td>\n<td style=\"padding: 14px 18px; border-bottom: 1px solid #ead5c8; color: #5d4036;\">Aker Fassi marroquino, maquilhagem natural marroquina, batom tradicional marroquino<\/td>\n<\/tr>\n<tr style=\"background: #ffffff;\">\n<td style=\"padding: 14px 18px; border-bottom: 1px solid #ead5c8; font-weight: bold; color: #321b14;\">Origem da inspira\u00e7\u00e3o<\/td>\n<td style=\"padding: 14px 18px; border-bottom: 1px solid #ead5c8; color: #5d4036;\">Marrocos<\/td>\n<\/tr>\n<tr style=\"background: #fcf6f2;\">\n<td style=\"padding: 14px 18px; border-bottom: 1px solid #ead5c8; font-weight: bold; color: #321b14;\">Tipo<\/td>\n<td style=\"padding: 14px 18px; border-bottom: 1px solid #ead5c8; color: #5d4036;\">Maquilhagem tradicional para os l\u00e1bios e as ma\u00e7\u00e3s do rosto<\/td>\n<\/tr>\n<tr style=\"background: #ffffff;\">\n<td style=\"padding: 14px 18px; border-bottom: 1px solid #ead5c8; font-weight: bold; color: #321b14;\">Apresenta\u00e7\u00e3o<\/td>\n<td style=\"padding: 14px 18px; border-bottom: 1px solid #ead5c8; color: #5d4036;\">Pigmento sobre uma base ou recipiente tradicional de terracota<\/td>\n<\/tr>\n<tr style=\"background: #fcf6f2;\">\n<td style=\"padding: 14px 18px; border-bottom: 1px solid #ead5c8; font-weight: bold; color: #321b14;\">Universo<\/td>\n<td style=\"padding: 14px 18px; border-bottom: 1px solid #ead5c8; color: #5d4036;\">Beleza marroquina, rituais orientais, cosm\u00e9ticos naturais<\/td>\n<\/tr>\n<tr style=\"background: #ffffff;\">\n<td style=\"padding: 14px 18px; border-bottom: 1px solid #ead5c8; font-weight: bold; color: #321b14;\">Utiliza\u00e7\u00e3o principal<\/td>\n<td style=\"padding: 14px 18px; border-bottom: 1px solid #ead5c8; color: #5d4036;\">Batom e blush para as ma\u00e7\u00e3s do rosto<\/td>\n<\/tr>\n<tr style=\"background: #fcf6f2;\">\n<td style=\"padding: 14px 18px; border-bottom: 1px solid #ead5c8; font-weight: bold; color: #321b14;\">Composi\u00e7\u00e3o tradicionalmente associada<\/td>\n<td style=\"padding: 14px 18px; border-bottom: 1px solid #ead5c8; color: #5d4036;\">P\u00e9talas de papoila secas e casca de rom\u00e3<\/td>\n<\/tr>\n<tr style=\"background: #ffffff;\">\n<td style=\"padding: 14px 18px; border-bottom: 1px solid #ead5c8; font-weight: bold; color: #321b14;\">Posicionamento<\/td>\n<td style=\"padding: 14px 18px; border-bottom: 1px solid #ead5c8; color: #5d4036;\">Produto artesanal marroquino, <a href=\"https:\/\/www.miel-store.com\/pt\/p\/coffret-miel-du-maroc\/\">ideia de presente<\/a>, descoberta da beleza<\/td>\n<\/tr>\n<tr style=\"background: #fcf6f2;\">\n<td style=\"padding: 14px 18px; font-weight: bold; color: #321b14;\">Comprar online<\/td>\n<td style=\"padding: 14px 18px; color: #5d4036;\">Dispon\u00edvel na Miel Store num universo premium inspirado em Marrocos<\/td>\n<\/tr>\n<\/tbody>\n<\/table>\n<\/div>\n<\/div>\n<\/section>\n<section style=\"background: #f5e7df; padding: 60px 20px 70px;\" itemscope=\"\" itemtype=\"https:\/\/schema.org\/FAQPage\">\n<div style=\"max-width: 940px; margin: 0 auto;\">\n<h2 style=\"margin: 0 0 22px; color: #321b14; font-size: 1.96em; font-weight: bold; text-align: center;\">FAQ - Aker Fassi em terracota<\/h2>\n<div style=\"display: grid; gap: 18px;\">\n<div style=\"background: #ffffff; border: 1px solid #e8cfc0; border-radius: 14px; padding: 24px 22px; box-shadow: 0 3px 12px rgba(60,20,12,0.05);\" itemprop=\"mainEntity\" itemscope=\"\" itemtype=\"https:\/\/schema.org\/Question\">\n<h3 style=\"margin: 0 0 10px; color: #321b14; font-size: 1.05em;\" itemprop=\"name\">O que \u00e9 a terracota Aker Fassi?<\/h3>\n<div itemprop=\"acceptedAnswer\" itemscope=\"\" itemtype=\"https:\/\/schema.org\/Answer\">\n<p style=\"margin: 0; color: #5d4036; font-size: 0.94em; line-height: 1.82;\" itemprop=\"text\">Terracotta Aker Fassi \u00e9 uma maquilhagem marroquina natural inspirada nas tradi\u00e7\u00f5es de beleza marroquinas. \u00c9 utilizada principalmente nos l\u00e1bios e nas ma\u00e7\u00e3s do rosto.<\/p>\n<\/div>\n<\/div>\n<div style=\"background: #ffffff; border: 1px solid #e8cfc0; border-radius: 14px; padding: 24px 22px; box-shadow: 0 3px 12px rgba(60,20,12,0.05);\" itemprop=\"mainEntity\" itemscope=\"\" itemtype=\"https:\/\/schema.org\/Question\">\n<h3 style=\"margin: 0 0 10px; color: #321b14; font-size: 1.05em;\" itemprop=\"name\">Porque \u00e9 que \u00e9 apresentado em terracota?<\/h3>\n<div itemprop=\"acceptedAnswer\" itemscope=\"\" itemtype=\"https:\/\/schema.org\/Answer\">\n<p style=\"margin: 0; color: #5d4036; font-size: 0.94em; line-height: 1.82;\" itemprop=\"text\">A terracota faz parte da est\u00e9tica tradicional da Aker Fassi. Confere-lhe um car\u00e1cter artesanal e aut\u00eantico que \u00e9 imediatamente associado ao artesanato marroquino.<\/p>\n<\/div>\n<\/div>\n<div style=\"background: #ffffff; border: 1px solid #e8cfc0; border-radius: 14px; padding: 24px 22px; box-shadow: 0 3px 12px rgba(60,20,12,0.05);\" itemprop=\"mainEntity\" itemscope=\"\" itemtype=\"https:\/\/schema.org\/Question\">\n<h3 style=\"margin: 0 0 10px; color: #321b14; font-size: 1.05em;\" itemprop=\"name\">Como \u00e9 que utilizo o Aker Fassi?<\/h3>\n<div itemprop=\"acceptedAnswer\" itemscope=\"\" itemtype=\"https:\/\/schema.org\/Answer\">\n<p style=\"margin: 0; color: #5d4036; font-size: 0.94em; line-height: 1.82;\" itemprop=\"text\">Humede\u00e7a ligeiramente um dedo ou um pincel com \u00e1gua ou \u00f3leo, retire uma pequena quantidade de pigmento da terracota e aplique-a nos l\u00e1bios ou nas ma\u00e7\u00e3s do rosto. A intensidade pode ser ajustada.<\/p>\n<\/div>\n<\/div>\n<div style=\"background: #ffffff; border: 1px solid #e8cfc0; border-radius: 14px; padding: 24px 22px; box-shadow: 0 3px 12px rgba(60,20,12,0.05);\" itemprop=\"mainEntity\" itemscope=\"\" itemtype=\"https:\/\/schema.org\/Question\">\n<h3 style=\"margin: 0 0 10px; color: #321b14; font-size: 1.05em;\" itemprop=\"name\">Onde \u00e9 que deve ser aplicado?<\/h3>\n<div itemprop=\"acceptedAnswer\" itemscope=\"\" itemtype=\"https:\/\/schema.org\/Answer\">\n<p style=\"margin: 0; color: #5d4036; font-size: 0.94em; line-height: 1.82;\" itemprop=\"text\">\u00c9 utilizado principalmente como corante para os l\u00e1bios e como blush natural para as ma\u00e7\u00e3s do rosto, num esp\u00edrito de maquilhagem simples e requintada.<\/p>\n<\/div>\n<\/div>\n<div style=\"background: #ffffff; border: 1px solid #e8cfc0; border-radius: 14px; padding: 24px 22px; box-shadow: 0 3px 12px rgba(60,20,12,0.05);\" itemprop=\"mainEntity\" itemscope=\"\" itemtype=\"https:\/\/schema.org\/Question\">\n<h3 style=\"margin: 0 0 10px; color: #321b14; font-size: 1.05em;\" itemprop=\"name\">Que ingredientes s\u00e3o tradicionalmente associados \u00e0 Aker Fassi?<\/h3>\n<div itemprop=\"acceptedAnswer\" itemscope=\"\" itemtype=\"https:\/\/schema.org\/Answer\">\n<p style=\"margin: 0; color: #5d4036; font-size: 0.94em; line-height: 1.82;\" itemprop=\"text\">As descri\u00e7\u00f5es tradicionais mencionam mais frequentemente p\u00e9talas de papoila secas e cascas de rom\u00e3, combinadas com uma base de terracota.<\/p>\n<\/div>\n<\/div>\n<div style=\"background: #ffffff; border: 1px solid #e8cfc0; border-radius: 14px; padding: 24px 22px; box-shadow: 0 3px 12px rgba(60,20,12,0.05);\" itemprop=\"mainEntity\" itemscope=\"\" itemtype=\"https:\/\/schema.org\/Question\">\n<h3 style=\"margin: 0 0 10px; color: #321b14; font-size: 1.05em;\" itemprop=\"name\">Porqu\u00ea escolher um Aker Fassi marroquino?<\/h3>\n<div itemprop=\"acceptedAnswer\" itemscope=\"\" itemtype=\"https:\/\/schema.org\/Answer\">\n<p style=\"margin: 0; color: #5d4036; font-size: 0.94em; line-height: 1.82;\" itemprop=\"text\">Porque combina uma bela identidade visual, um gesto inspirado nas tradi\u00e7\u00f5es marroquinas e uma apresenta\u00e7\u00e3o aut\u00eantica que a distingue numa rotina de beleza.<\/p>\n<\/div>\n<\/div>\n<div style=\"background: #ffffff; border: 1px solid #e8cfc0; border-radius: 14px; padding: 24px 22px; box-shadow: 0 3px 12px rgba(60,20,12,0.05);\" itemprop=\"mainEntity\" itemscope=\"\" itemtype=\"https:\/\/schema.org\/Question\">\n<h3 style=\"margin: 0 0 10px; color: #321b14; font-size: 1.05em;\" itemprop=\"name\">Como deve ser armazenado o Aker Fassi?<\/h3>\n<div itemprop=\"acceptedAnswer\" itemscope=\"\" itemtype=\"https:\/\/schema.org\/Answer\">\n<p style=\"margin: 0; color: #5d4036; font-size: 0.94em; line-height: 1.82;\" itemprop=\"text\">Guarde-o num local seco, longe da humidade e da luz direta, e mantenha-o limpo ap\u00f3s a utiliza\u00e7\u00e3o.<\/p>\n<\/div>\n<\/div>\n<div style=\"background: #ffffff; border: 1px solid #e8cfc0; border-radius: 14px; padding: 24px 22px; box-shadow: 0 3px 12px rgba(60,20,12,0.05);\" itemprop=\"mainEntity\" itemscope=\"\" itemtype=\"https:\/\/schema.org\/Question\">\n<h3 style=\"margin: 0 0 10px; color: #321b14; font-size: 1.05em;\" itemprop=\"name\">Porqu\u00ea comprar Aker Fassi online na Miel Store?<\/h3>\n<div itemprop=\"acceptedAnswer\" itemscope=\"\" itemtype=\"https:\/\/schema.org\/Answer\">\n<p style=\"margin: 0; color: #5d4036; font-size: 0.94em; line-height: 1.82;\" itemprop=\"text\">Porque a Miel Store oferece um universo premium inspirado em Marrocos, concebido para apresentar produtos artesanais tradicionais e elegantes como presentes ou descobertas.<\/p>\n<\/div>\n<\/div>\n<\/div>\n<\/div>\n<\/section>","protected":false},"excerpt":{"rendered":"<p>O Aker Fassi em terracota incorpora a eleg\u00e2ncia do <strong>maquilhagem tradicional marroquina<\/strong>. Apresentado num formato artesanal ic\u00f3nico, seduz pela sua est\u00e9tica aut\u00eantica, o seu gesto simples e a sua utiliza\u00e7\u00e3o vers\u00e1til nos l\u00e1bios e nas ma\u00e7\u00e3s do rosto.<\/p>","protected":false},"featured_media":10586,"template":"","meta":[],"product_brand":[],"product_cat":[89],"product_tag":[],"class_list":{"0":"post-10585","1":"product","2":"type-product","3":"status-publish","4":"has-post-thumbnail","6":"product_cat-cosmetiques","8":"first","9":"instock","10":"shipping-taxable","11":"purchasable","12":"product-type-simple"},"_links":{"self":[{"href":"https:\/\/www.miel-store.com\/pt\/wp-json\/wp\/v2\/product\/10585","targetHints":{"allow":["GET"]}}],"collection":[{"href":"https:\/\/www.miel-store.com\/pt\/wp-json\/wp\/v2\/product"}],"about":[{"href":"https:\/\/www.miel-store.com\/pt\/wp-json\/wp\/v2\/types\/product"}],"wp:featuredmedia":[{"embeddable":true,"href":"https:\/\/www.miel-store.com\/pt\/wp-json\/wp\/v2\/media\/10586"}],"wp:attachment":[{"href":"https:\/\/www.miel-store.com\/pt\/wp-json\/wp\/v2\/media?parent=10585"}],"wp:term":[{"taxonomy":"product_brand","embeddable":true,"href":"https:\/\/www.miel-store.com\/pt\/wp-json\/wp\/v2\/product_brand?post=10585"},{"taxonomy":"product_cat","embeddable":true,"href":"https:\/\/www.miel-store.com\/pt\/wp-json\/wp\/v2\/product_cat?post=10585"},{"taxonomy":"product_tag","embeddable":true,"href":"https:\/\/www.miel-store.com\/pt\/wp-json\/wp\/v2\/product_tag?post=10585"}],"curies":[{"name":"wp","href":"https:\/\/api.w.org\/{rel}","templated":true}]}}