{"id":10440,"date":"2026-04-25T16:56:48","date_gmt":"2026-04-25T14:56:48","guid":{"rendered":"https:\/\/www.miel-store.com\/?post_type=product&#038;p=10440"},"modified":"2026-04-25T17:00:02","modified_gmt":"2026-04-25T15:00:02","slug":"oleo-de-chebe-do-chade","status":"publish","type":"product","link":"https:\/\/www.miel-store.com\/pt\/p\/huile-de-chebe-du-tchad","title":{"rendered":"\u00d3leo Chad ch\u00e9b\u00e9 - \u00d3leo natural para o cabelo - 100 ml"},"content":{"rendered":"<header style=\"background: linear-gradient(135deg,#4b2f1f 0%,#8a5a37 44%,#d1a46d 100%); padding: 66px 20px 60px; text-align: center; position: relative; overflow: hidden; border-bottom: 2px solid #d7b084;\">\n<div style=\"position: absolute; inset: 0; background: radial-gradient(circle at 18% 22%,rgba(255,255,255,0.16),transparent 28%),radial-gradient(circle at 82% 28%,rgba(255,228,184,0.20),transparent 32%),radial-gradient(circle at 54% 86%,rgba(78,48,23,0.22),transparent 28%);\">&nbsp;<\/div>\n<div style=\"position: absolute; inset: 0; background-image: linear-gradient(rgba(255,255,255,0.05) 1px, transparent 1px),linear-gradient(90deg, rgba(255,255,255,0.05) 1px, transparent 1px); background-size: 42px 42px; opacity: 0.26;\">&nbsp;<\/div>\n<div style=\"position: relative; z-index: 1; max-width: 980px; margin: 0 auto;\">\n<div style=\"display: inline-block; background: #2d1a11; color: #f3d39b; border: 1px solid #e2ba7d; border-radius: 28px; padding: 8px 18px; font-size: 0.82em; letter-spacing: 1.7px; text-transform: uppercase; margin-bottom: 18px; box-shadow: 0 8px 22px rgba(45,26,17,0.18);\">Chade - Ritual capilar - \u00d3leo de ch\u00e9b\u00e9 natural<\/div>\n<h2 style=\"font-size: 3em; line-height: 1.14; color: #fff8ef; margin: 0 0 14px; font-weight: bold;\">Azeite de Ch\u00e9b\u00e9 do Chade<br \/><span style=\"font-size: 0.62em; color: #ffe0b8; font-style: italic;\">\u00f3leo natural de carvalho para o cabelo<\/span><\/h2>\n<div style=\"display: flex; justify-content: center; gap: 14px; flex-wrap: wrap; margin-bottom: 30px;\"><span style=\"background: rgba(255,255,255,0.10); border: 1px solid rgba(255,229,193,0.34); padding: 9px 18px; border-radius: 24px; color: #fff7eb; font-size: 0.88em;\">\u00d3leo de carvalho natural<\/span> <span style=\"background: rgba(255,255,255,0.10); border: 1px solid rgba(255,229,193,0.34); padding: 9px 18px; border-radius: 24px; color: #fff7eb; font-size: 0.88em;\">\ud83c\uddf9\ud83c\udde9 Inspira\u00e7\u00e3o Chad<\/span> <span style=\"background: rgba(255,255,255,0.10); border: 1px solid rgba(255,229,193,0.34); padding: 9px 18px; border-radius: 24px; color: #fff7eb; font-size: 0.88em;\">\ud83d\udc86 Rotina do cabelo<\/span> <span style=\"background: rgba(255,255,255,0.10); border: 1px solid rgba(255,229,193,0.34); padding: 9px 18px; border-radius: 24px; color: #fff7eb; font-size: 0.88em;\">Comprimentos e dicas<\/span><\/div>\n<\/div>\n<\/header>\n<section style=\"background: #ffffff; padding: 56px 20px; border-bottom: 2px solid #efe3d3;\">\n<div style=\"max-width: 950px; margin: 0 auto; text-align: center;\">\n<h2 style=\"margin: 0 0 14px; color: #251d18; font-size: 2em; font-weight: bold;\">Um \u00f3leo para o cabelo inspirado num ritual de beleza consagrado pelo tempo<\/h2>\n<p style=\"max-width: 800px; margin: 0 auto 30px; color: #5d4a3a; font-size: 1.05em; line-height: 1.9;\">O Ch\u00e9b\u00e9 est\u00e1 associado \u00e0s pr\u00e1ticas tradicionais de cuidados capilares no Chade, onde os cuidados capilares fazem parte de um gesto, de uma rotina e de uma transmiss\u00e3o. Na sua vers\u00e3o oleosa, torna-se mais simples de aplicar e mais f\u00e1cil de integrar numa rotina moderna, mantendo a forte dimens\u00e3o cultural que constitui a sua identidade.<\/p>\n<div style=\"display: grid; grid-template-columns: repeat(auto-fit,minmax(190px,1fr)); gap: 18px; max-width: 880px; margin: 0 auto;\">\n<div style=\"background: #fcf8f2; border: 1px solid #eadcca; border-radius: 14px; padding: 24px 18px;\">\n<div style=\"font-size: 2em; margin-bottom: 8px;\">\ud83e\udd0e<\/div>\n<div style=\"color: #251d18; font-weight: bold; font-size: 0.97em;\">Um tratamento mais suave<\/div>\n<div style=\"color: #6a5644; font-size: 0.83em; line-height: 1.62; margin-top: 6px;\">Uma textura oleosa que \u00e9 f\u00e1cil de incorporar em qualquer rotina capilar<\/div>\n<\/div>\n<div style=\"background: #fcf8f2; border: 1px solid #eadcca; border-radius: 14px; padding: 24px 18px;\">\n<div style=\"font-size: 2em; margin-bottom: 8px;\">\ud83c\uddf9\ud83c\udde9<\/div>\n<div style=\"color: #251d18; font-weight: bold; font-size: 0.97em;\">Uma s\u00f3lida forma\u00e7\u00e3o cultural<\/div>\n<div style=\"color: #6a5644; font-size: 0.83em; line-height: 1.62; margin-top: 6px;\">O produto evoca imediatamente o mundo do Chade e os seus rituais capilares.<\/div>\n<\/div>\n<div style=\"background: #fcf8f2; border: 1px solid #eadcca; border-radius: 14px; padding: 24px 18px;\">\n<div style=\"font-size: 2em; margin-bottom: 8px;\">\ud83d\udc86<\/div>\n<div style=\"color: #251d18; font-weight: bold; font-size: 0.97em;\">Um lugar natural para a rotina<\/div>\n<div style=\"color: #6a5644; font-size: 0.83em; line-height: 1.62; margin-top: 6px;\">Banho de \u00f3leo, comprimentos, pontas ou tratamento final de acordo com os seus h\u00e1bitos<\/div>\n<\/div>\n<div style=\"background: #fcf8f2; border: 1px solid #eadcca; border-radius: 14px; padding: 24px 18px;\">\n<div style=\"font-size: 2em; margin-bottom: 8px;\">\ud83c\udf3e<\/div>\n<div style=\"color: #251d18; font-weight: bold; font-size: 0.97em;\">Um material para o cabelo inspirado<\/div>\n<div style=\"color: #6a5644; font-size: 0.83em; line-height: 1.62; margin-top: 6px;\">Um produto escolhido tanto pela sua hist\u00f3ria como pela sua utiliza\u00e7\u00e3o no cuidado do cabelo<\/div>\n<\/div>\n<\/div>\n<\/div>\n<\/section>\n<section style=\"background: #faf6ef; padding: 60px 20px; border-bottom: 2px solid #eddfce;\">\n<div style=\"max-width: 950px; margin: 0 auto;\">\n<h2 style=\"margin: 0 0 12px; color: #251d18; font-size: 1.96em; font-weight: bold; text-align: center;\">O esp\u00edrito do \u00f3leo de carvalho natural<\/h2>\n<p style=\"text-align: center; color: #715c48; font-size: 0.95em; margin: 0 0 34px; font-style: italic;\">Um produto para o cuidado do cabelo que tem tanto de subst\u00e2ncia como de ritual.<\/p>\n<div style=\"display: grid; grid-template-columns: 1fr 1fr; gap: 24px; align-items: stretch;\">\n<div style=\"background: #ffffff; border: 1px solid #eadcca; border-radius: 14px; padding: 28px 24px; box-shadow: 0 3px 12px rgba(42,33,27,0.05);\">\n<h3 style=\"margin: 0 0 12px; color: #251d18; font-size: 1.08em; font-weight: bold; display: flex; align-items: center; gap: 8px;\"><span style=\"background: #3a2417; color: #f0cf97; width: 28px; height: 28px; border-radius: 50%; display: inline-flex; align-items: center; justify-content: center; font-size: 0.76em;\">\ud83c\udf3f<\/span> Uma vers\u00e3o mais simples do gesto tradicional<\/h3>\n<p style=\"margin: 0 0 10px; color: #5d4a3a; font-size: 0.92em; line-height: 1.86;\">Na utiliza\u00e7\u00e3o tradicional, o ch\u00e9b\u00e9 faz parte de um ritual mais longo, frequentemente associado \u00e0 \u00e1gua, aos \u00f3leos e \u00e0 cria\u00e7\u00e3o de penteados. A vers\u00e3o oleosa \u00e9 mais direta, mais flex\u00edvel e mais f\u00e1cil de incorporar numa rotina capilar regular, sem perder a inspira\u00e7\u00e3o original.<\/p>\n<ul style=\"margin: 0; padding: 0 0 0 18px; color: #6b5845; font-size: 0.89em; line-height: 2;\">\n<li>Uma textura agrad\u00e1vel para espalhar pelo cabelo<\/li>\n<li>Uma rotina mais simples<\/li>\n<li>Uma abordagem concebida para comprimentos e extremidades<\/li>\n<li>Cuidados com uma verdadeira dimens\u00e3o cultural<\/li>\n<\/ul>\n<\/div>\n<div style=\"background: #ffffff; border: 1px solid #eadcca; border-radius: 14px; padding: 28px 24px; box-shadow: 0 3px 12px rgba(42,33,27,0.05);\">\n<h3 style=\"margin: 0 0 12px; color: #251d18; font-size: 1.08em; font-weight: bold; display: flex; align-items: center; gap: 8px;\"><span style=\"background: #3a2417; color: #f0cf97; width: 28px; height: 28px; border-radius: 50%; display: inline-flex; align-items: center; justify-content: center; font-size: 0.76em;\">\ud83d\udc9b<\/span> Um \u00f3leo escolhido pelo seu universo capilar<\/h3>\n<p style=\"margin: 0 0 12px; color: #5d4a3a; font-size: 0.92em; line-height: 1.86;\">O \u00f3leo de Chad ch\u00e9b\u00e9 \u00e9 particularmente apelativo para quem procura um cuidado inspirado, enraizado na hist\u00f3ria e concebido para acompanhar uma rotina mais envolvente. \u00c9 tamb\u00e9m perfeito para os cabelos com textura e para as pessoas que gostam de cuidar constantemente dos seus comprimentos.<\/p>\n<div style=\"background: #fcf8f2; border: 1px solid #ecdcca; border-radius: 10px; padding: 14px 16px;\">\n<p style=\"margin: 0; color: #665340; font-size: 0.86em; line-height: 1.72;\"><strong>O que se destaca:<\/strong> um \u00f3leo natural para o cabelo, tradicional, de aplica\u00e7\u00e3o suave e que d\u00e1 prazer utilizar regularmente.<\/p>\n<\/div>\n<\/div>\n<\/div>\n<\/div>\n<\/section>\n<section style=\"background: #ffffff; padding: 60px 20px; border-bottom: 2px solid #efe3d3;\">\n<div style=\"max-width: 950px; margin: 0 auto;\">\n<h2 style=\"margin: 0 0 12px; color: #251d18; font-size: 1.96em; font-weight: bold; text-align: center;\">Porqu\u00ea escolher o \u00f3leo de ch\u00e9b\u00e9 do Chade?<\/h2>\n<p style=\"text-align: center; color: #715c48; font-size: 0.95em; margin: 0 0 34px;\">Porque combina uma identidade forte, uma textura agrad\u00e1vel e um verdadeiro lugar nas rotinas capilares.<\/p>\n<div style=\"display: grid; grid-template-columns: repeat(auto-fit,minmax(280px,1fr)); gap: 18px;\">\n<div style=\"background: linear-gradient(135deg,#fffdfa,#f3e7d7); border: 1px solid #eadcca; border-radius: 14px; padding: 24px 22px;\">\n<h3 style=\"margin: 0 0 8px; color: #251d18; font-size: 1em;\">1 - Forte inspira\u00e7\u00e3o tradicional<\/h3>\n<p style=\"margin: 0; color: #5f4c3a; font-size: 0.89em; line-height: 1.75;\">Ch\u00e9b\u00e9 evoca imediatamente imagens das tradi\u00e7\u00f5es chadianas de cuidados capilares transmitidas ao longo dos anos.<\/p>\n<\/div>\n<div style=\"background: linear-gradient(135deg,#fffdfa,#f3e7d7); border: 1px solid #eadcca; border-radius: 14px; padding: 24px 22px;\">\n<h3 style=\"margin: 0 0 8px; color: #251d18; font-size: 1em;\">2 - Aplica\u00e7\u00e3o f\u00e1cil<\/h3>\n<p style=\"margin: 0; color: #5f4c3a; font-size: 0.89em; line-height: 1.75;\">A sua forma oleosa facilita a sua utiliza\u00e7\u00e3o como banho de \u00f3leo, no comprimento ou nas pontas.<\/p>\n<\/div>\n<div style=\"background: linear-gradient(135deg,#fffdfa,#f3e7d7); border: 1px solid #eadcca; border-radius: 14px; padding: 24px 22px;\">\n<h3 style=\"margin: 0 0 8px; color: #251d18; font-size: 1em;\">3 - Um \u00f3leo concebido para a sua rotina capilar<\/h3>\n<p style=\"margin: 0; color: #5f4c3a; font-size: 0.89em; line-height: 1.75;\">Combina bem com gestos e rotinas regulares constru\u00eddos em torno do cuidado com o comprimento.<\/p>\n<\/div>\n<div style=\"background: linear-gradient(135deg,#fffdfa,#f3e7d7); border: 1px solid #eadcca; border-radius: 14px; padding: 24px 22px;\">\n<h3 style=\"margin: 0 0 8px; color: #251d18; font-size: 1em;\">4 - Uma textura envolvente<\/h3>\n<p style=\"margin: 0; color: #5f4c3a; font-size: 0.89em; line-height: 1.75;\">\u00c9 um produto que agrada a quem gosta de cuidados de pele oleosa e de aplica\u00e7\u00f5es mais sensoriais.<\/p>\n<\/div>\n<div style=\"background: linear-gradient(135deg,#fffdfa,#f3e7d7); border: 1px solid #eadcca; border-radius: 14px; padding: 24px 22px;\">\n<h3 style=\"margin: 0 0 8px; color: #251d18; font-size: 1em;\">5 - Consist\u00eancia bonita para cabelos com textura<\/h3>\n<p style=\"margin: 0; color: #5f4c3a; font-size: 0.89em; line-height: 1.75;\">O seu mundo est\u00e1 frequentemente associado a longas rotinas, cabelos texturizados e cuidados regulares.<\/p>\n<\/div>\n<div style=\"background: linear-gradient(135deg,#fffdfa,#f3e7d7); border: 1px solid #eadcca; border-radius: 14px; padding: 24px 22px;\">\n<h3 style=\"margin: 0 0 8px; color: #251d18; font-size: 1em;\">6 - Um tratamento que conta uma hist\u00f3ria<\/h3>\n<p style=\"margin: 0; color: #5f4c3a; font-size: 0.89em; line-height: 1.75;\">Para al\u00e9m da f\u00f3rmula, \u00e9 tamb\u00e9m um produto escolhido pela sua origem e dimens\u00e3o cultural.<\/p>\n<\/div>\n<\/div>\n<\/div>\n<\/section>\n<section style=\"background: #faf6ef; padding: 60px 20px; border-bottom: 2px solid #eddfce;\">\n<div style=\"max-width: 950px; margin: 0 auto;\">\n<h2 style=\"margin: 0 0 26px; color: #251d18; font-size: 1.92em; font-weight: bold; text-align: center;\">Refer\u00eancias de produtos<\/h2>\n<div style=\"overflow-x: auto;\">\n<table style=\"width: 100%; border-collapse: collapse; font-size: 0.93em; box-shadow: 0 3px 12px rgba(42,33,27,0.05); background: #ffffff; border-radius: 14px; overflow: hidden;\">\n<thead>\n<tr style=\"background: linear-gradient(135deg,#3a2417,#8f5a34); color: #f8e6c3;\">\n<th style=\"padding: 15px 18px; text-align: left; width: 34%;\">Carater\u00edsticas<\/th>\n<th style=\"padding: 15px 18px; text-align: left;\">Detalhes<\/th>\n<\/tr>\n<\/thead>\n<tbody>\n<tr style=\"background: #ffffff;\">\n<td style=\"padding: 14px 18px; border-bottom: 1px solid #efe3d3; font-weight: bold; color: #251d18;\">Nome do produto<\/td>\n<td style=\"padding: 14px 18px; border-bottom: 1px solid #efe3d3; color: #5f4c3a;\">Azeite de Ch\u00e9b\u00e9 do Chade<\/td>\n<\/tr>\n<tr style=\"background: #fdf9f4;\">\n<td style=\"padding: 14px 18px; border-bottom: 1px solid #efe3d3; font-weight: bold; color: #251d18;\">Outras formula\u00e7\u00f5es<\/td>\n<td style=\"padding: 14px 18px; border-bottom: 1px solid #efe3d3; color: #5f4c3a;\">\u00d3leo de carvalho natural, \u00f3leo de carvalho para o cabelo<\/td>\n<\/tr>\n<tr style=\"background: #ffffff;\">\n<td style=\"padding: 14px 18px; border-bottom: 1px solid #efe3d3; font-weight: bold; color: #251d18;\">Tipo<\/td>\n<td style=\"padding: 14px 18px; border-bottom: 1px solid #efe3d3; color: #5f4c3a;\">\u00d3leo capilar \/ macerado oleoso inspirado no ch\u00e9b\u00e9<\/td>\n<\/tr>\n<tr style=\"background: #fdf9f4;\">\n<td style=\"padding: 14px 18px; border-bottom: 1px solid #efe3d3; font-weight: bold; color: #251d18;\">Origem destacada<\/td>\n<td style=\"padding: 14px 18px; border-bottom: 1px solid #efe3d3; color: #5f4c3a;\">Chade<\/td>\n<\/tr>\n<tr style=\"background: #ffffff;\">\n<td style=\"padding: 14px 18px; border-bottom: 1px solid #efe3d3; font-weight: bold; color: #251d18;\">Universo<\/td>\n<td style=\"padding: 14px 18px; border-bottom: 1px solid #efe3d3; color: #5f4c3a;\">Rotina do cabelo, comprimentos, pontas, ritual do cabelo<\/td>\n<\/tr>\n<tr style=\"background: #fdf9f4;\">\n<td style=\"padding: 14px 18px; border-bottom: 1px solid #efe3d3; font-weight: bold; color: #251d18;\">Utiliza\u00e7\u00e3o<\/td>\n<td style=\"padding: 14px 18px; border-bottom: 1px solid #efe3d3; color: #5f4c3a;\">Banho de \u00f3leo, comprimentos, pontas, cuidados de acabamento<\/td>\n<\/tr>\n<tr style=\"background: #ffffff;\">\n<td style=\"padding: 14px 18px; border-bottom: 1px solid #efe3d3; font-weight: bold; color: #251d18;\">Perfis de cabelo<\/td>\n<td style=\"padding: 14px 18px; border-bottom: 1px solid #efe3d3; color: #5f4c3a;\">Todos os tipos de cabelo, com um interesse particular nos cabelos com textura<\/td>\n<\/tr>\n<tr style=\"background: #fdf9f4;\">\n<td style=\"padding: 14px 18px; border-bottom: 1px solid #efe3d3; font-weight: bold; color: #251d18;\">Textura<\/td>\n<td style=\"padding: 14px 18px; border-bottom: 1px solid #efe3d3; color: #5f4c3a;\">Oleoso, envolvente, f\u00e1cil de espalhar<\/td>\n<\/tr>\n<tr style=\"background: #ffffff;\">\n<td style=\"padding: 14px 18px; font-weight: bold; color: #251d18;\">Conserva\u00e7\u00e3o<\/td>\n<td style=\"padding: 14px 18px; color: #5f4c3a;\">Local limpo e seco, afastado do calor e da luz direta<\/td>\n<\/tr>\n<\/tbody>\n<\/table>\n<\/div>\n<\/div>\n<\/section>\n<section style=\"background: #ffffff; padding: 56px 20px; border-bottom: 2px solid #efe3d3;\">\n<div style=\"max-width: 950px; margin: 0 auto;\">\n<h2 style=\"margin: 0 0 14px; color: #251d18; font-size: 1.9em; font-weight: bold; text-align: center;\">Como \u00e9 que o utilizo na minha rotina capilar?<\/h2>\n<p style=\"max-width: 790px; margin: 0 auto 30px; text-align: center; color: #5d4a3a; font-size: 1em; line-height: 1.84;\">O \u00f3leo de karit\u00e9 presta-se a uma rotina simples, regular e adapt\u00e1vel. Pode ser utilizado antes do champ\u00f4, como tratamento para as pontas do cabelo ou como uma aplica\u00e7\u00e3o mais direcionada, dependendo de como gosta do seu cabelo. <a href=\"https:\/\/www.miel-store.com\/pt\/mel-no-cabelo\/\">cuidar do seu cabelo<\/a>.<\/p>\n<div style=\"display: grid; grid-template-columns: repeat(auto-fit,minmax(220px,1fr)); gap: 18px; align-items: stretch;\">\n<div style=\"background: #fcf8f2; border: 1px solid #eadcca; border-radius: 16px; padding: 24px 20px; box-shadow: 0 4px 12px rgba(42,33,27,0.05);\">\n<div style=\"font-size: 1.9em; text-align: center; margin-bottom: 10px;\">\ud83d\udec1<\/div>\n<h3 style=\"margin: 0 0 8px; color: #251d18; font-size: 1.01em; text-align: center; font-weight: bold;\">Num banho de \u00f3leo<\/h3>\n<p style=\"margin: 0; color: #5f4c3a; font-size: 0.88em; line-height: 1.72; text-align: center;\">Antes do champ\u00f4, para um tempo de aplica\u00e7\u00e3o que pode facilmente tornar-se parte de uma rotina semanal.<\/p>\n<\/div>\n<div style=\"background: #fcf8f2; border: 1px solid #eadcca; border-radius: 16px; padding: 24px 20px; box-shadow: 0 4px 12px rgba(42,33,27,0.05);\">\n<div style=\"font-size: 1.9em; text-align: center; margin-bottom: 10px;\">\ud83d\udccf<\/div>\n<h3 style=\"margin: 0 0 8px; color: #251d18; font-size: 1.01em; text-align: center; font-weight: bold;\">Sobre os comprimentos<\/h3>\n<p style=\"margin: 0; color: #5f4c3a; font-size: 0.88em; line-height: 1.72; text-align: center;\">Para acompanhar o penteado e dar um lugar especial aos cuidados com o comprimento.<\/p>\n<\/div>\n<div style=\"background: #fcf8f2; border: 1px solid #eadcca; border-radius: 16px; padding: 24px 20px; box-shadow: 0 4px 12px rgba(42,33,27,0.05);\">\n<div style=\"font-size: 1.9em; text-align: center; margin-bottom: 10px;\">\u2728<\/div>\n<h3 style=\"margin: 0 0 8px; color: #251d18; font-size: 1.01em; text-align: center; font-weight: bold;\">Nas pontas<\/h3>\n<p style=\"margin: 0; color: #5f4c3a; font-size: 0.88em; line-height: 1.72; text-align: center;\">Em pequenas quantidades, de acordo com as suas necessidades e a sua rotina capilar.<\/p>\n<\/div>\n<div style=\"background: #fcf8f2; border: 1px solid #eadcca; border-radius: 16px; padding: 24px 20px; box-shadow: 0 4px 12px rgba(42,33,27,0.05);\">\n<div style=\"font-size: 1.9em; text-align: center; margin-bottom: 10px;\">\ud83d\udc86<\/div>\n<h3 style=\"margin: 0 0 8px; color: #251d18; font-size: 1.01em; text-align: center; font-weight: bold;\">Cuidados de acabamento<\/h3>\n<p style=\"margin: 0; color: #5f4c3a; font-size: 0.88em; line-height: 1.72; text-align: center;\">Para pessoas que gostam de texturas oleosas e de uma experi\u00eancia de cuidados da pele mais envolvente.<\/p>\n<\/div>\n<\/div>\n<\/div>\n<\/section>\n<section style=\"background: #ffffff; padding: 60px 20px 66px;\">\n<div style=\"max-width: 950px; margin: 0 auto;\">\n<h2 style=\"margin: 0 0 20px; color: #251d18; font-size: 2em; font-weight: bold; text-align: center;\">FAQ - \u00d3leo de Ch\u00e9b\u00e9 do Chade<\/h2>\n<div itemscope=\"\" itemtype=\"https:\/\/schema.org\/FAQPage\">\n<div style=\"background: #fcf8f2; border: 1px solid #eadcca; border-radius: 14px; padding: 22px 22px; margin-bottom: 14px;\" itemprop=\"mainEntity\" itemscope=\"\" itemtype=\"https:\/\/schema.org\/Question\">\n<h3 style=\"margin: 0 0 10px; color: #251d18; font-size: 1.03em;\" itemprop=\"name\">O que \u00e9 o \u00f3leo de keb?<\/h3>\n<div itemprop=\"acceptedAnswer\" itemscope=\"\" itemtype=\"https:\/\/schema.org\/Answer\">\n<p style=\"margin: 0; color: #5f4c3a; font-size: 0.93em; line-height: 1.82;\" itemprop=\"text\">O \u00f3leo de ch\u00e9b\u00e9 \u00e9 um \u00f3leo capilar obtido a partir de uma infus\u00e3o ou macerado de ch\u00e9b\u00e9 em \u00f3leos vegetais. Faz parte do universo dos cuidados capilares inspirados nas tradi\u00e7\u00f5es do Chade.<\/p>\n<\/div>\n<\/div>\n<div style=\"background: #fcf8f2; border: 1px solid #eadcca; border-radius: 14px; padding: 22px 22px; margin-bottom: 14px;\" itemprop=\"mainEntity\" itemscope=\"\" itemtype=\"https:\/\/schema.org\/Question\">\n<h3 style=\"margin: 0 0 10px; color: #251d18; font-size: 1.03em;\" itemprop=\"name\">De onde vem o ch\u00e9b\u00e9?<\/h3>\n<div itemprop=\"acceptedAnswer\" itemscope=\"\" itemtype=\"https:\/\/schema.org\/Answer\">\n<p style=\"margin: 0; color: #5f4c3a; font-size: 0.93em; line-height: 1.82;\" itemprop=\"text\">O ch\u00e9b\u00e9 est\u00e1 associado ao Chade e a pr\u00e1ticas capilares transmitidas desde h\u00e1 muito em certas comunidades do pa\u00eds.<\/p>\n<\/div>\n<\/div>\n<div style=\"background: #fcf8f2; border: 1px solid #eadcca; border-radius: 14px; padding: 22px 22px; margin-bottom: 14px;\" itemprop=\"mainEntity\" itemscope=\"\" itemtype=\"https:\/\/schema.org\/Question\">\n<h3 style=\"margin: 0 0 10px; color: #251d18; font-size: 1.03em;\" itemprop=\"name\">Como \u00e9 que utilizo o \u00f3leo para o meu cabelo?<\/h3>\n<div itemprop=\"acceptedAnswer\" itemscope=\"\" itemtype=\"https:\/\/schema.org\/Answer\">\n<p style=\"margin: 0; color: #5f4c3a; font-size: 0.93em; line-height: 1.82;\" itemprop=\"text\">Pode ser utilizado como um banho de \u00f3leo antes do champ\u00f4, nos comprimentos e pontas, ou em pequenas quantidades como parte de uma rotina capilar, dependendo dos h\u00e1bitos individuais.<\/p>\n<\/div>\n<\/div>\n<div style=\"background: #fcf8f2; border: 1px solid #eadcca; border-radius: 14px; padding: 22px 22px; margin-bottom: 14px;\" itemprop=\"mainEntity\" itemscope=\"\" itemtype=\"https:\/\/schema.org\/Question\">\n<h3 style=\"margin: 0 0 10px; color: #251d18; font-size: 1.03em;\" itemprop=\"name\">Para que cabelos?<\/h3>\n<div itemprop=\"acceptedAnswer\" itemscope=\"\" itemtype=\"https:\/\/schema.org\/Answer\">\n<p style=\"margin: 0; color: #5f4c3a; font-size: 0.93em; line-height: 1.82;\" itemprop=\"text\">\u00c9 ideal para pessoas que gostam de texturas oleosas e de rotinas orientadas para o comprimento, especialmente para cabelos texturizados, ondulados, encaracolados ou frisados.<\/p>\n<\/div>\n<\/div>\n<div style=\"background: #fcf8f2; border: 1px solid #eadcca; border-radius: 14px; padding: 22px 22px; margin-bottom: 14px;\" itemprop=\"mainEntity\" itemscope=\"\" itemtype=\"https:\/\/schema.org\/Question\">\n<h3 style=\"margin: 0 0 10px; color: #251d18; font-size: 1.03em;\" itemprop=\"name\">Porqu\u00ea escolher o \u00f3leo de carvalho natural?<\/h3>\n<div itemprop=\"acceptedAnswer\" itemscope=\"\" itemtype=\"https:\/\/schema.org\/Answer\">\n<p style=\"margin: 0; color: #5f4c3a; font-size: 0.93em; line-height: 1.82;\" itemprop=\"text\">Pela sua forte identidade cultural, a sua utiliza\u00e7\u00e3o simples no cabelo e o seu lugar natural numa rotina inspirada nos gestos tradicionais.<\/p>\n<\/div>\n<\/div>\n<div style=\"background: #fcf8f2; border: 1px solid #eadcca; border-radius: 14px; padding: 22px 22px;\" itemprop=\"mainEntity\" itemscope=\"\" itemtype=\"https:\/\/schema.org\/Question\">\n<h3 style=\"margin: 0 0 10px; color: #251d18; font-size: 1.03em;\" itemprop=\"name\">Qual \u00e9 a diferen\u00e7a entre o p\u00f3 de ch\u00e9b\u00e9 e o \u00f3leo de ch\u00e9b\u00e9?<\/h3>\n<div itemprop=\"acceptedAnswer\" itemscope=\"\" itemtype=\"https:\/\/schema.org\/Answer\">\n<p style=\"margin: 0; color: #5f4c3a; font-size: 0.93em; line-height: 1.82;\" itemprop=\"text\">O p\u00f3 \u00e9 mais semelhante a um ritual tradicional, enquanto o \u00f3leo oferece uma abordagem mais simples que pode ser incorporada numa rotina capilar regular.<\/p>\n<\/div>\n<\/div>\n<\/div>\n<\/div>\n<\/section>","protected":false},"excerpt":{"rendered":"<p>Inspirado nos estilos de cabelo tradicionais do Chade, este <strong>\u00f3leo de ch\u00e9b\u00e9<\/strong> \u00e9 para aqueles que gostam de rotinas capilares mais envolventes, com texturas ricas e tratamentos concebidos para os comprimentos e as pontas e para o prazer do gesto.<\/p>","protected":false},"featured_media":10441,"template":"","meta":[],"product_brand":[],"product_cat":[88,89],"product_tag":[],"class_list":{"0":"post-10440","1":"product","2":"type-product","3":"status-publish","4":"has-post-thumbnail","6":"product_cat-bien-etre","7":"product_cat-cosmetiques","9":"first","10":"instock","11":"shipping-taxable","12":"purchasable","13":"product-type-simple"},"_links":{"self":[{"href":"https:\/\/www.miel-store.com\/pt\/wp-json\/wp\/v2\/product\/10440","targetHints":{"allow":["GET"]}}],"collection":[{"href":"https:\/\/www.miel-store.com\/pt\/wp-json\/wp\/v2\/product"}],"about":[{"href":"https:\/\/www.miel-store.com\/pt\/wp-json\/wp\/v2\/types\/product"}],"wp:featuredmedia":[{"embeddable":true,"href":"https:\/\/www.miel-store.com\/pt\/wp-json\/wp\/v2\/media\/10441"}],"wp:attachment":[{"href":"https:\/\/www.miel-store.com\/pt\/wp-json\/wp\/v2\/media?parent=10440"}],"wp:term":[{"taxonomy":"product_brand","embeddable":true,"href":"https:\/\/www.miel-store.com\/pt\/wp-json\/wp\/v2\/product_brand?post=10440"},{"taxonomy":"product_cat","embeddable":true,"href":"https:\/\/www.miel-store.com\/pt\/wp-json\/wp\/v2\/product_cat?post=10440"},{"taxonomy":"product_tag","embeddable":true,"href":"https:\/\/www.miel-store.com\/pt\/wp-json\/wp\/v2\/product_tag?post=10440"}],"curies":[{"name":"wp","href":"https:\/\/api.w.org\/{rel}","templated":true}]}}