{"id":403,"date":"2022-02-24T15:43:14","date_gmt":"2022-02-24T14:43:14","guid":{"rendered":"https:\/\/www.miel-store.com\/?page_id=403"},"modified":"2022-02-24T15:43:16","modified_gmt":"2022-02-24T14:43:16","slug":"entrega-e-devolucoes","status":"publish","type":"page","link":"https:\/\/www.miel-store.com\/pt\/livraison-et-retours","title":{"rendered":"Entrega e devolu\u00e7\u00f5es"},"content":{"rendered":"<h2 class=\"wp-block-heading\">Envio da sua encomenda<\/h2>\n\n\n\n<p>Os produtos s\u00e3o entregues no endere\u00e7o de entrega indicado durante o processo de encomenda, no prazo indicado na p\u00e1gina de confirma\u00e7\u00e3o da encomenda. Em caso de atraso na expedi\u00e7\u00e3o, ser-lhe-\u00e1 enviada uma mensagem de correio eletr\u00f3nico para o informar das eventuais consequ\u00eancias para o prazo de entrega indicado. Em conformidade com as disposi\u00e7\u00f5es legais, em caso de atraso na entrega, o utilizador pode anular a encomenda de acordo com as condi\u00e7\u00f5es previstas no artigo L 138-2 do C\u00f3digo do Consumidor franc\u00eas. Se, entretanto, receber o produto, reembols\u00e1-lo-emos, bem como as despesas de entrega, em conformidade com o artigo L 138-3 do C\u00f3digo do Consumidor. No caso de entregas efectuadas por um transportador, a empresa&nbsp;<strong>Diretor Geral<\/strong>&nbsp;n\u00e3o pode ser responsabilizada por atrasos na entrega devidos exclusivamente \u00e0 indisponibilidade do cliente ap\u00f3s v\u00e1rias marca\u00e7\u00f5es propostas.<\/p>\n\n\n\n<p><br>As caixas t\u00eam o tamanho certo e os seus artigos est\u00e3o devidamente protegidos.<\/p>\n\n\n\n<h2 class=\"wp-block-heading\">Condi\u00e7\u00f5es de retirada<\/h2>\n\n\n\n<p>O Cliente disp\u00f5e de um direito de devolu\u00e7\u00e3o de catorze (14) dias a partir da data de rece\u00e7\u00e3o da totalidade da sua encomenda para se retratar sem necessariamente dar um motivo.<br>Para exercer o direito de retrata\u00e7\u00e3o, o cliente deve notificar a sua decis\u00e3o de retrata\u00e7\u00e3o da encomenda atrav\u00e9s de uma declara\u00e7\u00e3o inequ\u00edvoca, especificando o seu nome completo, endere\u00e7o eletr\u00f3nico, morada, n\u00famero e data da encomenda:<\/p>\n\n\n\n<ul class=\"wp-block-list\"><li>pela Internet: no s\u00edtio Web https:\/\/www.miel-store.com, utilizando o formul\u00e1rio de contacto (https:\/\/www.miel-store.com\/nous-contacter)<\/li><\/ul>\n\n\n\n<h2 class=\"wp-block-heading\">Reembolso<\/h2>\n\n\n\n<p>Em caso de desist\u00eancia do Cliente, a Miel Store proceder\u00e1 ao reembolso de todos os pagamentos recebidos do Cliente e, em qualquer caso, o mais tardar catorze (14) dias a contar do dia em que a Miel Store for informada da decis\u00e3o de desist\u00eancia do Cliente.<br>No caso de o Cliente desistir da totalidade da encomenda, a Miel Store reembolsar\u00e1 todos os pagamentos recebidos do Cliente relativamente a esta encomenda.<br>No caso de o Cliente retirar parte dos Produtos da encomenda, a Miel Store reembolsar\u00e1 o montante dos Produtos devolvidos.<\/p>\n\n\n\n<p>O reembolso ser\u00e1 efectuado pelo mesmo meio de pagamento que o Cliente utilizou para a sua encomenda ou por transfer\u00eancia banc\u00e1ria.<br>A Miel Store pode adiar este reembolso at\u00e9 \u00e0 rece\u00e7\u00e3o e verifica\u00e7\u00e3o dos Produtos.<\/p>\n\n\n\n<h2 class=\"wp-block-heading\">Devolu\u00e7\u00f5es de produtos<\/h2>\n\n\n\n<p>O Cliente deve devolver os Produtos o mais tardar catorze (14) dias ap\u00f3s ter comunicado a sua decis\u00e3o de rescis\u00e3o.<br>Os produtos devolvidos devem estar fechados, completos e sem danos.<br>As encomendas devem ser enviadas para o seguinte endere\u00e7o<br>&nbsp;&nbsp;<br>O Cliente suporta os custos de devolu\u00e7\u00e3o da totalidade da encomenda ou dos Produtos.<\/p>","protected":false},"excerpt":{"rendered":"<p>Exp\u00e9dition de votre colis Les produits sont livr\u00e9s \u00e0 l&rsquo;adresse de livraison indiqu\u00e9e au cours du processus de commande, dans le d\u00e9lai indiqu\u00e9 sur la page de validation de la commande. En cas de retard d&rsquo;exp\u00e9dition, un mail vous sera adress\u00e9 pour vous informer d&rsquo;une \u00e9ventuelle cons\u00e9quence sur le d\u00e9lai de livraison qui vous a [&#8230;]\n","protected":false},"author":1,"featured_media":0,"parent":0,"menu_order":0,"comment_status":"closed","ping_status":"closed","template":"","meta":{"footnotes":""},"class_list":["post-403","page","type-page","status-publish","hentry"],"_links":{"self":[{"href":"https:\/\/www.miel-store.com\/pt\/wp-json\/wp\/v2\/pages\/403","targetHints":{"allow":["GET"]}}],"collection":[{"href":"https:\/\/www.miel-store.com\/pt\/wp-json\/wp\/v2\/pages"}],"about":[{"href":"https:\/\/www.miel-store.com\/pt\/wp-json\/wp\/v2\/types\/page"}],"author":[{"embeddable":true,"href":"https:\/\/www.miel-store.com\/pt\/wp-json\/wp\/v2\/users\/1"}],"replies":[{"embeddable":true,"href":"https:\/\/www.miel-store.com\/pt\/wp-json\/wp\/v2\/comments?post=403"}],"version-history":[{"count":2,"href":"https:\/\/www.miel-store.com\/pt\/wp-json\/wp\/v2\/pages\/403\/revisions"}],"predecessor-version":[{"id":3930,"href":"https:\/\/www.miel-store.com\/pt\/wp-json\/wp\/v2\/pages\/403\/revisions\/3930"}],"wp:attachment":[{"href":"https:\/\/www.miel-store.com\/pt\/wp-json\/wp\/v2\/media?parent=403"}],"curies":[{"name":"wp","href":"https:\/\/api.w.org\/{rel}","templated":true}]}}