{"id":992,"date":"2022-05-21T21:32:48","date_gmt":"2022-05-21T19:32:48","guid":{"rendered":"https:\/\/www.miel-store.com\/?post_type=product&#038;p=992"},"modified":"2026-02-14T15:26:20","modified_gmt":"2026-02-14T14:26:20","slug":"foglie-di-giuggiolo-essiccate","status":"publish","type":"product","link":"https:\/\/www.miel-store.com\/it\/p\/feuilles-de-jujubier-sechees","title":{"rendered":"Foglie di giuggiolo essiccate 50 g"},"content":{"rendered":"<p>Sappiamo che l'efficacia di una pianta sul nostro organismo \u00e8 dovuta ai principi attivi in essa contenuti. Con Miel Store, quindi, scopriamo il principio attivo contenuto in <strong>foglia di giuggiolo essiccata<\/strong>\u00a0conosciuto anche come\u201c<strong>warak sidr<\/strong>\u201d. Vi sveleremo anche come agiscono sul nostro corpo per curare o prevenire malattie e disturbi.<\/p>\n<p>Venite ad esplorare questa meraviglia naturale che merita di essere scoperta!<\/p>\n<h2><strong>Focus sulle foglie di giuggiolo essiccate di un albero del deserto...<\/strong><\/h2>\n<p>Le foglie secche di giuggiolo sono in realt\u00e0 piccole foglie verdi di un albero del deserto noto come giuggiolo. Si tratta di un albero spinoso che si trova nella penisola arabica e in Cina. \u00c8 molto resistente alla siccit\u00e0. Si trova infatti nelle zone aride.<\/p>\n<p>Questo albero del deserto \u00e8 del tipo Ziziphus, della famiglia delle Rhamnaceae. Ne esistono circa un centinaio di specie, la maggior parte delle quali sono spinose. Alcune producono anche un frutto chiamato giuggiolo.<\/p>\n<p>Il frutto \u00e8 di forma ovale e assomiglia generalmente a un'oliva, anche se si distingue per il suo colore mutevole. Appare verde, poi giallo, poi marrone e infine rossastro e lucido quando \u00e8 maturo.<\/p>\n<p>Il suo sapore \u00e8 simile a quello di una mela verde fresca. Ma \u00e8 anche simile a quello dei datteri secchi.<\/p>\n<p>Inoltre, presso Miel Store, questa pianta \u00e8 venduta a soli 5 euro e proviene dal famoso marchio Nigelle Source!<\/p>\n<h2><strong>Focus sui vari benefici della foglia di giuggiolo essiccata<\/strong><\/h2>\n<p>Questa pianta contiene propriet\u00e0 eccezionali non solo per la salute, ma anche per il corpo e i capelli.<\/p>\n<h3><strong>Sulla salute\u00a0<\/strong><\/h3>\n<ul>\n<li>In primo luogo, aiuta ad alleviare le malattie respiratorie come l'asma e la bronchite. Contiene propriet\u00e0 antinfiammatorie; ;<\/li>\n<\/ul>\n<ul>\n<li>I sidr warak sono utilizzati anche per il trattamento delle ulcere gastriche; ;<\/li>\n<\/ul>\n<ul>\n<li>Sono apprezzate anche per il loro contributo all'equilibrio della pressione sanguigna; ;<\/li>\n<\/ul>\n<ul>\n<li>Il sidr \u00e8 usato anche come vermifugo e per prevenire il vomito. A questo scopo, ad esempio, alcune persone masticano il warak sidr prima di prendere le medicine per mascherarne il sapore; ;<\/li>\n<\/ul>\n<ul>\n<li>Nella medicina tradizionale cinese vengono anche mescolate ad altre piante per aiutare a combattere la sudorazione notturna; ;<\/li>\n<\/ul>\n<ul>\n<li>Infine, ha buoni effetti sull'insonnia e sullo stress. Per questo motivo viene utilizzato anche nella medicina ayurvedica.<\/li>\n<\/ul>\n<p>Per aggiungere variet\u00e0 ai vostri trattamenti di salute, scoprite la nostra gamma di\u00a0<a href=\"https:\/\/www.miel-store.com\/it\/p\/feuilles-de-sene\/\"><strong>foglie di senna (Sana makki)<\/strong><\/a>\u00a0!<\/p>\n<h3><strong>Sui capelli<\/strong><\/h3>\n<ul>\n<li>Innanzitutto, il sidr viene utilizzato nei prodotti per la cura dei capelli; ;<\/li>\n<\/ul>\n<ul>\n<li>Inoltre, pulisce i capelli in modo naturale; ;<\/li>\n<\/ul>\n<ul>\n<li>D'altra parte, se mescolato con altri ingredienti, \u00e8 efficace nel prevenire il sanguinamento dei capelli trattati con il colore; ;<\/li>\n<\/ul>\n<ul>\n<li>Infine, la polvere di warak sidr ha propriet\u00e0 antiforfora e aiuta a trattare il prurito del cuoio capelluto.<\/li>\n<\/ul>\n<h2><strong>Come si usa la foglia di giuggiolo essiccata per i capelli?<\/strong><\/h2>\n<p>Si usano come maschera, macerato oleoso o shampoo.<\/p>\n<p>Per la maschera :<\/p>\n<ul>\n<li>Tutto ci\u00f2 che serve \u00e8 100 g di sidr in polvere; ;<\/li>\n<\/ul>\n<ul>\n<li>Quindi mescolare con 1 cucchiaio abbondante di olio d'oliva; ;<\/li>\n<\/ul>\n<ul>\n<li>Infine, lasciare riposare l'impasto per 30 minuti.<\/li>\n<\/ul>\n<p>Per lo shampoo :<\/p>\n<ul>\n<li>Per prima cosa, prendere 1 cucchiaio di sidr e mescolarlo con acqua; ;<\/li>\n<\/ul>\n<ul>\n<li>Infine, smettere di mescolare quando la consistenza si avvicina a quella di uno shampoo.<\/li>\n<\/ul>\n<h3><strong>Precauzioni da adottare con il foglio sidr<\/strong><\/h3>\n<p>Resta importante, anche se i warak sidr sono 100% naturali, fare attenzione a consumarli con moderazione.<\/p>","protected":false},"excerpt":{"rendered":"<p>Nous savons que l&rsquo;efficacit\u00e9 d&rsquo;une plante sur notre corps est due aux principes actifs qu&rsquo;elle contient. Aussi, avec Miel Store, d\u00e9couvrons le principe actif que renferment la feuille de jujubier s\u00e9ch\u00e9e\u00a0aussi appel\u00e9es \u201cwarak sidr\u201d. De m\u00eame, nous allons d\u00e9voiler comment elles agissent sur notre organisme, pour traiter ou pr\u00e9venir des maux voire des pathologies. De [&#8230;]\n","protected":false},"featured_media":993,"template":"","meta":[],"product_brand":[],"product_cat":[89],"product_tag":[],"class_list":{"0":"post-992","1":"product","2":"type-product","3":"status-publish","4":"has-post-thumbnail","6":"product_cat-cosmetiques","8":"first","9":"instock","10":"shipping-taxable","11":"purchasable","12":"product-type-simple"},"_links":{"self":[{"href":"https:\/\/www.miel-store.com\/it\/wp-json\/wp\/v2\/product\/992","targetHints":{"allow":["GET"]}}],"collection":[{"href":"https:\/\/www.miel-store.com\/it\/wp-json\/wp\/v2\/product"}],"about":[{"href":"https:\/\/www.miel-store.com\/it\/wp-json\/wp\/v2\/types\/product"}],"wp:featuredmedia":[{"embeddable":true,"href":"https:\/\/www.miel-store.com\/it\/wp-json\/wp\/v2\/media\/993"}],"wp:attachment":[{"href":"https:\/\/www.miel-store.com\/it\/wp-json\/wp\/v2\/media?parent=992"}],"wp:term":[{"taxonomy":"product_brand","embeddable":true,"href":"https:\/\/www.miel-store.com\/it\/wp-json\/wp\/v2\/product_brand?post=992"},{"taxonomy":"product_cat","embeddable":true,"href":"https:\/\/www.miel-store.com\/it\/wp-json\/wp\/v2\/product_cat?post=992"},{"taxonomy":"product_tag","embeddable":true,"href":"https:\/\/www.miel-store.com\/it\/wp-json\/wp\/v2\/product_tag?post=992"}],"curies":[{"name":"wp","href":"https:\/\/api.w.org\/{rel}","templated":true}]}}