{"id":990,"date":"2022-05-21T21:10:48","date_gmt":"2022-05-21T19:10:48","guid":{"rendered":"https:\/\/www.miel-store.com\/?post_type=product&#038;p=990"},"modified":"2026-04-27T23:06:02","modified_gmt":"2026-04-27T21:06:02","slug":"louban","status":"publish","type":"product","link":"https:\/\/www.miel-store.com\/it\/p\/louban","title":{"rendered":"Louban Dakar (resina di incenso sudanese)"},"content":{"rendered":"<p>Se, come Miel Store, siete amanti delle cose belle, siete nel posto giusto. E oggi sotto i riflettori:\u00a0<strong>louban<\/strong>\u00a0o\u00a0<strong>Incenso sudanese<\/strong>, che incanteranno i vostri sensi! E sapevate che questo tipo di\u2019<strong>incenso<\/strong>\u00a0\u00e8 stato portato in Europa dai Crociati?<\/p>\n<p>A causa della sua et\u00e0, ha molti nomi, come \u00ablacrime\u00bb o \u00abincenso\u00bb. Il suo significato \u00e8 \u00abche trasuda come il latte\u00bb.<\/p>\n<p>Cosa aspettate allora a venire a trasudare piacere sui sentieri resinosi del Sudan?<\/p>\n<h2><strong>Olibano \/ Louban: resina sudanese in lacrime di limone<\/strong><\/h2>\n<p>Il Louban \u00e8 una variet\u00e0 di incenso estratto dalla pianta Boswellia Carteri, originaria del Sudan. \u00c8 anche un arbusto il cui\u00a0<strong>gomma-resina<\/strong>\u00a0si chiama\u00ab\u00a0<strong>lacrime dal Sudan<\/strong>\u00a0\u00bb.<\/p>\n<p>Questo perch\u00e9 dalla corteccia fuoriesce una linfa simile a gocce di latte. In realt\u00e0, questo avviene dopo il taglio della corteccia. La linfa si asciuga e produce le famose gomme aromatiche.<\/p>\n<p>Per la cronaca, \u00e8 stato soprannominato \u00abincenso maschile\u00bb perch\u00e9, nelle antiche tradizioni, solo gli uomini potevano bruciarlo. Fortunatamente le cose sono cambiate...<\/p>\n<p>Il profumo aromatico \u00e8 intenso, soave e caldo, ma anche dolce e speziato. La fragranza \u00e8 anche sottilmente legnosa, con pronunciate note di limone.<\/p>\n<p>Quindi non esitate a prendere il vostro sacchettino kraft da 50 grammi, chiuso ermeticamente, di\u00a0<strong>Gomme aromatiche sudanesi<\/strong>. Inoltre, costano solo 6,50 euro e sono del marchio Nigelle Source.<\/p>\n<h2><strong>Quali sono le propriet\u00e0 dell'incenso?<\/strong><\/h2>\n<p>Questa resina proveniente dal Sudan ha propriet\u00e0 insospettabili, che Miel Store ci svela qui.<\/p>\n<ul>\n<li>In primo luogo, questa resina ha un effetto benefico sullo stress e sulla tensione. Di conseguenza, dona rapidamente una morbida e calda sensazione di benessere; ;<\/li>\n<\/ul>\n<ul>\n<li>Aiuta anche a combattere le gambe pesanti e dolorose e i reumatismi; ;<\/li>\n<\/ul>\n<ul>\n<li>Ha anche propriet\u00e0 curative, favorisce un buon alito e lenisce il mal di denti; ;<\/li>\n<\/ul>\n<ul>\n<li>Infine, \u00e8 benefico contro le affezioni bronchiali e purifica l'aria.<\/li>\n<\/ul>\n<p>E molte altre virt\u00f9, come le malattie renali, l'ipertensione, il colesterolo e il diabete...<\/p>\n<h2><strong>Optate per la straordinaria e amatissima marca Nigelle Source.<\/strong><\/h2>\n<p>Innanzitutto, questo favoloso marchio Nigelle Source \u00e8 specializzato nella vendita di prodotti naturali. Commercializza anche <a href=\"https:\/\/www.miel-store.com\/it\/cp\/miele-da-tutto-il-mondo\/\"><strong>mieli di qualit\u00e0<\/strong><\/a> e oli vegetali, la maggior parte dei quali sono biologici.<\/p>\n<p>Di conseguenza, \u00e8 diventata ampiamente riconosciuta e ha acquisito una buona reputazione. L'azienda \u00e8 inoltre molto rigorosa nella scelta dei prodotti, perch\u00e9 la sua priorit\u00e0 \u00e8 la soddisfazione del cliente.<\/p>\n<p>Infine, Nigelle Source trae la sua forza da quattro pilastri fondamentali. La sua reputazione si basa sulla qualit\u00e0 dei prodotti, sulla disponibilit\u00e0, sul buon servizio clienti e sulla sicurezza delle consegne.<\/p>\n<p>Dopo tutto, vi meritate l'eccellenza e il meglio...<\/p>\n<h3><strong>Alcuni consigli per sfruttare al meglio il vostro louban dakar<\/strong><\/h3>\n<p><strong>Per un respiro migliore<\/strong><\/p>\n<p>Con il suo caratteristico sapore di limone, molte persone amano masticarla e succhiarla come una gomma da masticare naturale. Detto questo, \u00e8 possibile anche immergere queste piccole resine nel miele per ottenere un sapore pi\u00f9 intenso.<\/p>","protected":false},"excerpt":{"rendered":"<p>Si comme Miel Store, vous \u00eates adeptes des bonnes choses, alors vous \u00eates au bon endroit. Et \u00e0 l\u2019honneur aujourd\u2019hui :\u00a0louban\u00a0ou\u00a0l\u2019oliban du Soudan, qui va envo\u00fbter vos sens ! Puis, saviez-vous que ce type d\u2019encens\u00a0a \u00e9t\u00e9 ramen\u00e9 jusqu\u2019\u00e0 l\u2019Europe par les Crois\u00e9s ? Aussi, du fait de son anciennet\u00e9, il poss\u00e8de de multiples noms tels [&#8230;]\n","protected":false},"featured_media":10380,"template":"","meta":[],"product_brand":[],"product_cat":[89],"product_tag":[],"class_list":{"0":"post-990","1":"product","2":"type-product","3":"status-publish","4":"has-post-thumbnail","6":"product_cat-cosmetiques","8":"first","9":"instock","10":"shipping-taxable","11":"purchasable","12":"product-type-variable","13":"has-default-attributes"},"_links":{"self":[{"href":"https:\/\/www.miel-store.com\/it\/wp-json\/wp\/v2\/product\/990","targetHints":{"allow":["GET"]}}],"collection":[{"href":"https:\/\/www.miel-store.com\/it\/wp-json\/wp\/v2\/product"}],"about":[{"href":"https:\/\/www.miel-store.com\/it\/wp-json\/wp\/v2\/types\/product"}],"wp:featuredmedia":[{"embeddable":true,"href":"https:\/\/www.miel-store.com\/it\/wp-json\/wp\/v2\/media\/10380"}],"wp:attachment":[{"href":"https:\/\/www.miel-store.com\/it\/wp-json\/wp\/v2\/media?parent=990"}],"wp:term":[{"taxonomy":"product_brand","embeddable":true,"href":"https:\/\/www.miel-store.com\/it\/wp-json\/wp\/v2\/product_brand?post=990"},{"taxonomy":"product_cat","embeddable":true,"href":"https:\/\/www.miel-store.com\/it\/wp-json\/wp\/v2\/product_cat?post=990"},{"taxonomy":"product_tag","embeddable":true,"href":"https:\/\/www.miel-store.com\/it\/wp-json\/wp\/v2\/product_tag?post=990"}],"curies":[{"name":"wp","href":"https:\/\/api.w.org\/{rel}","templated":true}]}}