{"id":988,"date":"2022-05-21T20:00:36","date_gmt":"2022-05-21T18:00:36","guid":{"rendered":"https:\/\/www.miel-store.com\/?post_type=product&#038;p=988"},"modified":"2026-03-07T09:39:20","modified_gmt":"2026-03-07T08:39:20","slug":"foglie-di-sene-sana-makki","status":"publish","type":"product","link":"https:\/\/www.miel-store.com\/it\/p\/feuilles-de-sene-sana-makki","title":{"rendered":"Foglie di senna (Sana makki)"},"content":{"rendered":"<p>Come sapete, la scienza sta fornendo molte risposte sui prodotti che utilizziamo ogni giorno. E cos\u00ec \u00e8 anche per\u00a0<strong>foglie di senna<\/strong>\u00a0disponibile presso Miel Store. La verit\u00e0 \u00e8 che gli scienziati hanno scoperto alcuni dei benefici di questa pianta per l'organismo a diversi livelli.<\/p>\n<p>Inoltre, anche l'Organizzazione Mondiale della Sanit\u00e0 ha dimostrato gli effetti benefici di questa pianta sulla salute. Non esitate quindi a fare uso della ricchezza della natura; potete consumarla senza temere per la vostra salute.<\/p>\n<p>E se non siete ancora sicuri, siete nel posto giusto, perch\u00e9 Miel Store vi spiegher\u00e0 tutto in questo articolo!<\/p>\n<h2><strong>Le foglie di senna, una pianta da capogiro ma poco conosciuta<\/strong><\/h2>\n<p>Quando parliamo di foglie di senna, in realt\u00e0 parliamo di un arbusto noto anche come senna.\u00a0<strong>Senna Alexandrina<\/strong>\u00a0e\u00a0<strong>Sana makki<\/strong>. Anche questo arbusto appartiene alla famiglia delle Caesalpiniaceae ed \u00e8 originario dell'Egitto.<\/p>\n<p>Anche i fiori possono essere utilizzati a scopo medicinale. Questa pianta \u00e8 molto apprezzata anche in fitoterapia per le sue diverse propriet\u00e0 sull'organismo.<\/p>\n<p>Si presenta anche sotto forma di steli con foglie ovali e fiori gialli. In effetti, \u00e8 molto gradevole alla vista...<\/p>\n<p>Potete trovare le foglie di senna essiccate anche nel nostro Miel Store. Il costo \u00e8 di 5,00 euro per 50 grammi.<\/p>\n<p>Quindi, a questo prezzo, non esitate a ottenere il meglio della natura per la vostra salute. La vostra salute \u00e8 preziosa e non ha prezzo!<\/p>\n<h2><strong>Scoprite i benefici riconosciuti delle foglie di senna<\/strong><\/h2>\n<p>La composizione unica delle foglie di senna conferisce loro molti vantaggi. Ecco alcune delle loro virt\u00f9 pi\u00f9 interessanti:<\/p>\n<h3><strong>Aiuta a velocizzare il transito<\/strong><\/h3>\n<p>In effetti, l'effetto principale di questa pianta sull'organismo \u00e8 quello di migliorare il transito intestinale. Contiene principi attivi che la rendono un potente lassativo, come i derivati naturali dell'antrachinone. Questi favoriscono l'azione della flora intestinale durante il transito.<\/p>\n<p>Infatti, vi aiuter\u00e0 a migliorare la digestione. Inoltre, vi aiuter\u00e0 a eliminare i grassi accumulati e i prodotti di scarto che possono danneggiare la vostra salute.<\/p>\n<p>Allo stesso tempo, aiutano a trattare la stitichezza, il gonfiore e il gas. Non sorprende quindi che sia un prodotto spesso consigliato per la cura dell'intestino.<\/p>\n<h3><strong>Aiuta a prevenire le infezioni\u00a0<\/strong><\/h3>\n<p>Per quanto riguarda le infezioni, le foglie di senna aiutano a prevenire la loro diffusione nel corpo. Possono aiutare a combattere alcune delle malattie pi\u00f9 comuni, come febbre e raffreddore.<\/p>\n<ul>\n<li><strong>Aiuta a proteggere il fegato<\/strong><\/li>\n<\/ul>\n<p>Stimolando la digestione, aiutano anche a prendersi cura del fegato. Avendo un effetto depurativo e disintossicante, sono particolarmente apprezzate nelle tisane dopo le feste.<\/p>\n<ul>\n<li><strong>Aiuta a combattere le emorroidi<\/strong><\/li>\n<\/ul>\n<p>Sono inoltre molto efficaci nel ridurre i problemi di transito, come la stitichezza e le emorroidi. Ci\u00f2 \u00e8 dovuto all'elevato contenuto di derivati dell'antracene (sennosidi A e B). A questo proposito, il suo uso \u00e8 particolarmente indicato e benefico!<\/p>\n<ul>\n<li><strong>Buona fonte di idratazione per i capelli<\/strong><\/li>\n<\/ul>\n<p>Infine, \u00e8 possibile preparare delle maschere a base di questa pianta per trattare i capelli. Applicando regolarmente queste maschere, noterete un miglioramento della consistenza dei vostri capelli, che diventeranno pi\u00f9 setosi. I vostri capelli saranno lucidi e forti!<\/p>\n<p>Si consiglia inoltre il\u00a0<a href=\"https:\/\/www.miel-store.com\/it\/p\/foglie-di-giuggiolo-essiccate\/\"><strong>foglie di giuggiolo essiccate 50 g<\/strong><\/a>\u00a0per ottenere ancora pi\u00f9 benefici per la salute.<\/p>\n<h2><strong>Come si pu\u00f2 usare sana makki per perdere peso?<\/strong><\/h2>\n<p>Quando si tratta di favorire la perdita di peso, le foglie di senna sono un ottimo alleato! Sono utilizzate come bruciagrassi e sono anche incluse in alcuni farmaci dimagranti.<\/p>\n<p>Soprattutto perch\u00e9 questa tisana \u00e8 un preparato salutare per l'organismo, in quanto completamente naturale. \u00c8 anche il modo migliore per utilizzarla. Va da s\u00e9 che se si vuole perdere peso, \u00e8 meglio scegliere alternative naturali e sane. Infine, si consiglia di non utilizzare pi\u00f9 di 2 grammi al giorno e di berne una tazza al giorno.<\/p>\n<p>Tuttavia, quando si tratta di consumo quotidiano, siate vigili e scegliete la qualit\u00e0 come quella di Miel Store! Non ve ne pentirete...<\/p>\n<h3><strong>Qual \u00e8 il dosaggio generalmente consigliato?<\/strong><\/h3>\n<p>In primo luogo, le foglie di senna sono considerate un potente lassativo, al di sopra di un certo dosaggio. Questo \u00e8 stimato tra i 30 e i 36 mg al giorno.<\/p>\n<p>Quindi, a seconda dell'uso che se ne vuole fare, bisogna prestare attenzione al dosaggio.<\/p>\n<h2><strong>Come preparare la tisana sana makki per perdere peso<\/strong><\/h2>\n<p>Per sfruttare al meglio le virt\u00f9 terapeutiche di questa pianta, \u00e8 necessario conoscere il modo migliore per consumarla:<\/p>\n<ul>\n<li>Prima di tutto, per preparare la tisana, bisogna iniziare a scaldare l'acqua. La quantit\u00e0 d'acqua consigliata e la dose giornaliera dovrebbero corrispondere a una tazza; ;<\/li>\n<\/ul>\n<ul>\n<li>Poi, quando l'acqua arriva a ebollizione, aggiungere un cucchiaino di foglie di senna e lasciare in infusione; ;<\/li>\n<\/ul>\n<ul>\n<li>Infine, dopo qualche minuto, togliete le foglie di senna dal preparato e potete bere la vostra tisana dimagrante.<\/li>\n<\/ul>\n<p>Allora perch\u00e9 non provarci subito?<\/p>\n<h3><strong>Precauzioni da adottare<\/strong><\/h3>\n<ul>\n<li>In primo luogo, le foglie di senna devono essere assunte sotto controllo medico e solo per un breve periodo. In altre parole, la cura deve essere limitata a 8 o 10 giorni; ;<\/li>\n<\/ul>\n<ul>\n<li>Questa cura \u00e8 riservata agli adulti e deve essere limitata nel tempo e nella durata; ;<\/li>\n<\/ul>\n<ul>\n<li>Le foglie di senna sono invece sconsigliate a chi soffre di infiammazioni. In particolare, a chi soffre di infiammazioni del colon, disturbi intestinali di origine sconosciuta e stitichezza cronica.<\/li>\n<\/ul>\n<ul>\n<li>Sono inoltre sconsigliati a chi soffre di grave disidratazione. Questo perch\u00e9 possono provocare carenze di sodio e potassio; ;<\/li>\n<\/ul>\n<ul>\n<li>Infine, sono controindicati per le persone con problemi cardiaci, per le donne in gravidanza o in allattamento e per i minori di 12 anni.<\/li>\n<\/ul>","protected":false},"excerpt":{"rendered":"<p><strong>Caratteristiche :<\/strong><\/p>\n<ul>\n<li>Ingredienti : Foglie di senna (Senna Alexandrina)<\/li>\n<li>Origine : Egitto<\/li>\n<li>Utilizzo : Alimenti<\/li>\n<li>Lotto n.: SMY-250921<\/li>\n<li>Peso: 50 gr<\/li>\n<\/ul>","protected":false},"featured_media":989,"template":"","meta":[],"product_brand":[],"product_cat":[88],"product_tag":[],"class_list":{"0":"post-988","1":"product","2":"type-product","3":"status-publish","4":"has-post-thumbnail","6":"product_cat-bien-etre","8":"first","9":"instock","10":"shipping-taxable","11":"purchasable","12":"product-type-simple"},"_links":{"self":[{"href":"https:\/\/www.miel-store.com\/it\/wp-json\/wp\/v2\/product\/988","targetHints":{"allow":["GET"]}}],"collection":[{"href":"https:\/\/www.miel-store.com\/it\/wp-json\/wp\/v2\/product"}],"about":[{"href":"https:\/\/www.miel-store.com\/it\/wp-json\/wp\/v2\/types\/product"}],"wp:featuredmedia":[{"embeddable":true,"href":"https:\/\/www.miel-store.com\/it\/wp-json\/wp\/v2\/media\/989"}],"wp:attachment":[{"href":"https:\/\/www.miel-store.com\/it\/wp-json\/wp\/v2\/media?parent=988"}],"wp:term":[{"taxonomy":"product_brand","embeddable":true,"href":"https:\/\/www.miel-store.com\/it\/wp-json\/wp\/v2\/product_brand?post=988"},{"taxonomy":"product_cat","embeddable":true,"href":"https:\/\/www.miel-store.com\/it\/wp-json\/wp\/v2\/product_cat?post=988"},{"taxonomy":"product_tag","embeddable":true,"href":"https:\/\/www.miel-store.com\/it\/wp-json\/wp\/v2\/product_tag?post=988"}],"curies":[{"name":"wp","href":"https:\/\/api.w.org\/{rel}","templated":true}]}}