{"id":986,"date":"2022-05-21T19:39:44","date_gmt":"2022-05-21T17:39:44","guid":{"rendered":"https:\/\/www.miel-store.com\/?post_type=product&#038;p=986"},"modified":"2026-03-04T13:44:53","modified_gmt":"2026-03-04T12:44:53","slug":"olio-di-barba-biologico","status":"publish","type":"product","link":"https:\/\/www.miel-store.com\/it\/p\/huile-a-barbe-bio","title":{"rendered":"Olio di barba biologico 50ml"},"content":{"rendered":"<p>Prendersi cura della propria barba non \u00e8 sempre facile. Ecco perch\u00e9 il\u2019<strong>olio di barba biologico<\/strong>\u00a0\u00e8 stato progettato pensando a voi.<\/p>\n<p>Il pizzetto merita di essere trattato e curato con attenzione. E uno dei modi migliori per farlo \u00e8 quello di ricoprirlo di\u2019<strong>olio di barba biologico<\/strong>.<\/p>\n<h2><strong>Una panoramica sull'olio per la barba biologico\u00a0<\/strong><\/h2>\n<p>Per avere un bel pizzetto, \u00e8 necessario prendersene cura. E grazie all'olio di barba naturale biologico, \u00e8 possibile!<\/p>\n<p>Questo cosmetico da <a href=\"https:\/\/nigellesource.com\/\" target=\"_blank\" rel=\"noopener\"><strong>fonte del marchio cumino nero<\/strong><\/a> mantiene e ammorbidisce la barba. La sua composizione \u00e8 arricchita da principi attivi naturali come l'olio di ricino, l'olio di cocco e l'olio di mandorle dolci. Questa miscela di oli vegetali naturali rende questo elisir estremamente efficace.<\/p>\n<p>Le fragranze fresche e legnose di questo prodotto naturale profumeranno anche il vostro manto. Il flacone da 50 ml \u00e8 dotato di un beccuccio a spruzzo per un facile utilizzo.<\/p>\n<p>Questo elisir per la barba diventer\u00e0 il vostro nuovo alleato di bellezza quotidiano. \u00c8 adatto a tutti i tipi di pelle e a tutti i tipi di vello.<\/p>\n<p>Ingredienti:<\/p>\n<p>Olio di ricino, <a href=\"https:\/\/www.miel-store.com\/it\/p\/olio-di-cocco-extra-vergine-biologico\/\"><strong>olio di cocco<\/strong><\/a>, Olio di avocado, olio di mandorle dolci, olio di jojoba, olio essenziale di sandalo, farnesolo.<\/p>\n<h2><strong>I benefici dell'olio di barba naturale biologico\u00a0<\/strong><\/h2>\n<p>Ci sono tutti i motivi per amare questo olio per la barba naturale e biologico. Grazie a tutti i benefici che contiene, sarete completamente soddisfatti.<\/p>\n<ul>\n<li>In primo luogo, aiuta a mantenere la salute del sistema pilifero del viso. Idrata, ammorbidisce, nutre e abbellisce.<\/li>\n<li>Questo trattamento aiuta a proteggere la pelle sotto i capelli. Fornisce un'idratazione profonda a questa zona del viso.<\/li>\n<li>Inoltre, doma i peli indisciplinati lisciandoli. In questo modo si ottiene una finitura pi\u00f9 pulita.<\/li>\n<li>Utilizzate un olio naturale per acconciare il vostro pizzetto per ottenere un bellissimo effetto.<\/li>\n<li>Infine, pu\u00f2 contribuire ad alleviare il disagio dei peli del viso.<\/li>\n<\/ul>\n<p>Tanti benefici in un solo flacone, perch\u00e9 privarsene? Non esitate ad acquistarlo.<\/p>\n<h2><strong>Come si usa l'olio per la barba biologico?<\/strong><\/h2>\n<p>Per prima cosa, spazzolare il pizzetto, quindi versare alcune gocce sul palmo della mano. In termini di quantit\u00e0, 3\/4 gocce sono sufficienti per idratare una barba media. Dovrete solo regolare la quantit\u00e0 in base alla lunghezza della vostra barba.<\/p>\n<p>Quindi spalmare l'olio tra le mani e applicarlo, lavorandolo dalle radici alle punte.<\/p>\n<p>Infine, utilizzare nuovamente la spazzola per lisciare i peli sul viso.<\/p>\n<p>Dopo l'applicazione, il manto sar\u00e0 morbido ed elastico, con una fragranza delicata.<\/p>\n<p>Suggerimento: \u00e8 meglio utilizzare questo trattamento subito dopo la doccia mattutina. In questo modo, il vapore avr\u00e0 dilatato i pori e i follicoli piliferi, aiutando la pelle ad assorbire tutti i suoi benefici.<\/p>\n<h3><strong>Precauzioni<\/strong><\/h3>\n<p>Prima di utilizzare questo prodotto, \u00e8 necessario prendere alcune precauzioni:<\/p>\n<ul>\n<li>Prima di tutto, \u00e8 fondamentale effettuare un test allergico nella piega del gomito.<\/li>\n<li>In caso di contatto con gli occhi, sciacquare con acqua pulita.<\/li>\n<\/ul>","protected":false},"excerpt":{"rendered":"<p>Prendre soin de sa barbe n\u2019est pas toujours une affaire des plus facile. C\u2019est pourquoi, l\u2019huile \u00e0 barbe bio\u00a0a \u00e9t\u00e9 pens\u00e9e pour vous. En effet, votre barbichette m\u00e9rite d\u2019\u00eatre trait\u00e9e et entretenue avec soin. Et l\u2019une des meilleures fa\u00e7ons de la respecter, c\u2019est de l\u2019enduire d\u2019huile \u00e0 barbe bio. Tour d\u2019horizon sur l\u2019huile \u00e0 barbe [&#8230;]\n","protected":false},"featured_media":987,"template":"","meta":[],"product_brand":[],"product_cat":[89,123,106],"product_tag":[],"class_list":{"0":"post-986","1":"product","2":"type-product","3":"status-publish","4":"has-post-thumbnail","6":"product_cat-cosmetiques","7":"product_cat-huiles-a-barbe","8":"product_cat-huiles-vegetales","10":"first","11":"instock","12":"shipping-taxable","13":"purchasable","14":"product-type-simple"},"_links":{"self":[{"href":"https:\/\/www.miel-store.com\/it\/wp-json\/wp\/v2\/product\/986","targetHints":{"allow":["GET"]}}],"collection":[{"href":"https:\/\/www.miel-store.com\/it\/wp-json\/wp\/v2\/product"}],"about":[{"href":"https:\/\/www.miel-store.com\/it\/wp-json\/wp\/v2\/types\/product"}],"wp:featuredmedia":[{"embeddable":true,"href":"https:\/\/www.miel-store.com\/it\/wp-json\/wp\/v2\/media\/987"}],"wp:attachment":[{"href":"https:\/\/www.miel-store.com\/it\/wp-json\/wp\/v2\/media?parent=986"}],"wp:term":[{"taxonomy":"product_brand","embeddable":true,"href":"https:\/\/www.miel-store.com\/it\/wp-json\/wp\/v2\/product_brand?post=986"},{"taxonomy":"product_cat","embeddable":true,"href":"https:\/\/www.miel-store.com\/it\/wp-json\/wp\/v2\/product_cat?post=986"},{"taxonomy":"product_tag","embeddable":true,"href":"https:\/\/www.miel-store.com\/it\/wp-json\/wp\/v2\/product_tag?post=986"}],"curies":[{"name":"wp","href":"https:\/\/api.w.org\/{rel}","templated":true}]}}