{"id":979,"date":"2022-05-20T18:31:49","date_gmt":"2022-05-20T16:31:49","guid":{"rendered":"https:\/\/www.miel-store.com\/?post_type=product&#038;p=979"},"modified":"2026-04-11T17:49:16","modified_gmt":"2026-04-11T15:49:16","slug":"natura-siwak","status":"publish","type":"product","link":"https:\/\/www.miel-store.com\/it\/p\/siwak-nature","title":{"rendered":"Siwak naturale"},"content":{"rendered":"<p>Sebbene il siwak sia diventato di moda negli ultimi anni, in realt\u00e0 viene utilizzato fin dai tempi del Profeta (alayhi salat wa salam), che lo usava regolarmente. In arabo \u00e8 chiamato anche \u00abmiswak\u00bb ed \u00e8 un vero e proprio emblema nei Paesi musulmani. Il suo scopo \u00e8 quello di purificare la bocca, ottenere un ottimo alito e compiacere Allah.<\/p>\n<h2><strong>Caratteristiche del miele di negozio Siwak<\/strong><\/h2>\n<ul>\n<li>Siwak naturale 100% ;<\/li>\n<li>Singolo bastoncino da 50 g;<\/li>\n<li>Scolpito dall'albero di Araak;<\/li>\n<li>Protetto dall'imballaggio per prevenire i batteri;<\/li>\n<li>Pu\u00f2 essere utilizzato per diverse settimane.<\/li>\n<\/ul>\n<p>Nota: fare attenzione quando si conserva il bastoncino. Se viene conservato in modo errato o troppo umido, finisce per ammuffire. \u00c8 meglio buttarlo via dopo un po' di tempo se non lo si usa pi\u00f9.<\/p>\n<h2><strong>Componenti Siwak<\/strong><\/h2>\n<p>Esistono diversi tipi di questo piccolo spazzolino da denti naturale e all'antica, ricavato da diversi tipi di alberi. Il migliore \u00e8 quello dell'Araak, per cui \u00e8 comunemente noto come \u00abbastone di Araak\u00bb. Tuttavia, pu\u00f2 provenire anche dall'ulivo o dal noce.<\/p>\n<p>Questo piccolo bastoncino di legno contiene molti ingredienti virtuosi. In totale, ne contiene quasi venti. Tra questi vi sono, ad esempio:<\/p>\n<p>- Antibatterici e inibitori di acidi che :<\/p>\n<ul>\n<li>aiutano a combattere la diarrea,<\/li>\n<li>ma anche cavit\u00e0,<\/li>\n<li>disinfettano naturalmente i denti,<\/li>\n<li>pu\u00f2 arrestare il sanguinamento delle gengive,<\/li>\n<li>eliminare batteri e germi.<\/li>\n<\/ul>\n<p>Per questo motivo, la prima volta che lo si usa pu\u00f2 risultare piuttosto sgradevole per alcune persone. Infatti, il suo sapore \u00e8 piuttosto aspro e pu\u00f2 persino pizzicare un po'. Dopo qualche utilizzo, ci si abituer\u00e0 facilmente al suo sapore.<\/p>\n<p>- Molti minerali, come il :<\/p>\n<ul>\n<li>potassio,<\/li>\n<li>bicarbonato di sodio,<\/li>\n<li>ossidi di <a href=\"https:\/\/www.miel-store.com\/it\/p\/latte-di-cammello-in-polvere\/\"><strong>calcio<\/strong><\/a>,<\/li>\n<li>o cloruro di sodio.<\/li>\n<\/ul>\n<p>In particolare, sono ottimi per la pulizia dei denti. Infatti, il bicarbonato \u00e8 ampiamente riconosciuto per il suo effetto efficace sui denti, oltre che per renderli lucidi e bianchi.<\/p>\n<p>- Alcuni oli profumati naturali dell'albero di arak (o di altri).<\/p>\n<p>Queste permettono di :<\/p>\n<ul>\n<li>per dare al siwak un odore e un sapore gradevoli,<\/li>\n<li>conferiscono un ottimo alito alla bocca.<\/li>\n<\/ul>\n<p>- Sono presenti anche enzimi per prevenire la placca dentale e composti per respingere i germi e la decomposizione. Aiutano a :<\/p>\n<ul>\n<li>ridurre il numero di batteri presenti nella bocca,<\/li>\n<li>agiscono come una sorta di antibiotico naturale.<\/li>\n<\/ul>\n<h3><strong>Utilizzo di miswak<\/strong><\/h3>\n<p>In genere, viene tagliato dall'albero di Araak e raramente \u00e8 pi\u00f9 grande di una matita. Tuttavia, il suo diametro varia da marca a marca. Quelli che offriamo noi hanno un diametro abbastanza grande, mentre sono disponibili anche quelli molto pi\u00f9 sottili.<\/p>\n<p>L'utilizzo non potrebbe essere pi\u00f9 semplice:<\/p>\n<ul>\n<li>Tagliate un piccolo pezzo di corteccia dal bastone come se steste rimuovendo l'imballaggio di un prodotto;<\/li>\n<li>masticare un po\u00ab fino a vedere comparire i primi \u00bbpeli\", come uno spazzolino da denti;<\/li>\n<li>Immergerlo in acqua per circa 8 ore per ammorbidirlo, ma non \u00e8 obbligatorio;<\/li>\n<li>lavarsi i denti come di consueto con il siwak, il dentifricio non \u00e8 necessario.<\/li>\n<\/ul>\n<p>In generale, si pu\u00f2 usare il bastoncino di Araak tutte le volte che si vuole durante il giorno. Tuttavia, alcuni specialisti consigliano di usarlo 5 volte al giorno.<\/p>\n<p>Questo non pu\u00f2 che ricordarci l'hadith del Profeta (alayhi salat wa salam): \u00abSe non temessi di sovraccaricare la mia comunit\u00e0, ordinerei loro di eseguire il Siwak prima di ogni preghiera\u00bb. Bukhari e Muslim<\/p>","protected":false},"excerpt":{"rendered":"<p>Quand bien m\u00eame le siwak est devenu un effet de mode ces derni\u00e8res ann\u00e9es, il est en fait utilis\u00e9 depuis le temps du Proph\u00e8te (alayhi salat wa salam) qui lui-m\u00eame l\u2019utilisait r\u00e9guli\u00e8rement. En arabe, il est aussi appel\u00e9 \u00ab\u00a0miswak\u00a0\u00bb et c\u2019est un v\u00e9ritable embl\u00e8me dans les pays musulmans. En effet, il a pour but de [&#8230;]\n","protected":false},"featured_media":977,"template":"","meta":[],"product_brand":[],"product_cat":[88],"product_tag":[],"class_list":{"0":"post-979","1":"product","2":"type-product","3":"status-publish","4":"has-post-thumbnail","6":"product_cat-bien-etre","8":"first","9":"instock","10":"shipping-taxable","11":"purchasable","12":"product-type-simple"},"_links":{"self":[{"href":"https:\/\/www.miel-store.com\/it\/wp-json\/wp\/v2\/product\/979","targetHints":{"allow":["GET"]}}],"collection":[{"href":"https:\/\/www.miel-store.com\/it\/wp-json\/wp\/v2\/product"}],"about":[{"href":"https:\/\/www.miel-store.com\/it\/wp-json\/wp\/v2\/types\/product"}],"wp:featuredmedia":[{"embeddable":true,"href":"https:\/\/www.miel-store.com\/it\/wp-json\/wp\/v2\/media\/977"}],"wp:attachment":[{"href":"https:\/\/www.miel-store.com\/it\/wp-json\/wp\/v2\/media?parent=979"}],"wp:term":[{"taxonomy":"product_brand","embeddable":true,"href":"https:\/\/www.miel-store.com\/it\/wp-json\/wp\/v2\/product_brand?post=979"},{"taxonomy":"product_cat","embeddable":true,"href":"https:\/\/www.miel-store.com\/it\/wp-json\/wp\/v2\/product_cat?post=979"},{"taxonomy":"product_tag","embeddable":true,"href":"https:\/\/www.miel-store.com\/it\/wp-json\/wp\/v2\/product_tag?post=979"}],"curies":[{"name":"wp","href":"https:\/\/api.w.org\/{rel}","templated":true}]}}