{"id":978,"date":"2022-05-20T18:16:51","date_gmt":"2022-05-20T16:16:51","guid":{"rendered":"https:\/\/www.miel-store.com\/?post_type=product&#038;p=978"},"modified":"2026-04-25T17:23:41","modified_gmt":"2026-04-25T15:23:41","slug":"acqua-zamzam","status":"publish","type":"product","link":"https:\/\/www.miel-store.com\/it\/p\/eau-de-zamzam","title":{"rendered":"Acqua Zamzam 50cl"},"content":{"rendered":"<p>L'acqua Zamzam \u00e8 assolutamente unica, ma anche virtuosa. Non solo disseta coloro che la bevono, ma porta anche la concessione di douas insha'Allah. Il mondo musulmano \u00e8 sempre stato d'accordo sul fatto che \u00e8, e sar\u00e0 sempre, la migliore acqua della terra. \u00c8 benedetta, sacra e rimarr\u00e0 tale.<\/p>\n<h2><strong>Composizione dell'acqua Zamzam<\/strong><\/h2>\n<p>L'acqua Zamzam (ma\u2019 ZamZam in arabo) offerta da Miel Store viene prelevata direttamente dal suo pozzo. \u00c8 100% naturale e pura.<\/p>\n<p>Brevi informazioni sulla bottiglia:<\/p>\n<p>Composizione : 100% acqua Zamzam pura e naturale;<\/p>\n<p>Capacit\u00e0: 50cl circa;<\/p>\n<p>Tappo azzurro, facile da aprire e richiudere;<\/p>\n<p>Origine: pozzo di Zamzam alla Mecca, Arabia Saudita.<\/p>\n<h2><strong>Caratteristiche<\/strong><\/h2>\n<p>La combinazione di elementi gli conferisce una caratteristica unica, motivo per cui \u00e8 benedetto. Se si assume l'equivalente di 100 ml di questo liquido, esso contiene :<\/p>\n<ul>\n<li>3,2 mg di <a href=\"https:\/\/www.miel-store.com\/it\/p\/natura-siwak\/\"><strong>calcio<\/strong><\/a><\/li>\n<li>9,6 g di bicarbonato ;<\/li>\n<li>0,23 g di magnesio<\/li>\n<li>0,74 mg di sodio ;<\/li>\n<li>0,01 mg di fluoruro ;<\/li>\n<li>0,07 mg di potassio.<\/li>\n<\/ul>\n<p>Questo per la composizione. Ma \u00e8 anche unica per le sue caratteristiche insolite e sacre:<\/p>\n<ul>\n<li>\u00e8 incolore e inodore;<\/li>\n<li>ha un gran numero di minerali;<\/li>\n<li>un gusto che non \u00e8 mai cambiato dalla sua nascita;<\/li>\n<li>perfetta armonia dei suoi elettroliti;<\/li>\n<li>sempre potabile;<\/li>\n<li>un pozzo che non si \u00e8 mai prosciugato da quando \u00e8 stato costruito;<\/li>\n<li>Non sono stati aggiunti trattamenti chimici o cloruri;<\/li>\n<li>concentrazioni molto elevate di alcuni elementi come calcio, magnesio e fluoro.<\/li>\n<\/ul>\n<h2><strong>Storia dell'acqua Zamzam<\/strong><\/h2>\n<p>La storia dell'acqua di Zamzam \u00e8 direttamente collegata a quella del profeta Ibrahim (alayhi salam). Secondo l'ordine impartitogli da Allah, egli dovette lasciare la moglie Hajar e il figlio Ismail da soli nel mezzo del deserto arabo.<\/p>\n<p>Hajar vide suo figlio Isma\u00efl piangere per mancanza di cibo. Non sapendo cosa fare, inizi\u00f2 a correre pi\u00f9 volte tra le montagne As-Safa e Al-Marwa. Fu allora che Allah mand\u00f2 un miracolo, facendo scaturire l'acqua di Zamzam. Poterono bere da essa e la gente cominci\u00f2 a vivere l\u00ec.<\/p>\n<p>Da quel giorno non smise mai di sgorgare. Anche tra i politeisti della Mecca in epoca pre-islamica, questo pozzo d'acqua era considerato sacro, il che dimostra la sua importanza.<\/p>\n<h3><strong>Vantaggi\u00a0<\/strong><\/h3>\n<p>L'acqua Zamzam \u00e8 quindi un liquido sacro benedetto da Allah. Per questo motivo ha benefici sia spirituali che fisici:<\/p>\n<ul>\n<li>tratta le malattie cardiache;<\/li>\n<li>combatte i problemi renali;<\/li>\n<li>combatte il dolore agli occhi ;<\/li>\n<li>agisce su mal di testa ed emicrania;<\/li>\n<li>Tratta i problemi di affaticamento;<\/li>\n<li>disseta chi lo beve.<\/li>\n<\/ul>\n<p>Da un punto di vista spirituale, diversi hadith menzionano l'acqua di Zamzam. In generale, essa :<\/p>\n<ul>\n<li>nutre gli affamati, mentre l'acqua normalmente non nutre;<\/li>\n<\/ul>\n<ul>\n<li>permette di far rispondere ad Allah un'invocazione per la quale si \u00e8 bevuto.<\/li>\n<\/ul>","protected":false},"excerpt":{"rendered":"<p>L\u2019eau de Zamzam est absolument unique, mais aussi vertueuse. Non seulement elle apporte d\u00e9salt\u00e9ration \u00e0 celui qui le boit mais aussi des douas exauc\u00e9es incha\u2019Allah. Le monde musulman s\u2019est mis d\u2019accord depuis toujours qu\u2019il s\u2019agit et qu\u2019il s\u2019agira toujours de la meilleure des eaux sur Terre. Elle est b\u00e9nie, sacr\u00e9e et le restera. Composition de [&#8230;]\n","protected":false},"featured_media":976,"template":"","meta":[],"product_brand":[],"product_cat":[88],"product_tag":[],"class_list":{"0":"post-978","1":"product","2":"type-product","3":"status-publish","4":"has-post-thumbnail","6":"product_cat-bien-etre","8":"first","9":"instock","10":"shipping-taxable","11":"purchasable","12":"product-type-simple"},"_links":{"self":[{"href":"https:\/\/www.miel-store.com\/it\/wp-json\/wp\/v2\/product\/978","targetHints":{"allow":["GET"]}}],"collection":[{"href":"https:\/\/www.miel-store.com\/it\/wp-json\/wp\/v2\/product"}],"about":[{"href":"https:\/\/www.miel-store.com\/it\/wp-json\/wp\/v2\/types\/product"}],"wp:featuredmedia":[{"embeddable":true,"href":"https:\/\/www.miel-store.com\/it\/wp-json\/wp\/v2\/media\/976"}],"wp:attachment":[{"href":"https:\/\/www.miel-store.com\/it\/wp-json\/wp\/v2\/media?parent=978"}],"wp:term":[{"taxonomy":"product_brand","embeddable":true,"href":"https:\/\/www.miel-store.com\/it\/wp-json\/wp\/v2\/product_brand?post=978"},{"taxonomy":"product_cat","embeddable":true,"href":"https:\/\/www.miel-store.com\/it\/wp-json\/wp\/v2\/product_cat?post=978"},{"taxonomy":"product_tag","embeddable":true,"href":"https:\/\/www.miel-store.com\/it\/wp-json\/wp\/v2\/product_tag?post=978"}],"curies":[{"name":"wp","href":"https:\/\/api.w.org\/{rel}","templated":true}]}}