{"id":973,"date":"2022-05-20T15:31:53","date_gmt":"2022-05-20T13:31:53","guid":{"rendered":"https:\/\/www.miel-store.com\/?post_type=product&#038;p=973"},"modified":"2025-10-12T14:52:44","modified_gmt":"2025-10-12T12:52:44","slug":"olio-di-formica","status":"publish","type":"product","link":"https:\/\/www.miel-store.com\/it\/p\/huile-de-fourmi","title":{"rendered":"Olio di formica 60ml - Manelya"},"content":{"rendered":"<p class=\"p1\"><i>Negozio di miele<\/i> \u00e8 lieta di presentare <b>olio di formica<\/b> che \u00e8 stato a lungo utilizzato dalle donne orientali. Usavano gi\u00e0 <b>uova di formica<\/b> raccolti dai formicai.<span class=\"Apple-converted-space\">\u00a0<\/span><\/p>\n<p class=\"p1\">Infatti, la usavano come crema depilatoria da applicare direttamente sulla pelle. In questo modo, volevano combattere l'antiestetica crescita dei peli. Questo dimostra che erano gi\u00e0 a conoscenza delle virt\u00f9 dell'olio di formica per il corpo umano.<span class=\"Apple-converted-space\">\u00a0<\/span><\/p>\n<p class=\"p1\">Anche noi vogliamo aiutarvi a scoprire questo meraviglioso elisir dalle virt\u00f9 insospettabili...<\/p>\n<h2 class=\"p3\"><b>Olio di formica, un alleato contro la ricrescita dei capelli!<\/b><\/h2>\n<p class=\"p1\">Questo <a href=\"https:\/\/manelya.com\/produit\/huile-de-fourmi\/\" target=\"_blank\" rel=\"noopener\"><strong>Olio di formica Manelya<\/strong><\/a> \u00e8 disponibile presso <i>Negozio di miele<\/i> in bottiglie da 60 ml. Costa 13,90 euro ed \u00e8 prodotto in Francia. Inoltre, questo elisir di scelta \u00e8 di alta qualit\u00e0 e 100% puro e naturale.<\/p>\n<p class=\"p1\">Dovete anche sapere che ora \u00e8 prodotto interamente a livello industriale, senza l'utilizzo di insetti. Infatti, pu\u00f2 essere considerato vegano ed etico, il che non vi dispiacer\u00e0... vero?<\/p>\n<p class=\"p1\">Inoltre, le uova di questo piccolo insetto contengono un composto naturale chiamato acido formico. Come avrete intuito, il nome deriva dal componente \u00abacido formico\u00bb che contiene e che viene secreto da questi insetti. In effetti, questo componente agisce sul ciclo dei capelli ritardandone la ricrescita dopo la depilazione.<span class=\"Apple-converted-space\">\u00a0<\/span><\/p>\n<p class=\"p1\">Infine, in piccole quantit\u00e0, aiuta a combattere la crescita eccessiva dei capelli. \u00c8 per la sua azione anti-crescita che viene utilizzato nei trattamenti di bellezza.<\/p>\n<h2 class=\"p3\"><b>Da dove proviene questo incredibile olio di formica?<\/b><\/h2>\n<p class=\"p1\">In effetti, la sua comparsa in Europa \u00e8 recente. Le sue origini risalgono a molto tempo fa, al Medio Oriente e all'Asia. All'epoca, le donne si procuravano uova di formica per ridurre la crescita dei peli. Le massaggiavano sul loro corpo e facevano lo stesso con i loro bambini. In questo modo, i loro bambini crescevano senza peli.<\/p>\n<p class=\"p1\">Vale la pena di notare che i laboratori sono ora in grado di riprodurre sinteticamente la molecola dell'acido formico. In altre parole, possiamo trovare questo cosmetico solo con i suoi composti chimici.<span class=\"Apple-converted-space\">\u00a0<\/span><\/p>\n<p class=\"p1\">Ci\u00f2 significa che alcuni oli sono conosciuti come oli di formica solo per il nome.<\/p>\n<h2 class=\"p3\"><b>La preziosa composizione dell'olio di formica!<\/b><\/h2>\n<p class=\"p1\">Oggi, come gi\u00e0 annunciato, i laboratori sono riusciti a ricostituire l'acido formico sotto forma di principio attivo. Di conseguenza, non \u00e8 pi\u00f9 necessario utilizzare questi insetti per produrre questo cosmetico.<span class=\"Apple-converted-space\">\u00a0<\/span><\/p>\n<p class=\"p1\">E tanto meglio, perch\u00e9 era molto dannoso per il loro ambiente. Tuttavia, il prodotto viene leggermente snaturato. Per questo motivo non contiene acido formico, che \u00e8 un componente chimico innaturale.<\/p>\n<p class=\"p1\">Infatti, questo olio di formica \u00e8 prodotto in modo naturale, cio\u00e8 senza sostanze chimiche, parabeni o additivi. Di conseguenza, non rappresenta un pericolo per la salute della pelle.<\/p>\n<h2 class=\"p3\"><b>I benefici molto pratici dell'olio di formica<span class=\"Apple-converted-space\">\u00a0<\/span><\/b><\/h2>\n<p class=\"p1\">Questo elisir ha alcune virt\u00f9 molto ricercate, soprattutto dalle donne, che elenchiamo di seguito.<\/p>\n<h3 class=\"p4\"><b>Sui capelli<\/b><\/h3>\n<ul class=\"ul1\">\n<li class=\"li1\">Questo elisir ha sicuramente un effetto sulla crescita dei capelli. Infatti, se usato correttamente, aiuter\u00e0 a rallentare la crescita dei capelli e persino a farli scomparire. Inizialmente, infatti, li render\u00e0 molto pi\u00f9 sottili fino a farli scomparire del tutto. In altre parole, agisce come un inibitore dei capelli, indebolendo la loro radice e influenzando direttamente la loro capacit\u00e0 di rigenerarsi.<\/li>\n<\/ul>\n<h3 class=\"p4\"><b>Sulla pelle<\/b><\/h3>\n<ul class=\"ul1\">\n<li class=\"li1\">Innanzitutto, ha un'azione esfoliante naturale. Infatti, basta massaggiare delicatamente la zona desiderata per rimuovere la pelle morta. Proprio cos\u00ec, \u00e8 addirittura uno scrub naturale!<\/li>\n<\/ul>\n<ul class=\"ul1\">\n<li class=\"li1\">Infine, ha un'azione ammorbidente sulla pelle. Basta applicarlo sulla pelle per lasciarla morbida e idratata.<\/li>\n<\/ul>\n<h3 class=\"p4\"><b>Sui capelli<\/b><span class=\"s1\"><span class=\"Apple-converted-space\">\u00a0<\/span><\/span><\/h3>\n<p class=\"p1\">Inoltre, rende i capelli setosi.<\/p>\n<p class=\"p1\">Naturalmente, si consiglia di integrare il trattamento all'olio di formica con <a href=\"https:\/\/www.miel-store.com\/it\/p\/olio-di-cocco-extra-vergine-biologico\/\"><b>Olio di cocco extravergine biologico<\/b><\/a>.<\/p>\n<h2 class=\"p3\"><b>Come utilizzate il vostro olio di formica?<\/b><\/h2>\n<p class=\"p1\">Per ottenere la massima efficacia, \u00e8 importante sapere come utilizzare l'elisir per ottenere risultati perfetti. Seguite quindi le indicazioni di <i>Negozio Miel<\/i>, I passi da seguire :<\/p>\n<ul class=\"ul1\">\n<li class=\"li1\">Prima di tutto, vi consigliamo di applicare la vostra <b>trattamento anti-capelli<\/b>, dopo ogni seduta di depilazione. Si noti che i peli devono essere assolutamente estratti alla radice; ;<\/li>\n<\/ul>\n<ul class=\"ul1\">\n<li class=\"li1\">Quindi, una volta applicato l'olio di formica sulla zona da trattare, massaggiare per alcuni minuti. Questo aiuter\u00e0 il principio attivo a penetrare nel bulbo pilifero; ;<\/li>\n<\/ul>\n<ul class=\"ul1\">\n<li class=\"li1\">Si consiglia pertanto di applicare questo elisir ogni giorno, preferibilmente la sera al momento di coricarsi, per 5 giorni; ;<\/li>\n<\/ul>\n<ul class=\"ul1\">\n<li class=\"li1\">Ripetere l'operazione dopo ogni depilazione. I risultati si vedranno gi\u00e0 dalle prime sedute; ;<\/li>\n<\/ul>\n<ul class=\"ul1\">\n<li class=\"li1\">Naturalmente, il tempo necessario per vedere i risultati pu\u00f2 variare a seconda della densit\u00e0 e dello spessore dei capelli. Pu\u00f2 anche variare a seconda dell'area trattata; ;<\/li>\n<\/ul>\n<ul class=\"ul1\">\n<li class=\"li1\">Le sedute di depilazione permanente con laser o luce pulsata seguono la stessa procedura. \u00c8 sufficiente applicare un olio di formica dopo la caduta dei peli.<\/li>\n<\/ul>\n<h3 class=\"p4\"><b>Per informazioni<\/b><\/h3>\n<ul class=\"ul1\">\n<li class=\"li1\">In generale, la depilazione con il rasoio (elettrico o manuale) non \u00e8 adatta all'olio di formica. Come spiegato in precedenza, i peli devono essere rimossi alla radice; ;<\/li>\n<\/ul>\n<ul class=\"ul1\">\n<li class=\"li1\">Infine, questo elisir pu\u00f2 essere utilizzato anche come trattamento dopo la depilazione.<\/li>\n<\/ul>\n<h3 class=\"p3\"><b>Precauzioni per l'uso<span class=\"Apple-converted-space\">\u00a0<\/span><\/b><\/h3>\n<p class=\"p1\">Tutti i prodotti, anche se sono 100% naturali, devono comunque essere oggetto di particolare attenzione per la vostra salute. Ecco quindi alcune precauzioni da prendere per evitare qualsiasi problema con i prodotti per la cura della pelle <i>Manelya<\/i> :<\/p>\n<ul class=\"ul1\">\n<li class=\"li1\">Questo prodotto contiene oli essenziali. Si consiglia pertanto di evitare il contatto con gli occhi; ;<\/li>\n<\/ul>\n<ul class=\"ul1\">\n<li class=\"li1\">Fate quindi attenzione se volete applicarlo sul viso. Si consiglia infatti di effettuare un piccolo test per evitare qualsiasi rischio di allergia, prima di utilizzarlo regolarmente. Potete farlo applicando una piccola dose all'interno del polso; ;<\/li>\n<\/ul>\n<ul class=\"ul1\">\n<li class=\"li1\">Questo elisir deve essere conservato in un luogo asciutto, al riparo dal calore e dalla luce; ;<\/li>\n<\/ul>\n<ul class=\"ul1\">\n<li class=\"li1\">Infine, prima di utilizzare questo prodotto, \u00e8 consigliabile chiedere il parere di un professionista della salute.<span class=\"Apple-converted-space\">\u00a0<\/span><\/li>\n<\/ul>","protected":false},"excerpt":{"rendered":"<div class=\"product-short-description\">\n<p>Olio di formica Made in France.<\/p>\n<p>Qualit\u00e0 cosmetica. 100% Puro e naturale.<\/p>\n<p>Flacone da 60 ml.<\/p>\n<\/div>","protected":false},"featured_media":974,"template":"","meta":[],"product_brand":[],"product_cat":[89,88,106],"product_tag":[],"class_list":{"0":"post-973","1":"product","2":"type-product","3":"status-publish","4":"has-post-thumbnail","6":"product_cat-cosmetiques","7":"product_cat-bien-etre","8":"product_cat-huiles-vegetales","10":"first","11":"outofstock","12":"shipping-taxable","13":"purchasable","14":"product-type-simple"},"_links":{"self":[{"href":"https:\/\/www.miel-store.com\/it\/wp-json\/wp\/v2\/product\/973","targetHints":{"allow":["GET"]}}],"collection":[{"href":"https:\/\/www.miel-store.com\/it\/wp-json\/wp\/v2\/product"}],"about":[{"href":"https:\/\/www.miel-store.com\/it\/wp-json\/wp\/v2\/types\/product"}],"wp:featuredmedia":[{"embeddable":true,"href":"https:\/\/www.miel-store.com\/it\/wp-json\/wp\/v2\/media\/974"}],"wp:attachment":[{"href":"https:\/\/www.miel-store.com\/it\/wp-json\/wp\/v2\/media?parent=973"}],"wp:term":[{"taxonomy":"product_brand","embeddable":true,"href":"https:\/\/www.miel-store.com\/it\/wp-json\/wp\/v2\/product_brand?post=973"},{"taxonomy":"product_cat","embeddable":true,"href":"https:\/\/www.miel-store.com\/it\/wp-json\/wp\/v2\/product_cat?post=973"},{"taxonomy":"product_tag","embeddable":true,"href":"https:\/\/www.miel-store.com\/it\/wp-json\/wp\/v2\/product_tag?post=973"}],"curies":[{"name":"wp","href":"https:\/\/api.w.org\/{rel}","templated":true}]}}