{"id":8881,"date":"2025-11-17T17:47:46","date_gmt":"2025-11-17T16:47:46","guid":{"rendered":"https:\/\/www.miel-store.com\/?post_type=product&#038;p=8881"},"modified":"2026-04-22T16:20:18","modified_gmt":"2026-04-22T14:20:18","slug":"resina-pura-di-shilajit","status":"publish","type":"product","link":"https:\/\/www.miel-store.com\/it\/p\/shilajit-pur-en-resine","title":{"rendered":"Resina pura di shilajit - barattolo da 50g"},"content":{"rendered":"<p><strong>Resina pura di shilajit<\/strong> si sta rivelando un vero successo per gli amanti del benessere naturale e per gli appassionati di prodotti autentici ispirati alle tradizioni ancestrali. Questo <strong>resina naturale<\/strong>, estratto direttamente dalle imponenti rocce di alta montagna, viene offerto il pi\u00f9 delle volte in <strong>Vasetto da 50 g<\/strong>. Questo pratico formato lo rende facile da consumare ogni giorno. Un vero concentrato di <strong>minerali essenziali<\/strong>, d\u2019<strong>oligoelementi<\/strong> e preziosi nutrienti, lo shilajit si distingue per la sua composizione unica e per i suoi riconosciuti benefici per la salute.<\/p>\n<h2>Che cos'\u00e8 lo shilajit in resina pura?<\/h2>\n<p><strong>Shilajit<\/strong> \u00e8 un minerale raro, raccolto principalmente sull'Himalaya, dove si accumula per secoli tra roccia e ghiaccio. Questo <strong>Fonte himalayana<\/strong> si distingue per la sua notevole purezza: in forma di <strong>resina naturale<\/strong>, A differenza delle forme lavorate o miscelate con altri ingredienti, conserva tutte le sue propriet\u00e0 originali.<\/p>\n<p>La presentazione in <strong>Vasetto da 50 g<\/strong> La confezione \u00e8 facile da conservare e da utilizzare quotidianamente, particolarmente apprezzata per i trattamenti di breve durata o per scoprire questo super alimento. Visita <strong>resina pura di shilajit<\/strong> deve il suo fascino all'elevata concentrazione di <strong>acido fulvico<\/strong>, e minerali essenziali e oligoelementi. Questi componenti favoriscono l'assorbimento dei nutrienti e proteggono dalle carenze micro-nutrizionali.<\/p>\n<h2>Da dove proviene la resina naturale di shilajit?<\/h2>\n<p>I depositi di <strong>shilajit<\/strong> si trovano nel cuore dei massicci montuosi dell'Asia e offrono un panorama mozzafiato. <strong>Fonte himalayana<\/strong> famosa per l'eccezionale qualit\u00e0 del materiale raccolto. Le condizioni estreme richieste per la sua formazione spiegano la sua incomparabile ricchezza in <strong>componenti di valore<\/strong> e la sua grande purezza.<\/p>\n<p>L'estrazione di <strong>shilajit puro<\/strong> richiede un know-how specifico: il <strong>resina naturale<\/strong> viene accuratamente filtrato e poi confezionato in piccoli vasetti per garantire freschezza e facilit\u00e0 d'uso. Per chi desidera acquistare un prodotto autentico e completo, vale la pena di scoprire uno shilajit puro ideale per migliorare l'energia, rafforzare l'immunit\u00e0 e sostenere le funzioni cognitive. Questo processo tradizionale preserva tutta la complessit\u00e0 minerale per cui questo prodotto ancestrale \u00e8 rinomato.<\/p>\n<h2>Quali sono i benefici nutrizionali e funzionali dello shilajit puro?<\/h2>\n<p>Tra tutti i formati disponibili, <strong>resina pura di shilajit<\/strong> seduce con la densit\u00e0 del suo profilo nutrizionale: offre circa quaranta <strong>minerali essenziali<\/strong>, Con un elevato contenuto di magnesio, calcio, ferro e zinco. Grazie al suo elevato <strong>acido fulvico<\/strong>, Questi nutrienti sono particolarmente ben assorbiti dall'organismo.<\/p>\n<ul>\n<li><strong>Acido fulvico<\/strong>ottimizza la biodisponibilit\u00e0 delle sostanze benefiche.<\/li>\n<li><strong>Elementi in traccia<\/strong>Questi supportano il funzionamento di numerosi organi.<\/li>\n<li><strong>Propriet\u00e0 antiossidanti<\/strong>Aiuta a neutralizzare i radicali liberi responsabili dell'invecchiamento cellulare precoce.<\/li>\n<li><strong>Propriet\u00e0 neuroprotettive<\/strong>Aiuta a mantenere il sistema nervoso e le funzioni cognitive.<\/li>\n<\/ul>\n<p>Grazie a questa ricchezza, il <strong>shilajit<\/strong> \u00e8 un alleato nei periodi di affaticamento temporaneo o quando \u00e8 necessario ottimizzare il recupero. Agisce non solo sulla <strong>vitalit\u00e0<\/strong> e il\u2019<strong>energia<\/strong>, Aiuta anche a gestire lo stress e a sostenere lo sforzo intellettuale.<\/p>\n<h3>Come si pu\u00f2 godere dei benefici per la salute su base giornaliera?<\/h3>\n<p>L'integrazione di <strong>shilajit puro in barattolo da 50g<\/strong> in una routine moderna \u00e8 semplice: una piccola quantit\u00e0, sciolta in un liquido caldo, \u00e8 sufficiente per beneficiare dei suoi effetti positivi. In questo modo \u00e8 facile aggiungere un integratore ricco di <strong>minerali essenziali<\/strong> a uno stile di vita incentrato sulla prevenzione e sul benessere generale.<\/p>\n<p>Combinando <strong>shilajit puro<\/strong> e un'alimentazione equilibrata, \u00e8 possibile migliorare la <strong>vitalit\u00e0 generale<\/strong>, L'azione combinata di questi ingredienti contribuisce a ridurre la sensazione di stanchezza e a migliorare la resistenza allo sforzo fisico. L'azione combinata di <strong>oligoelementi<\/strong> e il\u2019<strong>acido fulvico<\/strong> aiuta anche a disintossicare e a mantenere l'organismo in ottima forma. Questo integratore innovativo si trova tra gli altri prodotti naturali dettagliati come <a href=\"https:\/\/www.miel-store.com\/it\/p\/shilajit\/\">Capsule di shilajit<\/a>.<\/p>\n<h3>Impatto delle propriet\u00e0 antiossidanti e neuroprotettive<\/h3>\n<p>La <strong>resina naturale di shilajit<\/strong> contiene composti con <strong>propriet\u00e0 antiossidanti<\/strong> studiate da diversi anni. Queste molecole agiscono come uno scudo contro lo stress ossidativo causato dal nostro stile di vita frenetico e dall'inquinamento. Allo stesso tempo <strong>propriet\u00e0 neuroprotettive<\/strong> di questa sostanza potrebbe preservare la memoria, la concentrazione e le capacit\u00e0 cognitive, grazie alla sua ricchezza in <strong>acido fulvico<\/strong> e altri micronutrienti specifici.<\/p>\n<p>Adottare <strong>shilajit puro<\/strong> nella vostra routine va oltre il semplice gesto preventivo: significa scegliere un approccio globale che rispetti l'equilibrio del corpo e della mente, senza ricorrere a una moltitudine di integratori industriali. Il suo formato in <strong>Vasetto da 50 g<\/strong> pu\u00f2 essere utilizzato in base alle esigenze individuali, in particolare durante i periodi di maggiore attivit\u00e0 mentale o fisica.<\/p>\n<h2>Confronto tra lo shilajit in resina e le altre forme pi\u00f9 diffuse<\/h2>\n<p>Data l'ampia gamma di prodotti offerti (polveri, capsule, miscele), optare per il <strong>resina naturale di shilajit<\/strong> garanzie <strong>maggiore concentrazione di principi attivi<\/strong>, per ottenere risultati concreti per il <strong>vitalit\u00e0<\/strong> e il\u2019<strong>energia<\/strong>. La purezza di <strong>resina<\/strong>, non diluita e non modificata, offre un'esperienza sensoriale autentica ed effetti pi\u00f9 forti.<\/p>\n<table>\n<thead>\n<tr>\n<th>Forma<\/th>\n<th>Concentrazione di attivit\u00e0<\/th>\n<th>Assorbimento<\/th>\n<th>Sensazioni<\/th>\n<\/tr>\n<\/thead>\n<tbody>\n<tr>\n<td><strong>Resina pura (vaso da 50 g)<\/strong><\/td>\n<td>Alto<\/td>\n<td>Veloce<\/td>\n<td>Gusto autentico e intenso<\/td>\n<\/tr>\n<tr>\n<td>Polvere o capsula<\/td>\n<td>Medio-basso<\/td>\n<td>Moderato<\/td>\n<td>Neutro\/standard<\/td>\n<\/tr>\n<tr>\n<td>Miscela arricchita<\/td>\n<td>Variabile<\/td>\n<td>Dipende dagli additivi<\/td>\n<td>Aromatizzato, meno tipico<\/td>\n<\/tr>\n<\/tbody>\n<\/table>\n<p>La scelta del formato ha un'influenza diretta sulla qualit\u00e0 e sui benefici percepiti. Chi vuole sfruttare appieno i vantaggi del <strong>Fonte himalayana<\/strong> dare priorit\u00e0 a <strong>resina pura di shilajit<\/strong> per la sua tracciabilit\u00e0 e la sua composizione inalterata.<\/p>\n<h2>Domande frequenti sullo shilajit in resina pura<\/h2>\n<div itemscope=\"\" itemtype=\"https:\/\/schema.org\/FAQPage\">\n<div itemprop=\"mainEntity\" itemscope=\"\" itemtype=\"https:\/\/schema.org\/Question\">\n<h3 itemprop=\"name\">Come si usa lo shilajit puro in un barattolo da 50 g?<\/h3>\n<div itemprop=\"acceptedAnswer\" itemscope=\"\" itemtype=\"https:\/\/schema.org\/Answer\">\n<div itemprop=\"text\">\n<p>Le <strong>resina shilajit<\/strong> pu\u00f2 essere sciolto in una bevanda calda (non bollente) o semplicemente riscaldato per conservarne il sapore. <strong>Ingredienti attivi<\/strong>. In generale, \u00e8 sufficiente una dose della grandezza di un pisello una o due volte al giorno. Inseritelo nella vostra routine mattutina o prima dell'attivit\u00e0 fisica e beneficerete di un'azione delicata sulla pelle. <strong>vitalit\u00e0<\/strong> e il\u2019<strong>energia<\/strong>.<\/p>\n<ul>\n<li>Dose raccomandata: da 0,2 a 0,5 g per dose.<\/li>\n<li>Quando si usa: al mattino, prima dell'esercizio fisico o secondo il parere del medico.<\/li>\n<\/ul>\n<\/div>\n<\/div>\n<\/div>\n<div itemprop=\"mainEntity\" itemscope=\"\" itemtype=\"https:\/\/schema.org\/Question\">\n<h3 itemprop=\"name\">Perch\u00e9 scegliere la resina naturale piuttosto che un'altra forma?<\/h3>\n<div itemprop=\"acceptedAnswer\" itemscope=\"\" itemtype=\"https:\/\/schema.org\/Answer\">\n<div itemprop=\"text\">\n<p>La <strong>resina naturale di shilajit<\/strong> non \u00e8 stato sottoposto ad alcun trattamento eccessivo, conservando cos\u00ec uno spettro completo di\u2019<strong>acido fulvico<\/strong>, di <strong>minerali essenziali<\/strong> e\u2019<strong>oligoelementi<\/strong>. Questo rispetto per il prodotto salvaguarda tutte le sue propriet\u00e0. <strong>benefici per la salute<\/strong>, A differenza di alcune polveri o capsule, che a volte sono mescolate con altri ingredienti.<\/p>\n<ul>\n<li>Purezza ineguagliabile<\/li>\n<li>Gli effetti si fanno sentire rapidamente<\/li>\n<li>Un'esperienza di gusto unica<\/li>\n<\/ul>\n<table>\n<tbody>\n<tr>\n<th>Forma<\/th>\n<th>Rispetto dei principi attivi naturali<\/th>\n<\/tr>\n<tr>\n<td>Resina<\/td>\n<td>S\u00ec<\/td>\n<\/tr>\n<tr>\n<td>Polvere\/capsula<\/td>\n<td>Parziale<\/td>\n<\/tr>\n<tr>\n<td>Miscele<\/td>\n<td>Da basso a moderato<\/td>\n<\/tr>\n<\/tbody>\n<\/table>\n<\/div>\n<\/div>\n<\/div>\n<div itemprop=\"mainEntity\" itemscope=\"\" itemtype=\"https:\/\/schema.org\/Question\">\n<h3 itemprop=\"name\">Che cosa forniscono l'acido fulvico e gli oligoelementi?<\/h3>\n<div itemprop=\"acceptedAnswer\" itemscope=\"\" itemtype=\"https:\/\/schema.org\/Answer\">\n<div itemprop=\"text\">\n<p>L\u2019<strong>acido fulvico<\/strong> migliora l'assimilazione di <strong>minerali essenziali<\/strong> necessari per il funzionamento ottimale delle cellule. Insieme al <strong>oligoelementi<\/strong>, Rafforza le difese immunitarie, sostiene il metabolismo e facilita la rigenerazione dopo l'esercizio fisico. Questa sinergia mantiene l'equilibrio generale del corpo e della mente.<\/p>\n<ul>\n<li>Migliorare la resistenza e il recupero<\/li>\n<li>Riduzione degli episodi di stanchezza cronica<\/li>\n<li>Miglioramento del benessere cognitivo e migliore adattamento allo stress<\/li>\n<\/ul>\n<\/div>\n<\/div>\n<\/div>\n<div itemprop=\"mainEntity\" itemscope=\"\" itemtype=\"https:\/\/schema.org\/Question\">\n<h3 itemprop=\"name\">Ci sono precauzioni da prendere quando si usa lo shilajit puro?<\/h3>\n<div itemprop=\"acceptedAnswer\" itemscope=\"\" itemtype=\"https:\/\/schema.org\/Answer\">\n<div itemprop=\"text\">\n<p>Come per tutti i <strong>minerali<\/strong>, il <strong>resina pura di shilajit<\/strong> devono essere consumati come raccomandato. Un uso eccessivo potrebbe squilibrare alcune assunzioni e, anche se raramente, causare problemi digestivi in soggetti sensibili. Si consiglia alle donne in gravidanza e ai bambini di consultare il medico prima di assumere questo integratore alimentare.<\/p>\n<ul>\n<li>Rispettare la dose giornaliera raccomandata<\/li>\n<li>Non \u00e8 raccomandato per le donne in gravidanza senza il parere di un professionista<\/li>\n<li>Scegliere uno shilajit analizzato e standardizzato.<\/li>\n<\/ul>\n<\/div>\n<\/div>\n<\/div>\n<\/div>","protected":false},"excerpt":{"rendered":"<p>Scoprite il potere dello Shilajit nella sua forma pi\u00f9 pura (50 g di resina). A <strong>integratore naturale ayurvedico per la disintossicazione cellulare<\/strong> e miglioramento delle funzioni cognitive<\/p>","protected":false},"featured_media":8882,"template":"","meta":[],"product_brand":[],"product_cat":[88,130],"product_tag":[],"class_list":{"0":"post-8881","1":"product","2":"type-product","3":"status-publish","4":"has-post-thumbnail","6":"product_cat-bien-etre","7":"product_cat-produits-medecine-ayurvedique","9":"first","10":"instock","11":"shipping-taxable","12":"purchasable","13":"product-type-simple"},"_links":{"self":[{"href":"https:\/\/www.miel-store.com\/it\/wp-json\/wp\/v2\/product\/8881","targetHints":{"allow":["GET"]}}],"collection":[{"href":"https:\/\/www.miel-store.com\/it\/wp-json\/wp\/v2\/product"}],"about":[{"href":"https:\/\/www.miel-store.com\/it\/wp-json\/wp\/v2\/types\/product"}],"wp:featuredmedia":[{"embeddable":true,"href":"https:\/\/www.miel-store.com\/it\/wp-json\/wp\/v2\/media\/8882"}],"wp:attachment":[{"href":"https:\/\/www.miel-store.com\/it\/wp-json\/wp\/v2\/media?parent=8881"}],"wp:term":[{"taxonomy":"product_brand","embeddable":true,"href":"https:\/\/www.miel-store.com\/it\/wp-json\/wp\/v2\/product_brand?post=8881"},{"taxonomy":"product_cat","embeddable":true,"href":"https:\/\/www.miel-store.com\/it\/wp-json\/wp\/v2\/product_cat?post=8881"},{"taxonomy":"product_tag","embeddable":true,"href":"https:\/\/www.miel-store.com\/it\/wp-json\/wp\/v2\/product_tag?post=8881"}],"curies":[{"name":"wp","href":"https:\/\/api.w.org\/{rel}","templated":true}]}}