{"id":8855,"date":"2025-11-12T15:13:04","date_gmt":"2025-11-12T14:13:04","guid":{"rendered":"https:\/\/www.miel-store.com\/?post_type=product&#038;p=8855"},"modified":"2025-12-27T20:20:11","modified_gmt":"2025-12-27T19:20:11","slug":"capsule-di-melatonina","status":"publish","type":"product","link":"https:\/\/www.miel-store.com\/it\/p\/gelules-de-melatonine","title":{"rendered":"30 capsule di melatonina - (Gentle Night)"},"content":{"rendered":"<p>Oggi ci sono molte persone che cercano&nbsp;<strong>soluzioni efficaci per i disturbi del sonno<\/strong>. Tra le opzioni disponibili, la <strong>capsule di melatonina<\/strong> sono un'alternativa naturale e interessante per promuovere\u2019<strong>addormentarsi<\/strong>. Ma come funzionano realmente?<\/p>\n<p>Quali benefici possiamo aspettarci da esso? Approfondiamo insieme il ruolo di questo ormone nella&nbsp;<strong>regolazione dei ritmi circadiani<\/strong> e come questi integratori alimentari possono migliorare la qualit\u00e0 del sonno.<\/p>\n<h2>Perch\u00e9 scegliere le capsule di melatonina per conciliare il sonno?<\/h2>\n<p>La <strong>melatonina<\/strong> \u00e8 un ormone prodotto naturalmente dal cervello, pi\u00f9 precisamente dalla ghiandola pineale. Svolge un ruolo essenziale <strong>regolazione dei ritmi circadiani<\/strong>, o, in altre parole, nella sincronizzazione del ciclo sonno-veglia. Quando la luce del giorno diminuisce, l'organismo aumenta la produzione di questo ormone, preparandosi gradualmente all'inizio del sonno.\u2019<strong>addormentarsi<\/strong>.<\/p>\n<p>Con l'et\u00e0, lo stress, gli schermi e il lavoro a turni, la secrezione di <strong>melatonina<\/strong> pu\u00f2 essere disturbato. Questo fenomeno spesso porta a difficolt\u00e0 nell'addormentarsi o nel riprendere il sonno dopo il risveglio notturno, da cui il crescente interesse per <strong>integratori alimentari sotto forma di capsule di melatonina<\/strong>.<\/p>\n<p>Anche alcuni alimenti naturali possono contribuire a migliorare la qualit\u00e0 del sonno: ad esempio, mangiare miele prima di andare a letto potrebbe avere un impatto positivo grazie al suo contributo alla regolazione degli ormoni, in particolare della melatonina. Per saperne di pi\u00f9 su questo argomento, visitate questa pagina dedicata a&nbsp;<a href=\"https:\/\/www.miel-store.com\/it\/miele-prima-di-andare-a-letto\/\">I benefici del consumo di miele prima di andare a letto<\/a>.<\/p>\n<h2>Quali sono gli effetti terapeutici delle capsule di melatonina?<\/h2>\n<p>Questi <strong>capsule di melatonina<\/strong> sono riconosciuti per la loro <strong>principale effetto terapeutico<\/strong> semplificare le cose <strong>riduzione del tempo di sonno<\/strong>. Agiscono come un segnale per l'organismo affinch\u00e9 il passaggio al sonno avvenga pi\u00f9 rapidamente. Le persone che soffrono di <strong>disturbi del sonno lievi o temporanei<\/strong> spesso si nota un miglioramento significativo grazie al loro uso razionale.<\/p>\n<p>La <strong>melatonina<\/strong> pu\u00f2 anche aiutare a riaggiustare il ciclo del sonno dopo una <strong>jet lag<\/strong>, soprattutto per chi viaggia spesso tra diversi fusi orari. Gli effetti positivi su <strong>regolazione dei ritmi circadiani<\/strong> rende questo integratore alimentare interessante non solo per chi viaggia, ma anche per chi lavora di notte o con orari irregolari.<\/p>\n<p>Vale la pena ricordare che il miele \u00e8 uno dei rimedi naturali noti per i suoi benefici sulla salute generale. Secondo alcune ricerche, aiuta a proteggere la funzione oculare grazie al suo ricco contenuto di antiossidanti e nutrienti essenziali.&nbsp;<a href=\"https:\/\/www.miel-store.com\/it\/migliorare-la-vista-con-il-miele\/\">Il miele pu\u00f2 contribuire a migliorare la vista<\/a>.<\/p>\n<h3>Riduzione del tempo di sonno<\/h3>\n<p>Il contributo di <strong>melatonina esogena<\/strong>, In altre parole, proviene da un integratore e contribuisce ad accelerare la sensazione di sonnolenza. Numerosi studi indicano che l'assunzione di <strong>capsule di melatonina prima di andare a dormire<\/strong> favorisce l'insorgere della\u2019<strong>addormentarsi<\/strong> limitando i periodi di veglia prolungata durante la notte. A <strong>dosaggio adattato<\/strong> massimizza questo effetto senza rischiare la sonnolenza durante il giorno successivo.<\/p>\n<p>Questa azione mirata \u00e8 particolarmente utile per le persone il cui ciclo naturale \u00e8 interrotto da ansia, cattive abitudini di vita o uno stile di vita frenetico.<\/p>\n<p>Per questi, l'utilizzo di un&nbsp;<strong>trattamento con melatonina ben pianificato<\/strong> possono cambiare le carte in tavola e rendere le loro notti davvero ristoratrici.<\/p>\n<h3>Combattere il jet lag e adattarsi a nuovi ritmi<\/h3>\n<p>Non c'\u00e8 niente di pi\u00f9 sgradevole che sentirsi perennemente stanchi dopo un lungo viaggio o quando si cambia turno. Visita <strong>capsule di melatonina<\/strong> sono una soluzione pratica per <strong>risincronizzare rapidamente l'orologio biologico interno<\/strong> con l'ambiente esterno. In questo modo, contribuiscono a limitare il disorientamento associato a <strong>jet lag<\/strong> e tornare pi\u00f9 facilmente alla loro routine quotidiana.<\/p>\n<p>Questo supporto una tantum \u00e8 consigliato anche alle persone che devono regolarmente alternare i turni, perch\u00e9 le aiuta ad adattarsi meglio a orari di lavoro atipici. Utilizzati con discrezione, questi <strong>capsule di melatonina<\/strong> aiutano a ripristinare pi\u00f9 rapidamente un ritmo sano e naturale.<\/p>\n<h2>Istruzioni per l'uso: qual \u00e8 il dosaggio necessario per un ciclo di trattamento efficace?<\/h2>\n<p>Come per tutti i <strong>integratore alimentare<\/strong>, seguire un <strong>istruzioni precise per l'uso<\/strong> \u00e8 di fondamentale importanza quando si tratta di <strong>capsule di melatonina<\/strong>. In generale, si consiglia di assumere una singola dose da 30 minuti a un'ora prima di coricarsi. L'obiettivo \u00e8 quello di evitare ulteriori disturbi della <strong>ciclo del sonno<\/strong> e sfruttare appieno i vantaggi del <strong>riduzione del tempo di sonno<\/strong>.<\/p>\n<p>La dose abituale raccomandata per gli adulti varia tra <strong>0,5 mg e 2 mg<\/strong> per dose, a seconda delle esigenze e della sensibilit\u00e0 individuale. Il superamento di queste quantit\u00e0 non moltiplica necessariamente gli effetti positivi e pu\u00f2 talvolta provocare lievi disturbi, come mal di testa o sonnolenza il giorno successivo.<\/p>\n<ul>\n<li><strong>Assumere una capsula al giorno<\/strong>, sempre alla stessa ora della sera.<\/li>\n<li><strong>Seguire il dosaggio raccomandato<\/strong> sulla confezione o da un operatore sanitario.<\/li>\n<li>Evitare di guidare dal momento in cui si assume l'integratore fino al risveglio mattutino.<\/li>\n<li>Adottare misure che inducano il sonno: oscurare la camera da letto, limitare l'uso di schermi prima di andare a letto, consumare una cena leggera.<\/li>\n<\/ul>\n<h2>A chi \u00e8 destinato questo integratore alimentare?<\/h2>\n<p>Il <strong>capsule di melatonina<\/strong> sono indicati soprattutto per gli adulti che vivono un'esperienza <strong>moderati problemi di addormentamento<\/strong> o alla ricerca di un aiuto specifico contro gli effetti della <strong>jet lag<\/strong>. Anche alcune persone anziane beneficiano di questo contributo quando il loro <strong>produzione naturale di melatonina<\/strong> diminuisce con l'et\u00e0. In ogni caso, \u00e8 meglio chiedere il parere del medico, soprattutto se si \u00e8 gi\u00e0 in trattamento o se si hanno determinate condizioni mediche.<\/p>\n<p>Per i bambini e le donne in gravidanza, l'uso di <strong>integratori di melatonina<\/strong> \u00e8 soggetto a valutazione medica preventiva. Occorre prestare attenzione per evitare squilibri ormonali o interazioni indesiderate.<\/p>\n<table>\n<tbody>\n<tr>\n<th>Pubblico di riferimento<\/th>\n<th>Raccomandazione<\/th>\n<th>Oggetto di utilizzo<\/th>\n<\/tr>\n<tr>\n<td>Adulti<\/td>\n<td>Consigliato<\/td>\n<td>Disturbi lievi del sonno, jet lag<\/td>\n<\/tr>\n<tr>\n<td>I bambini<\/td>\n<td>Con il parere del medico<\/td>\n<td>Casi molto particolari<\/td>\n<\/tr>\n<tr>\n<td>Donne in gravidanza\/allattamento<\/td>\n<td>Estrema cautela<\/td>\n<td>Solo consultazione medica<\/td>\n<\/tr>\n<tr>\n<td>Anziani<\/td>\n<td>Possibile in condizioni controllate<\/td>\n<td>Riduzione fisiologica della melatonina<\/td>\n<\/tr>\n<\/tbody>\n<\/table>\n<h2>Domande frequenti sulle capsule di melatonina<\/h2>\n<div itemscope=\"\" itemtype=\"https:\/\/schema.org\/FAQPage\">\n<div itemprop=\"mainEntity\" itemscope=\"\" itemtype=\"https:\/\/schema.org\/Question\">\n<h3 itemprop=\"name\">In che modo la melatonina facilita il sonno?<\/h3>\n<div itemprop=\"acceptedAnswer\" itemscope=\"\" itemtype=\"https:\/\/schema.org\/Answer\">\n<div itemprop=\"text\">\n<p>La <strong>melatonina<\/strong> agisce come un orologio interno che dice al cervello che \u00e8 quasi ora di andare a dormire. Rafforzando questo messaggio con un <strong>integratore alimentare<\/strong>, L'organismo reagisce in modo pi\u00f9 efficace al calar della sera, accelerando il processo di\u2019<strong>addormentarsi<\/strong>. Questo effetto \u00e8 particolarmente benefico per le persone il cui ciclo naturale \u00e8 interrotto da stress, schermi o orari di lavoro variabili.<\/p>\n<ul>\n<li><strong>Favorisce il rilassamento mentale<\/strong><\/li>\n<li><strong>Aiuta a stabilizzare il ritmo giorno\/notte<\/strong><\/li>\n<li><strong>Riduce il tempo necessario per addormentarsi<\/strong><\/li>\n<\/ul>\n<\/div>\n<\/div>\n<\/div>\n<div itemprop=\"mainEntity\" itemscope=\"\" itemtype=\"https:\/\/schema.org\/Question\">\n<h3 itemprop=\"name\">Come si usa un ciclo di capsule di melatonina?<\/h3>\n<div itemprop=\"acceptedAnswer\" itemscope=\"\" itemtype=\"https:\/\/schema.org\/Answer\">\n<div itemprop=\"text\">\n<p>Le <strong>istruzioni operative standard<\/strong> consiste nell'ingerire un <strong>capsula di melatonina<\/strong> Da 30 a 60 minuti prima di coricarsi. Si consiglia di seguire il <strong>dosaggio indicato sul prodotto<\/strong> o somministrato da un professionista, e poi effettuare la cura nell'arco di qualche settimana, a meno che non sia specificatamente consigliata per un periodo pi\u00f9 lungo. Bere un abbondante bicchiere d'acqua ed evitare qualsiasi altro stimolante poco prima dell'assunzione ottimizzer\u00e0 i risultati.<\/p>\n<ol>\n<li><strong>Assicurarsi che i farmaci non interagiscano tra loro<\/strong>.<\/li>\n<li><strong>Non superare la dose raccomandata<\/strong>.<\/li>\n<li><strong>Mantenere uno stile di vita sano (camera oscura, silenzio)<\/strong>.<\/li>\n<\/ol>\n<\/div>\n<\/div>\n<\/div>\n<div itemprop=\"mainEntity\" itemscope=\"\" itemtype=\"https:\/\/schema.org\/Question\">\n<h3 itemprop=\"name\">Quali precauzioni devo prendere con gli integratori alimentari a base di melatonina?<\/h3>\n<div itemprop=\"acceptedAnswer\" itemscope=\"\" itemtype=\"https:\/\/schema.org\/Answer\">\n<div itemprop=\"text\">\n<p>Prima di intraprendere un trattamento, chiedere sempre il parere di un professionista della salute, soprattutto se si stanno assumendo altri trattamenti o se si \u00e8 affetti da patologie. Le donne incinte, i bambini e gli anziani fragili devono essere particolarmente attenti. Infine, quando si assume <strong>capsule di melatonina<\/strong> di pratiche favorevoli al buon sonno migliora significativamente la\u2019<strong>effetto terapeutico complessivo<\/strong>.<\/p>\n<ul>\n<li><strong>Mantenere una dieta equilibrata<\/strong><\/li>\n<li><strong>Limitare il consumo di caffeina e teina<\/strong><\/li>\n<li><strong>Assicurarsi che gli orari di coricarsi e svegliarsi siano coerenti.<\/strong><\/li>\n<\/ul>\n<table>\n<tbody>\n<tr>\n<th>Popolazione<\/th>\n<th>Livello di precauzione<\/th>\n<\/tr>\n<tr>\n<td>Adulti sani<\/td>\n<td>Basso<\/td>\n<\/tr>\n<tr>\n<td>Bambini\/donne incinte<\/td>\n<td>Alto<\/td>\n<\/tr>\n<\/tbody>\n<\/table>\n<\/div>\n<\/div>\n<\/div>\n<div itemprop=\"mainEntity\" itemscope=\"\" itemtype=\"https:\/\/schema.org\/Question\">\n<h3 itemprop=\"name\">Le capsule di melatonina possono essere combinate con altri metodi per indurre il sonno?<\/h3>\n<div itemprop=\"acceptedAnswer\" itemscope=\"\" itemtype=\"https:\/\/schema.org\/Answer\">\n<div itemprop=\"text\">\n<p>Associare <strong>capsule di melatonina<\/strong> a un rituale rilassante per andare a letto, come la meditazione o la lettura, rafforza il loro impatto positivo. \u00c8 anche una buona idea evitare la luce intensa o l'uso eccessivo di dispositivi elettronici prima di andare a letto. In combinazione con alcuni\u2019<strong>semplici abitudini di vita<\/strong>, Queste piccole misure migliorano ulteriormente la velocit\u00e0 della\u2019<strong>addormentarsi<\/strong> e la qualit\u00e0 complessiva del <strong>dormire<\/strong>.<\/p>\n<ul>\n<li><strong>Usare un'illuminazione soffusa la sera<\/strong><\/li>\n<li><strong>Praticare tecniche di rilassamento o di respirazione<\/strong><\/li>\n<li><strong>Mantenere una temperatura ambiente mite nella camera<\/strong><\/li>\n<\/ul>\n<\/div>\n<\/div>\n<\/div>\n<\/div>","protected":false},"excerpt":{"rendered":"<p>Le nostre 30 capsule di melatonina vi garantiscono un sonno tranquillo. A <strong>un semplice integratore per regolare il ciclo del sonno<\/strong> e addormentarsi pi\u00f9 rapidamente, senza dipendenza<\/p>","protected":false},"featured_media":8856,"template":"","meta":[],"product_brand":[],"product_cat":[88],"product_tag":[],"class_list":{"0":"post-8855","1":"product","2":"type-product","3":"status-publish","4":"has-post-thumbnail","6":"product_cat-bien-etre","8":"first","9":"instock","10":"shipping-taxable","11":"purchasable","12":"product-type-simple"},"_links":{"self":[{"href":"https:\/\/www.miel-store.com\/it\/wp-json\/wp\/v2\/product\/8855","targetHints":{"allow":["GET"]}}],"collection":[{"href":"https:\/\/www.miel-store.com\/it\/wp-json\/wp\/v2\/product"}],"about":[{"href":"https:\/\/www.miel-store.com\/it\/wp-json\/wp\/v2\/types\/product"}],"wp:featuredmedia":[{"embeddable":true,"href":"https:\/\/www.miel-store.com\/it\/wp-json\/wp\/v2\/media\/8856"}],"wp:attachment":[{"href":"https:\/\/www.miel-store.com\/it\/wp-json\/wp\/v2\/media?parent=8855"}],"wp:term":[{"taxonomy":"product_brand","embeddable":true,"href":"https:\/\/www.miel-store.com\/it\/wp-json\/wp\/v2\/product_brand?post=8855"},{"taxonomy":"product_cat","embeddable":true,"href":"https:\/\/www.miel-store.com\/it\/wp-json\/wp\/v2\/product_cat?post=8855"},{"taxonomy":"product_tag","embeddable":true,"href":"https:\/\/www.miel-store.com\/it\/wp-json\/wp\/v2\/product_tag?post=8855"}],"curies":[{"name":"wp","href":"https:\/\/api.w.org\/{rel}","templated":true}]}}