{"id":8628,"date":"2025-10-08T10:09:09","date_gmt":"2025-10-08T08:09:09","guid":{"rendered":"https:\/\/www.miel-store.com\/?post_type=product&#038;p=8628"},"modified":"2025-11-21T21:32:36","modified_gmt":"2025-11-21T20:32:36","slug":"capsule-di-collagene-marino-puro","status":"publish","type":"product","link":"https:\/\/www.miel-store.com\/it\/p\/gelules-de-collagene-marin-pur","title":{"rendered":"60 capsule di collagene marino puro (tipo 1 e 3 e vitamina C) - Nahl &amp; Co."},"content":{"rendered":"<p>Il&nbsp;<strong>capsule di collagene marino<\/strong> stanno vivendo un vero e proprio boom nel mondo del <strong>bellezza<\/strong> e <strong>benessere<\/strong>. Presentati come potenti alleati della\u2019<strong>anti-invecchiamento<\/strong>, Si distinguono per la loro capacit\u00e0 di avere un impatto sulla <strong>pelle<\/strong>, il <strong>giunti<\/strong> e molto altro ancora. Quali sono le caratteristiche specifiche di <strong>collagene marino<\/strong> sotto forma di <strong>integratore alimentare<\/strong> e perch\u00e9 \u00e8 cos\u00ec popolare? Scoprite i benefici di questo integratore e come potete integrarlo facilmente nella vostra routine quotidiana.<\/p>\n<h2>Perch\u00e9 scegliere il collagene marino?<\/h2>\n<p>Negli ultimi anni, il <strong>collagene marino<\/strong> si \u00e8 affermata come punto di riferimento per <strong>integratori alimentari<\/strong>. Dal <strong>pelle<\/strong>, ossa o scaglie di pesce, ha una struttura molto simile a quella delle <strong>collagene<\/strong> naturalmente presenti nell'organismo. Questa caratteristica garantisce <strong>migliore assimilazione<\/strong> rispetto ai collageni di origine bovina o suina.<\/p>\n<p>Concentrandosi su <strong>collagene marino<\/strong>, diventa possibile agire sia sulle esigenze <strong>estetica<\/strong> e sul <strong>comfort articolare<\/strong>. Questa versatilit\u00e0 \u00e8 particolarmente interessante per chi cerca soluzioni naturali ed efficaci. L'attuale gamma di prodotti \u00e8 in continua espansione e offre diversi dosaggi, forme e combinazioni con principi attivi complementari, come ad esempio\u2019<strong>acido ialuronico<\/strong>.<\/p>\n<h2>I benefici delle capsule di collagene marino per la pelle<\/h2>\n<p>Uno dei primi vantaggi di <strong>collagene marino<\/strong> riguarda la sua azione su <strong>pelle<\/strong>. Un ciclo regolare di queste capsule \u00e8 stato studiato per rafforzare la\u2019<strong>elasticit\u00e0<\/strong>, l\u2019<strong>idratazione<\/strong>, il <strong>fermezza<\/strong> e il\u2019<strong>luminosit\u00e0 dell'incarnato<\/strong>. Le <strong>collagene<\/strong>, un componente chiave del derma, diminuisce naturalmente a partire dai 25 anni, favorendo la graduale comparsa dei segni dell'invecchiamento.<\/p>\n<p>Catturato in <strong>integratore alimentare<\/strong>, Queste capsule supportano le riserve naturali di <strong>collagene<\/strong> e contribuire a limitare <strong>pelle cascante<\/strong> e la comparsa delle rughe. Combinandolo con\u2019<strong>acido ialuronico<\/strong> o <strong>propriet\u00e0 antiossidanti<\/strong> li rende ancora pi\u00f9 efficaci per un'azione reale <strong>anti-invecchiamento<\/strong>.<\/p>\n<h3>Elasticit\u00e0 e idratazione della pelle<\/h3>\n<p>La riduzione di\u2019<strong>elasticit\u00e0<\/strong> spesso porta a tensioni e rughe sottili, esacerbate dalla mancanza di luce solare.\u2019<strong>idratazione<\/strong>. Stimolando la produzione di nuove fibre, la <strong>collagene marino<\/strong> aiuta la pelle a trattenere meglio l'idratazione e a ritrovare l'originale morbidezza. Per chi vuole potenziare questo effetto, esistono anche prodotti per la cura della pelle che combinano ingredienti naturali rinomati per le loro propriet\u00e0 rigeneranti. Questi includono <a href=\"https:\/\/www.miel-store.com\/it\/p\/burro-di-karite-e-vitamina-c\/\">burro di karit\u00e9 e vitamina C<\/a> si distingue: aiuta a stimolare il collagene, donando alla pelle luminosit\u00e0 e tono.<\/p>\n<p>L\u2019<strong>acido ialuronico<\/strong>, spesso aggiunto a <strong>capsule di collagene marino<\/strong>, amplifica questo <strong>azione idratante<\/strong> per un effetto rimpolpante visibile. Visitare <strong>propriet\u00e0 antiossidanti<\/strong> rafforza inoltre le difese naturali della pelle contro le aggressioni esterne.<\/p>\n<h3>Carnagione pi\u00f9 tonica e luminosa<\/h3>\n<p>Una fornitura regolare di <strong>collagene marino<\/strong> stimola la sintesi di fibre elastiche, che sono essenziali per la <strong>fermezza<\/strong> e il tono del viso. Il risultato: l'ovale del viso \u00e8 ridefinito, l'incarnato \u00e8 pi\u00f9 luminoso e i tratti appaiono pi\u00f9 tonici.<\/p>\n<p>In un approccio globale, l'obiettivo \u00e8 quello di preservare la <strong>bellezza<\/strong> del <strong>pelle<\/strong> ritardando i segni dell'invecchiamento e mantenendo la pelle giovane e luminosa. \u00c8 interessante notare che alcuni prodotti mirati per la cura della pelle, come ad esempio <a href=\"https:\/\/www.miel-store.com\/it\/p\/burro-di-karite-chantilly-anti-smagliature\/\">Burro di karit\u00e9 chantilly anti-smagliature<\/a>, pu\u00f2 integrare efficacemente l'integrazione di collagene per migliorare la consistenza e l'elasticit\u00e0 della pelle, grazie ai benefici combinati dell'idratazione profonda e della stimolazione del collagene.<\/p>\n<h2>Il ruolo del collagene marino per le articolazioni<\/h2>\n<p>Il potenziale di <strong>collagene marino<\/strong> non si limita a <strong>mondo della bellezza<\/strong>. Molte persone lo usano per conservare i loro <strong>flessibilit\u00e0<\/strong> e le loro <strong>comfort articolare<\/strong>, soprattutto in caso di disturbi o dolori ricorrenti.<\/p>\n<p>Il <strong>capsule<\/strong> contribuiscono a mantenere la struttura di <strong>tendini<\/strong> e <strong>cartilagine<\/strong>, Si tratta di elementi fondamentali per garantire la fluidit\u00e0 dei movimenti e una buona mobilit\u00e0 nella vita quotidiana.<\/p>\n<h3>Comfort e mobilit\u00e0: azione preventiva<\/h3>\n<p>Con l'et\u00e0 o durante l'attivit\u00e0 fisica intensa, il <strong>giunti<\/strong> possono essere sottoposti a microtraumi, causando un progressivo disagio. Consumare <strong>capsule di collagene marino<\/strong> aiuta a rivitalizzare il tessuto connettivo, a proteggere il <strong>cartilagine<\/strong> e accelerare il recupero dopo l'esercizio fisico.<\/p>\n<p>L'integrazione di questo tipo di <strong>integratore alimentare<\/strong> in una routine quotidiana contribuisce a limitare il rischio di <strong>rigidit\u00e0 mattutina<\/strong> o difficolt\u00e0 di movimento nel tempo.<\/p>\n<h3>Adatto ad atleti e anziani<\/h3>\n<p>Gli appassionati di sport amano questi <strong>capsule<\/strong> per la loro capacit\u00e0 di promuovere la rigenerazione di <strong>tendini<\/strong> e proteggere <strong>giunti<\/strong> durante l'uso ripetuto. Per gli anziani \u00e8 un modo naturale di preservare la propria autonomia e il proprio benessere. <strong>comfort articolare<\/strong> a lungo termine.<\/p>\n<p>Questo duplice scopo spiega perch\u00e9 <strong>collagene marino<\/strong> rimane un must per chi vuole sostenere la propria mobilit\u00e0 quotidiana senza ricorrere ai farmaci.<\/p>\n<h2>Come scegliere le capsule di collagene marino?<\/h2>\n<p>Per sfruttare appieno i vantaggi di <strong>collagene marino<\/strong>, Ma ci sono alcuni criteri chiave da considerare. Il <strong>purezza<\/strong>, il <strong>dosaggio giornaliero<\/strong> cos\u00ec come la presenza di altri <strong>patrimonio<\/strong> pu\u00f2 avere un impatto sull'efficacia complessiva del prodotto.<\/p>\n<p>Ecco alcuni suggerimenti per aiutarvi a scegliere il pacchetto pi\u00f9 adatto alle vostre esigenze:<\/p>\n<ul>\n<li><strong>Controllare la provenienza<\/strong> e la purezza di <strong>collagene marino<\/strong> usato ;<\/li>\n<li>Dare priorit\u00e0 a <strong>capsule<\/strong> associando <strong>acido ialuronico<\/strong> o <strong>propriet\u00e0 antiossidanti<\/strong>\u202f;<\/li>\n<li>Assicurarsi che il <strong>dosaggio<\/strong> rispetta le raccomandazioni (generalmente tra 2 e 5 g al giorno);<\/li>\n<li>Controllare l'elenco degli eccipienti per evitare additivi inutili.<\/li>\n<\/ul>\n<p>\u00c8 inoltre interessante confrontare le diverse forme disponibili: polvere, compressa o <strong>capsula<\/strong>. Quest'ultimo formato si distingue per la facilit\u00e0 d'uso, senza sapori o odori sgradevoli.<\/p>\n<h2>Cosa ci si pu\u00f2 aspettare in termini di risultati?<\/h2>\n<p>Gli effetti di <strong>capsule di collagene marino<\/strong> dipende soprattutto dalla regolarit\u00e0 di assunzione e dallo stile di vita associato. In linea di massima, i primi benefici in termini di <strong>BELLEZZA DELLA PELLE<\/strong> - <strong>elasticit\u00e0<\/strong>, <strong>idratazione<\/strong>, <strong>brillantezza<\/strong> - compaiono entro poche settimane di utilizzo quotidiano.<\/p>\n<p>Azione su <strong>giunti<\/strong> pu\u00f2 richiedere pi\u00f9 tempo: spesso sono necessari da uno a tre mesi per avvertire un miglioramento. <strong>comfort articolare<\/strong> o una riduzione del disagio minore durante il movimento.<\/p>\n<table>\n<thead>\n<tr>\n<th>Benefici mirati<\/th>\n<th>Tempo medio di insorgenza<\/th>\n<\/tr>\n<\/thead>\n<tbody>\n<tr>\n<td><strong>Miglioramento dell'elasticit\u00e0 della pelle<\/strong><\/td>\n<td>3-4 settimane<\/td>\n<\/tr>\n<tr>\n<td><strong>Idratazione rinforzata<\/strong><\/td>\n<td>2-3 settimane<\/td>\n<\/tr>\n<tr>\n<td><strong>Comfort articolare<\/strong><\/td>\n<td>4-12 settimane<\/td>\n<\/tr>\n<tr>\n<td><strong>Rigidit\u00e0 ridotta<\/strong><\/td>\n<td>6-8 settimane<\/td>\n<\/tr>\n<\/tbody>\n<\/table>\n<p>Per massimizzare gli effetti di <strong>integratore alimentare<\/strong>, Se avete dubbi sulla vostra salute, vi consigliamo di adottare uno stile di vita sano, di seguire una dieta equilibrata e di rimanere il pi\u00f9 possibile idratati.<\/p>\n<h2>Domande frequenti sulle capsule di collagene marino<\/h2>\n<div itemscope=\"\" itemtype=\"https:\/\/schema.org\/FAQPage\">\n<div itemprop=\"mainEntity\" itemscope=\"\" itemtype=\"https:\/\/schema.org\/Question\">\n<h3 itemprop=\"name\">Come si fa a sapere se il collagene marino \u00e8 adatto a voi?<\/h3>\n<div itemprop=\"acceptedAnswer\" itemscope=\"\" itemtype=\"https:\/\/schema.org\/Answer\">\n<div itemprop=\"text\">\n<p>Per determinare se <strong>capsule di collagene marino<\/strong> sono appropriati, \u00e8 necessario analizzare le proprie priorit\u00e0: cercare un effetto <strong>anti-invecchiamento<\/strong> per il <strong>pelle<\/strong>, la necessit\u00e0 di rafforzare <strong>mobilit\u00e0<\/strong> o per preservare il <strong>cartilagine<\/strong>. Questo <strong>integratore alimentare<\/strong> \u00e8 particolarmente indicato se l'obiettivo \u00e8 quello di ottenere un effetto complessivo, sia estetico (<strong>fermezza<\/strong>, <strong>elasticit\u00e0<\/strong>, <strong>idratazione<\/strong>) e congiunto (<strong>comfort<\/strong>, <strong>mobilit\u00e0<\/strong>).<\/p>\n<ul>\n<li>Prevenire o ridurre i segni dell'invecchiamento<\/li>\n<li>Supporto <strong>congiunto<\/strong>, <strong>tendini<\/strong> o <strong>cartilagine<\/strong><\/li>\n<li>Beneficiare della bellezza e del benessere delle articolazioni<\/li>\n<\/ul>\n<\/div>\n<\/div>\n<\/div>\n<div itemprop=\"mainEntity\" itemscope=\"\" itemtype=\"https:\/\/schema.org\/Question\">\n<h3 itemprop=\"name\">Esistono controindicazioni o effetti collaterali?<\/h3>\n<div itemprop=\"acceptedAnswer\" itemscope=\"\" itemtype=\"https:\/\/schema.org\/Answer\">\n<div itemprop=\"text\">\n<p>Il <strong>capsule di collagene marino<\/strong> sono generalmente ben tollerati dagli adulti sani. Tuttavia, le persone allergiche al pesce dovrebbero evitare questi prodotti. <strong>integratori alimentari<\/strong>. \u00c8 comunque preferibile consultare un professionista della salute prima di assumere qualsiasi integratore, soprattutto se si sta seguendo un trattamento medico.<\/p>\n<ul>\n<li>Allergia al pesce<\/li>\n<li>Condizioni croniche in trattamento<\/li>\n<\/ul>\n<\/div>\n<\/div>\n<\/div>\n<div itemprop=\"mainEntity\" itemscope=\"\" itemtype=\"https:\/\/schema.org\/Question\">\n<h3 itemprop=\"name\">Quando \u00e8 meglio assumere l'integratore di collagene marino?<\/h3>\n<div itemprop=\"acceptedAnswer\" itemscope=\"\" itemtype=\"https:\/\/schema.org\/Answer\">\n<div itemprop=\"text\">\n<p>La maggior parte degli utenti sceglie di consumare i propri <strong>capsule di collagene marino<\/strong> al mattino a stomaco vuoto o con un pasto. La cosa pi\u00f9 importante \u00e8 <strong>regolarit\u00e0<\/strong> piuttosto che l'ora esatta. L'assimilazione pu\u00f2 essere ottimizzata se il <strong>integratore alimentare<\/strong> \u00e8 sottratto al consumo eccessivo di caffeina o di t\u00e8.<\/p>\n<ul>\n<li>Al mattino, a stomaco vuoto o con la prima colazione<\/li>\n<li>Durante un pasto, quando la digestione non \u00e8 disturbata<\/li>\n<\/ul>\n<\/div>\n<\/div>\n<\/div>\n<div itemprop=\"mainEntity\" itemscope=\"\" itemtype=\"https:\/\/schema.org\/Question\">\n<h3 itemprop=\"name\">Quali altri principi attivi possono rafforzare l'azione del collagene marino?<\/h3>\n<div itemprop=\"acceptedAnswer\" itemscope=\"\" itemtype=\"https:\/\/schema.org\/Answer\">\n<div itemprop=\"text\">\n<p>L'efficacia di <strong>collagene marino<\/strong> aumenta se abbinato a determinate attivit\u00e0. L\u2019<strong>acido ialuronico<\/strong> ottimizza\u2019<strong>idratazione della pelle<\/strong>, mentre <strong>propriet\u00e0 antiossidanti<\/strong> proteggono dallo stress ossidativo, con effetti positivi per la <strong>pelle<\/strong> e <strong>giunti<\/strong>.<\/p>\n<table>\n<thead>\n<tr>\n<th>Attivit\u00e0 associate<\/th>\n<th>Profitto principale<\/th>\n<\/tr>\n<\/thead>\n<tbody>\n<tr>\n<td><strong>Acido ialuronico<\/strong><\/td>\n<td>Idratazione e morbidezza della pelle<\/td>\n<\/tr>\n<tr>\n<td><strong>Vitamina C<\/strong><\/td>\n<td>Sintesi di collagene ottimizzata<\/td>\n<\/tr>\n<tr>\n<td><strong>Propriet\u00e0 antiossidanti naturali<\/strong><\/td>\n<td>Combatte l'invecchiamento cellulare<\/td>\n<\/tr>\n<\/tbody>\n<\/table>\n<\/div>\n<\/div>\n<\/div>\n<\/div>","protected":false},"excerpt":{"rendered":"<p>Le nostre capsule di <strong>collagene marino<\/strong> riducono le rughe, migliorano l'elasticit\u00e0 e rafforzano la pelle. <\/p>\n<p>Scoprite il segreto della bellezza naturale.<\/p>","protected":false},"featured_media":8629,"template":"","meta":[],"product_brand":[],"product_cat":[88,89],"product_tag":[],"class_list":{"0":"post-8628","1":"product","2":"type-product","3":"status-publish","4":"has-post-thumbnail","6":"product_cat-bien-etre","7":"product_cat-cosmetiques","9":"first","10":"instock","11":"shipping-taxable","12":"purchasable","13":"product-type-simple"},"_links":{"self":[{"href":"https:\/\/www.miel-store.com\/it\/wp-json\/wp\/v2\/product\/8628","targetHints":{"allow":["GET"]}}],"collection":[{"href":"https:\/\/www.miel-store.com\/it\/wp-json\/wp\/v2\/product"}],"about":[{"href":"https:\/\/www.miel-store.com\/it\/wp-json\/wp\/v2\/types\/product"}],"wp:featuredmedia":[{"embeddable":true,"href":"https:\/\/www.miel-store.com\/it\/wp-json\/wp\/v2\/media\/8629"}],"wp:attachment":[{"href":"https:\/\/www.miel-store.com\/it\/wp-json\/wp\/v2\/media?parent=8628"}],"wp:term":[{"taxonomy":"product_brand","embeddable":true,"href":"https:\/\/www.miel-store.com\/it\/wp-json\/wp\/v2\/product_brand?post=8628"},{"taxonomy":"product_cat","embeddable":true,"href":"https:\/\/www.miel-store.com\/it\/wp-json\/wp\/v2\/product_cat?post=8628"},{"taxonomy":"product_tag","embeddable":true,"href":"https:\/\/www.miel-store.com\/it\/wp-json\/wp\/v2\/product_tag?post=8628"}],"curies":[{"name":"wp","href":"https:\/\/api.w.org\/{rel}","templated":true}]}}