{"id":8618,"date":"2025-10-06T12:24:24","date_gmt":"2025-10-06T10:24:24","guid":{"rendered":"https:\/\/www.miel-store.com\/?post_type=product&#038;p=8618"},"modified":"2026-04-10T22:53:47","modified_gmt":"2026-04-10T20:53:47","slug":"burro-di-karite-e-vitamina-c","status":"publish","type":"product","link":"https:\/\/www.miel-store.com\/it\/p\/beurre-de-karite-et-vitamine-c","title":{"rendered":"Burro di karit\u00e9 montato con vitamina C (splendore sano) - 100g"},"content":{"rendered":"<p>Apprezzato da secoli nella&nbsp;<strong>rituali di bellezza<\/strong>, il <strong>burro di karit\u00e9<\/strong> e il <strong>vitamina C<\/strong> sono diventati alleati essenziali quando si tratta di coccolare la pelle. Ognuno ha le sue virt\u00f9, ma combinati insieme offrono un cocktail altamente benefico per chi vuole ottenere un colorito sano e luminoso. <strong>bagliore sano<\/strong> quotidianamente. Perch\u00e9 questa combinazione piace cos\u00ec tanto agli amanti del <strong>cura del viso<\/strong> e <strong>corpo<\/strong> ? Scopriamo cosa li ha portati ad avere cos\u00ec tanto successo nella\u2019<strong>idratazione della pelle<\/strong>, l\u2019<strong>schiaritura dell'incarnato<\/strong> e il <strong>protezione da aggressioni esterne<\/strong>.<\/p>\n<h2>I poteri del burro di karit\u00e9 sulla pelle<\/h2>\n<p>Originario dell'Africa occidentale, il <strong>burro di karit\u00e9<\/strong> \u00e8 estratto dalle noci di karit\u00e9. Questo concentrato naturale \u00e8 noto per essere ricco di <strong>vitamine A, E e F<\/strong>. Grazie a questa eccezionale composizione, nutre intensamente la pelle, ne rafforza la barriera protettiva e previene la comparsa delle rughe. <strong>disidratazione<\/strong>. Il burro di karit\u00e9 \u00e8 quindi diventato un riferimento essenziale in termini di <strong>nutrizione della pelle<\/strong>.<\/p>\n<p>Oltre alle sue propriet\u00e0 nutritive, ha un immediato effetto lenitivo. La sua texture fondente avvolge, idrata e protegge tutte le zone, anche le pi\u00f9 sensibili, come viso e collo. <strong>labbra<\/strong>. Il burro di karit\u00e9 agisce delicatamente ed efficacemente per proteggere la pelle dagli effetti del clima e dell'inquinamento urbano, lasciandola elastica, confortevole e perfettamente protetta.<\/p>\n<h2>Vitamina C: luminosit\u00e0 e protezione antiossidante<\/h2>\n<p>La <strong>vitamina C<\/strong> \u00e8 rinomato per le sue potenti propriet\u00e0 <strong>antiossidanti<\/strong>. Svolge un ruolo fondamentale nella <strong>protezione della pelle<\/strong> contro i radicali liberi, causa principale dell'invecchiamento cutaneo. Stimola inoltre la produzione di <strong>collagene<\/strong>, che gli conferisce un posto speciale nella cura. <strong>anti-invecchiamento<\/strong> e mantenere la pelle elastica.<\/p>\n<p>L'uso regolare di vitamina C aiuta anche la\u2019<strong>schiaritura dell'incarnato<\/strong> e agisce efficacemente come <strong>anti-macchie brune<\/strong>. La texture della pelle diventa pi\u00f9 uniforme, luminosa e radiosa, offrendo un aspetto sano fin dal risveglio. Incorporare un <strong>Trattamento viso arricchito con vitamina C<\/strong> alla vostra routine quotidiana per rivelare tutta la vitalit\u00e0 e la freschezza della vostra pelle.<\/p>\n<h2>Combinazione di burro di karit\u00e9 e vitamina C: quali sono i benefici per una luminosit\u00e0 sana?<\/h2>\n<p>Miscela <strong>burro di karit\u00e9<\/strong> e <strong>vitamina C<\/strong>, \u00e8 offrire alla pelle una doppia azione: <strong>nutrizione intensa<\/strong> e <strong>lucentezza di lunga durata<\/strong>. Insieme, questi due ingredienti garantiscono <strong>idratazione della pelle<\/strong> rafforzando al contempo le sue difese naturali. La loro sinergia massimizza l'effetto di <strong>antiossidanti<\/strong> e combatte i segni della fatica o dell'esposizione prolungata al sole, ideale per un incarnato luminoso. <strong>bagliore sano<\/strong> ogni giorno.<\/p>\n<p>La loro combinazione risponde a diverse esigenze essenziali:<\/p>\n<ul>\n<li>Prevenire e ridurre l'insorgenza di <strong>macchie scure<\/strong> grazie all'azione mirata della vitamina C<\/li>\n<li>Nutrire intensamente la <strong>viso<\/strong>, il <strong>corpo<\/strong> e <strong>labbra<\/strong> con la generosit\u00e0 del burro di karit\u00e9<\/li>\n<li>Mantenere un <strong>idratazione di lunga durata<\/strong> per una pelle pi\u00f9 morbida e luminosa<\/li>\n<li>Proteggere da <strong>inquinamento<\/strong> e variazioni climatiche con beni naturali<\/li>\n<\/ul>\n<p>Per sfruttare appieno questi benefici, si consiglia di scegliere formulazioni appropriate con un elevato contenuto di principi attivi chiaramente indicati. Inoltre, quando si tratta di prendersi cura dei capelli secchi, applicare una dose generosa di <a href=\"https:\/\/www.miel-store.com\/it\/miele-sui-capelli\/\">miele grezzo dopo ogni shampoo<\/a> pu\u00f2 completare l'idratazione fornita da questi trattamenti, in quanto aiuta a rivitalizzare e idratare le ciocche secche.<\/p>\n<h3>Come si possono integrare questi trattamenti nella routine quotidiana?<\/h3>\n<p>L'efficacia del duo <strong>burro di karit\u00e9 e vitamina C<\/strong> dipende soprattutto dalla regolarit\u00e0 della vostra routine di bellezza. Applicare un balsamo ricco di burro di karit\u00e9 dopo la doccia nutre immediatamente la pelle e la protegge per tutto il giorno. Successivamente, applicare un <strong>Siero di vitamina C<\/strong> ogni mattina rafforza le difese della pelle e dona freschezza e chiarezza all'incarnato, perfetto per un colorito sano. <strong>bagliore sano<\/strong> sostenibile.<\/p>\n<p>Questo rituale pu\u00f2 essere integrato da altre buone abitudini, come quella di lasciare una <strong>maschera idratante<\/strong> Una volta alla settimana o massaggiando delicatamente le labbra prima di andare a letto. Un semplice consiglio \u00e8 quello di mescolare alcune gocce di vitamina C con un pizzico di burro di karit\u00e9 per creare una crema casalinga ultra-concentrata adatta alle proprie esigenze. Per favorire l'idratazione e sostenere il benessere digestivo, bere un bicchiere di\u2019<a href=\"https:\/\/www.miel-store.com\/it\/acqua-calda-al-limone-e-miele\/\">acqua calda al limone e miele<\/a> pu\u00f2 anche aiutarvi ad adottare uno stile di vita sano ed equilibrato.<\/p>\n<h3>Esempi di utilizzo mirato in base alle esigenze della pelle<\/h3>\n<p>La versatilit\u00e0 di questi due ingredienti consente di adattare i prodotti per la cura della pelle alle esigenze e ai desideri individuali:<\/p>\n<ul>\n<li>Per il <strong>viso<\/strong> siero mattutino con vitamina C e burro di karit\u00e9 per il contorno occhi, per idratare e proteggere questa zona fragile.<\/li>\n<li>Per il <strong>corpo<\/strong> Applicare una generosa quantit\u00e0 di burro di karit\u00e9 dopo la doccia o esfoliare delicatamente per eliminare le cellule morte e ripristinare una pelle morbida.<\/li>\n<li>Per il <strong>labbra<\/strong> una spruzzata di puro burro di karit\u00e9 mattina e sera per prevenire le screpolature e mantenere le labbra elastiche<\/li>\n<\/ul>\n<p>Ogni gesto contribuisce a fornire morbidezza, comfort e luminosit\u00e0 visibile, senza alcuno sforzo particolare.<\/p>\n<h2>Una breve sintesi delle azioni chiave in forma di tabella<\/h2>\n<p>Ecco una panoramica dei principali ruoli svolti da ciascuno di questi componenti naturali:<\/p>\n<table>\n<thead>\n<tr>\n<th>Ingrediente<\/th>\n<th>Azioni principali<\/th>\n<th>Vantaggi principali<\/th>\n<\/tr>\n<\/thead>\n<tbody>\n<tr>\n<td><strong>Burro di karit\u00e9<\/strong><\/td>\n<td>Nutre, lenisce, protegge<\/td>\n<td><strong>Idratazione della pelle<\/strong>, flessibilit\u00e0, riparazione<\/td>\n<\/tr>\n<tr>\n<td><strong>Vitamina C<\/strong><\/td>\n<td>Antiossidante, illumina, corregge<\/td>\n<td><strong>Illuminazione dell'incarnato<\/strong>, anti-macchie brune, stimolazione del collagene<\/td>\n<\/tr>\n<\/tbody>\n<\/table>\n<h2>Domande frequenti sul burro di karit\u00e8 e la vitamina C per una luminosit\u00e0 sana<\/h2>\n<div itemscope=\"\" itemtype=\"https:\/\/schema.org\/FAQPage\">\n<div itemprop=\"mainEntity\" itemscope=\"\" itemtype=\"https:\/\/schema.org\/Question\">\n<h3 itemprop=\"name\">Qual \u00e8 la differenza tra idratazione e nutrizione della pelle?<\/h3>\n<div itemprop=\"acceptedAnswer\" itemscope=\"\" itemtype=\"https:\/\/schema.org\/Answer\">\n<div itemprop=\"text\">Idratare la pelle significa rifornirla di acqua, essenziale per preservarne l'elasticit\u00e0 e prevenire la secchezza. Visita <strong>nutrizione della pelle<\/strong>, corrisponde all'assunzione di lipidi e carboidrati. <strong>vitamine<\/strong> che rafforzano la barriera naturale della pelle. Combinare <strong>burro di karit\u00e9<\/strong> dopo aver applicato un siero con <strong>vitamina C<\/strong> fornisce alla pelle sia l'idratazione che preziose sostanze nutritive.<\/p>\n<ul>\n<li>Sieri per un'idratazione profonda<\/li>\n<li>Balsami ricchi per nutrire e sigillare l'idratazione<\/li>\n<\/ul>\n<\/div>\n<\/div>\n<\/div>\n<div itemprop=\"mainEntity\" itemscope=\"\" itemtype=\"https:\/\/schema.org\/Question\">\n<h3 itemprop=\"name\">Il burro di karit\u00e9 e la vitamina C possono essere applicati insieme sul viso?<\/h3>\n<div itemprop=\"acceptedAnswer\" itemscope=\"\" itemtype=\"https:\/\/schema.org\/Answer\">\n<div itemprop=\"text\">S\u00ec, la combinazione di questi due principi attivi amplifica i benefici di ciascun trattamento. Applicare prima il <strong>vitamina C<\/strong> per incrementare\u2019<strong>brillantezza<\/strong>, allora il <strong>burro di karit\u00e9<\/strong> per sigillare il\u2019<strong>idratazione della pelle<\/strong> e proteggere dalle aggressioni. Questo duo \u00e8 particolarmente indicato per <strong>cura del viso<\/strong>, a condizione che la vitamina C sia ben tollerata.<\/p>\n<ol>\n<li>Detergere e asciugare delicatamente la pelle<\/li>\n<li>Aggiungere qualche goccia di vitamina C<\/li>\n<li>Terminare con un sottile strato di burro di karit\u00e9.<\/li>\n<\/ol>\n<\/div>\n<\/div>\n<\/div>\n<div itemprop=\"mainEntity\" itemscope=\"\" itemtype=\"https:\/\/schema.org\/Question\">\n<h3 itemprop=\"name\">Quali sono gli effetti sul tono della pelle e sulle macchie brune?<\/h3>\n<div itemprop=\"acceptedAnswer\" itemscope=\"\" itemtype=\"https:\/\/schema.org\/Answer\">\n<div itemprop=\"text\">La <strong>vitamina C<\/strong> si rivolge efficacemente a <strong>macchie scure<\/strong> grazie alla sua azione anti-melanina e antiossidante. Il <strong>burro di karit\u00e9<\/strong>, Riparando e proteggendo la superficie cutanea, aiuta a uniformare il tono della pelle e a limitare la comparsa di nuove macchie. Per ottenere risultati ottimali, \u00e8 importante essere costanti per diverse settimane.<\/p>\n<table>\n<tbody>\n<tr>\n<th>Attivit\u00e0<\/th>\n<th>Azione antimacchia<\/th>\n<th>Risultati attesi<\/th>\n<\/tr>\n<tr>\n<td><strong>Vitamina C<\/strong><\/td>\n<td>Riduce la produzione di melanina<\/td>\n<td>Riduzione delle macchie scure, colorito luminoso<\/td>\n<\/tr>\n<tr>\n<td><strong>Burro di karit\u00e9<\/strong><\/td>\n<td>Promuove la riparazione cellulare<\/td>\n<td>Pelle pi\u00f9 uniforme, effetto protettivo<\/td>\n<\/tr>\n<\/tbody>\n<\/table>\n<\/div>\n<\/div>\n<\/div>\n<div itemprop=\"mainEntity\" itemscope=\"\" itemtype=\"https:\/\/schema.org\/Question\">\n<h3 itemprop=\"name\">Questi ingredienti sono adatti a tutti i tipi di pelle?<\/h3>\n<div itemprop=\"acceptedAnswer\" itemscope=\"\" itemtype=\"https:\/\/schema.org\/Answer\">\n<div itemprop=\"text\">Le <strong>burro di karit\u00e9<\/strong>, \u00e8 molto ben tollerato, anche dalle pelli sensibili, ed \u00e8 adatto a tutti i tipi di pelle. <strong>tipi di pelle<\/strong>. La <strong>vitamina C<\/strong>, \u00e8 ideale per le carnagioni che cercano un aspetto pi\u00f9 radioso.\u2019<strong>brillantezza<\/strong> o soggette a macchie di pigmentazione. Si consiglia di regolare la concentrazione e di monitorare la reazione della pelle al primo utilizzo, soprattutto se la pelle \u00e8 molto reattiva.<\/p>\n<ul>\n<li>Pelle da normale a secca: si consigliano texture ricche<\/li>\n<li>Pelle mista o grassa: optare per formule leggere o non comedogeniche.<\/li>\n<\/ul>\n<\/div>\n<\/div>\n<\/div>\n<\/div>","protected":false},"excerpt":{"rendered":"<p>Regalate alla vostra pelle un bagliore radioso! Scoprite il <strong>burro di karit\u00e9 montato e vitamina C<\/strong>.<\/p>\n<p>Texture ariosa, effetto luminoso immediato e salutare.<\/p>\n<p><strong>Ingredienti<\/strong> Burro di Butyrospermum Parkii (Karit\u00e9), olio di carota, curcuma, olio di jojoba.<\/p>","protected":false},"featured_media":9386,"template":"","meta":[],"product_brand":[],"product_cat":[125,88,89],"product_tag":[],"class_list":{"0":"post-8618","1":"product","2":"type-product","3":"status-publish","4":"has-post-thumbnail","6":"product_cat-beurre-de-karite-chantilly","7":"product_cat-bien-etre","8":"product_cat-cosmetiques","10":"first","11":"instock","12":"shipping-taxable","13":"purchasable","14":"product-type-simple"},"_links":{"self":[{"href":"https:\/\/www.miel-store.com\/it\/wp-json\/wp\/v2\/product\/8618","targetHints":{"allow":["GET"]}}],"collection":[{"href":"https:\/\/www.miel-store.com\/it\/wp-json\/wp\/v2\/product"}],"about":[{"href":"https:\/\/www.miel-store.com\/it\/wp-json\/wp\/v2\/types\/product"}],"wp:featuredmedia":[{"embeddable":true,"href":"https:\/\/www.miel-store.com\/it\/wp-json\/wp\/v2\/media\/9386"}],"wp:attachment":[{"href":"https:\/\/www.miel-store.com\/it\/wp-json\/wp\/v2\/media?parent=8618"}],"wp:term":[{"taxonomy":"product_brand","embeddable":true,"href":"https:\/\/www.miel-store.com\/it\/wp-json\/wp\/v2\/product_brand?post=8618"},{"taxonomy":"product_cat","embeddable":true,"href":"https:\/\/www.miel-store.com\/it\/wp-json\/wp\/v2\/product_cat?post=8618"},{"taxonomy":"product_tag","embeddable":true,"href":"https:\/\/www.miel-store.com\/it\/wp-json\/wp\/v2\/product_tag?post=8618"}],"curies":[{"name":"wp","href":"https:\/\/api.w.org\/{rel}","templated":true}]}}