{"id":8603,"date":"2025-10-05T13:18:56","date_gmt":"2025-10-05T11:18:56","guid":{"rendered":"https:\/\/www.miel-store.com\/?post_type=product&#038;p=8603"},"modified":"2026-04-17T18:44:59","modified_gmt":"2026-04-17T16:44:59","slug":"crema-montata-al-burro-di-karite-per-la-depilazione","status":"publish","type":"product","link":"https:\/\/www.miel-store.com\/it\/p\/beurre-de-karite-chantilly-epilation","title":{"rendered":"Burro di karit\u00e9 chantilly post-ceretta e cura della rasatura - 100g"},"content":{"rendered":"<p>La depilazione spesso lascia la pelle&nbsp;<strong>sensibile, irritato<\/strong> o a volte addirittura fastidiosi. Siete alla ricerca di una soluzione dolce, efficace e naturale? Visitate <strong>burro di karit\u00e9<\/strong> nella sua <strong>chantilly<\/strong> si distingue come <strong>cura post-ceretta<\/strong> per conferire comfort alla pelle e mantenerla morbida. Questa texture leggera e cremosa offre un vero e proprio bozzolo idratante, rendendone facile l'applicazione. <strong>rigenerazione della pelle<\/strong> dopo ogni sessione.<\/p>\n<h2>Perch\u00e9 usare il burro di karit\u00e9 chantilly dopo la depilazione?<\/h2>\n<p>Il legame tra <strong>burro di karit\u00e9<\/strong> e il\u2019<strong>lenitivo per la pelle<\/strong> non ci sono pi\u00f9 dubbi. Immediatamente dopo la depilazione, la pelle merita un'attenzione particolare: \u00e8 qui che il <strong>crema montata al karit\u00e9<\/strong>, Una combinazione di nutrimento intenso e morbidezza avvolgente.<\/p>\n<p>A differenza di altri trattamenti, questo <strong>balsamo montato<\/strong> penetra rapidamente, non appiccica e dona immediatamente una sensazione di sollievo. Aiuta a calmare <strong>sensazione di trazione<\/strong>, e arrossamenti, ottimizzando al contempo la <strong>nutrizione della pelle<\/strong> a lungo termine.<\/p>\n<h2>I benefici del burro di karit\u00e9 come trattamento post-ceretta<\/h2>\n<p>Adottare il <strong>crema montata al karit\u00e9<\/strong>, \u00e8 offrire al corpo un concentrato naturale dai molti benefici. <strong>propriet\u00e0 benefiche<\/strong>. Gli effetti si fanno sentire fin dalle prime applicazioni, sia in termini di comfort che di aspetto generale della pelle.<\/p>\n<p>Per completare una sana routine di bellezza, alcune persone consumano anche prodotti a base di frutta secca ricca di proteine, come ad esempio <a href=\"https:\/\/www.miel-store.com\/it\/p\/100-burro-di-arachidi-naturale\/\">burro di arachidi 100 % naturale<\/a> che pu\u00f2 essere benefica per l'organismo grazie alle sue qualit\u00e0 nutrizionali, favorendo cos\u00ec un'alimentazione complessivamente equilibrata.<\/p>\n<h3>Idratazione profonda e nutrizione intensa<\/h3>\n<p>La ricca struttura di <strong>burro di karit\u00e9<\/strong> ripristina efficacemente il <strong>barriera lipidica<\/strong> alterati dall'atto della depilazione. Grazie agli acidi grassi e alle vitamine E, A e D, questo <strong>chantilly<\/strong> nutre in profondit\u00e0 tutti gli strati dell'epidermide.<\/p>\n<p>L'applicazione regolare prolunga la\u2019<strong>idratazione<\/strong> e limita la siccit\u00e0, proprio come nel caso di <a href=\"https:\/\/www.miel-store.com\/it\/p\/olio-di-formica\/\">utilizzo dell'olio di formica<\/a>, soprattutto sulle zone depilate o depilabili regolarmente, come le gambe, le ascelle o la linea del bikini.<\/p>\n<h3>Lenisce la pelle e ne favorisce la rigenerazione<\/h3>\n<p>Subito dopo l'uso del rasoio o della cera, possono comparire piccole irritazioni. Visita <strong>propriet\u00e0 ammorbidenti<\/strong> e le propriet\u00e0 antinfiammatorie di <strong>burro di karit\u00e9<\/strong> riducono naturalmente questi disagi, aiutando la pelle a ritrovare l'elasticit\u00e0 iniziale.<\/p>\n<p>La sua ricchezza in <strong>composti attivi<\/strong> promuove inoltre la riparazione cellulare, accelerando la scomparsa delle microlesioni superficiali e migliorando visibilmente la texture della pelle.<\/p>\n<h2>Come si applica il burro di karit\u00e9 chantilly dopo la ceretta?<\/h2>\n<p>Per sfruttare appieno i vantaggi di questo <strong>cura post-ceretta<\/strong>, Pochi semplici passaggi garantiscono una routine efficace. La texture ariosa di <strong>chantilly<\/strong> facilita l'applicazione senza soffocare la pelle.<\/p>\n<p>Seguire questo consiglio ottimizza l'azione <strong>calmante<\/strong> e fornisce una protezione di lunga durata contro le aggressioni quotidiane.<\/p>\n<ul>\n<li>Sulla pelle pulita e asciutta, applicare un goccio di <strong>crema montata al karit\u00e9<\/strong>.<\/li>\n<li>Scaldare delicatamente tra le mani e applicare con movimenti circolari sulla zona appena depilata.<\/li>\n<li>Concentrarsi sulle aree soggette a irritazioni, come la linea bikini o le ascelle.<\/li>\n<li>Ripetere mattina e sera, se necessario, fino al completo ripristino del comfort.<\/li>\n<\/ul>\n<p>Assicuratevi di scegliere un <strong>burro non raffinato<\/strong>, Utilizzare una cera pura per beneficiare appieno delle sue virt\u00f9 originali. Se necessario, regolare la frequenza in base alla reazione della pelle nella settimana successiva alla depilazione.<\/p>\n<h2>Quali sono le differenze tra il burro di karit\u00e9 classico e la panna montata di karit\u00e9?<\/h2>\n<p>Anche se si \u00e8 tentati di utilizzare l'opzione <strong>burro puro<\/strong>, versione, il <strong>chantilly<\/strong> offre innegabili vantaggi per un <strong>cura post-ceretta<\/strong> concentrata sul piacere sensoriale e sull'efficacia. Questa distinzione si percepisce tanto nell'applicazione quanto sulla pelle.<\/p>\n<p>Ecco una tabella di confronto per aiutarvi a capire le loro caratteristiche specifiche:<\/p>\n<table>\n<tbody>\n<tr>\n<th>Aspetto<\/th>\n<th>Burro di karit\u00e9 classico<\/th>\n<th>Crema montata al karit\u00e9<\/th>\n<\/tr>\n<tr>\n<td>Struttura<\/td>\n<td>Solido, compatto<\/td>\n<td>Leggero, montato, spumoso<\/td>\n<\/tr>\n<tr>\n<td>Penetrazione<\/td>\n<td>Pu\u00f2 lasciare una pellicola oleosa<\/td>\n<td>Penetra rapidamente, non appiccica<\/td>\n<\/tr>\n<tr>\n<td>Applicazione<\/td>\n<td>Deve essere riscaldato a lungo<\/td>\n<td>Si spalma facilmente per un'immediata sensazione di morbidezza<\/td>\n<\/tr>\n<tr>\n<td>Approvazioni sensoriali<\/td>\n<td>Profumo neutro, aspetto grezzo<\/td>\n<td>Possibilit\u00e0 di personalizzare la fragranza, finitura estetica<\/td>\n<\/tr>\n<\/tbody>\n<\/table>\n<p>L'uso di un <strong>chantilly<\/strong> per un momento di vero relax, pur fornendo l'essenziale: <strong>lenire la pelle<\/strong> rapidamente dopo la ceretta depilatoria, e garantire <strong>nutrizione della pelle<\/strong> completo.<\/p>\n<h2>Suggerimenti per massimizzare l'effetto del trattamento post-depilazione con burro di karit\u00e9<\/h2>\n<p>Ottimizzare l'efficienza di <strong>crema montata al karit\u00e9<\/strong> si basa anche su una serie di semplici riflessi da adottare quotidianamente. Questi consigli rafforzano i risultati visibili e prolungano la morbidezza ottenuta subito dopo l'applicazione.<\/p>\n<p>Utilizzare il <strong>Trattamento post-ceretta al burro di karit\u00e9<\/strong> regolarmente, anche quando non vengono rimossi i peli, per migliorare la qualit\u00e0 generale della pelle. Una routine benefica prima e dopo la rasatura o la ceretta migliora la resistenza della pelle. <strong>film idrolipidico naturale<\/strong>.<\/p>\n<ul>\n<li>Evitare di indossare abiti aderenti subito dopo la ceretta per limitare lo sfregamento.<\/li>\n<li>Ricordate di esfoliare la pelle una o due volte a settimana (esclusi i giorni di depilazione) per prevenire la comparsa di peli incarniti e potenziare la <strong>rigenerazione della pelle<\/strong>.<\/li>\n<li>Se fa caldo, optate per un'applicazione serale per un effetto ristoratore durante il sonno.<\/li>\n<\/ul>\n<p>L'adozione di <strong>cura naturale<\/strong> arricchito in <strong>burro di karit\u00e9<\/strong> \u00e8 una parte perfetta di una routine di bellezza che rispetta la pelle e il pianeta. Questa semplice aggiunta alla vostra routine di bellezza trasforma ogni depilazione in una parentesi di benessere, preservando luminosit\u00e0 ed elasticit\u00e0.<\/p>\n<h2>Domande frequenti sul burro di karit\u00e9 chantilly dopo la depilazione<\/h2>\n<div itemscope=\"\" itemtype=\"https:\/\/schema.org\/FAQPage\">\n<div itemprop=\"mainEntity\" itemscope=\"\" itemtype=\"https:\/\/schema.org\/Question\">\n<h3 itemprop=\"name\">Il burro di karit\u00e9 chantilly pu\u00f2 essere utilizzato su tutte le parti del corpo dopo la depilazione?<\/h3>\n<div itemprop=\"acceptedAnswer\" itemscope=\"\" itemtype=\"https:\/\/schema.org\/Answer\">\n<div itemprop=\"text\">\n<p>\u00c8 ideale per tutte le zone: gambe, linea bikini, ascelle e persino il viso. La sua formula delicata non comporta rischi particolari, salvo allergie specifiche al burro di karit\u00e9 o agli oli aggiunti alla ricetta fatta in casa.<\/p>\n<ul>\n<li>Si raccomanda di non aggiungere alcol o profumi sintetici per limitare le reazioni.<\/li>\n<li>\u00c8 meglio fare una prova su una piccola area al primo utilizzo.<\/li>\n<\/ul>\n<table>\n<tbody>\n<tr>\n<th>Zona<\/th>\n<th>Precauzione<\/th>\n<\/tr>\n<tr>\n<td>Gambe<\/td>\n<td>Nessuna precauzione speciale<\/td>\n<\/tr>\n<tr>\n<td>Linea bikini\/ ascelle<\/td>\n<td>Attenzione ai recenti microtagli<\/td>\n<\/tr>\n<tr>\n<td>Il volto<\/td>\n<td>Evitare il contatto con gli occhi<\/td>\n<\/tr>\n<\/tbody>\n<\/table>\n<\/div>\n<\/div>\n<\/div>\n<div itemprop=\"mainEntity\" itemscope=\"\" itemtype=\"https:\/\/schema.org\/Question\">\n<h3 itemprop=\"name\">Con quale frequenza devo applicare il burro di karit\u00e9 chantilly dopo la ceretta?<\/h3>\n<div itemprop=\"acceptedAnswer\" itemscope=\"\" itemtype=\"https:\/\/schema.org\/Answer\">\n<div itemprop=\"text\">\n<p>Applicare subito dopo la ceretta, poi al mattino e alla sera, a seconda della sensibilit\u00e0 della pelle, per ottimizzare i benefici. Le pelli molto secche o sottoposte a ripetute aggressioni possono apprezzare l'uso quotidiano per diversi giorni.<\/p>\n<ul>\n<li>Regolare la frequenza in base alla tolleranza personale.<\/li>\n<li>Rallentare se si nota un eccesso di grasso.<\/li>\n<\/ul>\n<\/div>\n<\/div>\n<\/div>\n<div itemprop=\"mainEntity\" itemscope=\"\" itemtype=\"https:\/\/schema.org\/Question\">\n<h3 itemprop=\"name\">Il burro di karit\u00e9 chantilly pu\u00f2 essere combinato con altri prodotti per la cura della pelle dopo la ceretta?<\/h3>\n<div itemprop=\"acceptedAnswer\" itemscope=\"\" itemtype=\"https:\/\/schema.org\/Answer\">\n<div itemprop=\"text\">\n<p>Pu\u00f2 essere combinato con il gel di aloe vera per un effetto lenitivo ancora maggiore. La combinazione favorisce <strong>rigenerazione della pelle<\/strong> e ridurre il rischio di irritazioni. Tuttavia, prima di applicare un altro prodotto, \u00e8 necessario attendere qualche minuto affinch\u00e9 questo venga completamente assorbito.<\/p>\n<ul>\n<li>Non mescolare direttamente nella mano, ma sovrapporre.<\/li>\n<li>Osservare la reazione della pelle durante il primo test.<\/li>\n<\/ul>\n<\/div>\n<\/div>\n<\/div>\n<div itemprop=\"mainEntity\" itemscope=\"\" itemtype=\"https:\/\/schema.org\/Question\">\n<h3 itemprop=\"name\">Quali ingredienti devo cercare in una buona crema montata al karit\u00e9 per il trattamento post-ceretta?<\/h3>\n<div itemprop=\"acceptedAnswer\" itemscope=\"\" itemtype=\"https:\/\/schema.org\/Answer\">\n<div itemprop=\"text\">\n<p>Incoraggiare <strong>burro di karit\u00e9 puro<\/strong>, Questo pu\u00f2 essere arricchito con oli vegetali aggiuntivi come l'olio di cocco, l'olio di mandorle dolci o l'olio di calendula. Evitare i prodotti contenenti sostanze irritanti, coloranti artificiali o conservanti chimici.<\/p>\n<ul>\n<li>Controllare l'elenco INCI per verificare la presenza di ingredienti naturali.<\/li>\n<li>Consultare le opinioni dei consumatori su texture e finiture.<\/li>\n<\/ul>\n<table>\n<tbody>\n<tr>\n<th>Ingrediente preferito<\/th>\n<th>Effetto desiderato<\/th>\n<\/tr>\n<tr>\n<td>Olio di cocco<\/td>\n<td>Ammorbidimento, morbidezza<\/td>\n<\/tr>\n<tr>\n<td>Olio di mandorle dolci<\/td>\n<td>Sollievo dalle irritazioni<\/td>\n<\/tr>\n<tr>\n<td>Olio di calendula<\/td>\n<td>Favorisce la rigenerazione della pelle<\/td>\n<\/tr>\n<\/tbody>\n<\/table>\n<\/div>\n<\/div>\n<\/div>\n<\/div>","protected":false},"excerpt":{"rendered":"<p>Trattamento post-depilatorio con burro di karit\u00e9 chantilly. Calma i rossori, <strong>idrata e ammorbidisce intensamente<\/strong> la pelle dopo la rasatura.<\/p>\n<p>Formato 100g.<\/p>\n<p><strong>Ingredienti<\/strong> Burro di Butyrospermum Parkii (Karit\u00e9), calendula, aloe vera, camomilla.<\/p>","protected":false},"featured_media":9391,"template":"","meta":[],"product_brand":[],"product_cat":[125,88,89],"product_tag":[],"class_list":{"0":"post-8603","1":"product","2":"type-product","3":"status-publish","4":"has-post-thumbnail","6":"product_cat-beurre-de-karite-chantilly","7":"product_cat-bien-etre","8":"product_cat-cosmetiques","10":"first","11":"instock","12":"shipping-taxable","13":"purchasable","14":"product-type-simple"},"_links":{"self":[{"href":"https:\/\/www.miel-store.com\/it\/wp-json\/wp\/v2\/product\/8603","targetHints":{"allow":["GET"]}}],"collection":[{"href":"https:\/\/www.miel-store.com\/it\/wp-json\/wp\/v2\/product"}],"about":[{"href":"https:\/\/www.miel-store.com\/it\/wp-json\/wp\/v2\/types\/product"}],"wp:featuredmedia":[{"embeddable":true,"href":"https:\/\/www.miel-store.com\/it\/wp-json\/wp\/v2\/media\/9391"}],"wp:attachment":[{"href":"https:\/\/www.miel-store.com\/it\/wp-json\/wp\/v2\/media?parent=8603"}],"wp:term":[{"taxonomy":"product_brand","embeddable":true,"href":"https:\/\/www.miel-store.com\/it\/wp-json\/wp\/v2\/product_brand?post=8603"},{"taxonomy":"product_cat","embeddable":true,"href":"https:\/\/www.miel-store.com\/it\/wp-json\/wp\/v2\/product_cat?post=8603"},{"taxonomy":"product_tag","embeddable":true,"href":"https:\/\/www.miel-store.com\/it\/wp-json\/wp\/v2\/product_tag?post=8603"}],"curies":[{"name":"wp","href":"https:\/\/api.w.org\/{rel}","templated":true}]}}