{"id":8597,"date":"2025-10-04T16:41:32","date_gmt":"2025-10-04T14:41:32","guid":{"rendered":"https:\/\/www.miel-store.com\/?post_type=product&#038;p=8597"},"modified":"2026-01-10T18:07:58","modified_gmt":"2026-01-10T17:07:58","slug":"burro-karite-con-panna-montata-nila","status":"publish","type":"product","link":"https:\/\/www.miel-store.com\/it\/p\/beurre-de-karite-chantilly-au-nila","title":{"rendered":"Burro di karit\u00e9 montato con Nila - 100 g"},"content":{"rendered":"<p>Le&nbsp;<strong>burro di karit\u00e9 con panna montata di nila<\/strong> sta attirando un numero sempre maggiore di fan nel mondo di <strong>bellezza naturale<\/strong>. Il risultato di una sapiente miscela di <strong>burro di karit\u00e9 tradizionale<\/strong>, il <strong>polvere blu nila<\/strong> e diversi <strong>oli vegetali<\/strong>, questo <strong>cosmetici alla panna montata<\/strong> promette un'esperienza sensoriale unica, fornendo allo stesso tempo <strong>benefici notevoli<\/strong>. Utilizzato quotidianamente sul <strong>viso<\/strong>, il <strong>corpo<\/strong> o il <strong>capelli<\/strong>, Con la sua fragranza delicata, la consistenza ariosa e le eccezionali propriet\u00e0 nutritive, vi conquister\u00e0.<\/p>\n<p>Ma perch\u00e9 questo mix \u00e8 diventato cos\u00ec popolare? Approfondiamo il cuore di una routine basata su&nbsp;<strong>idratazione della pelle<\/strong> e luminosit\u00e0.<\/p>\n<h2>Che cos'\u00e8 il burro di karit\u00e9 montato?<\/h2>\n<p>Al crocevia tra esotismo africano e rituali ancestrali, la <strong>burro di karit\u00e9 montato arricchito con nila<\/strong> unisce due tesori del continente africano. Il <strong>karit\u00e9<\/strong>, riconosciuta per la sua capacit\u00e0 di <strong>nutrire profondamente la pelle<\/strong>, \u00e8 qui combinato con <a href=\"https:\/\/www.miel-store.com\/it\/p\/nila-polvere\/\"><strong>polvere blu nila<\/strong><\/a>, noto per la sua azione sulla <strong>riduzione delle macchie brune<\/strong> e il\u2019<strong>schiaritura dell'incarnato<\/strong>. La preparazione della \u00abchantilly\u00bb consiste nel montare a lungo questi ingredienti con olii quali <strong>olio di cocco<\/strong>, Mescolare con una spugna fino a ottenere una crema leggera e spumosa, facile da applicare.<\/p>\n<p>A differenza di un balsamo tradizionale, questo <strong>cosmetici alla panna montata<\/strong> si distribuisce facilmente su tutte le zone del corpo, penetra rapidamente e lascia la pelle morbida senza lasciare una pellicola untuosa. Questo <strong>cura multiuso<\/strong> \u00e8 perfetto per coloro che cercano semplicit\u00e0 ed efficienza nella loro routine quotidiana, privilegiando <strong>ingredienti naturali<\/strong> nota per la cura del viso e delle punte dei capelli.<\/p>\n<h2>Perch\u00e9 scegliere il burro di karit\u00e9 chantilly con nila per i vostri prodotti per la pelle?<\/h2>\n<p>Il <strong>burro di karit\u00e9<\/strong> e <strong>nila blu<\/strong> forma un vero e proprio <strong>cocktail di benefici<\/strong> difficile da abbinare. Questo prezioso alleato ha una collocazione naturale nella stanza da bagno, grazie soprattutto alla sua <strong>versatilit\u00e0<\/strong> e le virt\u00f9 di ciascuno dei suoi componenti.<\/p>\n<p>\u00c8 interessante notare che alcune persone preferiscono il&nbsp;<a href=\"https:\/\/www.miel-store.com\/it\/p\/burro-karite-del-mali\/\">Burro di karit\u00e9 del Mali<\/a> per le sue incomparabili propriet\u00e0 idratanti e la sua origine naturale, che garantiscono un'elevata qualit\u00e0 cosmetica.<\/p>\n<p>Interessarsi alla composizione e alle caratteristiche specifiche di ogni ingrediente aiuta a comprendere tutta la ricchezza di questo prodotto per la cura della pelle. Scopriamo insieme come trarre il massimo beneficio da <strong>consistenza cremosa<\/strong> e la sua azione globale sulla <strong>viso<\/strong>, il <strong>corpo<\/strong> e <strong>capelli<\/strong>.<\/p>\n<h3>I principali benefici del burro di karit\u00e9<\/h3>\n<p>Utilizzato da secoli per la sua <strong>benefici nutrizionali<\/strong>, il <strong>burro di karit\u00e9<\/strong> fornisce <strong>idratazione della pelle<\/strong> intenso. Aiuta a ripristinare la barriera cutanea e fornisce una protezione efficace contro le aggressioni esterne. Molte famiglie africane lo usano sulle <strong>pelle secca<\/strong>, Pelle irritata o sensibile, compresa quella dei bambini.<\/p>\n<p>Su base giornaliera, ammorbidisce l'epidermide, riduce la sensazione di tensione e aiuta a ridurre gradualmente la comparsa di linee sottili e rughe. <strong>marche<\/strong> e <strong>cicatrici<\/strong>. Oltre a <strong>nutrimento della pelle a lunga durata<\/strong>, Favorisce la riparazione cellulare e lascia una piacevole sensazione di comfort dopo l'applicazione.<\/p>\n<h3>Polvere blu nila: un ingrediente con molti segreti<\/h3>\n<p>La <strong>polvere blu nila<\/strong> aggiunge una dimensione in pi\u00f9 alla <strong>cosmetici alla panna montata<\/strong>. Originaria dell'Africa occidentale, questa polvere minerale \u00e8 apprezzata per le sue propriet\u00e0. <strong>propriet\u00e0 schiarenti della pelle<\/strong> e il suo naturale effetto anti-macchie. Viene spesso utilizzato durante i rituali hammam o per risolvere i problemi legati all'invecchiamento della pelle.\u2019<strong>iperpigmentazione<\/strong>.<\/p>\n<p>Associato a <strong>burro di karit\u00e9<\/strong>, nila polvere accentua il <strong>riduzione delle macchie brune<\/strong> e uniforma il tono della pelle. La sua tonalit\u00e0 bluastra e la sua granulometria fine offrono persino una leggera <strong>microesfoliazione naturale<\/strong> durante il massaggio, ottimizzando i risultati sulla pelle.<\/p>\n<h2>Come posso utilizzare quotidianamente il burro di karit\u00e9 e la nila chantilly?<\/h2>\n<p>Grazie alla sua <strong>consistenza ariosa<\/strong>, applicazione del <strong>panna montata al karit\u00e9 con nila<\/strong> diventa un vero piacere. Una piccola quantit\u00e0 \u00e8 solitamente sufficiente per coprire un'ampia superficie. Alcuni semplici accorgimenti garantiranno risultati ottimali, sia per il <strong>pelle<\/strong> o <strong>capelli<\/strong>. Questa trattazione completa si rivolge a tutti coloro che desiderano integrare una <strong>idratazione della pelle<\/strong> efficace in ogni fase della loro routine di bellezza. Per completare la vostra routine naturale, potete scoprire anche altri consigli, come quello di preparare il vostro <a href=\"https:\/\/www.miel-store.com\/it\/ricetta-del-sapone-al-miele\/\">sapone al miele fatto in casa arricchito con burro di karit\u00e9<\/a>, \u00c8 molto apprezzato per le sue propriet\u00e0 cremose e idratanti.<\/p>\n<p>Al mattino, applicare un pizzico di <strong>cosmetici alla panna montata<\/strong> sul viso pulito e asciutto. Massaggiare delicatamente con movimenti circolari per far penetrare il prodotto nella pelle. Sul corpo, concentrarsi sulle zone pi\u00f9 secche, come gomiti e ginocchia. Infine, sulle punte dei capelli, il <strong>panna montata al karit\u00e9 con nila<\/strong> agisce come maschera ristrutturante e anti-sfregamento se applicata prima dello shampoo.<\/p>\n<ul>\n<li><strong>Applicare sul viso<\/strong> per prevenire\u2019<strong>iperpigmentazione<\/strong> e <strong>nutrire la pelle<\/strong> delicatamente<\/li>\n<li><strong>Massaggi per il corpo<\/strong> su gambe, braccia, mani o piedi, per ammorbidire l'epidermide.<\/li>\n<li><strong>Cura dei capelli<\/strong> su lunghezze e punte danneggiate per ripristinare luminosit\u00e0 ed elasticit\u00e0<\/li>\n<li><strong>Prevenzione delle smagliature<\/strong> per le donne in gravidanza o per le zone soggette a cedimenti<\/li>\n<\/ul>\n<h2>Quali sono gli ingredienti essenziali della ricetta tradizionale?<\/h2>\n<p>L'autentico <strong>burro di karit\u00e9 con panna montata di nila<\/strong> evidenzia alcuni <strong>Ingredienti chiave<\/strong>. Ognuno di essi svolge un ruolo essenziale nella qualit\u00e0 finale del prodotto e nell'esperienza di cura offerta a pelle e capelli.<\/p>\n<p>Ecco gli elementi pi\u00f9 comuni di un <strong>preparazione casalinga<\/strong> :<\/p>\n<table>\n<tbody>\n<tr>\n<th>Ingredienti<\/th>\n<th>Ruolo<\/th>\n<th>Vantaggi<\/th>\n<\/tr>\n<tr>\n<td><strong>Burro di karit\u00e9 crudo<\/strong><\/td>\n<td>Base nutriente<\/td>\n<td><strong>Idratazione<\/strong>, protegge, ripara<\/td>\n<\/tr>\n<tr>\n<td><strong>Polvere blu nila<\/strong><\/td>\n<td>Obiettivo: un colorito uniforme<\/td>\n<td><strong>Riduzione delle macchie<\/strong>, illuminazione<\/td>\n<\/tr>\n<tr>\n<td><strong>Olio di cocco vergine<\/strong><\/td>\n<td>Texturizzante, nutriente<\/td>\n<td><strong>Alimentazione<\/strong>, ammorbidisce, profuma<\/td>\n<\/tr>\n<tr>\n<td>Oli vegetali complementari (mandorla, jojoba, ecc.)<\/td>\n<td>Specializzazione come richiesto<\/td>\n<td>Addolcente, antiossidante, personalizza il trattamento<\/td>\n<\/tr>\n<\/tbody>\n<\/table>\n<p>Frullando questi ingredienti per alcuni minuti si otterr\u00e0 la <strong>consistenza schiumosa<\/strong> e l'aspetto \u00abchantilly\u00bb. Adattando la scelta degli oli, \u00e8 possibile modulare la preparazione in base alla stagione o alle proprie preferenze, per ottenere la crema ideale per ogni tipo di pelle.<\/p>\n<h2>Domande frequenti sul burro di karit\u00e9 montato con nila<\/h2>\n<div itemscope=\"\" itemtype=\"https:\/\/schema.org\/FAQPage\">\n<div itemprop=\"mainEntity\" itemscope=\"\" itemtype=\"https:\/\/schema.org\/Question\">\n<h3 itemprop=\"name\">Si pu\u00f2 usare il burro di karit\u00e9 chantilly su tutti i tipi di pelle?<\/h3>\n<div itemprop=\"acceptedAnswer\" itemscope=\"\" itemtype=\"https:\/\/schema.org\/Answer\">\n<div itemprop=\"text\">S\u00ec, il <strong>cosmetici alla panna montata<\/strong> \u00e8 generalmente adatto a tutti i tipi di pelle, anche le pi\u00f9 sensibili. Per adattare la propria routine di cura della pelle, \u00e8 sufficiente regolare la frequenza d'uso e scegliere una formulazione con una concentrazione inferiore di <strong>olio di cocco<\/strong> se la pelle \u00e8 molto grassa. L'uso regolare migliora la\u2019<strong>idratazione della pelle<\/strong> e rafforza la protezione naturale contro le aggressioni esterne.<\/p>\n<ul>\n<li><strong>Pelle secca<\/strong> Cura quotidiana<\/li>\n<li><strong>Pelle grassa<\/strong> Utilizzare due volte a settimana<\/li>\n<li><strong>Pelle mista<\/strong> Applicazione mirata<\/li>\n<\/ul>\n<\/div>\n<\/div>\n<\/div>\n<div itemprop=\"mainEntity\" itemscope=\"\" itemtype=\"https:\/\/schema.org\/Question\">\n<h3 itemprop=\"name\">Il burro di karit\u00e9 e il nila chantilly aiutano a ridurre l'iperpigmentazione?<\/h3>\n<div itemprop=\"acceptedAnswer\" itemscope=\"\" itemtype=\"https:\/\/schema.org\/Answer\">\n<div itemprop=\"text\">L'azione combinata di <strong>burro di karit\u00e9<\/strong> e <strong>polvere blu nila<\/strong> aiuta a ridurre gradualmente la <strong>macchie scure<\/strong> e incoraggia\u2019<strong>schiaritura dell'incarnato<\/strong>. Questo duo offre un interessante accompagnamento per le routine che si rivolgono ai\u2019<strong>iperpigmentazione<\/strong>, rispettando la sensibilit\u00e0 della pelle.<\/p>\n<ul>\n<li>In vigore il <strong>macchie post-infiammatorie<\/strong><\/li>\n<li>Lenisce le lievi lesioni dopo l'esposizione al sole<\/li>\n<\/ul>\n<\/div>\n<\/div>\n<\/div>\n<div itemprop=\"mainEntity\" itemscope=\"\" itemtype=\"https:\/\/schema.org\/Question\">\n<h3 itemprop=\"name\">Quando \u00e8 il momento migliore per applicare i cosmetici chantilly sui capelli?<\/h3>\n<div itemprop=\"acceptedAnswer\" itemscope=\"\" itemtype=\"https:\/\/schema.org\/Answer\">\n<div itemprop=\"text\">Pu\u00f2 essere utilizzato come <strong>bagno capillare<\/strong> Lasciare in posa prima dello shampoo per rinforzare le punte, oppure applicare una piccola quantit\u00e0 sui capelli asciutti per domare il crespo. Dopo l'applicazione, massaggiare delicatamente per garantire una penetrazione ottimale senza appesantire i capelli.<\/p>\n<ul>\n<li>Prima dello shampoo : <strong>maschera profonda<\/strong><\/li>\n<li>Dopo lo styling: un tocco finale per i capelli volanti<\/li>\n<\/ul>\n<\/div>\n<\/div>\n<\/div>\n<div itemprop=\"mainEntity\" itemscope=\"\" itemtype=\"https:\/\/schema.org\/Question\">\n<h3 itemprop=\"name\">Ci sono precauzioni particolari prima di usare la polvere blu nila?<\/h3>\n<div itemprop=\"acceptedAnswer\" itemscope=\"\" itemtype=\"https:\/\/schema.org\/Answer\">\n<div itemprop=\"text\">Prima di entrare a far parte del <strong>polvere blu nila<\/strong> In una preparazione fatta in casa, \u00e8 consigliabile effettuare un test su una piccola area della pelle. Questa precauzione permette di evitare reazioni inaspettate, poich\u00e9 la pelle pu\u00f2 talvolta essere sensibile a certi principi attivi naturali.<\/p>\n<ul>\n<li><strong>Test cutaneo<\/strong> raccomandato 24 ore prima dell'uso regolare<\/li>\n<li>Non ingerire la polvere<\/li>\n<\/ul>\n<\/div>\n<\/div>\n<\/div>\n<\/div>","protected":false},"excerpt":{"rendered":"<p>Regalate alla vostra pelle un'esperienza di trattamento unica con il nostro&nbsp;<strong>burro di karit\u00e9 con panna montata di nila<\/strong>.<\/p>\n<p><strong>Ingredienti<\/strong> Burro di Butyrospermum Parkii (Shea), olio di jojoba, profumo cosmetico.<\/p>","protected":false},"featured_media":9387,"template":"","meta":[],"product_brand":[],"product_cat":[125,89],"product_tag":[],"class_list":{"0":"post-8597","1":"product","2":"type-product","3":"status-publish","4":"has-post-thumbnail","6":"product_cat-beurre-de-karite-chantilly","7":"product_cat-cosmetiques","9":"first","10":"instock","11":"shipping-taxable","12":"purchasable","13":"product-type-simple"},"_links":{"self":[{"href":"https:\/\/www.miel-store.com\/it\/wp-json\/wp\/v2\/product\/8597","targetHints":{"allow":["GET"]}}],"collection":[{"href":"https:\/\/www.miel-store.com\/it\/wp-json\/wp\/v2\/product"}],"about":[{"href":"https:\/\/www.miel-store.com\/it\/wp-json\/wp\/v2\/types\/product"}],"wp:featuredmedia":[{"embeddable":true,"href":"https:\/\/www.miel-store.com\/it\/wp-json\/wp\/v2\/media\/9387"}],"wp:attachment":[{"href":"https:\/\/www.miel-store.com\/it\/wp-json\/wp\/v2\/media?parent=8597"}],"wp:term":[{"taxonomy":"product_brand","embeddable":true,"href":"https:\/\/www.miel-store.com\/it\/wp-json\/wp\/v2\/product_brand?post=8597"},{"taxonomy":"product_cat","embeddable":true,"href":"https:\/\/www.miel-store.com\/it\/wp-json\/wp\/v2\/product_cat?post=8597"},{"taxonomy":"product_tag","embeddable":true,"href":"https:\/\/www.miel-store.com\/it\/wp-json\/wp\/v2\/product_tag?post=8597"}],"curies":[{"name":"wp","href":"https:\/\/api.w.org\/{rel}","templated":true}]}}