{"id":848,"date":"2022-04-14T23:19:19","date_gmt":"2022-04-14T21:19:19","guid":{"rendered":"https:\/\/www.miel-store.com\/?post_type=product&#038;p=848"},"modified":"2026-04-26T19:15:25","modified_gmt":"2026-04-26T17:15:25","slug":"latte-di-cammello-in-polvere","status":"publish","type":"product","link":"https:\/\/www.miel-store.com\/it\/p\/lait-de-chamelle-en-poudre","title":{"rendered":"Latte di cammello in polvere 100 g"},"content":{"rendered":"<p>Le\u00a0<strong>latte di cammello in polvere<\/strong>\u00a0\u00e8 una parte essenziale dell'alimentazione dei beduini e dei pastori del deserto. Il nostro desiderio di offrirvi prodotti che facciano bene al vostro corpo ci ha spinto a metterlo a vostra disposizione. Sconosciuto al grande pubblico fino a poco tempo fa, \u00e8 oggi uno dei prodotti pi\u00f9 apprezzati, in particolare nel mondo del\u00a0<strong>Sano<\/strong>. Diventa un alleato importante nella vostra ricerca di vitamine ed energia.<\/p>\n<h2><strong>Non dimenticate il latte di cammella per i viaggi nel deserto<\/strong><\/h2>\n<p>Prima di entrare nel dettaglio degli effetti di questo prodotto sulla salute, ricordiamo che questo alimento \u00e8 molto apprezzato da oltre tre millenni, soprattutto in Arabia. \u00c8 un alimento, non una bevanda! Il dromedario non \u00e8 solo un mezzo di trasporto per le popolazioni del deserto. Lo apprezzano anche per la sua carne, la sua lana e il suo latte, che possono essere sfruttati.<\/p>\n<p>Il latte di cammello in polvere \u00e8 l'alimento perfetto da mettere sotto i denti quando si \u00e8 in viaggio. Per la cronaca, i cammelli possono sopravvivere per trenta giorni solo con questo liquido, accompagnato da <a href=\"https:\/\/www.miel-store.com\/it\/p\/date-sukari\/\"><strong>date sukkari<\/strong><\/a>. La ragione di ci\u00f2 \u00e8 che la sua composizione \u00e8 ricca di\u00a0<strong>proteine<\/strong>, comprese le propriet\u00e0 antimicrobiche. Questa sostanza ha un notevole vantaggio, in quanto consente di sentirsi sazi molto rapidamente nella stagione calda. \u00c8 anche un'alternativa al\u00a0<strong>prodotti a base di carne<\/strong>.<\/p>\n<p>In termini di produttivit\u00e0, il latte di cammello \u00e8 molto pi\u00f9 redditizio di altri tipi di allevamento. Questi ultimi, infatti, richiedono non solo pascoli, ma anche grandi quantit\u00e0 d'acqua in luoghi dove questa \u00e8 crudelmente carente. I dromedari, invece, hanno la capacit\u00e0 di gestire le loro riserve e di soddisfare il loro fabbisogno idrico in modo autonomo.<\/p>\n<p>Il latte di cammello fa parte delle tradizioni e delle raccomandazioni delle popolazioni arabe. Lo vedono come un\u00a0<strong>medicina naturale<\/strong> proprio come <a href=\"https:\/\/www.miel-store.com\/it\/p\/semi-di-cumino-nero-dalletiopia-habachiya\/\"><strong>Semi di cumino nero etiope Habachiya<\/strong><\/a>\u00a0menzionati dal Messaggero di Allah. Le loro convinzioni li portano a trattare con questi farmaci sia le infezioni che le malattie croniche.\u00a0<strong>farmaci naturali<\/strong>. Molti scienziati occidentali hanno condotto ricerche e studi che tendono a sostenere questa tesi.<\/p>\n<h2><strong>Quali componenti nutrizionali si trovano nella composizione di questo nettare atipico?<\/strong><\/h2>\n<p>Il latte di cammello ha la capacit\u00e0 di compensare una serie di carenze, a differenza di uno dei suoi principali rivali, il latte di cammella.\u00a0<strong>latte vaccino<\/strong>. La sua composizione comprende un'alta percentuale di\u00a0<strong>vitamina C<\/strong>. \u00c8 tre volte superiore a quello delle mucche. Le varie sostanze presenti nella sua composizione contribuiscono in modo determinante al\u2019<strong>equilibrio nutrizionale<\/strong>. Infatti, nell'Africa subsahariana \u00e8 consuetudine dare questo latte ai bambini malnutriti.<\/p>\n<p>Si pu\u00f2 quindi affermare che si tratta di un\u00a0<strong>prodotto miracoloso<\/strong>\u00a0in base alle innumerevoli funzioni che svolge. Abbiamo scelto di chiamarlo \u00abalimento\u00bb per l'immensa quantit\u00e0 di sostanze nutritive che contiene. Non dimentichiamo di menzionare la grande quantit\u00e0 di calcio presente in questo liquido bianco.<\/p>\n<p>Contiene anche una piccola quantit\u00e0 di lattosio, che la rende\u00a0<strong>facile da digerire<\/strong>. \u00c8 quindi ideale per i pazienti che soffrono di diabete. Questo importante dettaglio si riflette nel suo basso contenuto di zuccheri. All'assaggio si nota un gusto leggermente salato unito a un odore di nocciola. Tuttavia, questo non toglie nulla al fatto che sia molto piacevole da consumare.<\/p>\n<h2><strong>Un alimento dagli enormi benefici terapeutici<\/strong><\/h2>\n<p>Attualmente, molti Paesi hanno scelto di riprodurre metodi di allevamento su piccola scala. In queste diverse cooperative, il latte di cammella viene utilizzato per scopi medicinali, tranne che nei Paesi Bassi. I Paesi Bassi hanno scelto di sviluppare questa attivit\u00e0 a fini commerciali. In particolare, produce sottoprodotti come saponi, cosmetici, ecc.<\/p>\n<p>Scoprite gli insospettabili benefici del latte di cammella in polvere. In particolare, aiuta :<\/p>\n<ul>\n<li>Visita\u00a0<strong>rafforzare il sistema immunitario<\/strong>.<\/li>\n<li>Aiuta a prevenire\u00a0<strong>Malattia di Crohn<\/strong>, ma anche altre malattie autoimmuni.<\/li>\n<li>La sua azione nel\u00a0<strong>trattamento dell'autismo<\/strong>, il\u00a0<strong>Malattia di Parkinson<\/strong>, d\u2019<strong>Alzheimer<\/strong>, e alcuni tipi di\u00a0<strong>cancri<\/strong>\u00a0non pu\u00f2 essere esclusa. Rappresenta un'alternativa di alta qualit\u00e0 alle soluzioni farmacologiche per i pazienti affetti da queste patologie.<\/li>\n<\/ul>\n<p>Il latte di cammello in polvere ha anche un'azione nutriente, soprattutto sotto forma di sapone. Lo consigliamo quindi a chi soffre di varie forme di psoriasi, eczema e di tutti i tipi di problemi della pelle.\u00a0<strong>malattie della pelle<\/strong> proprio come il <a href=\"https:\/\/www.miel-store.com\/it\/p\/miele-di-giuggiolo-sidr-maliki-dallo-yemen\/\"><strong>Miele di giuggiolo dello Yemen<\/strong><\/a>. Inoltre, idrata profondamente l'epidermide ed \u00e8 adatto a tutti i tipi di pelle. E non dimentichiamo che si tratta di un prodotto ipoallergenico.<\/p>\n<h3><strong>Perch\u00e9 il latte di cammella disidratato in polvere?<\/strong><\/h3>\n<p>Se vi recate in Arabia Saudita o negli Emirati, avrete la fortuna di poter trovare questo prodotto in bottiglia. Tuttavia, l'Unione Europea impone delle restrizioni che dobbiamo rispettare. La vendita di latte di cammella di provenienza extraeuropea \u00e8 vietata in Francia. Questo prodotto deve il suo divieto :<\/p>\n<ul>\n<li>Mancanza di tracciabilit\u00e0.<\/li>\n<li>Il rischio sanitario associato a possibili infezioni da camelidi.<\/li>\n<\/ul>\n<p>Tutto questo ha portato Miel Store a proporre il latte di cammella in forma disidratata.<\/p>\n<p>Altri Paesi hanno scelto di sviluppare questo mercato ad alto potenziale. Se avete l'opportunit\u00e0 di visitare questi Paesi, potete acquistare un litro per circa venti euro. Mentre alcuni Paesi hanno scelto di prendere precauzioni, altri vedono in questo un modo per sviluppare un mercato altamente redditizio. Inoltre, molti Paesi (Maghreb, Emirati) contribuiscono a fornire garanzie, soprattutto in termini di igiene.<\/p>\n<p>Questo latte \u00e8 per tutti coloro che sono alla ricerca di\u00a0<strong>vitalit\u00e0<\/strong>\u00a0o desiderano\u00a0<strong>aumentare le proprie difese<\/strong>.\u00a0<strong>L'ONU<\/strong>\u00a0ha riconosciuto questo alimento come impareggiabile per l'agricoltura e la nutrizione. In particolare, viene utilizzato per arricchire la dieta delle popolazioni che vivono nelle regioni desertiche. Approfittate di questo prodotto dal gusto delizioso e dal\u00a0<strong>virt\u00f9<\/strong>\u00a0ordinandolo presso il vostro\u00a0<strong>boutique del benessere online<\/strong>, Negozio Miel.<\/p>","protected":false},"excerpt":{"rendered":"<p>Le\u00a0lait de chamelle en poudre\u00a0repr\u00e9sente un incontournable de la nutrition dans les populations b\u00e9douines, ainsi que chez les bergers du d\u00e9sert. Notre volont\u00e9 de vous proposer des produits b\u00e9n\u00e9fiques pour votre organisme nous pousse \u00e0 le mettre \u00e0 votre disposition. Inconnu du grand public jusqu&rsquo;\u00e0 il y a encore peu de temps, il fait d\u00e9sormais [&#8230;]\n","protected":false},"featured_media":10355,"template":"","meta":[],"product_brand":[],"product_cat":[88],"product_tag":[],"class_list":{"0":"post-848","1":"product","2":"type-product","3":"status-publish","4":"has-post-thumbnail","6":"product_cat-bien-etre","8":"first","9":"instock","10":"shipping-taxable","11":"purchasable","12":"product-type-simple"},"_links":{"self":[{"href":"https:\/\/www.miel-store.com\/it\/wp-json\/wp\/v2\/product\/848","targetHints":{"allow":["GET"]}}],"collection":[{"href":"https:\/\/www.miel-store.com\/it\/wp-json\/wp\/v2\/product"}],"about":[{"href":"https:\/\/www.miel-store.com\/it\/wp-json\/wp\/v2\/types\/product"}],"wp:featuredmedia":[{"embeddable":true,"href":"https:\/\/www.miel-store.com\/it\/wp-json\/wp\/v2\/media\/10355"}],"wp:attachment":[{"href":"https:\/\/www.miel-store.com\/it\/wp-json\/wp\/v2\/media?parent=848"}],"wp:term":[{"taxonomy":"product_brand","embeddable":true,"href":"https:\/\/www.miel-store.com\/it\/wp-json\/wp\/v2\/product_brand?post=848"},{"taxonomy":"product_cat","embeddable":true,"href":"https:\/\/www.miel-store.com\/it\/wp-json\/wp\/v2\/product_cat?post=848"},{"taxonomy":"product_tag","embeddable":true,"href":"https:\/\/www.miel-store.com\/it\/wp-json\/wp\/v2\/product_tag?post=848"}],"curies":[{"name":"wp","href":"https:\/\/api.w.org\/{rel}","templated":true}]}}