{"id":8141,"date":"2025-06-21T14:35:58","date_gmt":"2025-06-21T12:35:58","guid":{"rendered":"https:\/\/www.miel-store.com\/?post_type=product&#038;p=8141"},"modified":"2025-06-21T15:07:43","modified_gmt":"2025-06-21T13:07:43","slug":"100-burro-di-arachidi-naturale","status":"publish","type":"product","link":"https:\/\/www.miel-store.com\/it\/p\/beurre-de-cacahuetes-100-naturel","title":{"rendered":"Burro di arachidi 100 % naturale"},"content":{"rendered":"<h2 data-start=\"168\" data-end=\"246\"><strong>Burro di arachidi Natural 100 %: un concentrato di gusto e bont\u00e0<\/strong><\/h2>\n<p data-start=\"248\" data-end=\"727\">Le <strong>burro di arachidi<\/strong> non \u00e8 pi\u00f9 solo appannaggio delle colazioni americane. Ha conquistato le cucine di tutto il mondo ed \u00e8 diventato un must per gli amanti della sana alimentazione. Il nostro burro di arachidi <strong>100 % naturale<\/strong> \u00e8 prodotto con arachidi tostate a secco, <strong>Senza olio di palma<\/strong>, <strong>senza zuccheri aggiunti<\/strong>, <strong>n\u00e9 conservante<\/strong>. Un gusto puro e autentico, una consistenza cremosa e, soprattutto, un'eccezionale ricchezza nutrizionale.<\/p>\n<h3 data-start=\"734\" data-end=\"778\"><strong>Benefici naturali in ogni cucchiaio<\/strong><\/h3>\n<p data-start=\"780\" data-end=\"987\">Questo burro di arachidi naturale \u00e8 un vero e proprio superfood, ricco di nutrienti essenziali per l'organismo. Grazie alla sua composizione di 100 arachidi %, concentra tutti i benefici della frutta secca:<\/p>\n<ul>\n<li data-start=\"991\" data-end=\"1222\"><strong data-start=\"991\" data-end=\"1023\">Ricco di proteine vegetali<\/strong> Ideale per gli atleti o per chi cerca una dieta pi\u00f9 equilibrata, contiene quasi 25 g di proteine per 100 g, che aiutano a costruire e riparare i muscoli.<\/li>\n<li data-start=\"1225\" data-end=\"1419\"><strong data-start=\"1225\" data-end=\"1254\">Fonte di grassi buoni<\/strong> A differenza dei grassi saturi o lavorati, il burro di arachidi naturale \u00e8 ricco di acidi grassi insaturi, benefici per la salute cardiovascolare.<\/li>\n<li data-start=\"1422\" data-end=\"1501\"><strong data-start=\"1422\" data-end=\"1448\">Alto contenuto di fibre<\/strong> Favoriscono il senso di saziet\u00e0 e una buona digestione.<\/li>\n<li data-start=\"1504\" data-end=\"1749\"><strong data-start=\"1504\" data-end=\"1538\">Ricco di vitamine e minerali<\/strong> Tra questi, la vitamina E, il magnesio, il fosforo e lo zinco, che contribuiscono a proteggere le cellule dallo stress ossidativo, a mantenere le ossa sane e a far funzionare correttamente il sistema immunitario.<\/li>\n<\/ul>\n<h3 data-start=\"1756\" data-end=\"1819\"><strong>Mangiare burro di arachidi fa bene alla salute?<\/strong><\/h3>\n<p data-start=\"1821\" data-end=\"2191\">\u00c8 una domanda frequente e la risposta \u00e8 s\u00ec... a patto che si scelga con cura il prodotto. Molti burri di arachidi industriali contengono zucchero aggiunto, oli idrogenati (spesso olio di palma) e additivi. Questi ingredienti alterano le qualit\u00e0 nutrizionali del prodotto.<\/p>\n<p data-start=\"2193\" data-end=\"2409\">D'altro canto, un burro di arachidi<strong> senza zucchero<\/strong>, <strong>Senza olio di palma<\/strong>, <strong>100 % naturali come il nostro<\/strong> \u00e8 un'ottima opzione per la salute. Consumato in quantit\u00e0 ragionevoli (circa 1 o 2 cucchiai al giorno), \u00e8 :<\/p>\n<ul>\n<li data-start=\"2413\" data-end=\"2509\">contribuisce a mantenere un sano equilibrio glicemico grazie all'elevato contenuto di fibre e calcio. <strong>proteine<\/strong>.<\/li>\n<li data-start=\"2413\" data-end=\"2509\">fornisce energia stabile per tutta la giornata.<\/li>\n<li>favorisce un migliore recupero muscolare dopo l'esercizio.<\/li>\n<li>contribuisce a <strong>ridurre il colesterolo<\/strong> LDL (colesterolo \u201ccattivo\u201d) e aumentare l'HDL (colesterolo \u201cbuono\u201d).<\/li>\n<\/ul>\n<h3 data-start=\"2746\" data-end=\"2795\"><strong>Un alleato d'elezione per le diete equilibrate<\/strong><\/h3>\n<p data-start=\"2797\" data-end=\"2986\">Se siete attenti alla linea o seguite una dieta particolare (sportiva, vegetariana, vegana, a basso contenuto di carboidrati...), il burro di arachidi naturale 100 % si adatta perfettamente alle vostre abitudini. \u00c8:<\/p>\n<ul>\n<li data-start=\"2990\" data-end=\"3136\">Moderato in <strong>calorie<\/strong> Circa 588 kcal\/100 g, ma una piccola porzione \u00e8 sufficiente a mantenere la saziet\u00e0 per molto tempo, grazie alle sue propriet\u00e0 naturali di soppressione dell'appetito.<\/li>\n<li><strong>Senza zucchero<\/strong> raffinato: non provoca un picco glicemico come alcuni snack industriali.<\/li>\n<li>Senza olio di palma: meglio per il pianeta e per il sistema cardiovascolare.<\/li>\n<li><strong>Senza additivi<\/strong> Si consuma solo ci\u00f2 che la natura offre.<\/li>\n<\/ul>\n<h3 data-start=\"3413\" data-end=\"3472\"><strong>Come si mangia il burro di arachidi quotidianamente?<\/strong><\/h3>\n<p data-start=\"3474\" data-end=\"3568\">Ecco alcune idee semplici e gustose per integrare il burro di arachidi nei vostri pasti:<\/p>\n<ul>\n<li data-start=\"3572\" data-end=\"3665\">Per la prima colazione: spalmare su pane integrale o pancake di avena.<\/li>\n<li>In un frullato: aggiungetene un cucchiaio a un frullato di banana per ottenere una bevanda energetica.<\/li>\n<li>Per uno spuntino sano: immergetevi bastoncini di mela o di sedano.<\/li>\n<li>Cucina salata: utilizzatela nelle salse (satay, curry thailandese) o per completare le verdure saltate in padella.<\/li>\n<li>Prima e dopo lo sport: perfetto per ricaricare le batterie e favorire il recupero muscolare.<\/li>\n<\/ul>\n<p data-start=\"4118\" data-end=\"4478\">Il nostro burro di arachidi \u00e8 prodotto nel rispetto degli ingredienti e dell'ambiente. Le arachidi sono accuratamente selezionate e tostate a secco senza olio aggiunto. Quindi vengono macinate lentamente per ottenere una consistenza liscia e omogenea.<\/p>\n<p data-start=\"4503\" data-end=\"4964\" data-is-last-node=\"\" data-is-only-node=\"\">Il burro di arachidi naturale 100 % \u00e8 molto pi\u00f9 di un dolce: \u00e8 un alimento completo, ricco di proteine, grassi buoni e benefici. Con la sua composizione senza zucchero e senza olio di palma e la sua consistenza cremosa, \u00e8 una risposta gustosa e sana a tutte le vostre voglie, sia che siate appassionati di sport, sia che siate buongustai o semplicemente attenti alla vostra salute. Adottatelo, gustatelo e riscoprite il piacere di mangiare bene in modo naturale.<\/p>","protected":false},"excerpt":{"rendered":"<p>Burro di arachidi.<\/p>\n<p>Vasetto da 200 g.<\/p>","protected":false},"featured_media":8142,"template":"","meta":[],"product_brand":[],"product_cat":[113],"product_tag":[],"class_list":{"0":"post-8141","1":"product","2":"type-product","3":"status-publish","4":"has-post-thumbnail","6":"product_cat-epicerie-fine","8":"first","9":"instock","10":"shipping-taxable","11":"purchasable","12":"product-type-simple"},"_links":{"self":[{"href":"https:\/\/www.miel-store.com\/it\/wp-json\/wp\/v2\/product\/8141","targetHints":{"allow":["GET"]}}],"collection":[{"href":"https:\/\/www.miel-store.com\/it\/wp-json\/wp\/v2\/product"}],"about":[{"href":"https:\/\/www.miel-store.com\/it\/wp-json\/wp\/v2\/types\/product"}],"wp:featuredmedia":[{"embeddable":true,"href":"https:\/\/www.miel-store.com\/it\/wp-json\/wp\/v2\/media\/8142"}],"wp:attachment":[{"href":"https:\/\/www.miel-store.com\/it\/wp-json\/wp\/v2\/media?parent=8141"}],"wp:term":[{"taxonomy":"product_brand","embeddable":true,"href":"https:\/\/www.miel-store.com\/it\/wp-json\/wp\/v2\/product_brand?post=8141"},{"taxonomy":"product_cat","embeddable":true,"href":"https:\/\/www.miel-store.com\/it\/wp-json\/wp\/v2\/product_cat?post=8141"},{"taxonomy":"product_tag","embeddable":true,"href":"https:\/\/www.miel-store.com\/it\/wp-json\/wp\/v2\/product_tag?post=8141"}],"curies":[{"name":"wp","href":"https:\/\/api.w.org\/{rel}","templated":true}]}}