{"id":8125,"date":"2025-06-19T23:30:58","date_gmt":"2025-06-19T21:30:58","guid":{"rendered":"https:\/\/www.miel-store.com\/?post_type=product&#038;p=8125"},"modified":"2026-01-01T22:55:29","modified_gmt":"2026-01-01T21:55:29","slug":"olio-doliva-marocchino-extra-vergine-500-ml","status":"publish","type":"product","link":"https:\/\/www.miel-store.com\/it\/p\/huile-dolive-du-maroc-extra-vierge-500-ml","title":{"rendered":"Olio extravergine di oliva marocchino 500 ml"},"content":{"rendered":"<h2 data-start=\"377\" data-end=\"444\"><strong>Olio extravergine di oliva marocchino: l'oro verde del Mediterraneo<\/strong><\/h2>\n<p data-start=\"446\" data-end=\"749\">Date un tocco di autenticit\u00e0 alla vostra cucina con il nostro <strong data-start=\"506\" data-end=\"545\">olio extravergine di oliva del Marocco. <\/strong>Un vero tesoro di sapore proveniente dagli oliveti del Marocco. Spremuto a freddo con metodi tradizionali, si distingue per la sua purezza, il suo sapore equilibrato e i suoi numerosi benefici per la salute. Pi\u00f9 che un semplice condimento, quest'olio \u00e8 il riflesso di un sapere ancestrale e di una terra generosa e baciata dal sole. Ideale per arricchire i vostri piatti o ravvivare le vostre colazioni. Piacer\u00e0 agli amanti dei prodotti naturali, sani e artigianali.<\/p>\n<h3 data-start=\"1021\" data-end=\"1067\"><strong>Autentico olio d'oliva marocchino<\/strong><\/h3>\n<p data-start=\"1069\" data-end=\"1431\">Il nostro <strong data-start=\"1075\" data-end=\"1105\">olio extravergine di oliva<\/strong> \u00e8 estratto da olive accuratamente selezionate. Coltivate in regioni fertili del Marocco come il Sa\u00efs, il Medio Atlante e la regione di Essaouira. Raccolte a mano, le olive vengono spremute a freddo entro poche ore dalla raccolta per preservare tutte le loro qualit\u00e0 organolettiche. Il risultato \u00e8 un olio di grande finezza, con un sapore fruttato delicato, caratterizzato da note vegetali di mandorla e foglia d'olivo, e un leggero amaro che riflette la sua freschezza.<\/p>\n<h3 data-start=\"2694\" data-end=\"2746\"><strong>Dal campo alla tavola: una tracciabilit\u00e0 rigorosa<\/strong><\/h3>\n<p data-start=\"2748\" data-end=\"3191\">Le olive sono <strong data-start=\"2764\" data-end=\"2787\">raccolto a mano<\/strong> per preservarne l'integrit\u00e0. Vengono trasportate rapidamente al frantoio e spremute entro poche ore, garantendo una freschezza ottimale. Le nostre bottiglie scure, in vetro colorato o sfumato, proteggono l'olio dalla luce e dal calore, assicurando la conservazione dei sapori e dei nutrienti.<\/p>\n<p data-start=\"3097\" data-end=\"3246\">Ricco di acidi grassi monoinsaturi, vitamina E e antiossidanti naturali. L'olio extravergine di oliva \u00e8 rinomato per i suoi effetti benefici:<\/p>\n<ul data-start=\"3248\" data-end=\"3452\">\n<li data-start=\"3248\" data-end=\"3298\">\n<p data-start=\"3250\" data-end=\"3298\">Aiuta a prevenire le malattie cardiovascolari<\/p>\n<\/li>\n<li data-start=\"3299\" data-end=\"3349\">\n<p data-start=\"3301\" data-end=\"3349\">Protegge le cellule dallo stress ossidativo<\/p>\n<\/li>\n<li data-start=\"3350\" data-end=\"3375\">\n<p data-start=\"3352\" data-end=\"3375\">Favorisce la digestione<\/p>\n<\/li>\n<li data-start=\"3376\" data-end=\"3422\">\n<p data-start=\"3378\" data-end=\"3422\">Ha propriet\u00e0 antinfiammatorie<\/p>\n<\/li>\n<li data-start=\"3423\" data-end=\"3452\">\n<p data-start=\"3425\" data-end=\"3452\">Idrata e rigenera la pelle<\/p>\n<\/li>\n<\/ul>\n<p data-start=\"3454\" data-end=\"3569\">Il consumo regolare contribuisce a una dieta sana ed equilibrata, come parte della dieta mediterranea.<\/p>\n<h3 data-start=\"1940\" data-end=\"1982\"><strong>Un olio versatile per l'uso quotidiano<\/strong><\/h3>\n<p data-start=\"3287\" data-end=\"3385\">L'olio d'oliva marocchino non serve solo per cucinare. \u00c8 anche un eccellente prodotto naturale per la cura della pelle:<\/p>\n<ul data-start=\"3386\" data-end=\"3693\">\n<li data-start=\"3386\" data-end=\"3491\">\n<p data-start=\"3388\" data-end=\"3491\"><strong data-start=\"3388\" data-end=\"3407\">Cura dei capelli<\/strong> Applicare come bagno d'olio per nutrire e rinforzare i capelli secchi o danneggiati.<\/p>\n<\/li>\n<li data-start=\"3492\" data-end=\"3593\">\n<p data-start=\"3494\" data-end=\"3593\"><strong data-start=\"3494\" data-end=\"3520\">Idratazione della pelle<\/strong> ideale per le zone secche come gomiti, ginocchia e piedi<\/p>\n<\/li>\n<li data-start=\"3594\" data-end=\"3693\">\n<p data-start=\"3596\" data-end=\"3693\"><strong data-start=\"3596\" data-end=\"3615\">Cura delle unghie<\/strong> mescolate con qualche goccia di limone per rinforzare le unghie fragili<\/p>\n<\/li>\n<\/ul>\n<p data-start=\"3620\" data-end=\"3938\">Da secoli, l'olio d'oliva svolge un ruolo centrale nella cucina marocchina. Incarna i valori di condivisione, qualit\u00e0 e rispetto per la terra. Il nostro olio continua questa tradizione, con un'attenzione particolare alla produzione etica, locale e sostenibile.<\/p>\n<p data-start=\"3995\" data-end=\"4275\">Disponibile in bottiglie da 500 ml. Perfetto per i vostri piatti, i trattamenti fatti in casa o le colazioni tradizionali. Per gli amanti del gusto autentico.<\/p>\n<h3 data-start=\"2421\" data-end=\"2469\"><strong>Un punto fermo della colazione beldiana<\/strong><\/h3>\n<p data-start=\"2471\" data-end=\"2700\">Nella cultura marocchina, l'olio d'oliva \u00e8 uno dei pilastri del <strong data-start=\"2538\" data-end=\"2562\">colazione beldi. <\/strong>Questo pasto tradizionale, servito al mattino, consiste in pane caldo, frittelle (msemen, baghrir), formaggio fresco e, naturalmente... <strong data-start=\"2689\" data-end=\"2697\">miele<\/strong>. Una miscela semplice ma gustosa consiste nell'immergere il pane in una miscela di olio extravergine di oliva e olio di oliva. <strong data-start=\"2813\" data-end=\"2834\">miele puro del Marocco<\/strong>, per un'esperienza di gusto morbida, ricca e autentica. Scoprite anche il nostro <strong data-start=\"2927\" data-end=\"2959\"><a class=\"\" href=\"https:\/\/www.miel-store.com\/it\/p\/miele-di-giuggiolo-sidr-dal-marocco\/\" rel=\"noopener\" data-start=\"2929\" data-end=\"2957\">Miele artigianale marocchino<\/a><\/strong>, L'accompagnamento ideale per questo olio. Ricreate a casa vostra i piaceri del mattino marocchini.<\/p>\n<ul data-start=\"1647\" data-end=\"1933\">\n<li data-start=\"1647\" data-end=\"1670\">\n<p data-start=\"1649\" data-end=\"1670\"><strong data-start=\"1649\" data-end=\"1660\">Origine<\/strong> : Marocco<\/p>\n<\/li>\n<li data-start=\"1671\" data-end=\"1726\">\n<p data-start=\"1673\" data-end=\"1726\"><strong data-start=\"1673\" data-end=\"1681\">Tipo<\/strong> Extravergine - prima spremitura a freddo<\/p>\n<\/li>\n<li data-start=\"1727\" data-end=\"1778\">\n<p data-start=\"1729\" data-end=\"1778\"><strong data-start=\"1729\" data-end=\"1748\">Imballaggio<\/strong> Bottiglia di vetro da 500 ml<\/p>\n<\/li>\n<li data-start=\"1807\" data-end=\"1832\">\n<p data-start=\"1809\" data-end=\"1832\"><strong data-start=\"1809\" data-end=\"1820\">Acidit\u00e0<\/strong> &lt; 0,8 %<\/p>\n<\/li>\n<li data-start=\"1833\" data-end=\"1877\">\n<p data-start=\"1835\" data-end=\"1877\"><strong data-start=\"1835\" data-end=\"1843\">Il gusto<\/strong> Fruttato da leggero a medio, erbaceo<\/p>\n<\/li>\n<li data-start=\"1878\" data-end=\"1933\">\n<p data-start=\"1880\" data-end=\"1933\"><strong data-start=\"1880\" data-end=\"1895\">Utilizzo<\/strong> cucina, condimenti, cosmetici<\/p>\n<\/li>\n<\/ul>","protected":false},"excerpt":{"rendered":"<p>Huile d\u2019olive du Maroc extra vierge : l\u2019or vert m\u00e9diterran\u00e9en Offrez \u00e0 votre cuisine une touche d\u2019authenticit\u00e9 avec notre huile d\u2019olive extra vierge du Maroc. V\u00e9ritable tr\u00e9sor gustatif issu des oliveraies marocaines. Press\u00e9e \u00e0 froid selon les m\u00e9thodes traditionnelles, elle se distingue par sa puret\u00e9, son go\u00fbt \u00e9quilibr\u00e9 et ses nombreux bienfaits pour la sant\u00e9. [&#8230;]\n","protected":false},"featured_media":8130,"template":"","meta":[],"product_brand":[],"product_cat":[113],"product_tag":[],"class_list":{"0":"post-8125","1":"product","2":"type-product","3":"status-publish","4":"has-post-thumbnail","6":"product_cat-epicerie-fine","8":"first","9":"instock","10":"shipping-taxable","11":"purchasable","12":"product-type-simple"},"_links":{"self":[{"href":"https:\/\/www.miel-store.com\/it\/wp-json\/wp\/v2\/product\/8125","targetHints":{"allow":["GET"]}}],"collection":[{"href":"https:\/\/www.miel-store.com\/it\/wp-json\/wp\/v2\/product"}],"about":[{"href":"https:\/\/www.miel-store.com\/it\/wp-json\/wp\/v2\/types\/product"}],"wp:featuredmedia":[{"embeddable":true,"href":"https:\/\/www.miel-store.com\/it\/wp-json\/wp\/v2\/media\/8130"}],"wp:attachment":[{"href":"https:\/\/www.miel-store.com\/it\/wp-json\/wp\/v2\/media?parent=8125"}],"wp:term":[{"taxonomy":"product_brand","embeddable":true,"href":"https:\/\/www.miel-store.com\/it\/wp-json\/wp\/v2\/product_brand?post=8125"},{"taxonomy":"product_cat","embeddable":true,"href":"https:\/\/www.miel-store.com\/it\/wp-json\/wp\/v2\/product_cat?post=8125"},{"taxonomy":"product_tag","embeddable":true,"href":"https:\/\/www.miel-store.com\/it\/wp-json\/wp\/v2\/product_tag?post=8125"}],"curies":[{"name":"wp","href":"https:\/\/api.w.org\/{rel}","templated":true}]}}