{"id":7957,"date":"2025-05-17T12:02:14","date_gmt":"2025-05-17T10:02:14","guid":{"rendered":"https:\/\/www.miel-store.com\/?post_type=product&#038;p=7957"},"modified":"2025-08-07T17:19:51","modified_gmt":"2025-08-07T15:19:51","slug":"olio-per-barba-silverwood-100-natural-50-ml","status":"publish","type":"product","link":"https:\/\/www.miel-store.com\/it\/p\/huile-a-barbe-bois-dargent-100-naturelle-50-ml","title":{"rendered":"Olio per barba Bois d'Argent 100% naturale 50 ml"},"content":{"rendered":"<h2 class=\"\" data-start=\"323\" data-end=\"404\"><strong>Accelera la crescita e migliora la barba con una formula naturale 100%<\/strong><\/h2>\n<p class=\"\" data-start=\"406\" data-end=\"782\">Scoprite il nostro<strong> olio per barba<\/strong> bois d'argent, un prodotto premium per la cura della pelle progettato per stimolare <strong>sparare<\/strong>, <strong>alimentazione<\/strong> in profondit\u00e0 e ripristinare <strong>forza<\/strong> e <strong>lucentezza della barba.<\/strong> Grazie alla sua composizione ricca di <strong>oli vegetali naturali<\/strong>, Questo siero agisce nel cuore dei follicoli piliferi per risvegliarne l'attivit\u00e0, riparare le aree indebolite e favorire una crescita pi\u00f9 rapida e uniforme.<\/p>\n<h3 data-start=\"784\" data-end=\"864\"><strong>Silverwood Beard Oil: una sinergia di preziosi oli vegetali per una barba morbida e vigorosa<\/strong><\/h3>\n<p class=\"\" data-start=\"866\" data-end=\"976\">Il nostro olio \u00e8 formulato con un cocktail di oli biologici rinomati per i loro benefici:<\/p>\n<ul>\n<li data-start=\"980\" data-end=\"1035\">Olio di argan biologico: fortifica e idrata intensamente<\/li>\n<li>Olio di mandorle dolci: lenisce e ammorbidisce la pelle sotto la barba.<\/li>\n<li>Olio di jojoba: equilibra il sebo e previene la fragilit\u00e0 dei capelli.<\/li>\n<li>Olio di sesamo: rigenerante e antiossidante<\/li>\n<li>Olio di cocco: nutre in profondit\u00e0 e rende la barba pi\u00f9 morbida.<\/li>\n<li>Olio di cumino nero: stimola la crescita e rafforza la fibra capillare.<\/li>\n<li>Olio d'oliva: ideale per ammorbidire e rendere lucida la barba<\/li>\n<\/ul>\n<h3 data-start=\"1449\" data-end=\"1520\"><strong>Un'elegante fragranza legnosa per una firma olfattiva maschile<\/strong><\/h3>\n<p class=\"\" data-start=\"1522\" data-end=\"1787\">Questo olio per la barba al legno d'argento si distingue per la sua fragranza raffinata: note legnose calde e sofisticate che lasciano un'impressione maschile e duratura. \u00c8 il trattamento ideale per gli uomini che tengono alla loro immagine e alla qualit\u00e0 della loro barba.<\/p>\n<h3 data-start=\"1789\" data-end=\"1844\"><strong>Perch\u00e9 scegliere il nostro olio per la barba al legno d'argento?<\/strong><\/h3>\n<ul>\n<li data-start=\"1848\" data-end=\"1905\">Favorisce una crescita rapida e uniforme della barba<\/li>\n<li>Attiva i follicoli dormienti e rivitalizza la pelle<\/li>\n<li>Rende la barba pi\u00f9 morbida, pi\u00f9 densa e pi\u00f9 facile da acconciare<\/li>\n<li>Combatte prurito e forfora<\/li>\n<li>Lascia una sottile fragranza legnosa senza effetto untuoso<\/li>\n<\/ul>\n<p>Modo d'uso: applicare alcune gocce sulla barba pulita e asciutta. Massaggiare delicatamente dalle radici alle punte per favorire la penetrazione dei principi attivi e ottimizzare i risultati.<\/p>","protected":false},"excerpt":{"rendered":"<p>Acc\u00e9l\u00e9rez la pousse et sublimez votre barbe gr\u00e2ce \u00e0 une formule 100% naturelle D\u00e9couvrez notre huile \u00e0 barbe bois d&rsquo;argent, un soin premium con\u00e7u pour stimuler la pousse, nourrir en profondeur et redonner force et \u00e9clat \u00e0 votre barbe. Gr\u00e2ce \u00e0 sa composition riche en huiles v\u00e9g\u00e9tales naturelles, ce s\u00e9rum agit au c\u0153ur des follicules [&#8230;]\n","protected":false},"featured_media":8332,"template":"","meta":[],"product_brand":[],"product_cat":[123],"product_tag":[],"class_list":{"0":"post-7957","1":"product","2":"type-product","3":"status-publish","4":"has-post-thumbnail","6":"product_cat-huiles-a-barbe","8":"first","9":"instock","10":"shipping-taxable","11":"purchasable","12":"product-type-simple"},"_links":{"self":[{"href":"https:\/\/www.miel-store.com\/it\/wp-json\/wp\/v2\/product\/7957","targetHints":{"allow":["GET"]}}],"collection":[{"href":"https:\/\/www.miel-store.com\/it\/wp-json\/wp\/v2\/product"}],"about":[{"href":"https:\/\/www.miel-store.com\/it\/wp-json\/wp\/v2\/types\/product"}],"wp:featuredmedia":[{"embeddable":true,"href":"https:\/\/www.miel-store.com\/it\/wp-json\/wp\/v2\/media\/8332"}],"wp:attachment":[{"href":"https:\/\/www.miel-store.com\/it\/wp-json\/wp\/v2\/media?parent=7957"}],"wp:term":[{"taxonomy":"product_brand","embeddable":true,"href":"https:\/\/www.miel-store.com\/it\/wp-json\/wp\/v2\/product_brand?post=7957"},{"taxonomy":"product_cat","embeddable":true,"href":"https:\/\/www.miel-store.com\/it\/wp-json\/wp\/v2\/product_cat?post=7957"},{"taxonomy":"product_tag","embeddable":true,"href":"https:\/\/www.miel-store.com\/it\/wp-json\/wp\/v2\/product_tag?post=7957"}],"curies":[{"name":"wp","href":"https:\/\/api.w.org\/{rel}","templated":true}]}}