{"id":7841,"date":"2025-04-15T17:51:21","date_gmt":"2025-04-15T15:51:21","guid":{"rendered":"https:\/\/www.miel-store.com\/?post_type=product&#038;p=7841"},"modified":"2026-04-16T15:26:46","modified_gmt":"2026-04-16T13:26:46","slug":"dentifricio-siwak","status":"publish","type":"product","link":"https:\/\/www.miel-store.com\/it\/p\/dentifrice-siwak","title":{"rendered":"Dentifricio naturale con Siwak e menta - Igiene quotidiana - Formula senza fluoro"},"content":{"rendered":"<p>Adottate una semplice routine con il nostro dentifricio naturale a base di&nbsp;<a href=\"https:\/\/www.miel-store.com\/it\/p\/natura-siwak\/\"><strong>siwak<\/strong><\/a>, ispirato agli usi tradizionali e progettato per una spazzolatura moderna. La sua formula \u00e8 progettata <strong>senza fluoro<\/strong> e con una selezione di ingredienti scelti per il loro ruolo di pulizia e benessere della bocca, senza eccessive promesse.<\/p>\n<h3>Una formula ispirata alla tradizione, adattata alla vita quotidiana<\/h3>\n<p>Il siwak \u00e8 da tempo utilizzato per l'igiene orale. In questo dentifricio, fa parte di una base che si concentra sul <strong>freschezza<\/strong> e la sensazione di una bocca pulita dopo lo spazzolamento. La formula \u00e8 combinata con altri ingredienti selezionati per completare l'esperienza:<\/p>\n<ul>\n<li><strong>Polvere di Siwak<\/strong> Un ingrediente tradizionale dell'igiene orale, incorporato in una formula detergente.<\/li>\n<li><strong>Cristalli di menta<\/strong> : forniscono una sensazione di freschezza e un gusto di menta.<\/li>\n<li><strong>Argilla bianca (caolino)<\/strong> Utilizzato nei dentifrici per la sua consistenza morbida e l'effetto \u201cpulente\u201d quando viene spazzolato.<\/li>\n<li><strong>Carbonato di calcio<\/strong> Un leggero abrasivo comunemente usato nei dentifrici per aiutare la lucidatura meccanica durante lo spazzolamento.<\/li>\n<\/ul>\n<p>Se siete alla ricerca di un modo pratico per incorporare il siwak nella vostra routine, questo dentifricio \u00e8 un'opzione semplice: pu\u00f2 essere usato proprio come un dentifricio tradizionale, senza cambiare le vostre abitudini.<\/p>\n<h3>Piacevole da usare ogni giorno<\/h3>\n<p>Con la sua consistenza cremosa e il gusto di menta, questo dentifricio rende pi\u00f9 piacevole lo spazzolamento. Pu\u00f2 essere adatto a molte persone, ma come per ogni prodotto per l'igiene, la tolleranza varia da persona a persona: se avete gengive molto sensibili, iniziate gradualmente e adattatevi man mano che vi sentite a vostro agio.<\/p>\n<p>Utilizzato con uno spazzolino tradizionale (o a complemento della routine siwak), fa parte di una semplice e regolare routine di igiene orale.<\/p>\n<h3>Cosa pu\u00f2 fare questo dentifricio per voi ogni giorno:<\/h3>\n<ul>\n<li>Sensazione di bocca pulita dopo lo spazzolamento<\/li>\n<li>Freschezza alla menta<\/li>\n<li>Lucidatura meccanica delicata con spazzolatura (a seconda della pressione esercitata)<\/li>\n<li><strong>Senza fluoro<\/strong><\/li>\n<\/ul>\n<hr>\n<h2>FAQ - Dentifricio naturale con Siwak<\/h2>\n<div itemscope=\"\" itemtype=\"https:\/\/schema.org\/FAQPage\">\n<div itemprop=\"mainEntity\" itemscope=\"\" itemtype=\"https:\/\/schema.org\/Question\">\n<h3 itemprop=\"name\">Questo dentifricio siwak contiene fluoro?<\/h3>\n<div itemprop=\"acceptedAnswer\" itemscope=\"\" itemtype=\"https:\/\/schema.org\/Answer\">\n<div itemprop=\"text\">\n<p>No, questo dentifricio \u00e8 formulato senza fluoro. \u00c8 pensato per chi cerca un'alternativa per l'igiene orale senza fluoro, pur mantenendo una routine di spazzolamento tradizionale.<\/p>\n<\/div>\n<\/div>\n<\/div>\n<div itemprop=\"mainEntity\" itemscope=\"\" itemtype=\"https:\/\/schema.org\/Question\">\n<h3 itemprop=\"name\">Come posso usare il dentifricio naturale siwak quotidianamente?<\/h3>\n<div itemprop=\"acceptedAnswer\" itemscope=\"\" itemtype=\"https:\/\/schema.org\/Answer\">\n<div itemprop=\"text\">\n<p>Si usa come un dentifricio tradizionale: si applica una piccola quantit\u00e0 sullo spazzolino, si spazzola delicatamente per circa due minuti, quindi si risciacqua. Regolare la pressione per evitare di irritare le gengive.<\/p>\n<\/div>\n<\/div>\n<\/div>\n<div itemprop=\"mainEntity\" itemscope=\"\" itemtype=\"https:\/\/schema.org\/Question\">\n<h3 itemprop=\"name\">Questo dentifricio \u00e8 adatto alle gengive sensibili?<\/h3>\n<div itemprop=\"acceptedAnswer\" itemscope=\"\" itemtype=\"https:\/\/schema.org\/Answer\">\n<div itemprop=\"text\">\n<p>La tolleranza dipende dal singolo individuo. Se le gengive sono sensibili, iniziare gradualmente, usare uno spazzolino morbido ed evitare di spazzolare troppo forte. In caso di disturbi persistenti, consultare un medico.<\/p>\n<\/div>\n<\/div>\n<\/div>\n<div itemprop=\"mainEntity\" itemscope=\"\" itemtype=\"https:\/\/schema.org\/Question\">\n<h3 itemprop=\"name\">A cosa servono l'argilla bianca e il carbonato di calcio nella formula?<\/h3>\n<div itemprop=\"acceptedAnswer\" itemscope=\"\" itemtype=\"https:\/\/schema.org\/Answer\">\n<div itemprop=\"text\">\n<p>L'argilla bianca (caolino) \u00e8 utilizzata per la sua consistenza morbida nei dentifrici. Il carbonato di calcio \u00e8 un abrasivo delicato che aiuta a lucidare meccanicamente i denti durante lo spazzolamento, a seconda della pressione esercitata.<\/p>\n<\/div>\n<\/div>\n<\/div>\n<div itemprop=\"mainEntity\" itemscope=\"\" itemtype=\"https:\/\/schema.org\/Question\">\n<h3 itemprop=\"name\">Posso usarlo in aggiunta al bastone siwak?<\/h3>\n<div itemprop=\"acceptedAnswer\" itemscope=\"\" itemtype=\"https:\/\/schema.org\/Answer\">\n<div itemprop=\"text\">\n<p>S\u00ec, \u00e8 possibile. Alcune persone alternano bastoncini di siwak e spazzolini. L'importante \u00e8 la regolarit\u00e0 e la delicatezza dello spazzolamento, con una routine quotidiana adatta a voi.<\/p>\n<\/div>\n<\/div>\n<\/div>\n<\/div>","protected":false},"excerpt":{"rendered":"<p>Scoprite il nostro dentifricio naturale a base di <em>siwak<\/em>, Una formula delicata ed efficace. Arricchita con <em>polvere di cristallo di menta<\/em> per un alito fresco, <em>argilla bianca<\/em> purificante, <em>carbonato di calcio<\/em> pi\u00f9 pulito e <em>polvere di siwak<\/em> per una maggiore igiene orale naturale.<\/p>","protected":false},"featured_media":9355,"template":"","meta":[],"product_brand":[],"product_cat":[89],"product_tag":[],"class_list":{"0":"post-7841","1":"product","2":"type-product","3":"status-publish","4":"has-post-thumbnail","6":"product_cat-cosmetiques","8":"first","9":"instock","10":"shipping-taxable","11":"purchasable","12":"product-type-simple"},"_links":{"self":[{"href":"https:\/\/www.miel-store.com\/it\/wp-json\/wp\/v2\/product\/7841","targetHints":{"allow":["GET"]}}],"collection":[{"href":"https:\/\/www.miel-store.com\/it\/wp-json\/wp\/v2\/product"}],"about":[{"href":"https:\/\/www.miel-store.com\/it\/wp-json\/wp\/v2\/types\/product"}],"wp:featuredmedia":[{"embeddable":true,"href":"https:\/\/www.miel-store.com\/it\/wp-json\/wp\/v2\/media\/9355"}],"wp:attachment":[{"href":"https:\/\/www.miel-store.com\/it\/wp-json\/wp\/v2\/media?parent=7841"}],"wp:term":[{"taxonomy":"product_brand","embeddable":true,"href":"https:\/\/www.miel-store.com\/it\/wp-json\/wp\/v2\/product_brand?post=7841"},{"taxonomy":"product_cat","embeddable":true,"href":"https:\/\/www.miel-store.com\/it\/wp-json\/wp\/v2\/product_cat?post=7841"},{"taxonomy":"product_tag","embeddable":true,"href":"https:\/\/www.miel-store.com\/it\/wp-json\/wp\/v2\/product_tag?post=7841"}],"curies":[{"name":"wp","href":"https:\/\/api.w.org\/{rel}","templated":true}]}}