{"id":739,"date":"2022-03-14T06:24:38","date_gmt":"2022-03-14T05:24:38","guid":{"rendered":"https:\/\/www.miel-store.com\/?post_type=product&#038;p=739"},"modified":"2026-04-16T14:58:53","modified_gmt":"2026-04-16T12:58:53","slug":"olio-di-cumino-nero-habachia-100ml","status":"publish","type":"product","link":"https:\/\/www.miel-store.com\/it\/p\/huile-de-nigelle-dethiopie-habachia-100ml","title":{"rendered":"Olio di cumino nero etiope (Habachia) - Bottiglia di vetro anti-UV - 100 ml"},"content":{"rendered":"<div style=\"background: linear-gradient(135deg, #2d2458 0%, #4a3f7a 50%, #6b5b95 100%); padding: 20px; border-radius: 10px; margin-bottom: 20px; color: #f4d58d;\">\n<p><strong>Olio di nigella etiope Habachia<\/strong> \u00e8 un <strong>olio puro spremuto a freddo<\/strong> un olio eccezionale ricavato dai semi di nigella sativa coltivati sugli altopiani dell'Etiopia. Disponibile in <strong>Flacone da 100 ml<\/strong> a <strong>Negozio di miele<\/strong>, Questo olio tradizionale \u00e8 <strong>mensile spremuto a freddo<\/strong> e memorizzati in un file <strong>Bottiglia in vetro resistente ai raggi UV<\/strong> per preservare tutte le sue qualit\u00e0.<\/p>\n<p>Creato per chi \u00e8 alla ricerca di un <strong>olio di cumino nero autentico e controllato<\/strong>, la nostra Habachia dall'Etiopia \u00e8 <strong>analizzato in un laboratorio francese<\/strong> per garantirne la purezza. Una tradizione orientale millenaria unita a moderni standard di qualit\u00e0.<\/p>\n<\/div>\n<h2>\ud83c\udf3f Olio di semi neri Habachia: il tesoro dell'Etiopia<\/h2>\n<p>L\u2019<strong>Olio di nigella etiope Habachia<\/strong> rappresenta l'eccellenza della tradizione orientale. Estratto dai semi di <strong>Nigella Sativa<\/strong> Coltivato nei fertili terreni degli altipiani etiopici, questo olio beneficia di un terroir eccezionale che gli conferisce caratteristiche organolettiche uniche.<\/p>\n<p>Il termine <strong>\u00abHabachia\u00bb<\/strong> si riferisce all'Etiopia nell'antica tradizione araba, a testimonianza della prestigiosa origine di questo olio. Utilizzata da oltre 3.000 anni nei rituali di bellezza e benessere orientali, la nigella etiope \u00e8 considerata uno degli oli di pi\u00f9 alta qualit\u00e0 al mondo.<\/p>\n<h2>\ud83c\udfd4\ufe0f origine etiope: un terroir eccezionale<\/h2>\n<p>L\u2019<strong>Etiopia<\/strong>, culla della civilt\u00e0 e crocevia di antiche culture, offre condizioni di coltivazione ideali per il cumino nero:<\/p>\n<div style=\"background: #ffffff; border-left: 4px solid #6b5b95; padding: 15px; margin: 15px 0;\">\n<ul style=\"list-style: none; padding-left: 0;\">\n<li><strong>\ud83c\udf04 Altipiani fertili :<\/strong> Altitudine ottimale e terreni ricchi<br \/><em>Condizioni naturali ideali per i semi di cumino nero con un'elevata concentrazione di principi attivi<\/em><\/li>\n<li style=\"margin-top: 10px;\"><strong>\u2600\ufe0f Clima equilibrato:<\/strong> Sole generoso e stagioni regolari<br \/><em>Semi perfettamente maturati per un olio di alta qualit\u00e0<\/em><\/li>\n<li style=\"margin-top: 10px;\"><strong>\ud83c\udf3e Agricoltura tradizionale :<\/strong> Metodi ancestrali rispettosi<br \/><em>Coltivazione senza pesticidi chimici, nel rispetto del terreno<\/em><\/li>\n<li style=\"margin-top: 10px;\"><strong>\ud83c\udffa Mille anni di know-how:<\/strong> Selezione e raccolta manuale<br \/><em>Trasmettere le conoscenze botaniche attraverso le generazioni<\/em><\/li>\n<li style=\"margin-top: 10px;\"><strong>\ud83d\udc8e Variet\u00e0 Habachia :<\/strong> Premio Nigella Sativa dall'Etiopia<br \/><em>Semi neri e lucidi, rinomati per la loro eccezionale concentrazione<\/em><\/li>\n<\/ul>\n<\/div>\n<h2>\u2744\ufe0f Prima spremitura a freddo mensile: freschezza garantita<\/h2>\n<p>A <strong>Negozio di miele<\/strong>, Il nostro impegno unico per la qualit\u00e0 ci distingue dalla concorrenza. <strong>L'olio di nigella etiope Habachia viene spremuto a freddo ogni mese.<\/strong>. Questo metodo tradizionale garantisce :<\/p>\n<div style=\"background: #f9f7fb; padding: 20px; border-radius: 8px; margin: 20px 0;\">\n<ul>\n<li>\ud83c\udf21\ufe0f <strong>Pressione a temperatura controllata<\/strong> Non superare mai i 40\u00b0C per preservare tutti i composti naturali.<\/li>\n<li>\ud83d\udd2c <strong>Metodo meccanico puro<\/strong> : Nessun solvente chimico, estrazione meccanica 100%<\/li>\n<li>\ud83d\udcc5 <strong>Produzione mensile<\/strong> : Olio sempre fresco, mai conservato per troppo tempo<\/li>\n<li>\ud83d\udca7 <strong>Solo prima stampa<\/strong> Il pi\u00f9 ricco di principi attivi naturali<\/li>\n<li>\u2728 <strong>Filtrazione naturale<\/strong> Conservazione di tutti gli elementi benefici<\/li>\n<li>\ud83c\udf3f <strong>Non raffinato<\/strong> Olio grezzo, autentico, non modificato<\/li>\n<li>\ud83c\udfc6 <strong>Qualit\u00e0 premium<\/strong> Colore dorato scuro, aroma intenso e caratteristico<\/li>\n<\/ul>\n<\/div>\n<h2>\ud83e\uddea Analizzato in un laboratorio francese: sicurezza e tracciabilit\u00e0<\/h2>\n<p>Ogni lotto del nostro <strong>Olio di nigella etiope Habachia<\/strong> \u00e8 <strong>analizzati in un laboratorio francese indipendente<\/strong> per garantire :<\/p>\n<ul>\n<li>\u2705 <strong>Purezza verificata<\/strong> Assenza di contaminanti o adulteranti<\/li>\n<li>\u2705 <strong>Composizione controllata<\/strong> Controllo degli acidi grassi e dei composti naturali<\/li>\n<li>\u2705 <strong>Nessun pesticida<\/strong> Test rigorosi sui residui chimici<\/li>\n<li>\u2705 <strong>Qualit\u00e0 microbiologica<\/strong> Conformit\u00e0 agli standard europei<\/li>\n<li>\u2705 <strong>Tracciabilit\u00e0 completa<\/strong> Dalle origini etiopi alla bottiglia<\/li>\n<li>\u2705 <strong>Certificati disponibili<\/strong> Trasparenza totale sulla qualit\u00e0<\/li>\n<li>\u2705 <strong>Standard francesi<\/strong> Conformit\u00e0 alle normative pi\u00f9 severe<\/li>\n<\/ul>\n<h2>\ud83c\udf76 Bottiglia in vetro anti-UV: protezione ottimale<\/h2>\n<p>L\u2019<strong>Olio di nigella etiope Habachia<\/strong> \u00e8 confezionato in un <strong>Bottiglia in vetro ambrato resistente ai raggi UV<\/strong> appositamente studiato per preservarne la qualit\u00e0:<\/p>\n<div style=\"background: #ffffff; border-left: 4px solid #6b5b95; padding: 15px; margin: 15px 0;\">\n<p><strong>\ud83d\udee1\ufe0f Protezione dalla luce :<\/strong> Il vetro ambrato scuro filtra i dannosi raggi UV che possono degradare i principi attivi naturali dell'olio. Questa protezione \u00e8 essenziale per mantenere intatte le propriet\u00e0 del cumino nero.<\/p>\n<p style=\"margin-top: 10px;\"><strong>\u267b\ufe0f Un materiale nobile ed ecologico:<\/strong> Il vetro \u00e8 inerte, quindi, a differenza della plastica, non migra alcuna sostanza nell'olio. \u00c8 inoltre 100% riciclabile, in linea con il nostro impegno ambientale.<\/p>\n<p style=\"margin-top: 10px;\"><strong>\ud83c\udf21\ufe0f Conservazione ottimale :<\/strong> Il vetro mantiene una temperatura stabile e protegge l'olio da variazioni termiche che potrebbero alterarne la qualit\u00e0.<\/p>\n<p style=\"margin-top: 10px;\"><strong>\ud83d\udd12 Tappo ermetico :<\/strong> Chiusura a vite con sigillo per evitare l'ossidazione e preservare la freschezza.<\/p>\n<\/div>\n<h2>\ud83d\udc8e Cosa rende unico il nostro olio di cumino nero<\/h2>\n<div style=\"background: #f9f7fb; padding: 20px; border-radius: 8px; margin: 20px 0;\">\n<ul>\n<li><strong>\ud83c\uddea\ud83c\uddf9 Origine Habachia dall'Etiopia<\/strong> - Terroir pregiato dell'altopiano<\/li>\n<li><strong>\u2744\ufe0f Spremitura a freddo mensile<\/strong> - Freschezza e qualit\u00e0 eccezionali<\/li>\n<li><strong>\ud83e\uddea Analizzato in un laboratorio francese<\/strong> - Sicurezza e tracciabilit\u00e0 garantite<\/li>\n<li><strong>\ud83c\udf76 Bottiglia in vetro anti-UV<\/strong> - Protezione ottimale dei principi attivi<\/li>\n<li><strong>\ud83c\udf3f Solo prima stampa<\/strong> - Massima concentrazione naturale<\/li>\n<li><strong>\ud83d\udd2c 100% puro e naturale<\/strong> - Nessun additivo, nessuna raffinazione<\/li>\n<li><strong>\ud83d\udce6 Pratico formato da 100 ml<\/strong> - Ideale per i principianti o per l'uso quotidiano<\/li>\n<li><strong>\ud83c\udfc6 Qualit\u00e0 premium certificata<\/strong> - Negozio Excellence Miel<\/li>\n<\/ul>\n<\/div>\n<h2>\ud83c\udf1f Formati disponibili per tutte le vostre esigenze<\/h2>\n<p>L\u2019<strong>Olio di nigella etiope Habachia<\/strong> \u00e8 disponibile in diversi formati per soddisfare le vostre esigenze:<\/p>\n<div style=\"background: #f9f7fb; padding: 20px; border-radius: 8px; margin: 20px 0;\">\n<p><strong>\ud83d\udca7 Formato 100ml :<\/strong> <em>(Questa pagina)<\/em><\/p>\n<p>Ideale per scoprire l'olio di cumino nero Habachia o per un uso quotidiano moderato. Formato pratico, facile da conservare e da portare ovunque. Perfetto per la cura del viso, dei capelli o per applicazioni mirate.<\/p>\n<p style=\"margin-top: 15px;\"><strong>\ud83d\udca7 formati da 500 ml e 1 litro:<\/strong><\/p>\n<p>Per gli utenti abituali o le famiglie, scoprite il nostro <a style=\"color: #6b5b95; font-weight: bold; text-decoration: none;\" href=\"https:\/\/www.miel-store.com\/it\/p\/olio-di-cumino-nero-delletiopia-habachia\/\">Habachia Olio di cumino nero 500ml e 1L<\/a>, con un eccellente rapporto qualit\u00e0-prezzo. Stessa qualit\u00e0 premium, stessa spremitura mensile a freddo, stesso controllo di laboratorio, in formati pi\u00f9 economici per un uso intensivo su tutto il corpo o per preparazioni cosmetiche casalinghe.<\/p>\n<p style=\"margin-top: 15px;\"><strong>\ud83d\udca1 Come scegliere?<\/strong><\/p>\n<ul style=\"margin-top: 10px;\">\n<li><strong>100 ml<\/strong> Scoperta, viaggio, cura mirata del viso e dei capelli (2-3 mesi di utilizzo)<\/li>\n<li><strong>500ml<\/strong> Uso familiare regolare, trattamento completo del corpo (4-6 mesi)<\/li>\n<li><strong>1 litro<\/strong> Grandi consumatori, preparazioni cosmetiche, miglior rapporto qualit\u00e0\/prezzo<\/li>\n<\/ul>\n<\/div>\n<h2>\ud83e\uddf4 Completate il rituale del cumino nero<\/h2>\n<p>Per una routine di bellezza completa a base di cumino nero etiope, combinate il vostro olio con il nostro <a style=\"color: #6b5b95; font-weight: bold; text-decoration: none;\" href=\"https:\/\/www.miel-store.com\/it\/p\/shampoo-solido-al-cumino-nero\/\">Shampoo solido con Nigella<\/a>, formulato per detergere e rinforzare i capelli rispettando il cuoio capelluto.<\/p>\n<p>Questo shampoo solido naturale concentrato in olio di cumino nero deterge delicatamente, rafforza la fibra capillare e valorizza i capelli. Utilizzate l'olio come maschera intensiva pre-shampoo, quindi lavate con lo shampoo solido alla nigella per un rituale per capelli completo e coerente. Una sinergia perfetta per capelli naturalmente fortificati e brillanti.<\/p>\n<h2>\ud83c\udfaf A chi \u00e8 destinato questo olio di cumino nero?<\/h2>\n<div style=\"background: #fffbfd; padding: 20px; border-radius: 8px; margin: 20px 0;\">\n<p>Questo olio di prima qualit\u00e0 proveniente dall'Etiopia \u00e8 la scelta perfetta per :<\/p>\n<ul>\n<li><strong>I puristi<\/strong> alla ricerca di olio di cumino nero autentico e rintracciabile<\/li>\n<li><strong>Fan della cura naturale della pelle<\/strong> esigenti in fatto di qualit\u00e0<\/li>\n<li><strong>Tutta la famiglia<\/strong> per uso cosmetico tradizionale<\/li>\n<li><strong>Cura dei capelli<\/strong> maschere, bagni d'olio, estremit\u00e0 secche<\/li>\n<li><strong>Cura del viso<\/strong> Applicare puro o mescolato alla crema da giorno<\/li>\n<li><strong>Cura del corpo<\/strong> massaggio, zone secche, idratazione profonda<\/li>\n<li><strong>Cura della barba<\/strong> nutrizione, lucentezza, elasticit\u00e0<\/li>\n<li><strong>Regalo autentico<\/strong> per gli amanti dei prodotti naturali di qualit\u00e0<\/li>\n<\/ul>\n<\/div>\n<h2>\u2753 Domande frequenti sull'olio di nigella Habachia<\/h2>\n<div itemscope=\"\" itemtype=\"https:\/\/schema.org\/FAQPage\">\n<div style=\"margin-bottom: 20px;\" itemprop=\"mainEntity\" itemscope=\"\" itemtype=\"https:\/\/schema.org\/Question\">\n<h3 style=\"color: #6b5b95;\" itemprop=\"name\">Perch\u00e9 scegliere il cumino nero etiope Habachia?<\/h3>\n<div itemprop=\"acceptedAnswer\" itemscope=\"\" itemtype=\"https:\/\/schema.org\/Answer\">\n<p itemprop=\"text\">La <strong>Cumino nero etiope Habachia<\/strong> \u00e8 rinomato per la sua qualit\u00e0 superiore, grazie all'eccezionale terroir degli altopiani etiopici. Il clima, l'altitudine e i metodi di coltivazione tradizionali producono semi pi\u00f9 concentrati in principi attivi naturali, che offrono un alto livello di sapore. <strong>olio pi\u00f9 ricco ed efficace<\/strong> rispetto al cumino nero di altre origini.<\/p>\n<\/div>\n<\/div>\n<div style=\"margin-bottom: 20px;\" itemprop=\"mainEntity\" itemscope=\"\" itemtype=\"https:\/\/schema.org\/Question\">\n<h3 style=\"color: #6b5b95;\" itemprop=\"name\">Che cos'\u00e8 la prima spremitura a freddo?<\/h3>\n<div itemprop=\"acceptedAnswer\" itemscope=\"\" itemtype=\"https:\/\/schema.org\/Answer\">\n<p itemprop=\"text\">La <strong>prima spremitura a freddo<\/strong> \u00e8 un metodo di estrazione meccanica a temperatura controllata (inferiore a 40\u00b0C) che preserva tutti i composti naturali della pianta di nigella. A differenza dei metodi industriali che utilizzano calore o solventi, questa tecnica tradizionale garantisce un elevato livello di qualit\u00e0. <strong>olio puro, non denaturato, ricco di principi attivi intatti<\/strong>.<\/p>\n<\/div>\n<\/div>\n<div style=\"margin-bottom: 20px;\" itemprop=\"mainEntity\" itemscope=\"\" itemtype=\"https:\/\/schema.org\/Question\">\n<h3 style=\"color: #6b5b95;\" itemprop=\"name\">Perch\u00e9 spremere l'olio ogni mese?<\/h3>\n<div itemprop=\"acceptedAnswer\" itemscope=\"\" itemtype=\"https:\/\/schema.org\/Answer\">\n<p itemprop=\"text\">Premiamo il nostro <strong>Habachia Olio di Nigella mensile<\/strong> per garantire <strong>freschezza ottimale<\/strong>. L'olio appena spremuto conserva le sue propriet\u00e0 naturali meglio di quello conservato per mesi. Questo requisito unico ci permette di offrire una qualit\u00e0 costante e superiore, lotto dopo lotto.<\/p>\n<\/div>\n<\/div>\n<div style=\"margin-bottom: 20px;\" itemprop=\"mainEntity\" itemscope=\"\" itemtype=\"https:\/\/schema.org\/Question\">\n<h3 style=\"color: #6b5b95;\" itemprop=\"name\">Come si usa l'olio di cumino nero sui capelli?<\/h3>\n<div itemprop=\"acceptedAnswer\" itemscope=\"\" itemtype=\"https:\/\/schema.org\/Answer\">\n<p itemprop=\"text\">Per i capelli, applicare\u2019<strong>Olio di nigella Habachia<\/strong> a <strong>maschera pre-shampoo<\/strong> Applicare generosamente sui capelli asciutti dalle radici alle punte, massaggiare il cuoio capelluto, lasciare in posa da 30 minuti a 2 ore (o tutta la notte), quindi lavare con uno shampoo delicato. Per un rituale completo, utilizzare il nostro <a style=\"color: #6b5b95;\" href=\"https:\/\/www.miel-store.com\/it\/p\/shampoo-solido-al-cumino-nero\/\">Shampoo solido alla Nigella<\/a>.<\/p>\n<\/div>\n<\/div>\n<div style=\"margin-bottom: 20px;\" itemprop=\"mainEntity\" itemscope=\"\" itemtype=\"https:\/\/schema.org\/Question\">\n<h3 style=\"color: #6b5b95;\" itemprop=\"name\">Come si conserva l'olio di cumino nero?<\/h3>\n<div itemprop=\"acceptedAnswer\" itemscope=\"\" itemtype=\"https:\/\/schema.org\/Answer\">\n<p itemprop=\"text\">Mantenete il vostro <strong>Olio di nigella Habachia<\/strong> nella sua <strong>flacone in vetro ermetico resistente ai raggi UV<\/strong>, Conservare al riparo dalla luce diretta e dal calore. Temperatura ideale: 15-25\u00b0C. Evitare il bagno (umidit\u00e0) e la vicinanza a fonti di calore. Se conservato correttamente, mantiene le sue propriet\u00e0 per 12-18 mesi dopo l'apertura.<\/p>\n<\/div>\n<\/div>\n<div style=\"margin-bottom: 20px;\" itemprop=\"mainEntity\" itemscope=\"\" itemtype=\"https:\/\/schema.org\/Question\">\n<h3 style=\"color: #6b5b95;\" itemprop=\"name\">L'olio di cumino nero pu\u00f2 essere usato sul viso?<\/h3>\n<div itemprop=\"acceptedAnswer\" itemscope=\"\" itemtype=\"https:\/\/schema.org\/Answer\">\n<p itemprop=\"text\">S\u00ec, il\u2019<strong>Olio di nigella etiope Habachia<\/strong> pu\u00f2 essere utilizzato sul viso. Applicare <strong>qualche goccia la sera<\/strong> sulla pelle pulita e asciutta, massaggiando delicatamente. Si pu\u00f2 anche mescolare alla crema notte abituale. Si consiglia un <strong>test preliminare su una piccola area<\/strong> per verificare la tolleranza cutanea.<\/p>\n<\/div>\n<\/div>\n<div itemprop=\"mainEntity\" itemscope=\"\" itemtype=\"https:\/\/schema.org\/Question\">\n<h3 style=\"color: #6b5b95;\" itemprop=\"name\">Dove posso acquistare l'olio di cumino nero Habachia dall'Etiopia?<\/h3>\n<div itemprop=\"acceptedAnswer\" itemscope=\"\" itemtype=\"https:\/\/schema.org\/Answer\">\n<p itemprop=\"text\">L\u2019<strong>Olio di nigella etiope Habachia<\/strong> \u00e8 disponibile presso <strong>Negozio di miele<\/strong>, il vostro specialista in prodotti naturali autentici con consegna accurata in Francia. Ordinate online per ricevere questo olio di prima qualit\u00e0, spremuto a freddo mensilmente e analizzato in un laboratorio francese.<\/p>\n<\/div>\n<\/div>\n<\/div>\n<h2>\ud83c\udf3f Impegno di qualit\u00e0 del Miel Store<\/h2>\n<p>Scegliendo\u2019<strong>Olio di nigella etiope Habachia<\/strong> a <strong>Negozio di miele<\/strong>, beneficiate di :<\/p>\n<ul>\n<li>\u2705 <strong>Origine garantita<\/strong> : Habachia autentica e rintracciabile dall'Etiopia<\/li>\n<li>\u2705 <strong>Pressione mensile a freddo<\/strong> : Freschezza eccezionale e costante<\/li>\n<li>\u2705 <strong>Analisi di laboratorio francesi<\/strong> Sicurezza e purezza verificate<\/li>\n<li>\u2705 <strong>Bottiglie di vetro resistenti ai raggi UV<\/strong> Protezione ottimale dei principi attivi<\/li>\n<li>\u2705 <strong>Consigli degli esperti<\/strong> Il nostro team vi guida attraverso<\/li>\n<li>\u2705 <strong>Imballaggio accurato<\/strong> Massima protezione durante il trasporto<\/li>\n<li>\u2705 <strong>Consegna veloce<\/strong> : Spedizione sicura in Francia<\/li>\n<li>\u2705 <strong>Trasparenza totale<\/strong> Informazioni complete su ogni lotto<\/li>\n<\/ul>\n<h2>\ud83d\udca1 Come usare l'olio di nigella<\/h2>\n<p>Per sfruttare al meglio il vostro <strong>Olio di nigella etiope Habachia<\/strong> :<\/p>\n<ul>\n<li><strong>Cura del viso<\/strong> 2-3 gocce la sera sulla pelle pulita, con un leggero massaggio circolare.<\/li>\n<li><strong>Maschera per capelli<\/strong> Applicazione generosa, da 30 minuti a 2 ore prima dello shampoo<\/li>\n<li><strong>Massaggio del corpo<\/strong> Poche gocce sulle zone interessate, massaggiare fino ad assorbimento.<\/li>\n<li><strong>Cura della barba<\/strong> 2-3 gocce al giorno, massaggiando e pettinando<\/li>\n<li><strong>Mani e unghie<\/strong> Massaggiare la sera per nutrire le cuticole e le unghie.<\/li>\n<li><strong>Piedi asciutti<\/strong> Applicazione generosa, calzini di cotone per tutta la notte<\/li>\n<li><strong>Prima dell'applicazione<\/strong> Scaldare qualche goccia tra i palmi delle mani per facilitare la penetrazione.<\/li>\n<li><strong>Regolarit\u00e0<\/strong> Uso quotidiano per ottenere benefici ottimali a lungo termine<\/li>\n<\/ul>\n<h2>\ud83c\udf3a Il cumino nero nella tradizione orientale<\/h2>\n<p>La <strong>nigella<\/strong> (Nigella Sativa), nota anche come \u00abcumino nero\u00bb o \u00abhabba sawda\u00bb, \u00e8 una pianta aromatica utilizzata da oltre 3000 anni nelle tradizioni orientali, mediterranee e asiatiche:<\/p>\n<div style=\"background: #f9f7fb; padding: 15px; border-radius: 8px; margin: 15px 0;\">\n<p><strong>\ud83c\udffa Un patrimonio millenario:<\/strong> Menzionato in antichi testi egizi, greci e arabi, il cumino nero era considerato una pianta preziosa nei rituali di bellezza di regine e faraoni. I semi sono stati trovati persino nella tomba di Tutankhamon.<\/p>\n<p style=\"margin-top: 10px;\"><strong>\ud83c\udf0d Distribuzione mondiale :<\/strong> Originario del Medio Oriente, il cumino nero si \u00e8 diffuso in tutto il Mediterraneo, in Asia e in Africa orientale, e l'Etiopia \u00e8 diventata una delle zone pi\u00f9 rinomate per la sua eccezionale qualit\u00e0.<\/p>\n<p style=\"margin-top: 10px;\"><strong>\ud83d\udc9a Uso tradizionale :<\/strong> Utilizzato da secoli nella cosmesi naturale per la cura della pelle, dei capelli e del corpo nei rituali di bellezza orientali. Si tramanda di generazione in generazione come segreto di bellezza naturale.<\/p>\n<p style=\"margin-top: 10px;\"><strong>\ud83d\udd2c Ricca composizione :<\/strong> L'olio di cumino nero contiene naturalmente timochinone, acidi grassi essenziali (omega 6 e 9), vitamine e minerali, il che spiega il suo antico uso tradizionale.<\/p>\n<p>Un'eredit\u00e0 ancestrale : <strong>tradizione, autenticit\u00e0, naturalezza<\/strong>.<\/p>\n<\/div>\n<h2>\ud83e\uddea Perch\u00e9 le analisi di laboratorio francesi?<\/h2>\n<p>L\u2019<strong>analisi di un laboratorio francese indipendente<\/strong> del nostro Olio di Nigella Habachia fornisce garanzie essenziali:<\/p>\n<div style=\"background: #ffffff; border: 2px solid #6b5b95; padding: 20px; border-radius: 8px; margin: 20px 0;\">\n<p><strong>\ud83d\udd2c Controlli effettuati:<\/strong><\/p>\n<ul>\n<li><strong>La purezza<\/strong> Verifica che si tratti di Nigella Sativa 100% pura, senza alcuna miscelazione.<\/li>\n<li><strong>Composizione<\/strong> Analisi degli acidi grassi (omega 6, 9) e dei principi attivi naturali<\/li>\n<li><strong>Pesticidi<\/strong> Ricerca di residui di trattamento chimico (LOD\/LOQ)<\/li>\n<li><strong>Metalli pesanti<\/strong> Controllo della contaminazione (piombo, mercurio, cadmio)<\/li>\n<li><strong>Microbiologia<\/strong> Test di contaminazione batterica e fungina<\/li>\n<li><strong>Perossido<\/strong> Indicatore di freschezza e buona conservazione<\/li>\n<li><strong>Acidit\u00e0<\/strong> Misura della qualit\u00e0 dell'olio<\/li>\n<\/ul>\n<p style=\"margin-top: 15px;\"><strong>Perch\u00e9 un laboratorio francese?<\/strong><\/p>\n<p>I laboratori francesi applicano le pi\u00f9 severe norme europee (CE) e offrono una tracciabilit\u00e0 totale. Ogni certificato di analisi \u00e8 conservato in archivio e disponibile su richiesta, a garanzia della completa tracciabilit\u00e0. <strong>trasparenza totale<\/strong> sulla qualit\u00e0 dell'olio di cumino nero.<\/p>\n<\/div>\n<h2>\ud83d\udccb Specifiche tecniche<\/h2>\n<div style=\"background: #ffffff; border: 2px solid #6b5b95; padding: 20px; border-radius: 8px; margin: 20px 0;\">\n<p><strong>Caratteristiche :<\/strong><\/p>\n<ul>\n<li><strong>Nome botanico<\/strong> : Nigella Sativa<\/li>\n<li><strong>Origine<\/strong> Habachia dell'Etiopia (altipiani)<\/li>\n<li><strong>Estrazione<\/strong> Prima pressatura meccanica a freddo (&lt;40\u00b0C)<\/li>\n<li><strong>Frequenza di pressione<\/strong> Mensile per una freschezza ottimale<\/li>\n<li><strong>Controllo<\/strong> Analizzato in un laboratorio francese indipendente<\/li>\n<li><strong>Imballaggio<\/strong> Bottiglia in vetro ambrato resistente ai raggi UV<\/li>\n<li><strong>Formato<\/strong> 100 ml<\/li>\n<li><strong>Aspetto<\/strong> Liquido oleoso dorato scuro<\/li>\n<li><strong>Odore<\/strong> Caratteristica aromatica intensa<\/li>\n<li><strong>Conservazione<\/strong> 12-18 mesi dopo l'apertura se conservato correttamente<\/li>\n<li><strong>Utilizzo<\/strong> Solo cosmetici esterni<\/li>\n<li><strong>100%<\/strong> Puro, naturale, senza additivi n\u00e9 conservanti<\/li>\n<\/ul>\n<\/div>\n<div style=\"background: linear-gradient(135deg, #2d2458 0%, #4a3f7a 50%, #6b5b95 100%); padding: 25px; border-radius: 10px; margin-top: 30px; text-align: center; color: #f4d58d;\">\n<p style=\"font-size: 18px; margin: 0;\"><strong>\u2728 Negozio Miel<\/strong><\/p>\n<p style=\"margin: 10px 0 0 0;\">Il vostro specialista in prodotti naturali autentici<\/p>\n<p style=\"margin: 10px 0 0 0; font-size: 14px;\">\ud83c\udf3f Olio di Nigella Habachia dall'Etiopia - La tradizione millenaria spremuta a freddo<\/p>\n<\/div>","protected":false},"excerpt":{"rendered":"<p><strong><span style=\"color: #d0121a;\">(Il nostro olio di cumino nero viene spremuto a freddo ogni mese. Conservazione in bottiglie di vetro anti-UV per mantenerne la qualit\u00e0. Olio analizzato in un laboratorio francese)<\/span><\/strong><\/p>","protected":false},"featured_media":681,"template":"","meta":[],"product_brand":[],"product_cat":[87,106],"product_tag":[],"class_list":{"0":"post-739","1":"product","2":"type-product","3":"status-publish","4":"has-post-thumbnail","6":"product_cat-nigelle","7":"product_cat-huiles-vegetales","9":"first","10":"instock","11":"featured","12":"shipping-taxable","13":"purchasable","14":"product-type-simple"},"_links":{"self":[{"href":"https:\/\/www.miel-store.com\/it\/wp-json\/wp\/v2\/product\/739","targetHints":{"allow":["GET"]}}],"collection":[{"href":"https:\/\/www.miel-store.com\/it\/wp-json\/wp\/v2\/product"}],"about":[{"href":"https:\/\/www.miel-store.com\/it\/wp-json\/wp\/v2\/types\/product"}],"wp:featuredmedia":[{"embeddable":true,"href":"https:\/\/www.miel-store.com\/it\/wp-json\/wp\/v2\/media\/681"}],"wp:attachment":[{"href":"https:\/\/www.miel-store.com\/it\/wp-json\/wp\/v2\/media?parent=739"}],"wp:term":[{"taxonomy":"product_brand","embeddable":true,"href":"https:\/\/www.miel-store.com\/it\/wp-json\/wp\/v2\/product_brand?post=739"},{"taxonomy":"product_cat","embeddable":true,"href":"https:\/\/www.miel-store.com\/it\/wp-json\/wp\/v2\/product_cat?post=739"},{"taxonomy":"product_tag","embeddable":true,"href":"https:\/\/www.miel-store.com\/it\/wp-json\/wp\/v2\/product_tag?post=739"}],"curies":[{"name":"wp","href":"https:\/\/api.w.org\/{rel}","templated":true}]}}