{"id":6803,"date":"2024-11-23T20:36:47","date_gmt":"2024-11-23T19:36:47","guid":{"rendered":"https:\/\/www.miel-store.com\/?post_type=product&#038;p=6803"},"modified":"2026-03-28T12:00:29","modified_gmt":"2026-03-28T11:00:29","slug":"noci-pecan-ricoperte-di-caramello","status":"publish","type":"product","link":"https:\/\/www.miel-store.com\/it\/p\/noix-de-pecan-enrobees-de-caramel","title":{"rendered":"Noci pecan ricoperte di caramello"},"content":{"rendered":"<h3><strong>Scoprite le deliziose noci pecan caramellate di Dubai: un piacere gastronomico dal deserto<\/strong><\/h3>\n<p>Tuffatevi in un mondo di sapori squisiti con le noci pecan ricoperte di caramello, una specialit\u00e0 gastronomica importata direttamente da Dubai. Queste piccole meraviglie dolciarie combinano la ricchezza delle noci pecan con l'intensit\u00e0 del caramello fondente, creando un'esperienza di gusto unica. Realizzate con ingredienti di prima qualit\u00e0, incarnano l'eccellenza dei dolci orientali, fondendo tradizione e modernit\u00e0.<\/p>\n<h3><strong>Un prodotto eccezionale dalle origini esotiche<\/strong><\/h3>\n<p>Le noci pecan caramellate, rinomate per il loro sapore naturalmente burroso e la sottile croccantezza, sono esaltate da un rivestimento di caramello dorato. A Dubai, questi dolci sono preparati con cura e rispetto delle tradizioni locali, dove l'artigianato \u00e8 un vero e proprio motivo di orgoglio. Ogni boccone vi trasporter\u00e0 nelle strade profumate dei souk emiratini, dove lusso e lusso si fondono.<\/p>\n<p>Le noci pecan caramellate sono perfette per accompagnare il caff\u00e8, per guarnire i dessert o semplicemente per essere gustate da sole. Sono il regalo perfetto per tutti i golosi.<\/p>\n<h3><strong>Una ricetta semplice e gustosa con noci pecan caramellate: il crumble espresso<\/strong><\/h3>\n<p><strong>Ingredienti:<\/strong><\/p>\n<ul>\n<li>100 g di noci pecan caramellate<\/li>\n<li>4 mele, sbucciate e tagliate a dadini<\/li>\n<li>50 g di burro<\/li>\n<li>50 g di zucchero di canna<\/li>\n<li>75 g di farina<\/li>\n<li>1 pizzico di cannella (facoltativo)<\/li>\n<\/ul>\n<p><strong>Istruzioni :<\/strong><\/p>\n<ol>\n<li>Preriscaldare il forno a 180\u00b0C.<\/li>\n<li>Disporre i pezzi di mela in una pirofila e cospargerli leggermente di cannella.<\/li>\n<li>In una ciotola, mescolare il burro, lo zucchero di canna e la farina con le dita fino a ottenere una consistenza sabbiosa.<\/li>\n<li>Aggiungere al composto di crumble le noci pecan caramellate tritate grossolanamente.<\/li>\n<li>Distribuire il composto sulle mele e infornare per 25 minuti, finch\u00e9 la superficie non sar\u00e0 dorata.<\/li>\n<li>Servite caldo con una pallina di gelato alla vaniglia per un dessert irresistibile.<\/li>\n<\/ol>\n<h3><strong>Perch\u00e9 scegliere le nostre noci pecan caramellate di Dubai?<\/strong><\/h3>\n<p>Oltre al loro gusto impareggiabile, queste noci pecan sono una vera fonte di piacere gastronomico e di eleganza culinaria. Sono adatte sia agli amanti dei sapori dolci che ai buongustai in cerca di autenticit\u00e0. Il loro rivestimento di caramello offre un perfetto equilibrio tra dolcezza e croccantezza, ideale per i vostri momenti di relax o per le vostre occasioni speciali.<\/p>\n<p>Lasciatevi sedurre da queste noci pecan uniche, simbolo dell'arte culinaria di Dubai, e scoprite come possono trasformare i vostri momenti gastronomici in un'esperienza memorabile.<\/p>\n<p>Scoprite anche la nostra collezione di <a href=\"https:\/\/www.miel-store.com\/it\/p\/datteri-ricoperti-di-cioccolato\/\"><strong>dolci fatti in casa<\/strong><\/a> dai quattro angoli del mondo per un'esperienza di gusto unica.<\/p>","protected":false},"excerpt":{"rendered":"<p>D\u00e9couvrez les d\u00e9licieuses noix de p\u00e9can enrob\u00e9es caram\u00e9lis\u00e9es de Duba\u00ef : un plaisir gourmand venu du d\u00e9sert Plongez dans un univers de saveurs exquises avec les noix de p\u00e9can enrob\u00e9es caram\u00e9lis\u00e9es, une sp\u00e9cialit\u00e9 gourmande directement import\u00e9e de Duba\u00ef. Ces petites merveilles sucr\u00e9es allient la richesse des noix de p\u00e9can \u00e0 l&rsquo;intensit\u00e9 d&rsquo;un caramel fondant, cr\u00e9ant [&#8230;]\n","protected":false},"featured_media":6804,"template":"","meta":[],"product_brand":[],"product_cat":[113],"product_tag":[],"class_list":{"0":"post-6803","1":"product","2":"type-product","3":"status-publish","4":"has-post-thumbnail","6":"product_cat-epicerie-fine","8":"first","9":"instock","10":"shipping-taxable","11":"purchasable","12":"product-type-variable"},"_links":{"self":[{"href":"https:\/\/www.miel-store.com\/it\/wp-json\/wp\/v2\/product\/6803","targetHints":{"allow":["GET"]}}],"collection":[{"href":"https:\/\/www.miel-store.com\/it\/wp-json\/wp\/v2\/product"}],"about":[{"href":"https:\/\/www.miel-store.com\/it\/wp-json\/wp\/v2\/types\/product"}],"wp:featuredmedia":[{"embeddable":true,"href":"https:\/\/www.miel-store.com\/it\/wp-json\/wp\/v2\/media\/6804"}],"wp:attachment":[{"href":"https:\/\/www.miel-store.com\/it\/wp-json\/wp\/v2\/media?parent=6803"}],"wp:term":[{"taxonomy":"product_brand","embeddable":true,"href":"https:\/\/www.miel-store.com\/it\/wp-json\/wp\/v2\/product_brand?post=6803"},{"taxonomy":"product_cat","embeddable":true,"href":"https:\/\/www.miel-store.com\/it\/wp-json\/wp\/v2\/product_cat?post=6803"},{"taxonomy":"product_tag","embeddable":true,"href":"https:\/\/www.miel-store.com\/it\/wp-json\/wp\/v2\/product_tag?post=6803"}],"curies":[{"name":"wp","href":"https:\/\/api.w.org\/{rel}","templated":true}]}}