{"id":635,"date":"2022-03-02T22:19:36","date_gmt":"2022-03-02T21:19:36","guid":{"rendered":"https:\/\/www.miel-store.com\/?post_type=product&#038;p=635"},"modified":"2026-04-11T16:41:38","modified_gmt":"2026-04-11T14:41:38","slug":"cucchiaio-da-miele-in-legno","status":"publish","type":"product","link":"https:\/\/www.miel-store.com\/it\/p\/cuillere-a-miel-en-bois","title":{"rendered":"Cucchiaio da miele in legno"},"content":{"rendered":"<p>Che cos'\u00e8 un\u00a0<strong>cucchiaio di miele<\/strong>\u00a0? A cosa serve? Come si usa? E come si pulisce? Risponderemo a tutte queste domande, affinch\u00e9 possiate sfruttare al meglio tutte le virt\u00f9 del vostro\u00a0<strong>nettari preferiti<\/strong>\u00a0! Restate con noi e il cucchiaio di miele non avr\u00e0 segreti per voi!<\/p>\n<h2><strong>Che cos'\u00e8 un cucchiaio da miele e perch\u00e9 usarlo?<\/strong><\/h2>\n<p>Il famoso nettare delle api, con il suo gusto unico e il suo\u00a0<strong>vantaggi eccezionali<\/strong>\u00a0\u00e8 un prodotto molto apprezzato. Sia per le sue qualit\u00e0\u00a0<strong>gusto<\/strong>,\u00a0<strong>nutrizionale<\/strong>,<strong>\u00a0cosmetici<\/strong>\u00a0e anche\u00a0<strong>terapeutico<\/strong>\u00a0!<\/p>\n<p>Per sfruttare al meglio questo prezioso nettare e godere di tutti i suoi benefici, \u00e8 importante\u00a0<strong>tenere\u00a0<\/strong>in\u00a0<strong>contenitori adatti<\/strong>. Questo per garantire che non entri in contatto prolungato con elementi in grado di alterarne le virt\u00f9.<\/p>\n<p>Il tipo di\u2019<strong>utensile\u00a0<\/strong>per servirlo deve essere scelto con cura. Sia che lo si chiami\u00a0<strong>bastone di miele<\/strong>\u00a0o cucchiaio di miele, \u00e8 essenziale per ogni vero<strong>\u00a0amante del miele<\/strong>\u00a0!<\/p>\n<p>Il cucchiaio di miele presenta una serie di vantaggi significativi:<\/p>\n<p>\u00c8 progettato per\u00a0<strong>rendere il miele pi\u00f9 facile da assumere<\/strong>. Con un cucchiaio tradizionale si verificano inevitabilmente piccoli incidenti, come gocce di miele su tavoli, vestiti, pavimenti e sulla pentola stessa.<\/p>\n<p>Un cucchiaino \u00e8 il modo migliore per farlo arrivare dappertutto, e non \u00e8 molto piacevole dover pulire tutto ogni volta...<\/p>\n<p>Tuttavia, \u00e8 possibile utilizzare un cucchiaio di miele per aiutarsi.\u00a0<strong><a href=\"https:\/\/www.miel-store.com\/it\/cp\/miele-da-tutto-il-mondo\/\">miele liquido<\/a>\u00a0<\/strong>\u00e8 un\u00a0<strong>gioco da ragazzi<\/strong>\u00a0! In effetti, il suo bocchino, generalmente progettato a forma di\u00a0<strong>scanalatura a spirale\u00a0<\/strong>intrappola il nettare e lo trattiene fino a quando non lo si versa sul cibo.<\/p>\n<p>In questo modo, eviterete di farlo cadere e di sprecare i vostri preziosi\u00a0<strong>il tesoro dell'alveare<\/strong>.<\/p>\n<p>Oltre ad essere pratico, questo\u00a0<strong>bastone di miele\u00a0<\/strong>\u00e8 quindi un vero e proprio strumento\u00a0<strong>anti-spreco\u00a0<\/strong>!<\/p>\n<p>Infine, rende pi\u00f9 facile<strong>\u00a0misurare la quantit\u00e0 di miele\u00a0<\/strong>per servirli a piacimento. A differenza di un cucchiaio tradizionale, che non permette di farlo con la stessa facilit\u00e0...<\/p>\n<h2><strong>I diversi cucchiai da miele<\/strong><\/h2>\n<p>In genere esistono due tipi di cucchiaio da miele. Il tradizionale cucchiaio da miele in legno e il cucchiaio da miele in acciaio inox.<\/p>\n<p>Ognuno di questi due utensili ha caratteristiche diverse\u00a0<strong>benefici\u00a0<\/strong>e\u00a0<strong>svantaggi<\/strong>. Ve li consegneremo in modo che possiate scegliere il cucchiaio di miele pi\u00f9 adatto a voi!<\/p>\n<p><strong>Il cucchiaio di legno :\u00a0\u00a0<\/strong>il legno \u00e8 un\u00a0<strong>elemento naturale biodegradabile<\/strong>,\u00a0<strong>riutilizzabile<\/strong>\u00a0e non\u00a0<strong>tossico.\u00a0<\/strong>Ha una serie di qualit\u00e0, tra cui\u00a0<strong>durata di vita abbastanza lunga<\/strong>.<\/p>\n<p>Ma \u00e8 necessario prendersi cura dell'utensile in modo adeguato. Dovrete\u00a0<strong>lavaggio a mano<\/strong>\u00a0e asciugarlo rapidamente per evitare che assorba umidit\u00e0.<\/p>\n<p>A nostro avviso, \u00e8 preferibile utilizzare questo tipo di utensile, poich\u00e9 il suo materiale naturale conserva l'aroma e le virt\u00f9 del prezioso nettare. Il legno non altera le qualit\u00e0 del prodotto, anche a contatto prolungato con esso.<\/p>\n<p><strong>Il cucchiaio in acciaio inox :\u00a0<\/strong>L'acciaio inossidabile ha un\u00a0<strong>durata di vita virtualmente infinita<\/strong>. \u00c8 anche un materiale\u00a0<strong>Facile da lavare e asciugare<\/strong>, \u00c8 quindi completamente\u00a0<strong>igienico<\/strong>\u00a0oltre ad essere\u00a0<strong>estetica<\/strong>. Il cucchiaio da miele in acciaio inox \u00e8 altrettanto pratico di quello in legno.<\/p>\n<p>Tuttavia, la sua superficie metallica potrebbe alterare le varie propriet\u00e0 del miele (che contiene un\u00a0<strong>PH acido<\/strong>) se rimane a contatto prolungato con esso.<\/p>\n<p>Se optate per questo utensile, non lasciatelo nel barattolo, ma portatelo a contatto con il prodotto solo per servirvi.<\/p>\n<h2><strong>E come si usa?<\/strong><\/h2>\n<p>Utilizzare il cucchiaio da miele \u00e8 molto semplice:<\/p>\n<ul>\n<li>Tutto ci\u00f2 che dovete fare \u00e8 immergerlo delicatamente in verticale all'interno della vostra pentola.<\/li>\n<li>Lasciarlo quindi sopra la pentola per qualche istante per far defluire l'eccesso.<\/li>\n<li>Infine, posizionate il cucchiaio di miele sul cibo per farlo colare inclinando l'utensile. Tutto ci\u00f2 che dovete fare \u00e8\u00a0<strong>girare la maniglia su se stessa<\/strong>\u00a0per far defluire il nettare intrappolato nelle cavit\u00e0.<\/li>\n<\/ul>\n<p>Se si desidera utilizzare il miele direttamente per\u00a0<strong>addolcire le bevande<\/strong>\u00a0(t\u00e8, caff\u00e8...), si pu\u00f2 immergere il bastoncino direttamente nella tazza per qualche istante.<\/p>\n<h3><strong>Come ci si prende cura del proprio cucchiaio di miele?<\/strong><\/h3>\n<p>La\u00a0<strong>il cucchiaio da miele in legno deve essere lavato a mano\u00a0<\/strong>e non in lavastoviglie. Poich\u00e9 assorbe facilmente l'acqua, rischia di essere alterato dall'umidit\u00e0 e di creparsi pi\u00f9 facilmente. Inoltre, deve essere asciugato accuratamente.<\/p>\n<p>Tuttavia, se consumate il nettare rapidamente e lo utilizzate regolarmente, potete lasciarlo all'interno del vostro barattolo di nettare d'api.<\/p>\n<p>Questo non causer\u00e0 alcun inconveniente a lui e a\u00a0<strong>in modo da non doverlo lavare ripetutamente<\/strong>\u00a0in modo da poter anche\u00a0<strong>conservarlo pi\u00f9 a lungo<\/strong>\u00a0!<\/p>\n<p>Il fatto che i prodotti dell'alveare abbiano\u00a0<strong>propriet\u00e0 antibatteriche<\/strong>\u00a0proteggerli da\u00a0<strong>elementi microbici esterni<\/strong>. Non c'\u00e8 quindi alcun rischio nel lasciare l'utensile di legno sul fondo della pentola.<\/p>\n<p>La\u00a0<strong>cucchiaio da miele in acciaio inox\u00a0<\/strong>pu\u00f2 essere commutato in\u00a0<strong>lavastoviglie<\/strong>\u00a0nessuna preoccupazione. Potete lavarlo a mano o in lavastoviglie.<\/p>\n<p>Tuttavia, questo\u00a0<strong>non devono rimanere a contatto prolungato con il prodotto dell'alveare<\/strong>. Questo per evitare di alterarne le propriet\u00e0. Si consiglia pertanto di non lasciare l'utensile in acciaio inox nella pentola. Visitare\u00a0<strong>PH acido del miele<\/strong>\u00a0non si mescola bene con i materiali metallici. Il risultato \u00e8 un graduale deterioramento dei componenti del nettare.<\/p>\n<p>Infine, qualunque sia l'utensile scelto, assicuratevi di conservare il prodotto in un luogo fresco.\u00a0<strong>temperatura ambiente<\/strong>\u00a0e lontano da umidit\u00e0 e calore.<\/p>\n<p>Chiudere bene il coperchio dopo ogni utilizzo e tenerlo al riparo dalla luce.<\/p>\n<p>Per facilitare l'utilizzo del miele, si pu\u00f2 anche passare il miele attraverso il\u00a0<strong>bagnomaria<\/strong>\u00a0per il\u00a0<strong>decristallizzare<\/strong>\u00a0e facilita il versamento sulle pietanze! Tuttavia, non superare i 40\u00b0 per preservare le sue virt\u00f9.<\/p>","protected":false},"excerpt":{"rendered":"<p>Cucchiaio da miele in legno.<\/p>\n<p>10g.<\/p>","protected":false},"featured_media":636,"template":"","meta":[],"product_brand":[],"product_cat":[77,79,80,78],"product_tag":[],"class_list":{"0":"post-635","1":"product","2":"type-product","3":"status-publish","4":"has-post-thumbnail","6":"product_cat-miel-du-monde","7":"product_cat-miel-de-sidr","8":"product_cat-miel-du-mali","9":"product_cat-miel-du-maroc","11":"first","12":"instock","13":"shipping-taxable","14":"purchasable","15":"product-type-simple"},"_links":{"self":[{"href":"https:\/\/www.miel-store.com\/it\/wp-json\/wp\/v2\/product\/635","targetHints":{"allow":["GET"]}}],"collection":[{"href":"https:\/\/www.miel-store.com\/it\/wp-json\/wp\/v2\/product"}],"about":[{"href":"https:\/\/www.miel-store.com\/it\/wp-json\/wp\/v2\/types\/product"}],"wp:featuredmedia":[{"embeddable":true,"href":"https:\/\/www.miel-store.com\/it\/wp-json\/wp\/v2\/media\/636"}],"wp:attachment":[{"href":"https:\/\/www.miel-store.com\/it\/wp-json\/wp\/v2\/media?parent=635"}],"wp:term":[{"taxonomy":"product_brand","embeddable":true,"href":"https:\/\/www.miel-store.com\/it\/wp-json\/wp\/v2\/product_brand?post=635"},{"taxonomy":"product_cat","embeddable":true,"href":"https:\/\/www.miel-store.com\/it\/wp-json\/wp\/v2\/product_cat?post=635"},{"taxonomy":"product_tag","embeddable":true,"href":"https:\/\/www.miel-store.com\/it\/wp-json\/wp\/v2\/product_tag?post=635"}],"curies":[{"name":"wp","href":"https:\/\/api.w.org\/{rel}","templated":true}]}}