{"id":619,"date":"2022-03-02T21:37:04","date_gmt":"2022-03-02T20:37:04","guid":{"rendered":"https:\/\/www.miel-store.com\/?post_type=product&#038;p=619"},"modified":"2026-04-13T01:27:54","modified_gmt":"2026-04-12T23:27:54","slug":"propoli-biologica","status":"publish","type":"product","link":"https:\/\/www.miel-store.com\/it\/p\/propolis-bio","title":{"rendered":"Propoli Bio"},"content":{"rendered":"<p>Se non si conosce il\u00a0<strong>propoli biologica<\/strong>, allora siete nel posto giusto! Probabilmente avrete sentito parlare di questo\u00a0<strong>prodotti dell'alveare<\/strong>\u00a0altamente concentrato di sostanze nutritive. Negli ultimi anni \u00e8 diventato un alleato essenziale della salute naturale. Ma non solo... \u00c8 sempre pi\u00f9 utilizzato nella composizione di prodotti per il benessere, l'igiene e la salute.<\/p>\n<p>In ogni caso, rimarrete stupiti da ci\u00f2 che questi incredibili lavoratori hanno da offrire.<\/p>\n<p>Quindi, con Miel Store, scopriamo cosa c'\u00e8 dietro questo tesoro dell'alveare!<\/p>\n<h2><strong>Che cos'\u00e8 la Propoli Bio?<\/strong><\/h2>\n<p>La propoli biologica che vendiamo \u00e8 uno dei gioielli dell'alveare, meno famoso del miele. Tuttavia, per 7,90 euro, lo adotterete rapidamente quando scoprirete chi \u00e8... Innanzitutto, in greco antico, significa \u00abingresso di una citt\u00e0\u00bb. Il nome si riferisce anche al suo ruolo protettivo nell'alveare.<\/p>\n<p>La propoli organica \u00e8 una sostanza resinosa di composizione piuttosto complessa. Anche il suo nome deriva dal greco. In altre parole, \u00abpro\u00bb significa \u00abavanti\u00bb e \u00abpolis\u00bb significa \u00abcitt\u00e0\u00bb. I greci la chiamavano anche \u00abcera nera\u00bb.<\/p>\n<p>Serve anche a rinforzare le pareti dell'alveare, proteggendolo dalle aggressioni esterne. Le api raccolgono la propoli biologica anche dalle gemme di alcuni alberi. Ne sono un esempio il castagno, il pioppo e la betulla.<\/p>\n<h2><strong>5 benefici della propoli biologica per gli uomini<\/strong><\/h2>\n<h3><strong>La sua composizione per comprendere meglio le sue propriet\u00e0 e azioni<\/strong><\/h3>\n<p>La sua composizione varia a seconda dell'albero da cui \u00e8 stata raccolta dalle api. In ogni caso, tutta la propoli organica ha un denominatore comune. In generale, \u00e8 composta da resina, cera, polline e altri materiali vari.<\/p>\n<p>Inoltre, contiene vitamine A e B, aminoacidi e numerosi oligoelementi. Contiene inoltre oli essenziali e flavonoidi. Questi ultimi hanno propriet\u00e0 antiossidanti che conferiscono alla propoli biologica interessanti propriet\u00e0 antibatteriche e antinfiammatorie.<\/p>\n<ul>\n<li><strong>Contro le malattie del cavo orale<\/strong><\/li>\n<\/ul>\n<p>Nella sezione di medicina naturale troverete prodotti che vi aiuteranno a mantenere in salute la bocca e la gola.<\/p>\n<ul>\n<li><strong>Per raffreddore, mal di gola, faringite...<\/strong><\/li>\n<\/ul>\n<p>Viene spesso utilizzato per trattare le infezioni delle vie respiratorie. Si abbina bene anche al miele. Infatti, il miele che consigliamo per il raffreddore \u00e8\u00a0<a href=\"https:\/\/www.miel-store.com\/it\/p\/miele-di-deucalipto-del-marocco\/\"><strong>Miele di eucalipto dal Marocco<\/strong><\/a>.<\/p>\n<ul>\n<li><strong>Per alleviare le ferite cutanee<\/strong><\/li>\n<\/ul>\n<p>Infatti, aiuta in caso di tagli e ferite minori, pelle secca, irritazioni, acne, punture, ecc.<\/p>\n<ul>\n<li><strong>Un vero e proprio \u00abantibiotico naturale\u00bb<\/strong><\/li>\n<\/ul>\n<p>Aiuta a combattere microbi e batteri. Viene utilizzato anche come trattamento naturale per le infezioni del tratto urinario.<\/p>\n<ul>\n<li><strong>Sostegno al sistema immunitario<\/strong><\/li>\n<\/ul>\n<p>Di conseguenza, viene utilizzato in molti prodotti naturali per rafforzare il sistema immunitario e aiutare a combattere le infezioni.<\/p>\n<h2><strong>Come si produce la propoli biologica?<\/strong><\/h2>\n<p>Le api raccolgono la resina che costituisce la materia prima direttamente dalle gemme di alcuni alberi. Quindi, durante i primi giorni della bassa stagione, si dirigono verso alcuni alberi. Tra questi, ippocastani, pioppi, ontani, querce, betulle e abeti.<\/p>\n<p>In effetti, le api sono incredibili boscaiole che tagliano frammenti di legno con la precisione di un orologiaio. Infatti, grazie alle loro mandibole, usano le zampe posteriori per trasportarli nell'alveare. Inoltre, impastano i frammenti in palline che poi depositano in cesti.<\/p>\n<p>Infine, aggiungono cera, miele e i propri enzimi salivari per ottenere il prodotto finale. E il prodotto finale non \u00e8 altro che la propoli biologica! \u00c8 facile capire perch\u00e9 questo tesoro sia cos\u00ec ricco, visto che \u00e8 fatto con tutti questi ingredienti!<\/p>\n<h2><strong>5 benefici della propoli biologica, la corazza dell'alveare!<\/strong><\/h2>\n<p>\u00c8 innegabile che la propoli biologica sia un elemento essenziale per garantire una vita sana e duratura all'interno dell'alveare.<\/p>\n<p><strong>Sigilla le crepe<\/strong><\/p>\n<p>Le api lo usano come riempitivo, poich\u00e9 \u00e8 simile a una resina. Inoltre, sapevate che in latino \u00abpropolire\u00bb significa \u00abrivestire\u00bb? Come un cemento naturale, rafforza le parti pi\u00f9 instabili dell'alveare.<\/p>\n<p><strong>\u00c8 isolante\u00a0<\/strong><\/p>\n<p>Le api lo usano come isolante e anche come isolante termico.<\/p>\n<p><strong>Sigilla<\/strong><\/p>\n<p>In effetti, agisce come un rivestimento, ricoprendo le superfici interne e riempiendo gli spazi vuoti. In questo modo, garantisce una tenuta stagna e protegge le api dall'umidit\u00e0 e dalla diffusione della muffa.<\/p>\n<p><strong>Protegge dalle invasioni microbiche<\/strong><\/p>\n<p>Inoltre, consentir\u00e0 alle api di mummificare i corpi di eventuali piccoli intrusi. Questo elisir impedisce anche che il corpo si decomponga e venga invaso dai batteri, grazie alle sue propriet\u00e0 antifungine. Non vi sorprender\u00e0 quindi sapere che gli Egizi lo utilizzavano per imbalsamare le mummie.<\/p>\n<p><strong>\u00c8 purificante\u00a0<\/strong><\/p>\n<p>Infatti, aiuta a proteggere dagli invasori, formando una vera e propria \u00abcamera di compensazione\u00bb per la salute. In altre parole, i suoi ingredienti sono ricchi di propriet\u00e0 antimicotiche e antibatteriche.<\/p>\n<h2><strong>Scoprite i diversi colori della propoli biologica\u00a0<\/strong><\/h2>\n<p><strong>Giallo : <\/strong>In effetti, \u00e8 la variet\u00e0 pi\u00f9 conosciuta e diffusa in Europa. Inoltre, deriva da alberi molto diffusi come i pioppi. Tuttavia, \u00e8 anche la variet\u00e0 pi\u00f9 esposta all'inquinamento e ai pesticidi.<\/p>\n<p><strong>Quello verde : <\/strong>Viene utilizzato in Giappone e deriva da una pianta brasiliana, il rosmarino di campo o Baccharis dracunculifolia.<\/p>\n<p><strong>Quello rosso: <\/strong>Deriva da un arbusto di un'altra famiglia, la Dalbergia ecastaphyllum. Cresce nella sabbia delle dune ed \u00e8 originaria dell'America centrale e delle Indie occidentali.<\/p>\n<p><strong>Il bianco: <\/strong>Questa variet\u00e0 si trova principalmente in Francia e in Europa. \u00c8 anche la pi\u00f9 delicata e meno suscettibile di provocare reazioni cutanee.<\/p>\n<p><strong>Quello nero: <\/strong>Infine, \u00e8 simile al giallo, che contiene un'altissima concentrazione di principi attivi. Infatti, \u00e8 una delle forme pi\u00f9 ricercate.<\/p>\n<h3><strong>Consigli per l'uso e la conservazione\u00a0<\/strong><\/h3>\n<ul>\n<li>Il dosaggio dipende dalla variet\u00e0 e dalla forma del prodotto e anche dal laboratorio.<\/li>\n<li>Di solito si consiglia di assumere da 300 a 600 mg di polvere micronizzata prima dei pasti.<\/li>\n<li>La propoli biologica \u00e8 abbastanza facile da conservare grazie alle sue propriet\u00e0 naturali.<\/li>\n<\/ul>","protected":false},"excerpt":{"rendered":"<p>Propoli Bio.<\/p>\n<p>Origine: UE.<\/p>\n<p>25g.<\/p>","protected":false},"featured_media":620,"template":"","meta":[],"product_brand":[],"product_cat":[88],"product_tag":[],"class_list":{"0":"post-619","1":"product","2":"type-product","3":"status-publish","4":"has-post-thumbnail","6":"product_cat-bien-etre","8":"first","9":"instock","10":"shipping-taxable","11":"purchasable","12":"product-type-simple"},"_links":{"self":[{"href":"https:\/\/www.miel-store.com\/it\/wp-json\/wp\/v2\/product\/619","targetHints":{"allow":["GET"]}}],"collection":[{"href":"https:\/\/www.miel-store.com\/it\/wp-json\/wp\/v2\/product"}],"about":[{"href":"https:\/\/www.miel-store.com\/it\/wp-json\/wp\/v2\/types\/product"}],"wp:featuredmedia":[{"embeddable":true,"href":"https:\/\/www.miel-store.com\/it\/wp-json\/wp\/v2\/media\/620"}],"wp:attachment":[{"href":"https:\/\/www.miel-store.com\/it\/wp-json\/wp\/v2\/media?parent=619"}],"wp:term":[{"taxonomy":"product_brand","embeddable":true,"href":"https:\/\/www.miel-store.com\/it\/wp-json\/wp\/v2\/product_brand?post=619"},{"taxonomy":"product_cat","embeddable":true,"href":"https:\/\/www.miel-store.com\/it\/wp-json\/wp\/v2\/product_cat?post=619"},{"taxonomy":"product_tag","embeddable":true,"href":"https:\/\/www.miel-store.com\/it\/wp-json\/wp\/v2\/product_tag?post=619"}],"curies":[{"name":"wp","href":"https:\/\/api.w.org\/{rel}","templated":true}]}}