{"id":611,"date":"2022-03-02T20:56:44","date_gmt":"2022-03-02T19:56:44","guid":{"rendered":"https:\/\/www.miel-store.com\/?post_type=product&#038;p=611"},"modified":"2026-04-11T18:29:33","modified_gmt":"2026-04-11T16:29:33","slug":"polline-di-palma-degietto","status":"publish","type":"product","link":"https:\/\/www.miel-store.com\/it\/p\/pollen-de-palmier-degypte","title":{"rendered":"Polline di palma egiziana"},"content":{"rendered":"<p>Oggi, il <strong>polline di palma <\/strong>\u00e8 spesso utilizzato nella medicina tradizionale. Come integratore alimentare o per scopi dietetici, ma soprattutto come stimolante della fertilit\u00e0.<\/p>\n<p>Conosciuta come la \u201cFonte della Giovinezza\u201d ai tempi dell'impero egizio e cinese, veniva utilizzata come sostanza medicinale e ringiovanente. Ma soprattutto per promuovere la fertilit\u00e0 maschile e femminile e per dare energia al corpo.<\/p>\n<p>Scoprite questo <strong>medicina naturale <\/strong>eccezionale!<\/p>\n<h2><strong>Che cos'\u00e8 il polline di palma?\u00a0<\/strong><\/h2>\n<p>Polline di palma o <strong>polline di palma da dattero, <\/strong>deriva, come suggerisce il nome, dalla palma da dattero. Questo albero da frutto \u00e8 originario del Nord Africa, ma viene coltivato anche nella Penisola Arabica e nel Golfo Persico.<\/p>\n<p>In effetti, \u00e8 lui che produce le deliziose <strong><a href=\"https:\/\/www.dattes-ajwa.com\/\" rel=\"noopener\">date ajwa<\/a>,<\/strong> ed \u00e8 anche la fonte del famoso<strong> <a href=\"https:\/\/www.miel-store.com\/it\/p\/melassa-di-datteri-darabia-saudita\/\">melassa di datteri<\/a>.\u00a0<\/strong><\/p>\n<p>Di colore variabile dal biancastro al giallo oro, si presenta in polvere. \u00c8 composto da piccoli grani setacciati al momento del raccolto. Questo gli conferisce una consistenza simile alla farina.<\/p>\n<p>Si tratta di un prodotto completamente naturale e puro, che non subisce alcun tipo di lavorazione. Viene quindi utilizzato - e, per inciso, venduto su Miel Store - allo stato grezzo.<\/p>\n<p>Ha un odore particolare e caratteristico.<\/p>\n<h2><strong>Come si ottiene il polline di palma?\u00a0<\/strong><\/h2>\n<p>Le piante come le palme hanno due tipi di sistema riproduttivo: uno maschile e l'altro femminile.<\/p>\n<p>I grani di polline producono e contengono il sistema riproduttivo maschile dell'albero. Questo \u00e8 necessario per la fecondazione delle piante femmine. Come si ottiene questo risultato? Depositando il polline sul sistema riproduttivo delle piante femminili.<\/p>\n<p>In altre parole, il polline viene trasferito dalle piante di palma maschio alle piante femmina. Questo trasferimento pu\u00f2 essere effettuato dal vento, da insetti impollinatori come le api o dall'intervento umano.<\/p>\n<p>Questi semi vengono raccolti in primavera, quando le piante maschio fioriscono. Questo processo \u00e8 chiamato germinazione.<\/p>\n<h2><strong>Quali sono i benefici del polline di palma?\u00a0<\/strong><\/h2>\n<p>La palma da dattero \u00e8 una pianta <strong>fitoestrogeno<\/strong>. Il polline aiuta quindi a combattere le malattie legate all'apparato riproduttivo, sia negli uomini che nelle donne.<\/p>\n<p>Include anche <strong>flavonoidi<\/strong>, Sono questi i potenti antiossidanti che gli conferiscono qualit\u00e0 ed efficacia. Ma anche il suo colore! Pi\u00f9 il colore \u00e8 brillante, maggiore \u00e8 il contenuto di flavonoidi (e quindi di antiossidanti).<\/p>\n<p>Inoltre, i polifenoli che contiene hanno propriet\u00e0 antitumorali. Inoltre, proteggono e trattano le malattie cardiovascolari.<\/p>\n<p>Eccezionalmente ricco di proteine, lipidi, carboidrati e minerali, \u00e8 anche un eccellente integratore alimentare. Ma attenzione! Non \u00e8 comunque un sostituto di una dieta varia e di uno stile di vita sano.<\/p>\n<p>Reale <strong>alicamento<\/strong> con un sapore caratteristico, questo <strong>prodotti dell'alveare<\/strong> apporta molti benefici all'organismo. Esso :<\/p>\n<ul>\n<li>migliora la salute generale ;<\/li>\n<li>\u00e8 un energizzante per il corpo; ;<\/li>\n<li>compensa le carenze di vitamine e minerali, in particolare di ferro; ;<\/li>\n<li>ma anche un fattore di fertilit\u00e0; ;<\/li>\n<li>migliora la libido; ;<\/li>\n<li>combattere l'impotenza negli uomini ;<\/li>\n<li>supporta la produzione gonadica.<\/li>\n<li>aumenta il numero di spermatozoi,<\/li>\n<li>ma anche la loro mobilit\u00e0; ;<\/li>\n<li>nonch\u00e9 lo spessore dell'endometrio nelle donne.<\/li>\n<li>Inoltre, pulisce l'utero durante e dopo il ciclo mestruale; ;<\/li>\n<li>Cos\u00ec come lenisce i dolori mestruali<\/li>\n<li>e regola le mestruazioni (stimolando le ovaie e la velocit\u00e0 di formazione degli ovuli); ;<\/li>\n<li>Inoltre, rafforza l'endometrio e facilita il parto; ;<\/li>\n<li>arricchisce il latte materno delle madri che allattano; ;<\/li>\n<li>combatte gli effetti della menopausa regolando il ciclo ormonale; ;<\/li>\n<li>Migliora anche la capacit\u00e0 del sistema immunitario.<\/li>\n<li>Aiuta a combattere l'anemia e la stanchezza cronica<\/li>\n<li>Rallenta l'invecchiamento cellulare; ;<\/li>\n<li>rafforza le ossa e previene l'osteoporosi; ;<\/li>\n<li>Abbassa i livelli di colesterolo; ;<\/li>\n<li>ecc.<\/li>\n<\/ul>\n<p>Un'ampia gamma di virt\u00f9, come potete vedere, vi aspetta!<\/p>\n<h2><strong>Come si usa?<\/strong><\/h2>\n<p><strong>Contro l'infertilit\u00e0<\/strong><\/p>\n<p>Questo <strong>polvere vegetale<\/strong> \u00e8 altamente volatile, per cui si consiglia di mescolarlo con un liquido che ne favorisca l'indurimento, ad esempio <strong>miele sidr<\/strong>. Inoltre, il miele rafforza l'azione del polline.<\/p>\n<p>Mescolare 100 g di polline in 1 kg di miele, pi\u00f9 un po' di pappa reale se necessario.<\/p>\n<p>Sia per gli uomini che per le donne, utilizzare questa miscela per un ciclo di trattamento della durata di 1-3 mesi. Un cucchiaino al mattino a digiuno e alla sera dopo i pasti.<\/p>\n<p>Per gli uomini: in caso di carenza di spermatozoi (o di anomalie dello spermogramma), seguire il corso del trattamento per almeno 1 mese.<\/p>\n<p>Se non ci sono problemi, iniziare il trattamento circa 5 giorni prima dell'ovulazione della moglie.<\/p>\n<p>Per le donne: oltre alla cura, preparare ovuli vaginali naturali.<\/p>\n<p>A tale scopo, mescolare un cucchiaio di miele con 1,5 cucchiai di polline di palma per ottenere una pasta. Mettete questa pasta in uno stampo per cubetti di ghiaccio e ponetelo in freezer per qualche minuto per far indurire l'uovo.<\/p>\n<p>Utilizzare nei giorni D+1 e D+3 dopo le mestruazioni, al momento di coricarsi, indossando un assorbente igienico poich\u00e9 la miscela potrebbe colare.<\/p>\n<p>Questi ovuli attivano le ovaie, contribuiscono a garantire un'ovulazione di qualit\u00e0 e preparano l'utero alla gravidanza.<\/p>\n<p>Inoltre, offriamo un'ampia gamma di prodotti in questo campo, tra cui il famoso <a href=\"https:\/\/www.miel-store.com\/it\/p\/rosa-di-jericho-chajarat-mariam-dal-marocco\/\"><strong>Chajarat Mariam<\/strong><\/a>.<\/p>\n<p><strong>Per l'anemia o per rafforzare il sistema immunitario<\/strong><\/p>\n<p>Assumere come ciclo di trattamento da 3 a 6 mesi, 3 volte al giorno: mattina, mezzogiorno e sera.<\/p>\n<h3><strong>Consigli e precauzioni d'uso\u00a0<\/strong><\/h3>\n<p>Si consiglia di conservare il vaso in un luogo pulito e asciutto. In particolare, lontano da calore e umidit\u00e0. In questo modo, i numerosi benefici del prodotto saranno preservati.<\/p>\n<p>Conservare in un luogo fresco.<\/p>\n<p>Chiedere consiglio al medico prima di consumare.<\/p>\n<p>Se ne sconsiglia l'uso alle donne in gravidanza e\/o in allattamento, a meno che non si sia consultato il proprio medico curante.<\/p>\n<p>Attenzione: pu\u00f2 essere una fonte di allergia per le persone sensibili al polline. Questo pu\u00f2 manifestarsi con sintomi otorinolaringoiatrici come rinite, congiuntivite o asma. Se si manifestano questi sintomi dopo l'assunzione della polvere, interrompere immediatamente l'assunzione e consultare il medico.<\/p>\n<p>Attenzione: non adatto alle donne che soffrono di sindrome dell'ovaio policistico (PCOS). Ma anche alle donne che soffrono di malattie ginecologiche come cisti, endometriosi, fibromi, miomi o polipi.<\/p>\n<p>Non consumare contemporaneamente al t\u00e8 all'agnocasto.<\/p>\n<p>Un uso eccessivo pu\u00f2 provocare disturbi agli occhi ed eruzioni cutanee. Non superare la dose raccomandata.<\/p>","protected":false},"excerpt":{"rendered":"<p>Polline di palma egiziana.<\/p>\n<p>Favorisce la fertilit\u00e0.<\/p>\n<p>Vasetto da 50 g.<\/p>","protected":false},"featured_media":612,"template":"","meta":[],"product_brand":[],"product_cat":[88],"product_tag":[],"class_list":{"0":"post-611","1":"product","2":"type-product","3":"status-publish","4":"has-post-thumbnail","6":"product_cat-bien-etre","8":"first","9":"instock","10":"shipping-taxable","11":"purchasable","12":"product-type-simple"},"_links":{"self":[{"href":"https:\/\/www.miel-store.com\/it\/wp-json\/wp\/v2\/product\/611","targetHints":{"allow":["GET"]}}],"collection":[{"href":"https:\/\/www.miel-store.com\/it\/wp-json\/wp\/v2\/product"}],"about":[{"href":"https:\/\/www.miel-store.com\/it\/wp-json\/wp\/v2\/types\/product"}],"wp:featuredmedia":[{"embeddable":true,"href":"https:\/\/www.miel-store.com\/it\/wp-json\/wp\/v2\/media\/612"}],"wp:attachment":[{"href":"https:\/\/www.miel-store.com\/it\/wp-json\/wp\/v2\/media?parent=611"}],"wp:term":[{"taxonomy":"product_brand","embeddable":true,"href":"https:\/\/www.miel-store.com\/it\/wp-json\/wp\/v2\/product_brand?post=611"},{"taxonomy":"product_cat","embeddable":true,"href":"https:\/\/www.miel-store.com\/it\/wp-json\/wp\/v2\/product_cat?post=611"},{"taxonomy":"product_tag","embeddable":true,"href":"https:\/\/www.miel-store.com\/it\/wp-json\/wp\/v2\/product_tag?post=611"}],"curies":[{"name":"wp","href":"https:\/\/api.w.org\/{rel}","templated":true}]}}